{"id":1814,"date":"2024-08-22T04:10:03","date_gmt":"2024-08-22T04:10:03","guid":{"rendered":"http:\/\/43.135.183.88\/contact\/"},"modified":"2024-12-17T07:18:53","modified_gmt":"2024-12-17T07:18:53","slug":"contact","status":"publish","type":"page","link":"https:\/\/www.leadhan.com\/cs\/kontakt\/","title":{"rendered":"Kontakt"},"content":{"rendered":"<div class=\"wp-block-uagb-container uagb-block-18067cae alignfull uagb-is-root-container\"><div class=\"uagb-container-inner-blocks-wrap\"><div class=\"wp-block-uagb-info-box uagb-block-5ab188a0 uagb-infobox__content-wrap  uagb-infobox-icon-above-title uagb-infobox-image-valign-top wp-block-uagb-info-box--has-margin\"><div class=\"uagb-infobox-margin-wrapper\"><div class=\"uagb-ifb-content\"><div class=\"uagb-ifb-title-wrap\"><h1 class=\"uagb-ifb-title\">Kontaktujte n\u00e1s<\/h1><\/div><div class=\"uagb-ifb-separator\"><\/div><p class=\"uagb-ifb-desc\">Spole\u010dnost Leading Han je d\u016fv\u011bryhodn\u00fdm v\u00fdrobcem a dodavatelem vysoce kvalitn\u00edch laserov\u00fdch za\u0159\u00edzen\u00ed, kter\u00fd se specializuje na CNC laserov\u00e9 \u0159ez\u00e1n\u00ed, sva\u0159ov\u00e1n\u00ed a dal\u0161\u00ed modern\u00ed stroje. D\u00edky zku\u0161enostem v\u00fdrobn\u00edho v\u00fdrobce dod\u00e1v\u00e1me inovativn\u00ed laserov\u00e9 \u0159ezac\u00ed stroje na m\u00edru pro pr\u016fmyslov\u00e1 odv\u011btv\u00ed v\u010detn\u011b p\u0159esn\u00e9ho stroj\u00edrenstv\u00ed, zpracov\u00e1n\u00ed plech\u016f, automobilov\u00fdch d\u00edl\u016f a kuchy\u0148sk\u00e9ho vybaven\u00ed. Na\u0161e robustn\u00ed distribu\u010dn\u00ed s\u00ed\u0165 a p\u0159\u00edstup zam\u011b\u0159en\u00fd na z\u00e1kazn\u00edka zaji\u0161\u0165uj\u00ed spolehlivou podporu na\u0161eho zku\u0161en\u00e9ho technick\u00e9ho t\u00fdmu.<\/p><\/div><\/div><\/div><\/div><\/div><div class=\"wp-block-uagb-container uagb-block-45ad58d9 alignfull uagb-is-root-container\"><div class=\"uagb-container-inner-blocks-wrap\"><\/div><\/div><div class=\"wp-block-uagb-container uag-blocks-common-selector uagb-block-a55dd610 alignfull uagb-is-root-container\"><div class=\"uagb-container-inner-blocks-wrap\"><div class=\"wp-block-uagb-container uag-blocks-common-selector uagb-block-8511e98a\"><div class=\"wp-block-uagb-advanced-heading uagb-block-27bc880a\"><h4 class=\"uagb-heading-text\">Odes\u00edlejte sv\u00e9 dotazy<\/h4><\/div>\n\n\n<div class=\"wpcf7 no-js\" id=\"wpcf7-f2493-o1\" lang=\"en-US\" dir=\"ltr\" data-wpcf7-id=\"2493\">\n<div class=\"screen-reader-response\"><p role=\"status\" aria-live=\"polite\" aria-atomic=\"true\"><\/p> <ul><\/ul><\/div>\n<form action=\"\/wp-json\/wp\/v2\/pages\/1814\" method=\"post\" class=\"wpcf7-form init\" aria-label=\"Kontaktn\u00ed formul\u00e1\u0159\" novalidate=\"novalidate\" data-status=\"init\" data-trp-original-action=\"\/cs\/wp-json\/wp\/v2\/pages\/1814#wpcf7-f2493-o1\">\n<div style=\"display: none;\">\n<input type=\"hidden\" name=\"_wpcf7\" value=\"2493\" \/>\n<input type=\"hidden\" name=\"_wpcf7_version\" value=\"6.0.1\" \/>\n<input type=\"hidden\" name=\"_wpcf7_locale\" value=\"en_US\" \/>\n<input type=\"hidden\" name=\"_wpcf7_unit_tag\" value=\"wpcf7-f2493-o1\" \/>\n<input type=\"hidden\" name=\"_wpcf7_container_post\" value=\"0\" \/>\n<input type=\"hidden\" name=\"_wpcf7_posted_data_hash\" value=\"\" \/>\n<\/div>\n<p><label> Va\u0161e jm\u00e9no<br \/>\n<span class=\"wpcf7-form-control-wrap\" data-name=\"your-name\"><input size=\"40\" maxlength=\"400\" class=\"wpcf7-form-control wpcf7-text wpcf7-validates-as-required\" autocomplete=\"name\" aria-required=\"true\" aria-invalid=\"false\" value=\"\" type=\"text\" name=\"your-name\" \/><\/span> <\/label>\n<\/p>\n<p><label> V\u00e1\u0161 e-mail<br \/>\n<span class=\"wpcf7-form-control-wrap\" data-name=\"your-email\"><input size=\"40\" maxlength=\"400\" class=\"wpcf7-form-control wpcf7-email wpcf7-validates-as-required wpcf7-text wpcf7-validates-as-email\" autocomplete=\"email\" aria-required=\"true\" aria-invalid=\"false\" value=\"\" type=\"email\" name=\"your-email\" \/><\/span> <\/label>\n<\/p>\n<p>Telefonn\u00ed \u010d\u00edslo<br \/>\n<span class=\"wpcf7-form-control-wrap\" data-name=\"phonetext-719\"><input size=\"40\" class=\"wpcf7-form-control wpcf7-phonetext wpcf7-text wpcf7-validates-as-phonetext\" aria-invalid=\"false\" value=\"\" type=\"text\" name=\"phonetext-719\" \/><input type=\"hidden\" name=\"phonetext-719-country-code\" class=\"wpcf7-phonetext-country-code\" \/><\/span>\n<\/p>\n<p><label> Va\u0161e zpr\u00e1va (nepovinn\u00e9)<br \/>\n<span class=\"wpcf7-form-control-wrap\" data-name=\"your-message\"><textarea cols=\"40\" rows=\"3\" maxlength=\"2000\" class=\"wpcf7-form-control wpcf7-textarea wpcf7-validates-as-required\" aria-required=\"true\" aria-invalid=\"false\" name=\"your-message\"><\/textarea><\/span> <\/label><br \/>\n<div class=\"cf7-cf-turnstile\" style=\"margin-top: 0px; margin-bottom: -15px;\"> <div id=\"cf-turnstile-cf7-2730881822\" class=\"cf-turnstile\" data-sitekey=\"0x4AAAAAAA18bv_dGGqig-IO\" data-theme=\"light\" data-language=\"auto\" data-size=\"normal\" data-retry=\"auto\" data-retry-interval=\"1000\" data-action=\"contact-form-7\" data-appearance=\"always\"><\/div> <script>document.addEventListener(\"DOMContentLoaded\",(function(){var e=document.getElementById(\"cf-turnstile-cf7-2730881822\");e&&!e.innerHTML.trim()&&(turnstile.remove(\"#cf-turnstile-cf7-2730881822\"),turnstile.render(\"#cf-turnstile-cf7-2730881822\",{sitekey:\"0x4AAAAAAA18bv_dGGqig-IO\"}))}));<\/script> <br class=\"cf-turnstile-br cf-turnstile-br-cf7-2730881822\"> <style>#cf-turnstile-cf7-2730881822 { margin-left: -15px; }<\/style> <script>document.addEventListener(\"DOMContentLoaded\",function(){document.querySelectorAll('.wpcf7-form').forEach(function(e){e.addEventListener('submit',function(){if(document.getElementById('cf-turnstile-cf7-2730881822')){setTimeout(function(){turnstile.reset('#cf-turnstile-cf7-2730881822');},1000)}})})});<\/script> <\/div><br \/>\n<input class=\"wpcf7-form-control wpcf7-submit has-spinner\" type=\"submit\" value=\"Odeslat\" \/>\n<\/p><p style=\"display: none !important;\" class=\"akismet-fields-container\" data-prefix=\"_wpcf7_ak_\"><label>&#916;<textarea name=\"_wpcf7_ak_hp_textarea\" cols=\"45\" rows=\"8\" maxlength=\"100\"><\/textarea><\/label><input type=\"hidden\" id=\"ak_js_1\" name=\"_wpcf7_ak_js\" value=\"188\"\/><script>document.getElementById( \"ak_js_1\" ).setAttribute( \"value\", ( new Date() ).getTime() );<\/script><\/p><div class=\"wpcf7-response-output\" aria-hidden=\"true\"><\/div>\n<input type=\"hidden\" name=\"trp-form-language\" value=\"cs\"\/><\/form>\n<\/div>\n<\/div>\n\n<div class=\"wp-block-uagb-container uagb-block-097df05d\"><div class=\"wp-block-uagb-info-box uagb-block-88fe204a uagb-infobox__content-wrap  uagb-infobox-icon-left-title uagb-infobox-left uagb-infobox-image-valign-middle\"><div class=\"uagb-ifb-content\"><div class=\"uagb-ifb-left-title-image\"><div class=\"uagb-ifb-icon-wrap\"><svg xmlns=\"https:\/\/www.w3.org\/2000\/svg\" viewbox=\"0 0 384 512\"><path d=\"M168.3 499.2C116.1 435 0 279.4 0 192C0 85.96 85.96 0 192 0C298 0 384 85.96 384 192C384 279.4 267 435 215.7 499.2C203.4 514.5 180.6 514.5 168.3 499.2H168.3zM192 256C227.3 256 256 227.3 256 192C256 156.7 227.3 128 192 128C156.7 128 128 156.7 128 192C128 227.3 156.7 256 192 256z\"><\/path><\/svg><\/div><div class=\"uagb-ifb-title-wrap\"><h4 class=\"uagb-ifb-title\">Kontaktn\u00ed \u00fadaje<\/h4><\/div><\/div><p class=\"uagb-ifb-desc\">Adresa: (Jiangsu Linghan Intelligent Laser Technology Co., Ltd.)<br><br>\u010c\u00edslo: +8618954523752<br><br>E-mail: admin@leadhan.com<\/p><\/div><\/div>\n\n<div class=\"wp-block-uagb-info-box uagb-block-83b098ef uagb-infobox__content-wrap  uagb-infobox-icon-left-title uagb-infobox-left uagb-infobox-image-valign-middle wp-block-uagb-info-box--has-margin\"><div class=\"uagb-infobox-margin-wrapper\"><div class=\"uagb-ifb-content\"><div class=\"uagb-ifb-left-title-image\"><div class=\"uagb-ifb-icon-wrap\"><svg xmlns=\"https:\/\/www.w3.org\/2000\/svg\" viewbox=\"0 0 512 512\"><path d=\"M256 512C114.6 512 0 397.4 0 256C0 114.6 114.6 0 256 0C397.4 0 512 114.6 512 256C512 397.4 397.4 512 256 512zM232 256C232 264 236 271.5 242.7 275.1L338.7 339.1C349.7 347.3 364.6 344.3 371.1 333.3C379.3 322.3 376.3 307.4 365.3 300L280 243.2V120C280 106.7 269.3 96 255.1 96C242.7 96 231.1 106.7 231.1 120L232 256z\"><\/path><\/svg><\/div><div class=\"uagb-ifb-title-wrap\"><h4 class=\"uagb-ifb-title\">Otev\u00edrac\u00ed doba<\/h4><\/div><\/div><p class=\"uagb-ifb-desc\">V\u0161edn\u00ed dny: 00:00 - 24:00 hod.<br>V\u017edy k va\u0161im slu\u017eb\u00e1m!<br><\/p><\/div><\/div><\/div><\/div><\/div><\/div><p><\/p>","protected":false},"excerpt":{"rendered":"<p>Odes\u00edlejte sv\u00e9 dotazy<\/p>","protected":false},"author":1,"featured_media":0,"parent":0,"menu_order":0,"comment_status":"closed","ping_status":"closed","template":"","meta":{"_uag_custom_page_level_css":"","site-sidebar-layout":"default","site-content-layout":"page-builder","ast-site-content-layout":"full-width-container","site-content-style":"unboxed","site-sidebar-style":"unboxed","ast-global-header-display":"","ast-banner-title-visibility":"","ast-main-header-display":"","ast-hfb-above-header-display":"","ast-hfb-below-header-display":"","ast-hfb-mobile-header-display":"","site-post-title":"disabled","ast-breadcrumbs-content":"","ast-featured-img":"","footer-sml-layout":"","theme-transparent-header-meta":"enabled","adv-header-id-meta":"","stick-header-meta":"","header-above-stick-meta":"","header-main-stick-meta":"","header-below-stick-meta":"","astra-migrate-meta-layouts":"set","ast-page-background-enabled":"default","ast-page-background-meta":{"desktop":{"background-color":"var(--ast-global-color-4)","background-image":"","background-repeat":"repeat","background-position":"center center","background-size":"auto","background-attachment":"scroll","background-type":"","background-media":"","overlay-type":"","overlay-color":"","overlay-opacity":"","overlay-gradient":""},"tablet":{"background-color":"","background-image":"","background-repeat":"repeat","background-position":"center center","background-size":"auto","background-attachment":"scroll","background-type":"","background-media":"","overlay-type":"","overlay-color":"","overlay-opacity":"","overlay-gradient":""},"mobile":{"background-color":"","background-image":"","background-repeat":"repeat","background-position":"center center","background-size":"auto","background-attachment":"scroll","background-type":"","background-media":"","overlay-type":"","overlay-color":"","overlay-opacity":"","overlay-gradient":""}},"ast-content-background-meta":{"desktop":{"background-color":"var(--ast-global-color-5)","background-image":"","background-repeat":"repeat","background-position":"center center","background-size":"auto","background-attachment":"scroll","background-type":"","background-media":"","overlay-type":"","overlay-color":"","overlay-opacity":"","overlay-gradient":""},"tablet":{"background-color":"var(--ast-global-color-5)","background-image":"","background-repeat":"repeat","background-position":"center center","background-size":"auto","background-attachment":"scroll","background-type":"","background-media":"","overlay-type":"","overlay-color":"","overlay-opacity":"","overlay-gradient":""},"mobile":{"background-color":"var(--ast-global-color-5)","background-image":"","background-repeat":"repeat","background-position":"center center","background-size":"auto","background-attachment":"scroll","background-type":"","background-media":"","overlay-type":"","overlay-color":"","overlay-opacity":"","overlay-gradient":""}},"footnotes":""},"class_list":["post-1814","page","type-page","status-publish","hentry"],"yoast_head":"<!-- This site is optimized with the Yoast SEO plugin v24.4 - https:\/\/yoast.com\/wordpress\/plugins\/seo\/ -->\n<title>Contact - Leading han<\/title>\n<meta name=\"robots\" content=\"index, follow, max-snippet:-1, max-image-preview:large, max-video-preview:-1\" \/>\n<link rel=\"canonical\" href=\"https:\/\/www.leadhan.com\/cs\/kontakt\/\" \/>\n<meta property=\"og:locale\" content=\"cs_CZ\" \/>\n<meta property=\"og:type\" content=\"article\" \/>\n<meta property=\"og:title\" content=\"Contact - Leading han\" \/>\n<meta property=\"og:description\" content=\"Send Your Queries\" \/>\n<meta property=\"og:url\" content=\"https:\/\/www.leadhan.com\/cs\/kontakt\/\" \/>\n<meta property=\"og:site_name\" content=\"Leading han\" \/>\n<meta property=\"article:modified_time\" content=\"2024-12-17T07:18:53+00:00\" \/>\n<meta name=\"twitter:card\" content=\"summary_large_image\" \/>\n<meta name=\"twitter:label1\" content=\"Odhadovan\u00e1 doba \u010dten\u00ed\" \/>\n\t<meta name=\"twitter:data1\" content=\"1 minuta\" \/>\n<script type=\"application\/ld+json\" class=\"yoast-schema-graph\">{\"@context\":\"https:\/\/schema.org\",\"@graph\":[{\"@type\":\"WebPage\",\"@id\":\"https:\/\/www.leadhan.com\/contact\/\",\"url\":\"https:\/\/www.leadhan.com\/contact\/\",\"name\":\"Contact - Leading han\",\"isPartOf\":{\"@id\":\"https:\/\/www.leadhan.com\/af\/#website\"},\"datePublished\":\"2024-08-22T04:10:03+00:00\",\"dateModified\":\"2024-12-17T07:18:53+00:00\",\"breadcrumb\":{\"@id\":\"https:\/\/www.leadhan.com\/contact\/#breadcrumb\"},\"inLanguage\":\"cs\",\"potentialAction\":[{\"@type\":\"ReadAction\",\"target\":[\"https:\/\/www.leadhan.com\/contact\/\"]}]},{\"@type\":\"BreadcrumbList\",\"@id\":\"https:\/\/www.leadhan.com\/contact\/#breadcrumb\",\"itemListElement\":[{\"@type\":\"ListItem\",\"position\":1,\"name\":\"Home\",\"item\":\"https:\/\/www.leadhan.com\/\"},{\"@type\":\"ListItem\",\"position\":2,\"name\":\"Contact\"}]},{\"@type\":\"WebSite\",\"@id\":\"https:\/\/www.leadhan.com\/af\/#website\",\"url\":\"https:\/\/www.leadhan.com\/af\/\",\"name\":\"Leading han\",\"description\":\"\",\"publisher\":{\"@id\":\"https:\/\/www.leadhan.com\/af\/#organization\"},\"potentialAction\":[{\"@type\":\"SearchAction\",\"target\":{\"@type\":\"EntryPoint\",\"urlTemplate\":\"https:\/\/www.leadhan.com\/af\/?s={search_term_string}\"},\"query-input\":{\"@type\":\"PropertyValueSpecification\",\"valueRequired\":true,\"valueName\":\"search_term_string\"}}],\"inLanguage\":\"cs\"},{\"@type\":\"Organization\",\"@id\":\"https:\/\/www.leadhan.com\/af\/#organization\",\"name\":\"Leading han\",\"url\":\"https:\/\/www.leadhan.com\/af\/\",\"logo\":{\"@type\":\"ImageObject\",\"inLanguage\":\"cs\",\"@id\":\"https:\/\/www.leadhan.com\/af\/#\/schema\/logo\/image\/\",\"url\":\"https:\/\/www.leadhan.com\/wp-content\/uploads\/2024\/08\/965.png\",\"contentUrl\":\"https:\/\/www.leadhan.com\/wp-content\/uploads\/2024\/08\/965.png\",\"width\":239,\"height\":300,\"caption\":\"Leading han\"},\"image\":{\"@id\":\"https:\/\/www.leadhan.com\/af\/#\/schema\/logo\/image\/\"}}]}<\/script>\n<!-- \/ Yoast SEO plugin. -->","yoast_head_json":{"title":"Contact - Leading han","robots":{"index":"index","follow":"follow","max-snippet":"max-snippet:-1","max-image-preview":"max-image-preview:large","max-video-preview":"max-video-preview:-1"},"canonical":"https:\/\/www.leadhan.com\/cs\/kontakt\/","og_locale":"cs_CZ","og_type":"article","og_title":"Contact - Leading han","og_description":"Send Your Queries","og_url":"https:\/\/www.leadhan.com\/cs\/kontakt\/","og_site_name":"Leading han","article_modified_time":"2024-12-17T07:18:53+00:00","twitter_card":"summary_large_image","twitter_misc":{"Odhadovan\u00e1 doba \u010dten\u00ed":"1 minuta"},"schema":{"@context":"https:\/\/schema.org","@graph":[{"@type":"WebPage","@id":"https:\/\/www.leadhan.com\/contact\/","url":"https:\/\/www.leadhan.com\/contact\/","name":"Contact - Leading han","isPartOf":{"@id":"https:\/\/www.leadhan.com\/af\/#website"},"datePublished":"2024-08-22T04:10:03+00:00","dateModified":"2024-12-17T07:18:53+00:00","breadcrumb":{"@id":"https:\/\/www.leadhan.com\/contact\/#breadcrumb"},"inLanguage":"cs","potentialAction":[{"@type":"ReadAction","target":["https:\/\/www.leadhan.com\/contact\/"]}]},{"@type":"BreadcrumbList","@id":"https:\/\/www.leadhan.com\/contact\/#breadcrumb","itemListElement":[{"@type":"ListItem","position":1,"name":"Home","item":"https:\/\/www.leadhan.com\/"},{"@type":"ListItem","position":2,"name":"Contact"}]},{"@type":"WebSite","@id":"https:\/\/www.leadhan.com\/af\/#website","url":"https:\/\/www.leadhan.com\/af\/","name":"Leading han","description":"","publisher":{"@id":"https:\/\/www.leadhan.com\/af\/#organization"},"potentialAction":[{"@type":"SearchAction","target":{"@type":"EntryPoint","urlTemplate":"https:\/\/www.leadhan.com\/af\/?s={search_term_string}"},"query-input":{"@type":"PropertyValueSpecification","valueRequired":true,"valueName":"search_term_string"}}],"inLanguage":"cs"},{"@type":"Organization","@id":"https:\/\/www.leadhan.com\/af\/#organization","name":"Leading han","url":"https:\/\/www.leadhan.com\/af\/","logo":{"@type":"ImageObject","inLanguage":"cs","@id":"https:\/\/www.leadhan.com\/af\/#\/schema\/logo\/image\/","url":"https:\/\/www.leadhan.com\/wp-content\/uploads\/2024\/08\/965.png","contentUrl":"https:\/\/www.leadhan.com\/wp-content\/uploads\/2024\/08\/965.png","width":239,"height":300,"caption":"Leading han"},"image":{"@id":"https:\/\/www.leadhan.com\/af\/#\/schema\/logo\/image\/"}}]}},"uagb_featured_image_src":{"full":false,"thumbnail":false,"medium":false,"medium_large":false,"large":false,"1536x1536":false,"2048x2048":false,"trp-custom-language-flag":false,"woocommerce_thumbnail":false,"woocommerce_single":false,"woocommerce_gallery_thumbnail":false},"uagb_author_info":{"display_name":"user","author_link":"https:\/\/www.leadhan.com\/cs\/author\/user\/"},"uagb_comment_info":0,"uagb_excerpt":"Send Your Queries","_links":{"self":[{"href":"https:\/\/www.leadhan.com\/cs\/wp-json\/wp\/v2\/pages\/1814","targetHints":{"allow":["GET"]}}],"collection":[{"href":"https:\/\/www.leadhan.com\/cs\/wp-json\/wp\/v2\/pages"}],"about":[{"href":"https:\/\/www.leadhan.com\/cs\/wp-json\/wp\/v2\/types\/page"}],"author":[{"embeddable":true,"href":"https:\/\/www.leadhan.com\/cs\/wp-json\/wp\/v2\/users\/1"}],"replies":[{"embeddable":true,"href":"https:\/\/www.leadhan.com\/cs\/wp-json\/wp\/v2\/comments?post=1814"}],"version-history":[{"count":21,"href":"https:\/\/www.leadhan.com\/cs\/wp-json\/wp\/v2\/pages\/1814\/revisions"}],"predecessor-version":[{"id":4184,"href":"https:\/\/www.leadhan.com\/cs\/wp-json\/wp\/v2\/pages\/1814\/revisions\/4184"}],"wp:attachment":[{"href":"https:\/\/www.leadhan.com\/cs\/wp-json\/wp\/v2\/media?parent=1814"}],"curies":[{"name":"wp","href":"https:\/\/api.w.org\/{rel}","templated":true}]}}