{"id":2,"date":"2024-08-20T10:07:24","date_gmt":"2024-08-20T10:07:24","guid":{"rendered":"http:\/\/43.135.183.88\/?page_id=2"},"modified":"2025-02-10T11:40:48","modified_gmt":"2025-02-10T03:40:48","slug":"sample-page","status":"publish","type":"page","link":"https:\/\/www.leadhan.com\/cs\/ukazkova-stranka\/","title":{"rendered":"Jinan Linghan Laser Technology Co., Ltd."},"content":{"rendered":"<p>Jinan Linghan Laser Technology Co., Ltd. Ltd. se zab\u00fdv\u00e1 p\u0159edev\u0161\u00edm: Laserov\u00fd \u0159ezac\u00ed stroj s jedn\u00edm stolem, laserov\u00fd \u0159ezac\u00ed stroj s velkou v\u00fdm\u011bnnou plo\u0161inou, laserov\u00fd \u0159ezac\u00ed stroj s ultra velk\u00fdm form\u00e1tem, laserov\u00fd \u0159ezac\u00ed stroj s integrovanou deskou, poloautomatick\u00fd stroj na \u0159ez\u00e1n\u00ed trubek se dv\u011bma z\u00e1suvkami, laserov\u00fd \u0159ezac\u00ed stroj na trubky se t\u0159emi z\u00e1suvkami, laserov\u00fd \u0159ezac\u00ed stroj na trubky se \u010dty\u0159mi z\u00e1suvkami, \u0159ezac\u00ed stroj na ocel, laserov\u00fd sva\u0159ovac\u00ed stroj. M\u00e1me rozs\u00e1hl\u00e9 a stabiln\u00ed referen\u010dn\u00ed p\u0159\u00edpady z\u00e1kazn\u00edk\u016f v odv\u011btv\u00edch, jako jsou p\u0159esn\u00e9 n\u00e1stroje, v\u00fdroba plech\u016f, automobilov\u00e9 d\u00edly a kuchy\u0148sk\u00e9 a koupelnov\u00e9 vybaven\u00ed. S c\u00edlem \"p\u0159izp\u016fsobit z\u00e1kazn\u00edk\u016fm exkluzivn\u00ed produktov\u00e1 \u0159e\u0161en\u00ed\" jsme z\u0159\u00eddili nep\u0159etr\u017eitou horkou linku z\u00e1kaznick\u00e9ho servisu a v duchu hesla \"pragmatismus, stabilita, inovace a vynal\u00e9zavost\" poskytujeme komplexn\u00ed a promy\u0161len\u00e9 technick\u00e9 slu\u017eby tr\u017en\u00edmu hospod\u00e1\u0159stv\u00ed a v\u011bt\u0161in\u011b u\u017eivatel\u016f a zavazujeme se vybudovat pevn\u00fd most s v\u011bt\u0161inou u\u017eivatel\u016f d\u00edky vysoce kvalitn\u00edmu laserov\u00e9mu vybaven\u00ed, jedine\u010dn\u00e9mu \u0161armu a p\u0159\u00e1telsk\u00e9mu servisu.<\/p><p>Jsme p\u0159esv\u011bd\u010deni, \u017ee: V\u00edra podporuje \u017eivot, oddanost z\u00edsk\u00e1v\u00e1 chv\u00e1lu, slu\u017eba z\u00edsk\u00e1v\u00e1 trh a vytrvalost dosahuje kari\u00e9ry.<\/p><figure class=\"wp-block-table\"><table class=\"has-fixed-layout\"><tbody><tr><td>Kategorie<\/td><td>Specifikace Polo\u017eka<\/td><td>Podrobnosti na<\/td><\/tr><tr><td>Obchodn\u00ed kapacita<\/td><td>Mezin\u00e1rodn\u00ed obchodn\u00ed podm\u00ednky (Incoterms)<\/td><td>FOB, CIF<\/td><\/tr><tr><td>Obchodn\u00ed kapacita<\/td><td>Platebn\u00ed podm\u00ednky<\/td><td>LC, T\/T, PayPal<\/td><\/tr><tr><td>Obchodn\u00ed kapacita<\/td><td>Pr\u016fm\u011brn\u00e1 doba realizace<\/td><td>Jeden m\u011bs\u00edc<\/td><\/tr><tr><td>Obchodn\u00ed kapacita<\/td><td>Doba realizace v sez\u00f3n\u011b<\/td><td>Doba dod\u00e1n\u00ed v sez\u00f3n\u011b: jeden m\u011bs\u00edc<\/td><\/tr><tr><td>Obchodn\u00ed kapacita<\/td><td>Dodac\u00ed lh\u016fta mimo sez\u00f3nu<\/td><td>Doba dod\u00e1n\u00ed mimo sez\u00f3nu: do 15 pracovn\u00edch dn\u016f<\/td><\/tr><tr><td>Obchodn\u00ed kapacita<\/td><td>Po\u010det zahrani\u010dn\u00edch obchodn\u00edch pracovn\u00edk\u016f<\/td><td>11 ~ 20 osob<\/td><\/tr><tr><td>Obchodn\u00ed kapacita<\/td><td>Rok v\u00fdvozu<\/td><td>2024\/8\/3<\/td><\/tr><tr><td>V\u00fdrobn\u00ed kapacita<\/td><td>Procento v\u00fdvozu<\/td><td>71%~90%<\/td><\/tr><tr><td>V\u00fdrobn\u00ed kapacita<\/td><td>Hlavn\u00ed trhy<\/td><td>Severn\u00ed Amerika, Ji\u017en\u00ed Amerika, v\u00fdchodn\u00ed Evropa, jihov\u00fdchodn\u00ed Asie, Afrika, Oce\u00e1nie, St\u0159edn\u00ed v\u00fdchod, v\u00fdchodn\u00ed Asie, z\u00e1padn\u00ed Evropa.<\/td><\/tr><tr><td>V\u00fdrobn\u00ed kapacita<\/td><td>Nejbli\u017e\u0161\u00ed p\u0159\u00edstav<\/td><td>Lianyungang, Qingdao<\/td><\/tr><tr><td>V\u00fdrobn\u00ed kapacita<\/td><td>Adresa tov\u00e1rny<\/td><td>Jinan, Shandong, \u010c\u00edna<\/td><\/tr><tr><td>V\u00fdrobn\u00ed kapacita<\/td><td>Kapacita v\u00fdzkumu a v\u00fdvoje<\/td><td>OEM, ODM, vlastn\u00ed zna\u010dka<\/td><\/tr><tr><td>V\u00fdrobn\u00ed kapacita<\/td><td>Po\u010det zam\u011bstnanc\u016f v\u00fdzkumu a v\u00fdvoje<\/td><td>41-50 osob<\/td><\/tr><tr><td>V\u00fdrobn\u00ed kapacita<\/td><td>Po\u010det v\u00fdrobn\u00edch linek<\/td><td>5<\/td><\/tr><tr><td>V\u00fdrobn\u00ed kapacita<\/td><td>Ro\u010dn\u00ed hodnota v\u00fdstupu<\/td><td>US$10 milion\u016f - US$50 milion\u016f<\/td><\/tr><\/tbody><\/table><\/figure><div class=\"wp-block-uagb-image uagb-block-4d1395ab wp-block-uagb-image--layout-default wp-block-uagb-image--effect-static wp-block-uagb-image--align-none\"><figure class=\"wp-block-uagb-image__figure\"><img loading=\"lazy\" decoding=\"async\" srcset=\"https:\/\/www.leadhan.com\/wp-content\/uploads\/2025\/02\/\u751f\u4ea7\u8f66\u95f4\u56fe.jpg ,https:\/\/www.leadhan.com\/wp-content\/uploads\/2025\/02\/\u751f\u4ea7\u8f66\u95f4\u56fe.jpg 780w, https:\/\/www.leadhan.com\/wp-content\/uploads\/2025\/02\/\u751f\u4ea7\u8f66\u95f4\u56fe.jpg 360w\" sizes=\"auto, (max-width: 480px) 150px\" src=\"https:\/\/www.leadhan.com\/wp-content\/uploads\/2025\/02\/\u751f\u4ea7\u8f66\u95f4\u56fe.jpg\" alt=\"\" class=\"uag-image-4441\" width=\"650\" height=\"487\" title=\"\u751f\u4ea7\u8f66\u95f4\u56fe\" role=\"img\"\/><\/figure><\/div>","protected":false},"excerpt":{"rendered":"<p>Jinan Linghan Laser Technology Co., Ltd. Mainly deals in: Single-table laser cutting machine, large-surround exchange platform laser cutting machine, ultra-large-format [&hellip;]<\/p>","protected":false},"author":1,"featured_media":0,"parent":0,"menu_order":0,"comment_status":"closed","ping_status":"open","template":"","meta":{"_uag_custom_page_level_css":"","site-sidebar-layout":"default","site-content-layout":"","ast-site-content-layout":"","site-content-style":"default","site-sidebar-style":"default","ast-global-header-display":"","ast-banner-title-visibility":"","ast-main-header-display":"","ast-hfb-above-header-display":"","ast-hfb-below-header-display":"","ast-hfb-mobile-header-display":"","site-post-title":"","ast-breadcrumbs-content":"","ast-featured-img":"","footer-sml-layout":"","theme-transparent-header-meta":"","adv-header-id-meta":"","stick-header-meta":"","header-above-stick-meta":"","header-main-stick-meta":"","header-below-stick-meta":"","astra-migrate-meta-layouts":"default","ast-page-background-enabled":"default","ast-page-background-meta":{"desktop":{"background-color":"var(--ast-global-color-4)","background-image":"","background-repeat":"repeat","background-position":"center center","background-size":"auto","background-attachment":"scroll","background-type":"","background-media":"","overlay-type":"","overlay-color":"","overlay-opacity":"","overlay-gradient":""},"tablet":{"background-color":"","background-image":"","background-repeat":"repeat","background-position":"center center","background-size":"auto","background-attachment":"scroll","background-type":"","background-media":"","overlay-type":"","overlay-color":"","overlay-opacity":"","overlay-gradient":""},"mobile":{"background-color":"","background-image":"","background-repeat":"repeat","background-position":"center center","background-size":"auto","background-attachment":"scroll","background-type":"","background-media":"","overlay-type":"","overlay-color":"","overlay-opacity":"","overlay-gradient":""}},"ast-content-background-meta":{"desktop":{"background-color":"var(--ast-global-color-5)","background-image":"","background-repeat":"repeat","background-position":"center center","background-size":"auto","background-attachment":"scroll","background-type":"","background-media":"","overlay-type":"","overlay-color":"","overlay-opacity":"","overlay-gradient":""},"tablet":{"background-color":"var(--ast-global-color-5)","background-image":"","background-repeat":"repeat","background-position":"center center","background-size":"auto","background-attachment":"scroll","background-type":"","background-media":"","overlay-type":"","overlay-color":"","overlay-opacity":"","overlay-gradient":""},"mobile":{"background-color":"var(--ast-global-color-5)","background-image":"","background-repeat":"repeat","background-position":"center center","background-size":"auto","background-attachment":"scroll","background-type":"","background-media":"","overlay-type":"","overlay-color":"","overlay-opacity":"","overlay-gradient":""}},"footnotes":""},"class_list":["post-2","page","type-page","status-publish","hentry"],"yoast_head":"<!-- This site is optimized with the Yoast SEO plugin v24.4 - https:\/\/yoast.com\/wordpress\/plugins\/seo\/ -->\n<title>Jinan Linghan Laser Technology Co., Ltd - Leading han<\/title>\n<meta name=\"robots\" content=\"index, follow, max-snippet:-1, max-image-preview:large, max-video-preview:-1\" \/>\n<link rel=\"canonical\" href=\"https:\/\/www.leadhan.com\/cs\/ukazkova-stranka\/\" \/>\n<meta property=\"og:locale\" content=\"cs_CZ\" \/>\n<meta property=\"og:type\" content=\"article\" \/>\n<meta property=\"og:title\" content=\"Jinan Linghan Laser Technology Co., Ltd - Leading han\" \/>\n<meta property=\"og:description\" content=\"Jinan Linghan Laser Technology Co., Ltd. Mainly deals in: Single-table laser cutting machine, large-surround exchange platform laser cutting machine, ultra-large-format [&hellip;]\" \/>\n<meta property=\"og:url\" content=\"https:\/\/www.leadhan.com\/cs\/ukazkova-stranka\/\" \/>\n<meta property=\"og:site_name\" content=\"Leading han\" \/>\n<meta property=\"article:modified_time\" content=\"2025-02-10T03:40:48+00:00\" \/>\n<meta name=\"twitter:card\" content=\"summary_large_image\" \/>\n<meta name=\"twitter:label1\" content=\"Odhadovan\u00e1 doba \u010dten\u00ed\" \/>\n\t<meta name=\"twitter:data1\" content=\"2 minuty\" \/>\n<script type=\"application\/ld+json\" class=\"yoast-schema-graph\">{\"@context\":\"https:\/\/schema.org\",\"@graph\":[{\"@type\":\"WebPage\",\"@id\":\"https:\/\/www.leadhan.com\/sample-page\/\",\"url\":\"https:\/\/www.leadhan.com\/sample-page\/\",\"name\":\"Jinan Linghan Laser Technology Co., Ltd - Leading han\",\"isPartOf\":{\"@id\":\"https:\/\/www.leadhan.com\/af\/#website\"},\"datePublished\":\"2024-08-20T10:07:24+00:00\",\"dateModified\":\"2025-02-10T03:40:48+00:00\",\"breadcrumb\":{\"@id\":\"https:\/\/www.leadhan.com\/sample-page\/#breadcrumb\"},\"inLanguage\":\"cs\",\"potentialAction\":[{\"@type\":\"ReadAction\",\"target\":[\"https:\/\/www.leadhan.com\/sample-page\/\"]}]},{\"@type\":\"BreadcrumbList\",\"@id\":\"https:\/\/www.leadhan.com\/sample-page\/#breadcrumb\",\"itemListElement\":[{\"@type\":\"ListItem\",\"position\":1,\"name\":\"Home\",\"item\":\"https:\/\/www.leadhan.com\/\"},{\"@type\":\"ListItem\",\"position\":2,\"name\":\"Jinan Linghan Laser Technology Co., Ltd\"}]},{\"@type\":\"WebSite\",\"@id\":\"https:\/\/www.leadhan.com\/af\/#website\",\"url\":\"https:\/\/www.leadhan.com\/af\/\",\"name\":\"Leading han\",\"description\":\"\",\"publisher\":{\"@id\":\"https:\/\/www.leadhan.com\/af\/#organization\"},\"potentialAction\":[{\"@type\":\"SearchAction\",\"target\":{\"@type\":\"EntryPoint\",\"urlTemplate\":\"https:\/\/www.leadhan.com\/af\/?s={search_term_string}\"},\"query-input\":{\"@type\":\"PropertyValueSpecification\",\"valueRequired\":true,\"valueName\":\"search_term_string\"}}],\"inLanguage\":\"cs\"},{\"@type\":\"Organization\",\"@id\":\"https:\/\/www.leadhan.com\/af\/#organization\",\"name\":\"Leading han\",\"url\":\"https:\/\/www.leadhan.com\/af\/\",\"logo\":{\"@type\":\"ImageObject\",\"inLanguage\":\"cs\",\"@id\":\"https:\/\/www.leadhan.com\/af\/#\/schema\/logo\/image\/\",\"url\":\"https:\/\/www.leadhan.com\/wp-content\/uploads\/2024\/08\/965.png\",\"contentUrl\":\"https:\/\/www.leadhan.com\/wp-content\/uploads\/2024\/08\/965.png\",\"width\":239,\"height\":300,\"caption\":\"Leading han\"},\"image\":{\"@id\":\"https:\/\/www.leadhan.com\/af\/#\/schema\/logo\/image\/\"}}]}<\/script>\n<!-- \/ Yoast SEO plugin. -->","yoast_head_json":{"title":"Jinan Linghan Laser Technology Co., Ltd - Leading han","robots":{"index":"index","follow":"follow","max-snippet":"max-snippet:-1","max-image-preview":"max-image-preview:large","max-video-preview":"max-video-preview:-1"},"canonical":"https:\/\/www.leadhan.com\/cs\/ukazkova-stranka\/","og_locale":"cs_CZ","og_type":"article","og_title":"Jinan Linghan Laser Technology Co., Ltd - Leading han","og_description":"Jinan Linghan Laser Technology Co., Ltd. Mainly deals in: Single-table laser cutting machine, large-surround exchange platform laser cutting machine, ultra-large-format [&hellip;]","og_url":"https:\/\/www.leadhan.com\/cs\/ukazkova-stranka\/","og_site_name":"Leading han","article_modified_time":"2025-02-10T03:40:48+00:00","twitter_card":"summary_large_image","twitter_misc":{"Odhadovan\u00e1 doba \u010dten\u00ed":"2 minuty"},"schema":{"@context":"https:\/\/schema.org","@graph":[{"@type":"WebPage","@id":"https:\/\/www.leadhan.com\/sample-page\/","url":"https:\/\/www.leadhan.com\/sample-page\/","name":"Jinan Linghan Laser Technology Co., Ltd - Leading han","isPartOf":{"@id":"https:\/\/www.leadhan.com\/af\/#website"},"datePublished":"2024-08-20T10:07:24+00:00","dateModified":"2025-02-10T03:40:48+00:00","breadcrumb":{"@id":"https:\/\/www.leadhan.com\/sample-page\/#breadcrumb"},"inLanguage":"cs","potentialAction":[{"@type":"ReadAction","target":["https:\/\/www.leadhan.com\/sample-page\/"]}]},{"@type":"BreadcrumbList","@id":"https:\/\/www.leadhan.com\/sample-page\/#breadcrumb","itemListElement":[{"@type":"ListItem","position":1,"name":"Home","item":"https:\/\/www.leadhan.com\/"},{"@type":"ListItem","position":2,"name":"Jinan Linghan Laser Technology Co., Ltd"}]},{"@type":"WebSite","@id":"https:\/\/www.leadhan.com\/af\/#website","url":"https:\/\/www.leadhan.com\/af\/","name":"Leading han","description":"","publisher":{"@id":"https:\/\/www.leadhan.com\/af\/#organization"},"potentialAction":[{"@type":"SearchAction","target":{"@type":"EntryPoint","urlTemplate":"https:\/\/www.leadhan.com\/af\/?s={search_term_string}"},"query-input":{"@type":"PropertyValueSpecification","valueRequired":true,"valueName":"search_term_string"}}],"inLanguage":"cs"},{"@type":"Organization","@id":"https:\/\/www.leadhan.com\/af\/#organization","name":"Leading han","url":"https:\/\/www.leadhan.com\/af\/","logo":{"@type":"ImageObject","inLanguage":"cs","@id":"https:\/\/www.leadhan.com\/af\/#\/schema\/logo\/image\/","url":"https:\/\/www.leadhan.com\/wp-content\/uploads\/2024\/08\/965.png","contentUrl":"https:\/\/www.leadhan.com\/wp-content\/uploads\/2024\/08\/965.png","width":239,"height":300,"caption":"Leading han"},"image":{"@id":"https:\/\/www.leadhan.com\/af\/#\/schema\/logo\/image\/"}}]}},"uagb_featured_image_src":{"full":false,"thumbnail":false,"medium":false,"medium_large":false,"large":false,"1536x1536":false,"2048x2048":false,"trp-custom-language-flag":false,"woocommerce_thumbnail":false,"woocommerce_single":false,"woocommerce_gallery_thumbnail":false},"uagb_author_info":{"display_name":"user","author_link":"https:\/\/www.leadhan.com\/cs\/author\/user\/"},"uagb_comment_info":0,"uagb_excerpt":"Jinan Linghan Laser Technology Co., Ltd. Mainly deals in: Single-table laser cutting machine, large-surround exchange platform laser cutting machine, ultra-large-format [&hellip;]","_links":{"self":[{"href":"https:\/\/www.leadhan.com\/cs\/wp-json\/wp\/v2\/pages\/2","targetHints":{"allow":["GET"]}}],"collection":[{"href":"https:\/\/www.leadhan.com\/cs\/wp-json\/wp\/v2\/pages"}],"about":[{"href":"https:\/\/www.leadhan.com\/cs\/wp-json\/wp\/v2\/types\/page"}],"author":[{"embeddable":true,"href":"https:\/\/www.leadhan.com\/cs\/wp-json\/wp\/v2\/users\/1"}],"replies":[{"embeddable":true,"href":"https:\/\/www.leadhan.com\/cs\/wp-json\/wp\/v2\/comments?post=2"}],"version-history":[{"count":1,"href":"https:\/\/www.leadhan.com\/cs\/wp-json\/wp\/v2\/pages\/2\/revisions"}],"predecessor-version":[{"id":4442,"href":"https:\/\/www.leadhan.com\/cs\/wp-json\/wp\/v2\/pages\/2\/revisions\/4442"}],"wp:attachment":[{"href":"https:\/\/www.leadhan.com\/cs\/wp-json\/wp\/v2\/media?parent=2"}],"curies":[{"name":"wp","href":"https:\/\/api.w.org\/{rel}","templated":true}]}}