{"id":2,"date":"2024-08-20T10:07:24","date_gmt":"2024-08-20T10:07:24","guid":{"rendered":"http:\/\/43.135.183.88\/?page_id=2"},"modified":"2025-02-10T11:40:48","modified_gmt":"2025-02-10T03:40:48","slug":"sample-page","status":"publish","type":"page","link":"https:\/\/www.leadhan.com\/de\/beispielseite\/","title":{"rendered":"Jinan Linghan Laser Technology Co, Ltd."},"content":{"rendered":"<p>Jinan Linghan Laser Technology Co., Ltd. Haupts\u00e4chlich handelt mit: Ein-Tisch-Laserschneidmaschine, Gro\u00dfraum-Austauschplattform-Laserschneidmaschine, Ultra-Gro\u00dfformat-Laserschneidmaschine, integrierte Blech-Rohr-Laserschneidmaschine, halbautomatische Zwei-Futter-Rohrschneidmaschine, Drei-Futter-Laser-Rohrschneidmaschine, Vier-Futter-Laser-Rohrschneidmaschine, Stahlschneidmaschine, Laserschwei\u00dfmaschine. Wir verf\u00fcgen \u00fcber umfangreiche und stabile Referenzkunden in Branchen wie Pr\u00e4zisionsinstrumente, Blechverarbeitung, Automobilteile sowie K\u00fcchen- und Badezimmerzubeh\u00f6r. Mit dem Ziel, \"exklusive Produktl\u00f6sungen f\u00fcr Kunden zu entwickeln\", haben wir eine 24-Stunden-Kundendienst-Hotline eingerichtet. Mit dem Geist von \"Pragmatismus, Stabilit\u00e4t, Innovation und Einfallsreichtum\" bieten wir umfassende und durchdachte technische Dienstleistungen f\u00fcr die Marktwirtschaft und die Mehrheit der Benutzer an und verpflichten uns, mit hochwertigen Laserger\u00e4ten, einzigartigem Charme und freundlichem Service eine solide Br\u00fccke zu den meisten Benutzern zu bauen.<\/p><p>Wir glauben fest daran: Der Glaube unterst\u00fctzt das Leben, die Hingabe gewinnt Lob, der Dienst gewinnt den Markt, und die Beharrlichkeit erreicht die Karriere<\/p><figure class=\"wp-block-table\"><table class=\"has-fixed-layout\"><tbody><tr><td>Kategorie<\/td><td>Spezifikation Artikel<\/td><td>Einzelheiten<\/td><\/tr><tr><td>Handelskapazit\u00e4t<\/td><td>Internationale Handelsbedingungen (Incoterms)<\/td><td>FOB, CIF<\/td><\/tr><tr><td>Handelskapazit\u00e4t<\/td><td>Zahlungskonditionen<\/td><td>LC, T\/T, PayPal<\/td><\/tr><tr><td>Handelskapazit\u00e4t<\/td><td>Durchschnittliche Vorlaufzeit<\/td><td>Ein Monat<\/td><\/tr><tr><td>Handelskapazit\u00e4t<\/td><td>Vorlaufzeit in der Hochsaison<\/td><td>Vorlaufzeit in der Hochsaison: ein Monat<\/td><\/tr><tr><td>Handelskapazit\u00e4t<\/td><td>Nebensaison-Vorlaufzeit<\/td><td>Nebensaison-Vorlaufzeit: innerhalb von 15 Arbeitstagen<\/td><\/tr><tr><td>Handelskapazit\u00e4t<\/td><td>Anzahl der Mitarbeiter im Auslandshandel<\/td><td>11~20 Personen<\/td><\/tr><tr><td>Handelskapazit\u00e4t<\/td><td>Ausfuhrjahr<\/td><td>2024\/8\/3<\/td><\/tr><tr><td>Produktionskapazit\u00e4t<\/td><td>Prozentualer Anteil der Ausfuhren<\/td><td>71%~90%<\/td><\/tr><tr><td>Produktionskapazit\u00e4t<\/td><td>Wichtigste M\u00e4rkte<\/td><td>Nordamerika, S\u00fcdamerika, Osteuropa, S\u00fcdostasien, Afrika, Ozeanien, Mittlerer Osten, Ostasien, Westeuropa<\/td><\/tr><tr><td>Produktionskapazit\u00e4t<\/td><td>N\u00e4chstgelegener Hafen<\/td><td>Lianyungang, Qingdao<\/td><\/tr><tr><td>Produktionskapazit\u00e4t<\/td><td>Adresse der Fabrik<\/td><td>Jinan, Shandong, China<\/td><\/tr><tr><td>Produktionskapazit\u00e4t<\/td><td>F&amp;E-Kapazit\u00e4t<\/td><td>OEM, ODM, Eigenmarke<\/td><\/tr><tr><td>Produktionskapazit\u00e4t<\/td><td>Anzahl der F&amp;E-Mitarbeiter<\/td><td>41-50 Personen<\/td><\/tr><tr><td>Produktionskapazit\u00e4t<\/td><td>Anzahl der Produktionslinien<\/td><td>5<\/td><\/tr><tr><td>Produktionskapazit\u00e4t<\/td><td>J\u00e4hrlicher Produktionswert<\/td><td>US$10 Millionen - US$50 Millionen<\/td><\/tr><\/tbody><\/table><\/figure><div class=\"wp-block-uagb-image uagb-block-4d1395ab wp-block-uagb-image--layout-default wp-block-uagb-image--effect-static wp-block-uagb-image--align-none\"><figure class=\"wp-block-uagb-image__figure\"><img loading=\"lazy\" decoding=\"async\" srcset=\"https:\/\/www.leadhan.com\/wp-content\/uploads\/2025\/02\/\u751f\u4ea7\u8f66\u95f4\u56fe.jpg ,https:\/\/www.leadhan.com\/wp-content\/uploads\/2025\/02\/\u751f\u4ea7\u8f66\u95f4\u56fe.jpg 780w, https:\/\/www.leadhan.com\/wp-content\/uploads\/2025\/02\/\u751f\u4ea7\u8f66\u95f4\u56fe.jpg 360w\" sizes=\"auto, (max-width: 480px) 150px\" src=\"https:\/\/www.leadhan.com\/wp-content\/uploads\/2025\/02\/\u751f\u4ea7\u8f66\u95f4\u56fe.jpg\" alt=\"\" class=\"uag-image-4441\" width=\"650\" height=\"487\" title=\"\u751f\u4ea7\u8f66\u95f4\u56fe\" role=\"img\"\/><\/figure><\/div>","protected":false},"excerpt":{"rendered":"<p>Jinan Linghan Laser Technology Co., Ltd. Mainly deals in: Single-table laser cutting machine, large-surround exchange platform laser cutting machine, ultra-large-format [&hellip;]<\/p>","protected":false},"author":1,"featured_media":0,"parent":0,"menu_order":0,"comment_status":"closed","ping_status":"open","template":"","meta":{"_uag_custom_page_level_css":"","site-sidebar-layout":"default","site-content-layout":"","ast-site-content-layout":"","site-content-style":"default","site-sidebar-style":"default","ast-global-header-display":"","ast-banner-title-visibility":"","ast-main-header-display":"","ast-hfb-above-header-display":"","ast-hfb-below-header-display":"","ast-hfb-mobile-header-display":"","site-post-title":"","ast-breadcrumbs-content":"","ast-featured-img":"","footer-sml-layout":"","theme-transparent-header-meta":"","adv-header-id-meta":"","stick-header-meta":"","header-above-stick-meta":"","header-main-stick-meta":"","header-below-stick-meta":"","astra-migrate-meta-layouts":"default","ast-page-background-enabled":"default","ast-page-background-meta":{"desktop":{"background-color":"var(--ast-global-color-4)","background-image":"","background-repeat":"repeat","background-position":"center center","background-size":"auto","background-attachment":"scroll","background-type":"","background-media":"","overlay-type":"","overlay-color":"","overlay-opacity":"","overlay-gradient":""},"tablet":{"background-color":"","background-image":"","background-repeat":"repeat","background-position":"center center","background-size":"auto","background-attachment":"scroll","background-type":"","background-media":"","overlay-type":"","overlay-color":"","overlay-opacity":"","overlay-gradient":""},"mobile":{"background-color":"","background-image":"","background-repeat":"repeat","background-position":"center center","background-size":"auto","background-attachment":"scroll","background-type":"","background-media":"","overlay-type":"","overlay-color":"","overlay-opacity":"","overlay-gradient":""}},"ast-content-background-meta":{"desktop":{"background-color":"var(--ast-global-color-5)","background-image":"","background-repeat":"repeat","background-position":"center center","background-size":"auto","background-attachment":"scroll","background-type":"","background-media":"","overlay-type":"","overlay-color":"","overlay-opacity":"","overlay-gradient":""},"tablet":{"background-color":"var(--ast-global-color-5)","background-image":"","background-repeat":"repeat","background-position":"center center","background-size":"auto","background-attachment":"scroll","background-type":"","background-media":"","overlay-type":"","overlay-color":"","overlay-opacity":"","overlay-gradient":""},"mobile":{"background-color":"var(--ast-global-color-5)","background-image":"","background-repeat":"repeat","background-position":"center center","background-size":"auto","background-attachment":"scroll","background-type":"","background-media":"","overlay-type":"","overlay-color":"","overlay-opacity":"","overlay-gradient":""}},"footnotes":""},"class_list":["post-2","page","type-page","status-publish","hentry"],"yoast_head":"<!-- This site is optimized with the Yoast SEO plugin v24.4 - https:\/\/yoast.com\/wordpress\/plugins\/seo\/ -->\n<title>Jinan Linghan Laser Technology Co., Ltd - Leading han<\/title>\n<meta name=\"robots\" content=\"index, follow, max-snippet:-1, max-image-preview:large, max-video-preview:-1\" \/>\n<link rel=\"canonical\" href=\"https:\/\/www.leadhan.com\/de\/beispielseite\/\" \/>\n<meta property=\"og:locale\" content=\"de_DE\" \/>\n<meta property=\"og:type\" content=\"article\" \/>\n<meta property=\"og:title\" content=\"Jinan Linghan Laser Technology Co., Ltd - Leading han\" \/>\n<meta property=\"og:description\" content=\"Jinan Linghan Laser Technology Co., Ltd. Mainly deals in: Single-table laser cutting machine, large-surround exchange platform laser cutting machine, ultra-large-format [&hellip;]\" \/>\n<meta property=\"og:url\" content=\"https:\/\/www.leadhan.com\/de\/beispielseite\/\" \/>\n<meta property=\"og:site_name\" content=\"Leading han\" \/>\n<meta property=\"article:modified_time\" content=\"2025-02-10T03:40:48+00:00\" \/>\n<meta name=\"twitter:card\" content=\"summary_large_image\" \/>\n<meta name=\"twitter:label1\" content=\"Gesch\u00e4tzte Lesezeit\" \/>\n\t<meta name=\"twitter:data1\" content=\"2 Minuten\" \/>\n<script type=\"application\/ld+json\" class=\"yoast-schema-graph\">{\"@context\":\"https:\/\/schema.org\",\"@graph\":[{\"@type\":\"WebPage\",\"@id\":\"https:\/\/www.leadhan.com\/sample-page\/\",\"url\":\"https:\/\/www.leadhan.com\/sample-page\/\",\"name\":\"Jinan Linghan Laser Technology Co., Ltd - Leading han\",\"isPartOf\":{\"@id\":\"https:\/\/www.leadhan.com\/af\/#website\"},\"datePublished\":\"2024-08-20T10:07:24+00:00\",\"dateModified\":\"2025-02-10T03:40:48+00:00\",\"breadcrumb\":{\"@id\":\"https:\/\/www.leadhan.com\/sample-page\/#breadcrumb\"},\"inLanguage\":\"de-AT\",\"potentialAction\":[{\"@type\":\"ReadAction\",\"target\":[\"https:\/\/www.leadhan.com\/sample-page\/\"]}]},{\"@type\":\"BreadcrumbList\",\"@id\":\"https:\/\/www.leadhan.com\/sample-page\/#breadcrumb\",\"itemListElement\":[{\"@type\":\"ListItem\",\"position\":1,\"name\":\"Home\",\"item\":\"https:\/\/www.leadhan.com\/\"},{\"@type\":\"ListItem\",\"position\":2,\"name\":\"Jinan Linghan Laser Technology Co., Ltd\"}]},{\"@type\":\"WebSite\",\"@id\":\"https:\/\/www.leadhan.com\/af\/#website\",\"url\":\"https:\/\/www.leadhan.com\/af\/\",\"name\":\"Leading han\",\"description\":\"\",\"publisher\":{\"@id\":\"https:\/\/www.leadhan.com\/af\/#organization\"},\"potentialAction\":[{\"@type\":\"SearchAction\",\"target\":{\"@type\":\"EntryPoint\",\"urlTemplate\":\"https:\/\/www.leadhan.com\/af\/?s={search_term_string}\"},\"query-input\":{\"@type\":\"PropertyValueSpecification\",\"valueRequired\":true,\"valueName\":\"search_term_string\"}}],\"inLanguage\":\"de-AT\"},{\"@type\":\"Organization\",\"@id\":\"https:\/\/www.leadhan.com\/af\/#organization\",\"name\":\"Leading han\",\"url\":\"https:\/\/www.leadhan.com\/af\/\",\"logo\":{\"@type\":\"ImageObject\",\"inLanguage\":\"de-AT\",\"@id\":\"https:\/\/www.leadhan.com\/af\/#\/schema\/logo\/image\/\",\"url\":\"https:\/\/www.leadhan.com\/wp-content\/uploads\/2024\/08\/965.png\",\"contentUrl\":\"https:\/\/www.leadhan.com\/wp-content\/uploads\/2024\/08\/965.png\",\"width\":239,\"height\":300,\"caption\":\"Leading han\"},\"image\":{\"@id\":\"https:\/\/www.leadhan.com\/af\/#\/schema\/logo\/image\/\"}}]}<\/script>\n<!-- \/ Yoast SEO plugin. -->","yoast_head_json":{"title":"Jinan Linghan Laser Technology Co., Ltd - Leading han","robots":{"index":"index","follow":"follow","max-snippet":"max-snippet:-1","max-image-preview":"max-image-preview:large","max-video-preview":"max-video-preview:-1"},"canonical":"https:\/\/www.leadhan.com\/de\/beispielseite\/","og_locale":"de_DE","og_type":"article","og_title":"Jinan Linghan Laser Technology Co., Ltd - Leading han","og_description":"Jinan Linghan Laser Technology Co., Ltd. Mainly deals in: Single-table laser cutting machine, large-surround exchange platform laser cutting machine, ultra-large-format [&hellip;]","og_url":"https:\/\/www.leadhan.com\/de\/beispielseite\/","og_site_name":"Leading han","article_modified_time":"2025-02-10T03:40:48+00:00","twitter_card":"summary_large_image","twitter_misc":{"Gesch\u00e4tzte Lesezeit":"2 Minuten"},"schema":{"@context":"https:\/\/schema.org","@graph":[{"@type":"WebPage","@id":"https:\/\/www.leadhan.com\/sample-page\/","url":"https:\/\/www.leadhan.com\/sample-page\/","name":"Jinan Linghan Laser Technology Co., Ltd - Leading han","isPartOf":{"@id":"https:\/\/www.leadhan.com\/af\/#website"},"datePublished":"2024-08-20T10:07:24+00:00","dateModified":"2025-02-10T03:40:48+00:00","breadcrumb":{"@id":"https:\/\/www.leadhan.com\/sample-page\/#breadcrumb"},"inLanguage":"de-AT","potentialAction":[{"@type":"ReadAction","target":["https:\/\/www.leadhan.com\/sample-page\/"]}]},{"@type":"BreadcrumbList","@id":"https:\/\/www.leadhan.com\/sample-page\/#breadcrumb","itemListElement":[{"@type":"ListItem","position":1,"name":"Home","item":"https:\/\/www.leadhan.com\/"},{"@type":"ListItem","position":2,"name":"Jinan Linghan Laser Technology Co., Ltd"}]},{"@type":"WebSite","@id":"https:\/\/www.leadhan.com\/af\/#website","url":"https:\/\/www.leadhan.com\/af\/","name":"Leading han","description":"","publisher":{"@id":"https:\/\/www.leadhan.com\/af\/#organization"},"potentialAction":[{"@type":"SearchAction","target":{"@type":"EntryPoint","urlTemplate":"https:\/\/www.leadhan.com\/af\/?s={search_term_string}"},"query-input":{"@type":"PropertyValueSpecification","valueRequired":true,"valueName":"search_term_string"}}],"inLanguage":"de-AT"},{"@type":"Organization","@id":"https:\/\/www.leadhan.com\/af\/#organization","name":"Leading han","url":"https:\/\/www.leadhan.com\/af\/","logo":{"@type":"ImageObject","inLanguage":"de-AT","@id":"https:\/\/www.leadhan.com\/af\/#\/schema\/logo\/image\/","url":"https:\/\/www.leadhan.com\/wp-content\/uploads\/2024\/08\/965.png","contentUrl":"https:\/\/www.leadhan.com\/wp-content\/uploads\/2024\/08\/965.png","width":239,"height":300,"caption":"Leading han"},"image":{"@id":"https:\/\/www.leadhan.com\/af\/#\/schema\/logo\/image\/"}}]}},"uagb_featured_image_src":{"full":false,"thumbnail":false,"medium":false,"medium_large":false,"large":false,"1536x1536":false,"2048x2048":false,"trp-custom-language-flag":false,"woocommerce_thumbnail":false,"woocommerce_single":false,"woocommerce_gallery_thumbnail":false},"uagb_author_info":{"display_name":"user","author_link":"https:\/\/www.leadhan.com\/de\/author\/user\/"},"uagb_comment_info":0,"uagb_excerpt":"Jinan Linghan Laser Technology Co., Ltd. Mainly deals in: Single-table laser cutting machine, large-surround exchange platform laser cutting machine, ultra-large-format [&hellip;]","_links":{"self":[{"href":"https:\/\/www.leadhan.com\/de\/wp-json\/wp\/v2\/pages\/2","targetHints":{"allow":["GET"]}}],"collection":[{"href":"https:\/\/www.leadhan.com\/de\/wp-json\/wp\/v2\/pages"}],"about":[{"href":"https:\/\/www.leadhan.com\/de\/wp-json\/wp\/v2\/types\/page"}],"author":[{"embeddable":true,"href":"https:\/\/www.leadhan.com\/de\/wp-json\/wp\/v2\/users\/1"}],"replies":[{"embeddable":true,"href":"https:\/\/www.leadhan.com\/de\/wp-json\/wp\/v2\/comments?post=2"}],"version-history":[{"count":1,"href":"https:\/\/www.leadhan.com\/de\/wp-json\/wp\/v2\/pages\/2\/revisions"}],"predecessor-version":[{"id":4442,"href":"https:\/\/www.leadhan.com\/de\/wp-json\/wp\/v2\/pages\/2\/revisions\/4442"}],"wp:attachment":[{"href":"https:\/\/www.leadhan.com\/de\/wp-json\/wp\/v2\/media?parent=2"}],"curies":[{"name":"wp","href":"https:\/\/api.w.org\/{rel}","templated":true}]}}