{"id":2,"date":"2024-08-20T10:07:24","date_gmt":"2024-08-20T10:07:24","guid":{"rendered":"http:\/\/43.135.183.88\/?page_id=2"},"modified":"2025-02-10T11:40:48","modified_gmt":"2025-02-10T03:40:48","slug":"sample-page","status":"publish","type":"page","link":"https:\/\/www.leadhan.com\/es\/pagina-de-muestra\/","title":{"rendered":"Jinan Linghan Laser Technology Co., Ltd"},"content":{"rendered":"<p>Jinan Linghan Laser Technology Co., Ltd. Ltd. Se dedica principalmente a: M\u00e1quina de corte l\u00e1ser de mesa \u00fanica, m\u00e1quina de corte l\u00e1ser de plataforma de intercambio de gran superficie, m\u00e1quina de corte l\u00e1ser de formato ultra grande, m\u00e1quina de corte l\u00e1ser integrada de tubo de placa, m\u00e1quina de corte l\u00e1ser de tubo semiautom\u00e1tica de dos mandriles, m\u00e1quina de corte l\u00e1ser de tubo de tres mandriles, m\u00e1quina de corte l\u00e1ser de tubo de cuatro mandriles, m\u00e1quina de corte de acero, m\u00e1quina de soldadura l\u00e1ser. Contamos con amplios y estables casos de clientes de referencia en industrias como la de instrumentos de precisi\u00f3n, fabricaci\u00f3n de chapas met\u00e1licas, piezas de automoci\u00f3n y herrajes para cocinas y ba\u00f1os. Con el objetivo de \"adaptar soluciones de productos exclusivos para los clientes\", hemos establecido una l\u00ednea de atenci\u00f3n al cliente las 24 horas, y con el esp\u00edritu de \"pragmatismo, estabilidad, innovaci\u00f3n e ingenio\", ofrecemos servicios t\u00e9cnicos completos y reflexivos a la econom\u00eda de mercado y la mayor\u00eda de los usuarios, y estamos comprometidos a construir un puente s\u00f3lido con la mayor\u00eda de los usuarios con equipos l\u00e1ser de alta calidad, encanto \u00fanico y un servicio amable.<\/p><p>Creemos firmemente que: La fe sostiene la vida, la dedicaci\u00f3n gana elogios, el servicio gana mercado y la persistencia alcanza la carrera.<\/p><figure class=\"wp-block-table\"><table class=\"has-fixed-layout\"><tbody><tr><td>Categor\u00eda<\/td><td>Especificaci\u00f3n Art\u00edculo<\/td><td>Detalles<\/td><\/tr><tr><td>Capacidad comercial<\/td><td>T\u00e9rminos comerciales internacionales (Incoterms)<\/td><td>FOB, CIF<\/td><\/tr><tr><td>Capacidad comercial<\/td><td>Condiciones de pago<\/td><td>LC, T\/T, PayPal<\/td><\/tr><tr><td>Capacidad comercial<\/td><td>Plazo medio<\/td><td>Un mes<\/td><\/tr><tr><td>Capacidad comercial<\/td><td>Plazos en temporada alta<\/td><td>Plazo de entrega en temporada alta: un mes<\/td><\/tr><tr><td>Capacidad comercial<\/td><td>Plazo de entrega fuera de temporada<\/td><td>Plazo de entrega fuera de temporada: 15 d\u00edas laborables<\/td><\/tr><tr><td>Capacidad comercial<\/td><td>N\u00famero de empleados extranjeros<\/td><td>11~20 personas<\/td><\/tr><tr><td>Capacidad comercial<\/td><td>A\u00f1o de exportaci\u00f3n<\/td><td>2024\/8\/3<\/td><\/tr><tr><td>Capacidad de producci\u00f3n<\/td><td>Porcentaje de exportaci\u00f3n<\/td><td>71%~90%<\/td><\/tr><tr><td>Capacidad de producci\u00f3n<\/td><td>Principales mercados<\/td><td>Am\u00e9rica del Norte, Am\u00e9rica del Sur, Europa del Este, Sudeste Asi\u00e1tico, \u00c1frica, Ocean\u00eda, Oriente Medio, Asia Oriental, Europa Occidental<\/td><\/tr><tr><td>Capacidad de producci\u00f3n<\/td><td>Puerto m\u00e1s cercano<\/td><td>Lianyungang, Qingdao<\/td><\/tr><tr><td>Capacidad de producci\u00f3n<\/td><td>Direcci\u00f3n de la f\u00e1brica<\/td><td>Jinan, Shandong, China<\/td><\/tr><tr><td>Capacidad de producci\u00f3n<\/td><td>Capacidad de I+D<\/td><td>OEM, ODM, marca propia<\/td><\/tr><tr><td>Capacidad de producci\u00f3n<\/td><td>Personal de I+D<\/td><td>41-50 personas<\/td><\/tr><tr><td>Capacidad de producci\u00f3n<\/td><td>N\u00ba de l\u00edneas de producci\u00f3n<\/td><td>5<\/td><\/tr><tr><td>Capacidad de producci\u00f3n<\/td><td>Valor de producci\u00f3n anual<\/td><td>US$10 Millones - US$50 Millones<\/td><\/tr><\/tbody><\/table><\/figure><div class=\"wp-block-uagb-image uagb-block-4d1395ab wp-block-uagb-image--layout-default wp-block-uagb-image--effect-static wp-block-uagb-image--align-none\"><figure class=\"wp-block-uagb-image__figure\"><img loading=\"lazy\" decoding=\"async\" srcset=\"https:\/\/www.leadhan.com\/wp-content\/uploads\/2025\/02\/\u751f\u4ea7\u8f66\u95f4\u56fe.jpg ,https:\/\/www.leadhan.com\/wp-content\/uploads\/2025\/02\/\u751f\u4ea7\u8f66\u95f4\u56fe.jpg 780w, https:\/\/www.leadhan.com\/wp-content\/uploads\/2025\/02\/\u751f\u4ea7\u8f66\u95f4\u56fe.jpg 360w\" sizes=\"auto, (max-width: 480px) 150px\" src=\"https:\/\/www.leadhan.com\/wp-content\/uploads\/2025\/02\/\u751f\u4ea7\u8f66\u95f4\u56fe.jpg\" alt=\"\" class=\"uag-image-4441\" width=\"650\" height=\"487\" title=\"\u751f\u4ea7\u8f66\u95f4\u56fe\" role=\"img\"\/><\/figure><\/div>","protected":false},"excerpt":{"rendered":"<p>Jinan Linghan Laser Technology Co., Ltd. Ltd. Se dedica principalmente a: M\u00e1quina de corte l\u00e1ser de mesa \u00fanica, m\u00e1quina de corte l\u00e1ser de plataforma de intercambio de gran [...]<\/p>","protected":false},"author":1,"featured_media":0,"parent":0,"menu_order":0,"comment_status":"closed","ping_status":"open","template":"","meta":{"_uag_custom_page_level_css":"","site-sidebar-layout":"default","site-content-layout":"","ast-site-content-layout":"","site-content-style":"default","site-sidebar-style":"default","ast-global-header-display":"","ast-banner-title-visibility":"","ast-main-header-display":"","ast-hfb-above-header-display":"","ast-hfb-below-header-display":"","ast-hfb-mobile-header-display":"","site-post-title":"","ast-breadcrumbs-content":"","ast-featured-img":"","footer-sml-layout":"","theme-transparent-header-meta":"","adv-header-id-meta":"","stick-header-meta":"","header-above-stick-meta":"","header-main-stick-meta":"","header-below-stick-meta":"","astra-migrate-meta-layouts":"default","ast-page-background-enabled":"default","ast-page-background-meta":{"desktop":{"background-color":"var(--ast-global-color-4)","background-image":"","background-repeat":"repeat","background-position":"center center","background-size":"auto","background-attachment":"scroll","background-type":"","background-media":"","overlay-type":"","overlay-color":"","overlay-opacity":"","overlay-gradient":""},"tablet":{"background-color":"","background-image":"","background-repeat":"repeat","background-position":"center center","background-size":"auto","background-attachment":"scroll","background-type":"","background-media":"","overlay-type":"","overlay-color":"","overlay-opacity":"","overlay-gradient":""},"mobile":{"background-color":"","background-image":"","background-repeat":"repeat","background-position":"center center","background-size":"auto","background-attachment":"scroll","background-type":"","background-media":"","overlay-type":"","overlay-color":"","overlay-opacity":"","overlay-gradient":""}},"ast-content-background-meta":{"desktop":{"background-color":"var(--ast-global-color-5)","background-image":"","background-repeat":"repeat","background-position":"center center","background-size":"auto","background-attachment":"scroll","background-type":"","background-media":"","overlay-type":"","overlay-color":"","overlay-opacity":"","overlay-gradient":""},"tablet":{"background-color":"var(--ast-global-color-5)","background-image":"","background-repeat":"repeat","background-position":"center center","background-size":"auto","background-attachment":"scroll","background-type":"","background-media":"","overlay-type":"","overlay-color":"","overlay-opacity":"","overlay-gradient":""},"mobile":{"background-color":"var(--ast-global-color-5)","background-image":"","background-repeat":"repeat","background-position":"center center","background-size":"auto","background-attachment":"scroll","background-type":"","background-media":"","overlay-type":"","overlay-color":"","overlay-opacity":"","overlay-gradient":""}},"footnotes":""},"class_list":["post-2","page","type-page","status-publish","hentry"],"yoast_head":"<!-- This site is optimized with the Yoast SEO plugin v24.4 - https:\/\/yoast.com\/wordpress\/plugins\/seo\/ -->\n<title>Jinan Linghan Laser Technology Co., Ltd - Leading han<\/title>\n<meta name=\"robots\" content=\"index, follow, max-snippet:-1, max-image-preview:large, max-video-preview:-1\" \/>\n<link rel=\"canonical\" href=\"https:\/\/www.leadhan.com\/es\/pagina-de-muestra\/\" \/>\n<meta property=\"og:locale\" content=\"es_ES\" \/>\n<meta property=\"og:type\" content=\"article\" \/>\n<meta property=\"og:title\" content=\"Jinan Linghan Laser Technology Co., Ltd - Leading han\" \/>\n<meta property=\"og:description\" content=\"Jinan Linghan Laser Technology Co., Ltd. Mainly deals in: Single-table laser cutting machine, large-surround exchange platform laser cutting machine, ultra-large-format [&hellip;]\" \/>\n<meta property=\"og:url\" content=\"https:\/\/www.leadhan.com\/es\/pagina-de-muestra\/\" \/>\n<meta property=\"og:site_name\" content=\"Leading han\" \/>\n<meta property=\"article:modified_time\" content=\"2025-02-10T03:40:48+00:00\" \/>\n<meta name=\"twitter:card\" content=\"summary_large_image\" \/>\n<meta name=\"twitter:label1\" content=\"Tiempo de lectura\" \/>\n\t<meta name=\"twitter:data1\" content=\"2 minutos\" \/>\n<script type=\"application\/ld+json\" class=\"yoast-schema-graph\">{\"@context\":\"https:\/\/schema.org\",\"@graph\":[{\"@type\":\"WebPage\",\"@id\":\"https:\/\/www.leadhan.com\/sample-page\/\",\"url\":\"https:\/\/www.leadhan.com\/sample-page\/\",\"name\":\"Jinan Linghan Laser Technology Co., Ltd - Leading han\",\"isPartOf\":{\"@id\":\"https:\/\/www.leadhan.com\/af\/#website\"},\"datePublished\":\"2024-08-20T10:07:24+00:00\",\"dateModified\":\"2025-02-10T03:40:48+00:00\",\"breadcrumb\":{\"@id\":\"https:\/\/www.leadhan.com\/sample-page\/#breadcrumb\"},\"inLanguage\":\"es\",\"potentialAction\":[{\"@type\":\"ReadAction\",\"target\":[\"https:\/\/www.leadhan.com\/sample-page\/\"]}]},{\"@type\":\"BreadcrumbList\",\"@id\":\"https:\/\/www.leadhan.com\/sample-page\/#breadcrumb\",\"itemListElement\":[{\"@type\":\"ListItem\",\"position\":1,\"name\":\"Home\",\"item\":\"https:\/\/www.leadhan.com\/\"},{\"@type\":\"ListItem\",\"position\":2,\"name\":\"Jinan Linghan Laser Technology Co., Ltd\"}]},{\"@type\":\"WebSite\",\"@id\":\"https:\/\/www.leadhan.com\/af\/#website\",\"url\":\"https:\/\/www.leadhan.com\/af\/\",\"name\":\"Leading han\",\"description\":\"\",\"publisher\":{\"@id\":\"https:\/\/www.leadhan.com\/af\/#organization\"},\"potentialAction\":[{\"@type\":\"SearchAction\",\"target\":{\"@type\":\"EntryPoint\",\"urlTemplate\":\"https:\/\/www.leadhan.com\/af\/?s={search_term_string}\"},\"query-input\":{\"@type\":\"PropertyValueSpecification\",\"valueRequired\":true,\"valueName\":\"search_term_string\"}}],\"inLanguage\":\"es\"},{\"@type\":\"Organization\",\"@id\":\"https:\/\/www.leadhan.com\/af\/#organization\",\"name\":\"Leading han\",\"url\":\"https:\/\/www.leadhan.com\/af\/\",\"logo\":{\"@type\":\"ImageObject\",\"inLanguage\":\"es\",\"@id\":\"https:\/\/www.leadhan.com\/af\/#\/schema\/logo\/image\/\",\"url\":\"https:\/\/www.leadhan.com\/wp-content\/uploads\/2024\/08\/965.png\",\"contentUrl\":\"https:\/\/www.leadhan.com\/wp-content\/uploads\/2024\/08\/965.png\",\"width\":239,\"height\":300,\"caption\":\"Leading han\"},\"image\":{\"@id\":\"https:\/\/www.leadhan.com\/af\/#\/schema\/logo\/image\/\"}}]}<\/script>\n<!-- \/ Yoast SEO plugin. -->","yoast_head_json":{"title":"Jinan Linghan Laser Technology Co., Ltd - Leading han","robots":{"index":"index","follow":"follow","max-snippet":"max-snippet:-1","max-image-preview":"max-image-preview:large","max-video-preview":"max-video-preview:-1"},"canonical":"https:\/\/www.leadhan.com\/es\/pagina-de-muestra\/","og_locale":"es_ES","og_type":"article","og_title":"Jinan Linghan Laser Technology Co., Ltd - Leading han","og_description":"Jinan Linghan Laser Technology Co., Ltd. Mainly deals in: Single-table laser cutting machine, large-surround exchange platform laser cutting machine, ultra-large-format [&hellip;]","og_url":"https:\/\/www.leadhan.com\/es\/pagina-de-muestra\/","og_site_name":"Leading han","article_modified_time":"2025-02-10T03:40:48+00:00","twitter_card":"summary_large_image","twitter_misc":{"Tiempo de lectura":"2 minutos"},"schema":{"@context":"https:\/\/schema.org","@graph":[{"@type":"WebPage","@id":"https:\/\/www.leadhan.com\/sample-page\/","url":"https:\/\/www.leadhan.com\/sample-page\/","name":"Jinan Linghan Laser Technology Co., Ltd - Leading han","isPartOf":{"@id":"https:\/\/www.leadhan.com\/af\/#website"},"datePublished":"2024-08-20T10:07:24+00:00","dateModified":"2025-02-10T03:40:48+00:00","breadcrumb":{"@id":"https:\/\/www.leadhan.com\/sample-page\/#breadcrumb"},"inLanguage":"es","potentialAction":[{"@type":"ReadAction","target":["https:\/\/www.leadhan.com\/sample-page\/"]}]},{"@type":"BreadcrumbList","@id":"https:\/\/www.leadhan.com\/sample-page\/#breadcrumb","itemListElement":[{"@type":"ListItem","position":1,"name":"Home","item":"https:\/\/www.leadhan.com\/"},{"@type":"ListItem","position":2,"name":"Jinan Linghan Laser Technology Co., Ltd"}]},{"@type":"WebSite","@id":"https:\/\/www.leadhan.com\/af\/#website","url":"https:\/\/www.leadhan.com\/af\/","name":"Leading han","description":"","publisher":{"@id":"https:\/\/www.leadhan.com\/af\/#organization"},"potentialAction":[{"@type":"SearchAction","target":{"@type":"EntryPoint","urlTemplate":"https:\/\/www.leadhan.com\/af\/?s={search_term_string}"},"query-input":{"@type":"PropertyValueSpecification","valueRequired":true,"valueName":"search_term_string"}}],"inLanguage":"es"},{"@type":"Organization","@id":"https:\/\/www.leadhan.com\/af\/#organization","name":"Leading han","url":"https:\/\/www.leadhan.com\/af\/","logo":{"@type":"ImageObject","inLanguage":"es","@id":"https:\/\/www.leadhan.com\/af\/#\/schema\/logo\/image\/","url":"https:\/\/www.leadhan.com\/wp-content\/uploads\/2024\/08\/965.png","contentUrl":"https:\/\/www.leadhan.com\/wp-content\/uploads\/2024\/08\/965.png","width":239,"height":300,"caption":"Leading han"},"image":{"@id":"https:\/\/www.leadhan.com\/af\/#\/schema\/logo\/image\/"}}]}},"uagb_featured_image_src":{"full":false,"thumbnail":false,"medium":false,"medium_large":false,"large":false,"1536x1536":false,"2048x2048":false,"trp-custom-language-flag":false,"woocommerce_thumbnail":false,"woocommerce_single":false,"woocommerce_gallery_thumbnail":false},"uagb_author_info":{"display_name":"user","author_link":"https:\/\/www.leadhan.com\/es\/author\/user\/"},"uagb_comment_info":0,"uagb_excerpt":"Jinan Linghan Laser Technology Co., Ltd. Mainly deals in: Single-table laser cutting machine, large-surround exchange platform laser cutting machine, ultra-large-format [&hellip;]","_links":{"self":[{"href":"https:\/\/www.leadhan.com\/es\/wp-json\/wp\/v2\/pages\/2","targetHints":{"allow":["GET"]}}],"collection":[{"href":"https:\/\/www.leadhan.com\/es\/wp-json\/wp\/v2\/pages"}],"about":[{"href":"https:\/\/www.leadhan.com\/es\/wp-json\/wp\/v2\/types\/page"}],"author":[{"embeddable":true,"href":"https:\/\/www.leadhan.com\/es\/wp-json\/wp\/v2\/users\/1"}],"replies":[{"embeddable":true,"href":"https:\/\/www.leadhan.com\/es\/wp-json\/wp\/v2\/comments?post=2"}],"version-history":[{"count":1,"href":"https:\/\/www.leadhan.com\/es\/wp-json\/wp\/v2\/pages\/2\/revisions"}],"predecessor-version":[{"id":4442,"href":"https:\/\/www.leadhan.com\/es\/wp-json\/wp\/v2\/pages\/2\/revisions\/4442"}],"wp:attachment":[{"href":"https:\/\/www.leadhan.com\/es\/wp-json\/wp\/v2\/media?parent=2"}],"curies":[{"name":"wp","href":"https:\/\/api.w.org\/{rel}","templated":true}]}}