{"id":2670,"date":"2024-08-22T09:33:34","date_gmt":"2024-08-22T09:33:34","guid":{"rendered":"http:\/\/43.135.183.88\/?page_id=2670"},"modified":"2024-09-06T06:36:29","modified_gmt":"2024-09-06T06:36:29","slug":"news","status":"publish","type":"page","link":"https:\/\/www.leadhan.com\/es\/noticias\/","title":{"rendered":"Noticias"},"content":{"rendered":"<div class=\"wp-block-uagb-container uagb-block-bbdd0a0b alignfull uagb-is-root-container\"><div class=\"uagb-container-inner-blocks-wrap\"><div class=\"wp-block-uagb-info-box uagb-block-30fa7580 uagb-infobox__content-wrap  uagb-infobox-icon-above-title uagb-infobox-image-valign-top\"><div class=\"uagb-ifb-content\"><div class=\"uagb-ifb-title-wrap\"><h1 class=\"uagb-ifb-title\">Noticias<\/h1><\/div><div class=\"uagb-ifb-separator\"><\/div><\/div><\/div><\/div><\/div><div class=\"wp-block-uagb-container uagb-block-0698928a alignfull uagb-is-root-container\"><div class=\"uagb-container-inner-blocks-wrap\"><div class=\"wp-block-uagb-post-grid uagb-post-grid  uagb-post__image-position-top uagb-post__image-enabled uagb-block-eb7be1b7     uagb-post__items uagb-post__columns-3 is-grid uagb-post__columns-tablet-2 uagb-post__columns-mobile-1 uagb-post__equal-height\" data-total=\"15\" style=\"\">\n\n\t\t\t\t\t\t\t\t\t\t\t\t<article class=\"uagb-post__inner-wrap\">\t\t\t\t\t\t\t\t<div class='uagb-post__image'>\n\t\t\t\t\t\t\t\t\t<a href=\"https:\/\/www.leadhan.com\/es\/maquina-de-corte-por-laser-de-mesa-conmutada-que-maximiza-la-produccion-con-un-tiempo-de-inactividad-minimo\/\" target=\"_self\" rel=\"bookmark noopener noreferrer\" class='uagb-image-ratio-inherit'><img fetchpriority=\"high\" decoding=\"async\" width=\"720\" height=\"720\" src=\"https:\/\/www.leadhan.com\/wp-content\/uploads\/2025\/02\/9AD35FD0-0870-4434-87D9-B05B4A88D792.png\" class=\"attachment-large size-large\" alt=\"m\u00e1quina de corte por l\u00e1ser\" srcset=\"https:\/\/www.leadhan.com\/wp-content\/uploads\/2025\/02\/9AD35FD0-0870-4434-87D9-B05B4A88D792.png 720w, https:\/\/www.leadhan.com\/wp-content\/uploads\/2025\/02\/9AD35FD0-0870-4434-87D9-B05B4A88D792-300x300.png 300w, https:\/\/www.leadhan.com\/wp-content\/uploads\/2025\/02\/9AD35FD0-0870-4434-87D9-B05B4A88D792-150x150.png 150w, https:\/\/www.leadhan.com\/wp-content\/uploads\/2025\/02\/9AD35FD0-0870-4434-87D9-B05B4A88D792-12x12.png 12w, https:\/\/www.leadhan.com\/wp-content\/uploads\/2025\/02\/9AD35FD0-0870-4434-87D9-B05B4A88D792-600x600.png 600w, https:\/\/www.leadhan.com\/wp-content\/uploads\/2025\/02\/9AD35FD0-0870-4434-87D9-B05B4A88D792-100x100.png 100w\" sizes=\"(max-width: 720px) 100vw, 720px\" \/>\t\t\t\t\t<\/a>\n\t\t\t\t\t\t\t<\/div>\n\t\t\t\t\t\t<h4 class=\"uagb-post__title uagb-post__text\">\n\t\t\t\t<a href=\"https:\/\/www.leadhan.com\/es\/maquina-de-corte-por-laser-de-mesa-conmutada-que-maximiza-la-produccion-con-un-tiempo-de-inactividad-minimo\/\" target=\"_self\" rel=\"bookmark noopener noreferrer\">M\u00e1quina de corte por l\u00e1ser de mesa conmutada: Maximizaci\u00f3n de la producci\u00f3n con un tiempo de inactividad m\u00ednimo<\/a>\n\t\t\t<\/h4>\n\t\t\t\t\t\t<div class='uagb-post__text uagb-post-grid-byline'>\n\t\t\t\t\t\t\t\t<time datetime=\"2025-09-19T19:44:10-07:00\" class=\"uagb-post__date\">\n\t\t\t\t<span class=\"dashicons-calendar dashicons\"><\/span>\t\t\t\t\t2025-09-19\t\t\t\t<\/time>\n\t\t\t\t\t\t\t<span class=\"uagb-post__comment\">\n\t\t\t\t<span class=\"dashicons-admin-comments dashicons\"><\/span>\t\t\t\t\tNo hay comentarios\t\t\t\t<\/span>\n\t\t\t\t\t\t<\/div>\n\t\t\t\t\t\t\t<div class='uagb-post__text uagb-post__excerpt'>\n\t\t\t\t\t<p>En la era actual de la producci\u00f3n a alta velocidad, la precisi\u00f3n y la eficacia ya no son una opci\u00f3n...\t\t\t\t<\/div>\n\t\t\t\t\t\t<div class=\"uagb-post__text uagb-post__cta wp-block-button\">\n\t\t\t\t<a class=\"wp-block-button__link uagb-text-link\" style=\"\" href=\"https:\/\/www.leadhan.com\/es\/maquina-de-corte-por-laser-de-mesa-conmutada-que-maximiza-la-produccion-con-un-tiempo-de-inactividad-minimo\/\" target=\"_self\" rel=\"bookmark noopener noreferrer\">Leer m\u00e1s<\/a>\n\t\t\t<\/div>\n\t\t\t\n\t\t\t\t\t\t\t\t\t<\/article>\n\t\t\t\t\t\t\t\t\t\t\t\t\t\t\t\t<article class=\"uagb-post__inner-wrap\">\t\t\t\t\t\t\t\t<div class='uagb-post__image'>\n\t\t\t\t\t\t\t\t\t<a href=\"https:\/\/www.leadhan.com\/es\/como-elegir-la-mejor-maquina-de-corte-por-laser-de-tubos-para-su-empresa\/\" target=\"_self\" rel=\"bookmark noopener noreferrer\" class='uagb-image-ratio-inherit'><img decoding=\"async\" width=\"720\" height=\"588\" src=\"https:\/\/www.leadhan.com\/wp-content\/uploads\/2025\/03\/EF98F20C-58F5-4bd9-8CBB-6C539914B638.png\" class=\"attachment-large size-large\" alt=\"m\u00e1quina de corte por l\u00e1ser\" srcset=\"https:\/\/www.leadhan.com\/wp-content\/uploads\/2025\/03\/EF98F20C-58F5-4bd9-8CBB-6C539914B638.png 720w, https:\/\/www.leadhan.com\/wp-content\/uploads\/2025\/03\/EF98F20C-58F5-4bd9-8CBB-6C539914B638-300x245.png 300w, https:\/\/www.leadhan.com\/wp-content\/uploads\/2025\/03\/EF98F20C-58F5-4bd9-8CBB-6C539914B638-15x12.png 15w, https:\/\/www.leadhan.com\/wp-content\/uploads\/2025\/03\/EF98F20C-58F5-4bd9-8CBB-6C539914B638-600x490.png 600w\" sizes=\"(max-width: 720px) 100vw, 720px\" \/>\t\t\t\t\t<\/a>\n\t\t\t\t\t\t\t<\/div>\n\t\t\t\t\t\t<h4 class=\"uagb-post__title uagb-post__text\">\n\t\t\t\t<a href=\"https:\/\/www.leadhan.com\/es\/como-elegir-la-mejor-maquina-de-corte-por-laser-de-tubos-para-su-empresa\/\" target=\"_self\" rel=\"bookmark noopener noreferrer\">C\u00f3mo elegir la mejor m\u00e1quina de corte l\u00e1ser de tubos para su negocio<\/a>\n\t\t\t<\/h4>\n\t\t\t\t\t\t<div class='uagb-post__text uagb-post-grid-byline'>\n\t\t\t\t\t\t\t\t<time datetime=\"2025-09-03T19:38:58-07:00\" class=\"uagb-post__date\">\n\t\t\t\t<span class=\"dashicons-calendar dashicons\"><\/span>\t\t\t\t\t2025-09-03\t\t\t\t<\/time>\n\t\t\t\t\t\t\t<span class=\"uagb-post__comment\">\n\t\t\t\t<span class=\"dashicons-admin-comments dashicons\"><\/span>\t\t\t\t\tNo hay comentarios\t\t\t\t<\/span>\n\t\t\t\t\t\t<\/div>\n\t\t\t\t\t\t\t<div class='uagb-post__text uagb-post__excerpt'>\n\t\t\t\t\t<p>La precisi\u00f3n y la eficacia son esenciales hoy en d\u00eda en el sector manufacturero. Entre las tecnolog\u00edas que...\t\t\t\t<\/div>\n\t\t\t\t\t\t<div class=\"uagb-post__text uagb-post__cta wp-block-button\">\n\t\t\t\t<a class=\"wp-block-button__link uagb-text-link\" style=\"\" href=\"https:\/\/www.leadhan.com\/es\/como-elegir-la-mejor-maquina-de-corte-por-laser-de-tubos-para-su-empresa\/\" target=\"_self\" rel=\"bookmark noopener noreferrer\">Leer m\u00e1s<\/a>\n\t\t\t<\/div>\n\t\t\t\n\t\t\t\t\t\t\t\t\t<\/article>\n\t\t\t\t\t\t\t\t\t\t\t\t\t\t\t\t<article class=\"uagb-post__inner-wrap\">\t\t\t\t\t\t\t\t<div class='uagb-post__image'>\n\t\t\t\t\t\t\t\t\t<a href=\"https:\/\/www.leadhan.com\/es\/cortadora-laser-cnc-para-metal-a-game-changer-for-precision-engineering\/\" target=\"_self\" rel=\"bookmark noopener noreferrer\" class='uagb-image-ratio-inherit'><img decoding=\"async\" width=\"720\" height=\"588\" src=\"https:\/\/www.leadhan.com\/wp-content\/uploads\/2025\/03\/EF98F20C-58F5-4bd9-8CBB-6C539914B638.png\" class=\"attachment-large size-large\" alt=\"m\u00e1quina de corte por l\u00e1ser\" srcset=\"https:\/\/www.leadhan.com\/wp-content\/uploads\/2025\/03\/EF98F20C-58F5-4bd9-8CBB-6C539914B638.png 720w, https:\/\/www.leadhan.com\/wp-content\/uploads\/2025\/03\/EF98F20C-58F5-4bd9-8CBB-6C539914B638-300x245.png 300w, https:\/\/www.leadhan.com\/wp-content\/uploads\/2025\/03\/EF98F20C-58F5-4bd9-8CBB-6C539914B638-15x12.png 15w, https:\/\/www.leadhan.com\/wp-content\/uploads\/2025\/03\/EF98F20C-58F5-4bd9-8CBB-6C539914B638-600x490.png 600w\" sizes=\"(max-width: 720px) 100vw, 720px\" \/>\t\t\t\t\t<\/a>\n\t\t\t\t\t\t\t<\/div>\n\t\t\t\t\t\t<h4 class=\"uagb-post__title uagb-post__text\">\n\t\t\t\t<a href=\"https:\/\/www.leadhan.com\/es\/cortadora-laser-cnc-para-metal-a-game-changer-for-precision-engineering\/\" target=\"_self\" rel=\"bookmark noopener noreferrer\">Cortadora L\u00e1ser CNC Para Metal: Un cambio de juego para la ingenier\u00eda de precisi\u00f3n<\/a>\n\t\t\t<\/h4>\n\t\t\t\t\t\t<div class='uagb-post__text uagb-post-grid-byline'>\n\t\t\t\t\t\t\t\t<time datetime=\"2025-08-27T18:44:39-07:00\" class=\"uagb-post__date\">\n\t\t\t\t<span class=\"dashicons-calendar dashicons\"><\/span>\t\t\t\t\t2025-08-27\t\t\t\t<\/time>\n\t\t\t\t\t\t\t<span class=\"uagb-post__comment\">\n\t\t\t\t<span class=\"dashicons-admin-comments dashicons\"><\/span>\t\t\t\t\tNo hay comentarios\t\t\t\t<\/span>\n\t\t\t\t\t\t<\/div>\n\t\t\t\t\t\t\t<div class='uagb-post__text uagb-post__excerpt'>\n\t\t\t\t\t<p>Velocidad, precisi\u00f3n y ahorro de costes es lo que significa estar vivo en el vertiginoso...\t\t\t\t<\/div>\n\t\t\t\t\t\t<div class=\"uagb-post__text uagb-post__cta wp-block-button\">\n\t\t\t\t<a class=\"wp-block-button__link uagb-text-link\" style=\"\" href=\"https:\/\/www.leadhan.com\/es\/cortadora-laser-cnc-para-metal-a-game-changer-for-precision-engineering\/\" target=\"_self\" rel=\"bookmark noopener noreferrer\">Leer m\u00e1s<\/a>\n\t\t\t<\/div>\n\t\t\t\n\t\t\t\t\t\t\t\t\t<\/article>\n\t\t\t\t\t\t\t\t\t\t\t\t\t\t\t\t<article class=\"uagb-post__inner-wrap\">\t\t\t\t\t\t\t\t<div class='uagb-post__image'>\n\t\t\t\t\t\t\t\t\t<a href=\"https:\/\/www.leadhan.com\/es\/factores-que-influyen-en-el-precio-de-las-maquinas-de-soldadura-por-laser-de-fibra\/\" target=\"_self\" rel=\"bookmark noopener noreferrer\" class='uagb-image-ratio-inherit'><img decoding=\"async\" width=\"720\" height=\"720\" src=\"https:\/\/www.leadhan.com\/wp-content\/uploads\/2025\/02\/6E4C0C92-CEF6-4fea-81D6-9AA316923831-1.png\" class=\"attachment-large size-large\" alt=\"m\u00e1quina de soldadura l\u00e1ser de fibra\" srcset=\"https:\/\/www.leadhan.com\/wp-content\/uploads\/2025\/02\/6E4C0C92-CEF6-4fea-81D6-9AA316923831-1.png 720w, https:\/\/www.leadhan.com\/wp-content\/uploads\/2025\/02\/6E4C0C92-CEF6-4fea-81D6-9AA316923831-1-300x300.png 300w, https:\/\/www.leadhan.com\/wp-content\/uploads\/2025\/02\/6E4C0C92-CEF6-4fea-81D6-9AA316923831-1-150x150.png 150w, https:\/\/www.leadhan.com\/wp-content\/uploads\/2025\/02\/6E4C0C92-CEF6-4fea-81D6-9AA316923831-1-12x12.png 12w, https:\/\/www.leadhan.com\/wp-content\/uploads\/2025\/02\/6E4C0C92-CEF6-4fea-81D6-9AA316923831-1-600x600.png 600w, https:\/\/www.leadhan.com\/wp-content\/uploads\/2025\/02\/6E4C0C92-CEF6-4fea-81D6-9AA316923831-1-100x100.png 100w\" sizes=\"(max-width: 720px) 100vw, 720px\" \/>\t\t\t\t\t<\/a>\n\t\t\t\t\t\t\t<\/div>\n\t\t\t\t\t\t<h4 class=\"uagb-post__title uagb-post__text\">\n\t\t\t\t<a href=\"https:\/\/www.leadhan.com\/es\/factores-que-influyen-en-el-precio-de-las-maquinas-de-soldadura-por-laser-de-fibra\/\" target=\"_self\" rel=\"bookmark noopener noreferrer\">Factores que influyen en el precio de las m\u00e1quinas de soldadura por l\u00e1ser de fibra<\/a>\n\t\t\t<\/h4>\n\t\t\t\t\t\t<div class='uagb-post__text uagb-post-grid-byline'>\n\t\t\t\t\t\t\t\t<time datetime=\"2025-08-19T21:00:47-07:00\" class=\"uagb-post__date\">\n\t\t\t\t<span class=\"dashicons-calendar dashicons\"><\/span>\t\t\t\t\t2025-08-19\t\t\t\t<\/time>\n\t\t\t\t\t\t\t<span class=\"uagb-post__comment\">\n\t\t\t\t<span class=\"dashicons-admin-comments dashicons\"><\/span>\t\t\t\t\tNo hay comentarios\t\t\t\t<\/span>\n\t\t\t\t\t\t<\/div>\n\t\t\t\t\t\t\t<div class='uagb-post__text uagb-post__excerpt'>\n\t\t\t\t\t<p>En los \u00faltimos a\u00f1os, la tecnolog\u00eda de soldadura por l\u00e1ser de fibra se ha convertido en la soluci\u00f3n...\t\t\t\t<\/div>\n\t\t\t\t\t\t<div class=\"uagb-post__text uagb-post__cta wp-block-button\">\n\t\t\t\t<a class=\"wp-block-button__link uagb-text-link\" style=\"\" href=\"https:\/\/www.leadhan.com\/es\/factores-que-influyen-en-el-precio-de-las-maquinas-de-soldadura-por-laser-de-fibra\/\" target=\"_self\" rel=\"bookmark noopener noreferrer\">Leer m\u00e1s<\/a>\n\t\t\t<\/div>\n\t\t\t\n\t\t\t\t\t\t\t\t\t<\/article>\n\t\t\t\t\t\t\t\t\t\t\t\t\t\t\t\t<article class=\"uagb-post__inner-wrap\">\t\t\t\t\t\t\t\t<div class='uagb-post__image'>\n\t\t\t\t\t\t\t\t\t<a href=\"https:\/\/www.leadhan.com\/es\/2000w-maquina-de-soldadura-laser-es-un-papel-para-la-fabricacion-moderna\/\" target=\"_self\" rel=\"bookmark noopener noreferrer\" class='uagb-image-ratio-inherit'><img loading=\"lazy\" decoding=\"async\" width=\"300\" height=\"300\" src=\"https:\/\/www.leadhan.com\/wp-content\/uploads\/2025\/03\/1741833909627.png\" class=\"attachment-large size-large\" alt=\"m\u00e1quina de soldadura l\u00e1ser\" srcset=\"https:\/\/www.leadhan.com\/wp-content\/uploads\/2025\/03\/1741833909627.png 300w, https:\/\/www.leadhan.com\/wp-content\/uploads\/2025\/03\/1741833909627-150x150.png 150w, https:\/\/www.leadhan.com\/wp-content\/uploads\/2025\/03\/1741833909627-12x12.png 12w, https:\/\/www.leadhan.com\/wp-content\/uploads\/2025\/03\/1741833909627-100x100.png 100w\" sizes=\"(max-width: 300px) 100vw, 300px\" \/>\t\t\t\t\t<\/a>\n\t\t\t\t\t\t\t<\/div>\n\t\t\t\t\t\t<h4 class=\"uagb-post__title uagb-post__text\">\n\t\t\t\t<a href=\"https:\/\/www.leadhan.com\/es\/2000w-maquina-de-soldadura-laser-es-un-papel-para-la-fabricacion-moderna\/\" target=\"_self\" rel=\"bookmark noopener noreferrer\">La m\u00e1quina de soldadura l\u00e1ser 2000W desempe\u00f1a un papel en la fabricaci\u00f3n moderna<\/a>\n\t\t\t<\/h4>\n\t\t\t\t\t\t<div class='uagb-post__text uagb-post-grid-byline'>\n\t\t\t\t\t\t\t\t<time datetime=\"2025-08-12T22:58:50-07:00\" class=\"uagb-post__date\">\n\t\t\t\t<span class=\"dashicons-calendar dashicons\"><\/span>\t\t\t\t\t2025-08-12\t\t\t\t<\/time>\n\t\t\t\t\t\t\t<span class=\"uagb-post__comment\">\n\t\t\t\t<span class=\"dashicons-admin-comments dashicons\"><\/span>\t\t\t\t\tNo hay comentarios\t\t\t\t<\/span>\n\t\t\t\t\t\t<\/div>\n\t\t\t\t\t\t\t<div class='uagb-post__text uagb-post__excerpt'>\n\t\t\t\t\t<p>En el vertiginoso mundo de la fabricaci\u00f3n, las empresas necesitan soluciones r\u00e1pidas y correctas. Lo mismo...\t\t\t\t<\/div>\n\t\t\t\t\t\t<div class=\"uagb-post__text uagb-post__cta wp-block-button\">\n\t\t\t\t<a class=\"wp-block-button__link uagb-text-link\" style=\"\" href=\"https:\/\/www.leadhan.com\/es\/2000w-maquina-de-soldadura-laser-es-un-papel-para-la-fabricacion-moderna\/\" target=\"_self\" rel=\"bookmark noopener noreferrer\">Leer m\u00e1s<\/a>\n\t\t\t<\/div>\n\t\t\t\n\t\t\t\t\t\t\t\t\t<\/article>\n\t\t\t\t\t\t\t\t\t\t\t\t\t\t\t\t<article class=\"uagb-post__inner-wrap\">\t\t\t\t\t\t\t\t<div class='uagb-post__image'>\n\t\t\t\t\t\t\t\t\t<a href=\"https:\/\/www.leadhan.com\/es\/por-que-la-maquina-de-soldadura-laser-1500w-se-convierte-en-el-nuevo-estandar-de-la-industria\/\" target=\"_self\" rel=\"bookmark noopener noreferrer\" class='uagb-image-ratio-inherit'><img loading=\"lazy\" decoding=\"async\" width=\"720\" height=\"720\" src=\"https:\/\/www.leadhan.com\/wp-content\/uploads\/2025\/03\/8BF8DB10-999F-491e-8C3D-D0AA80EAF264.png\" class=\"attachment-large size-large\" alt=\"M\u00e1quina port\u00e1til de soldadura por l\u00e1ser de fibra\" srcset=\"https:\/\/www.leadhan.com\/wp-content\/uploads\/2025\/03\/8BF8DB10-999F-491e-8C3D-D0AA80EAF264.png 720w, https:\/\/www.leadhan.com\/wp-content\/uploads\/2025\/03\/8BF8DB10-999F-491e-8C3D-D0AA80EAF264-300x300.png 300w, https:\/\/www.leadhan.com\/wp-content\/uploads\/2025\/03\/8BF8DB10-999F-491e-8C3D-D0AA80EAF264-150x150.png 150w, https:\/\/www.leadhan.com\/wp-content\/uploads\/2025\/03\/8BF8DB10-999F-491e-8C3D-D0AA80EAF264-12x12.png 12w, https:\/\/www.leadhan.com\/wp-content\/uploads\/2025\/03\/8BF8DB10-999F-491e-8C3D-D0AA80EAF264-600x600.png 600w, https:\/\/www.leadhan.com\/wp-content\/uploads\/2025\/03\/8BF8DB10-999F-491e-8C3D-D0AA80EAF264-100x100.png 100w\" sizes=\"(max-width: 720px) 100vw, 720px\" \/>\t\t\t\t\t<\/a>\n\t\t\t\t\t\t\t<\/div>\n\t\t\t\t\t\t<h4 class=\"uagb-post__title uagb-post__text\">\n\t\t\t\t<a href=\"https:\/\/www.leadhan.com\/es\/por-que-la-maquina-de-soldadura-laser-1500w-se-convierte-en-el-nuevo-estandar-de-la-industria\/\" target=\"_self\" rel=\"bookmark noopener noreferrer\">Por qu\u00e9 la m\u00e1quina de soldadura l\u00e1ser de 1500W se convierte en el nuevo est\u00e1ndar del sector<\/a>\n\t\t\t<\/h4>\n\t\t\t\t\t\t<div class='uagb-post__text uagb-post-grid-byline'>\n\t\t\t\t\t\t\t\t<time datetime=\"2025-08-08T00:45:39-07:00\" class=\"uagb-post__date\">\n\t\t\t\t<span class=\"dashicons-calendar dashicons\"><\/span>\t\t\t\t\t2025-08-08\t\t\t\t<\/time>\n\t\t\t\t\t\t\t<span class=\"uagb-post__comment\">\n\t\t\t\t<span class=\"dashicons-admin-comments dashicons\"><\/span>\t\t\t\t\tNo hay comentarios\t\t\t\t<\/span>\n\t\t\t\t\t\t<\/div>\n\t\t\t\t\t\t\t<div class='uagb-post__text uagb-post__excerpt'>\n\t\t\t\t\t<p>En una situaci\u00f3n como la actual, en la que la producci\u00f3n industrial se transforma a gran velocidad, la precisi\u00f3n, la velocidad y la fiabilidad son necesarias. Como...\t\t\t\t<\/div>\n\t\t\t\t\t\t<div class=\"uagb-post__text uagb-post__cta wp-block-button\">\n\t\t\t\t<a class=\"wp-block-button__link uagb-text-link\" style=\"\" href=\"https:\/\/www.leadhan.com\/es\/por-que-la-maquina-de-soldadura-laser-1500w-se-convierte-en-el-nuevo-estandar-de-la-industria\/\" target=\"_self\" rel=\"bookmark noopener noreferrer\">Leer m\u00e1s<\/a>\n\t\t\t<\/div>\n\t\t\t\n\t\t\t\t\t\t\t\t\t<\/article>\n\t\t\t\t\t\t\t\t\t\t\t<\/div><\/div><\/div><p><\/p><p><\/p>","protected":false},"excerpt":{"rendered":"","protected":false},"author":1,"featured_media":0,"parent":0,"menu_order":0,"comment_status":"closed","ping_status":"closed","template":"","meta":{"_uag_custom_page_level_css":"","site-sidebar-layout":"default","site-content-layout":"page-builder","ast-site-content-layout":"full-width-container","site-content-style":"unboxed","site-sidebar-style":"unboxed","ast-global-header-display":"","ast-banner-title-visibility":"","ast-main-header-display":"","ast-hfb-above-header-display":"","ast-hfb-below-header-display":"","ast-hfb-mobile-header-display":"","site-post-title":"disabled","ast-breadcrumbs-content":"","ast-featured-img":"","footer-sml-layout":"","theme-transparent-header-meta":"enabled","adv-header-id-meta":"","stick-header-meta":"","header-above-stick-meta":"","header-main-stick-meta":"","header-below-stick-meta":"","astra-migrate-meta-layouts":"set","ast-page-background-enabled":"default","ast-page-background-meta":{"desktop":{"background-color":"var(--ast-global-color-4)","background-image":"","background-repeat":"repeat","background-position":"center center","background-size":"auto","background-attachment":"scroll","background-type":"","background-media":"","overlay-type":"","overlay-color":"","overlay-opacity":"","overlay-gradient":""},"tablet":{"background-color":"","background-image":"","background-repeat":"repeat","background-position":"center center","background-size":"auto","background-attachment":"scroll","background-type":"","background-media":"","overlay-type":"","overlay-color":"","overlay-opacity":"","overlay-gradient":""},"mobile":{"background-color":"","background-image":"","background-repeat":"repeat","background-position":"center center","background-size":"auto","background-attachment":"scroll","background-type":"","background-media":"","overlay-type":"","overlay-color":"","overlay-opacity":"","overlay-gradient":""}},"ast-content-background-meta":{"desktop":{"background-color":"var(--ast-global-color-5)","background-image":"","background-repeat":"repeat","background-position":"center center","background-size":"auto","background-attachment":"scroll","background-type":"","background-media":"","overlay-type":"","overlay-color":"","overlay-opacity":"","overlay-gradient":""},"tablet":{"background-color":"var(--ast-global-color-5)","background-image":"","background-repeat":"repeat","background-position":"center center","background-size":"auto","background-attachment":"scroll","background-type":"","background-media":"","overlay-type":"","overlay-color":"","overlay-opacity":"","overlay-gradient":""},"mobile":{"background-color":"var(--ast-global-color-5)","background-image":"","background-repeat":"repeat","background-position":"center center","background-size":"auto","background-attachment":"scroll","background-type":"","background-media":"","overlay-type":"","overlay-color":"","overlay-opacity":"","overlay-gradient":""}},"footnotes":""},"class_list":["post-2670","page","type-page","status-publish","hentry"],"yoast_head":"<!-- This site is optimized with the Yoast SEO plugin v24.4 - https:\/\/yoast.com\/wordpress\/plugins\/seo\/ -->\n<title>News - Leading han<\/title>\n<meta name=\"robots\" content=\"index, follow, max-snippet:-1, max-image-preview:large, max-video-preview:-1\" \/>\n<link rel=\"canonical\" href=\"https:\/\/www.leadhan.com\/es\/noticias\/\" \/>\n<meta property=\"og:locale\" content=\"es_ES\" \/>\n<meta property=\"og:type\" content=\"article\" \/>\n<meta property=\"og:title\" content=\"News - Leading han\" \/>\n<meta property=\"og:url\" content=\"https:\/\/www.leadhan.com\/es\/noticias\/\" \/>\n<meta property=\"og:site_name\" content=\"Leading han\" \/>\n<meta property=\"article:modified_time\" content=\"2024-09-06T06:36:29+00:00\" \/>\n<meta name=\"twitter:card\" content=\"summary_large_image\" \/>\n<meta name=\"twitter:label1\" content=\"Tiempo de lectura\" \/>\n\t<meta name=\"twitter:data1\" content=\"1 minuto\" \/>\n<script type=\"application\/ld+json\" class=\"yoast-schema-graph\">{\"@context\":\"https:\/\/schema.org\",\"@graph\":[{\"@type\":\"WebPage\",\"@id\":\"https:\/\/www.leadhan.com\/ru\/\u043d\u043e\u0432\u043e\u0441\u0442\u0438\/\",\"url\":\"https:\/\/www.leadhan.com\/ru\/\u043d\u043e\u0432\u043e\u0441\u0442\u0438\/\",\"name\":\"News - Leading han\",\"isPartOf\":{\"@id\":\"https:\/\/www.leadhan.com\/af\/#website\"},\"datePublished\":\"2024-08-22T09:33:34+00:00\",\"dateModified\":\"2024-09-06T06:36:29+00:00\",\"breadcrumb\":{\"@id\":\"https:\/\/www.leadhan.com\/ru\/\u043d\u043e\u0432\u043e\u0441\u0442\u0438\/#breadcrumb\"},\"inLanguage\":\"es\",\"potentialAction\":[{\"@type\":\"ReadAction\",\"target\":[\"https:\/\/www.leadhan.com\/ru\/\u043d\u043e\u0432\u043e\u0441\u0442\u0438\/\"]}]},{\"@type\":\"BreadcrumbList\",\"@id\":\"https:\/\/www.leadhan.com\/ru\/\u043d\u043e\u0432\u043e\u0441\u0442\u0438\/#breadcrumb\",\"itemListElement\":[{\"@type\":\"ListItem\",\"position\":1,\"name\":\"Home\",\"item\":\"https:\/\/www.leadhan.com\/\"},{\"@type\":\"ListItem\",\"position\":2,\"name\":\"News\"}]},{\"@type\":\"WebSite\",\"@id\":\"https:\/\/www.leadhan.com\/af\/#website\",\"url\":\"https:\/\/www.leadhan.com\/af\/\",\"name\":\"Leading han\",\"description\":\"\",\"publisher\":{\"@id\":\"https:\/\/www.leadhan.com\/af\/#organization\"},\"potentialAction\":[{\"@type\":\"SearchAction\",\"target\":{\"@type\":\"EntryPoint\",\"urlTemplate\":\"https:\/\/www.leadhan.com\/af\/?s={search_term_string}\"},\"query-input\":{\"@type\":\"PropertyValueSpecification\",\"valueRequired\":true,\"valueName\":\"search_term_string\"}}],\"inLanguage\":\"es\"},{\"@type\":\"Organization\",\"@id\":\"https:\/\/www.leadhan.com\/af\/#organization\",\"name\":\"Leading han\",\"url\":\"https:\/\/www.leadhan.com\/af\/\",\"logo\":{\"@type\":\"ImageObject\",\"inLanguage\":\"es\",\"@id\":\"https:\/\/www.leadhan.com\/af\/#\/schema\/logo\/image\/\",\"url\":\"https:\/\/www.leadhan.com\/wp-content\/uploads\/2024\/08\/965.png\",\"contentUrl\":\"https:\/\/www.leadhan.com\/wp-content\/uploads\/2024\/08\/965.png\",\"width\":239,\"height\":300,\"caption\":\"Leading han\"},\"image\":{\"@id\":\"https:\/\/www.leadhan.com\/af\/#\/schema\/logo\/image\/\"}}]}<\/script>\n<!-- \/ Yoast SEO plugin. -->","yoast_head_json":{"title":"News - Leading han","robots":{"index":"index","follow":"follow","max-snippet":"max-snippet:-1","max-image-preview":"max-image-preview:large","max-video-preview":"max-video-preview:-1"},"canonical":"https:\/\/www.leadhan.com\/es\/noticias\/","og_locale":"es_ES","og_type":"article","og_title":"News - Leading han","og_url":"https:\/\/www.leadhan.com\/es\/noticias\/","og_site_name":"Leading han","article_modified_time":"2024-09-06T06:36:29+00:00","twitter_card":"summary_large_image","twitter_misc":{"Tiempo de lectura":"1 minuto"},"schema":{"@context":"https:\/\/schema.org","@graph":[{"@type":"WebPage","@id":"https:\/\/www.leadhan.com\/ru\/\u043d\u043e\u0432\u043e\u0441\u0442\u0438\/","url":"https:\/\/www.leadhan.com\/ru\/\u043d\u043e\u0432\u043e\u0441\u0442\u0438\/","name":"News - Leading han","isPartOf":{"@id":"https:\/\/www.leadhan.com\/af\/#website"},"datePublished":"2024-08-22T09:33:34+00:00","dateModified":"2024-09-06T06:36:29+00:00","breadcrumb":{"@id":"https:\/\/www.leadhan.com\/ru\/\u043d\u043e\u0432\u043e\u0441\u0442\u0438\/#breadcrumb"},"inLanguage":"es","potentialAction":[{"@type":"ReadAction","target":["https:\/\/www.leadhan.com\/ru\/\u043d\u043e\u0432\u043e\u0441\u0442\u0438\/"]}]},{"@type":"BreadcrumbList","@id":"https:\/\/www.leadhan.com\/ru\/\u043d\u043e\u0432\u043e\u0441\u0442\u0438\/#breadcrumb","itemListElement":[{"@type":"ListItem","position":1,"name":"Home","item":"https:\/\/www.leadhan.com\/"},{"@type":"ListItem","position":2,"name":"News"}]},{"@type":"WebSite","@id":"https:\/\/www.leadhan.com\/af\/#website","url":"https:\/\/www.leadhan.com\/af\/","name":"Leading han","description":"","publisher":{"@id":"https:\/\/www.leadhan.com\/af\/#organization"},"potentialAction":[{"@type":"SearchAction","target":{"@type":"EntryPoint","urlTemplate":"https:\/\/www.leadhan.com\/af\/?s={search_term_string}"},"query-input":{"@type":"PropertyValueSpecification","valueRequired":true,"valueName":"search_term_string"}}],"inLanguage":"es"},{"@type":"Organization","@id":"https:\/\/www.leadhan.com\/af\/#organization","name":"Leading han","url":"https:\/\/www.leadhan.com\/af\/","logo":{"@type":"ImageObject","inLanguage":"es","@id":"https:\/\/www.leadhan.com\/af\/#\/schema\/logo\/image\/","url":"https:\/\/www.leadhan.com\/wp-content\/uploads\/2024\/08\/965.png","contentUrl":"https:\/\/www.leadhan.com\/wp-content\/uploads\/2024\/08\/965.png","width":239,"height":300,"caption":"Leading han"},"image":{"@id":"https:\/\/www.leadhan.com\/af\/#\/schema\/logo\/image\/"}}]}},"uagb_featured_image_src":{"full":false,"thumbnail":false,"medium":false,"medium_large":false,"large":false,"1536x1536":false,"2048x2048":false,"trp-custom-language-flag":false,"woocommerce_thumbnail":false,"woocommerce_single":false,"woocommerce_gallery_thumbnail":false},"uagb_author_info":{"display_name":"user","author_link":"https:\/\/www.leadhan.com\/es\/author\/user\/"},"uagb_comment_info":0,"uagb_excerpt":null,"_links":{"self":[{"href":"https:\/\/www.leadhan.com\/es\/wp-json\/wp\/v2\/pages\/2670","targetHints":{"allow":["GET"]}}],"collection":[{"href":"https:\/\/www.leadhan.com\/es\/wp-json\/wp\/v2\/pages"}],"about":[{"href":"https:\/\/www.leadhan.com\/es\/wp-json\/wp\/v2\/types\/page"}],"author":[{"embeddable":true,"href":"https:\/\/www.leadhan.com\/es\/wp-json\/wp\/v2\/users\/1"}],"replies":[{"embeddable":true,"href":"https:\/\/www.leadhan.com\/es\/wp-json\/wp\/v2\/comments?post=2670"}],"version-history":[{"count":4,"href":"https:\/\/www.leadhan.com\/es\/wp-json\/wp\/v2\/pages\/2670\/revisions"}],"predecessor-version":[{"id":3602,"href":"https:\/\/www.leadhan.com\/es\/wp-json\/wp\/v2\/pages\/2670\/revisions\/3602"}],"wp:attachment":[{"href":"https:\/\/www.leadhan.com\/es\/wp-json\/wp\/v2\/media?parent=2670"}],"curies":[{"name":"wp","href":"https:\/\/api.w.org\/{rel}","templated":true}]}}