{"id":4427,"date":"2025-02-10T09:36:12","date_gmt":"2025-02-10T01:36:12","guid":{"rendered":"https:\/\/www.leadhan.com\/?post_type=product&#038;p=4427"},"modified":"2025-06-05T12:52:00","modified_gmt":"2025-06-05T19:52:00","slug":"3000w-fiber-laser-cutting-machine-for-metal-sheet-top-manufacturers-in-china","status":"publish","type":"product","link":"https:\/\/www.leadhan.com\/es\/producto\/3000w-maquina-de-corte-por-laser-de-fibra-para-los-fabricantes-de-chapa-superior-en-china\/","title":{"rendered":"M\u00e1quina de corte l\u00e1ser de fibra 3000W para chapa met\u00e1lica - Los mejores fabricantes en China"},"content":{"rendered":"<h2><strong>M\u00e1quina de corte l\u00e1ser de fibra de alta precisi\u00f3n 3000W para l\u00e1minas de metal - Los mejores fabricantes en China<\/strong><\/h2>\n<p><strong>1. Precisi\u00f3n de corte excepcional<\/strong> En <strong>M\u00e1quina de corte por l\u00e1ser de fibra de 3000 W<\/strong> est\u00e1 dise\u00f1ado para el corte de alta precisi\u00f3n con <strong>precisi\u00f3n de posici\u00f3n de 0,03 mm<\/strong> y <strong>precisi\u00f3n de reposicionamiento de 0,02 mm<\/strong>. Tanto si trabaja con chapas finas como gruesas, esta m\u00e1quina garantiza cortes precisos, por lo que es ideal para una gran variedad de aplicaciones, como la industria del autom\u00f3vil, aeroespacial y electr\u00f3nica.<\/p>\n<p><strong>2. Construcci\u00f3n robusta para uso intensivo<\/strong> Construido con un marco duradero y pesando <strong>3500 kg<\/strong>Esta m\u00e1quina de corte por l\u00e1ser de fibra est\u00e1 dise\u00f1ada para aplicaciones pesadas. Su <strong>dise\u00f1o robusto<\/strong> garantiza un rendimiento duradero en <strong>plantas de fabricaci\u00f3n<\/strong>, <strong>obras de construcci\u00f3n<\/strong>, <strong>f\u00e1bricas de alimentos y bebidas<\/strong>y otros entornos industriales, incluso en condiciones de trabajo exigentes.<\/p>\n<p><strong>3. Aplicaciones vers\u00e1tiles en m\u00faltiples sectores<\/strong> Esta m\u00e1quina de corte l\u00e1ser de fibra es perfecta para diversas industrias. Se utiliza ampliamente en:<\/p>\n<ul>\n<li><strong>Hoteles<\/strong> para mobiliario met\u00e1lico y se\u00f1alizaci\u00f3n a medida.<\/li>\n<li><strong>Tiendas de ropa<\/strong> para cortar dise\u00f1os complejos en materiales met\u00e1licos.<\/li>\n<li><strong>Tiendas de materiales de construcci\u00f3n<\/strong> para cortar metales estructurales.<\/li>\n<li><strong>Plantas de fabricaci\u00f3n<\/strong> para piezas y componentes met\u00e1licos de precisi\u00f3n. Con su amplia <strong>campo de aplicaci\u00f3n<\/strong>, esta m\u00e1quina puede satisfacer las necesidades de entornos de producci\u00f3n tanto peque\u00f1os como grandes.<\/li>\n<\/ul>\n<p><strong>4. Sistema de refrigeraci\u00f3n avanzado para mejorar el rendimiento<\/strong> En <strong>sistema de refrigeraci\u00f3n por aire<\/strong> garantiza el funcionamiento \u00f3ptimo del <strong>generador l\u00e1ser de fibra<\/strong>manteniendo una temperatura estable y evitando el sobrecalentamiento durante un funcionamiento prolongado. Este <strong>sistema de refrigeraci\u00f3n eficaz<\/strong> mejora la fiabilidad general y la longevidad de la m\u00e1quina, reduciendo las necesidades de mantenimiento y garantizando un rendimiento continuo de alta calidad.<\/p>\n<p><strong>5. Apoyo fiable a largo plazo<\/strong> Disfrute de la tranquilidad del <strong>3 a\u00f1os de garant\u00eda<\/strong> tanto en el <strong>m\u00e1quina de corte por l\u00e1ser de fibra<\/strong> y sus componentes b\u00e1sicos. Este <strong>apoyo a largo plazo<\/strong> garantiza a los usuarios que su inversi\u00f3n est\u00e1 protegida, con el compromiso de <strong>funcionamiento fiable<\/strong> y <strong>un servicio posventa excepcional<\/strong> en los a\u00f1os venideros.<\/p>\n<h3><strong>\u00bfPor qu\u00e9 elegir nuestra m\u00e1quina de corte l\u00e1ser de fibra \u00f3ptica?<\/strong><\/h3>\n<ul>\n<li><strong>Alta precisi\u00f3n de corte<\/strong> para dise\u00f1os detallados de chapas met\u00e1licas.<\/li>\n<li>Construido para durar con <strong>construcci\u00f3n robusta<\/strong>.<\/li>\n<li><strong>Sistema de refrigeraci\u00f3n eficiente<\/strong> para una mayor vida \u00fatil.<\/li>\n<li>Con el apoyo de <strong>garant\u00eda completa y servicio de atenci\u00f3n al cliente<\/strong>.<\/li>\n<\/ul>\n<p>Para las empresas que buscan lo mejor en <strong>tecnolog\u00eda de corte por l\u00e1ser de fibra<\/strong>esta m\u00e1quina ofrece <strong>precisi\u00f3n<\/strong>, <strong>fiabilidad<\/strong>y <strong>rendimiento duradero<\/strong>. Mejore hoy mismo su capacidad de producci\u00f3n con nuestra avanzada soluci\u00f3n de corte por l\u00e1ser de fibra.<\/p>\n<table style=\"border-collapse: collapse; width: 944px; height: 1909px;\" border=\"0\" width=\"216\" cellspacing=\"0\" cellpadding=\"0\">\n<tbody>\n<tr style=\"height: 13.50pt;\">\n<td style=\"height: 13.50pt; width: 54.00pt;\" width=\"72\" height=\"18\">Categor\u00eda<\/td>\n<td style=\"width: 54.00pt;\" width=\"72\">Especificaci\u00f3n Art\u00edculo<\/td>\n<td style=\"width: 54.00pt;\" width=\"72\">Detalles<\/td>\n<\/tr>\n<tr style=\"height: 13.50pt;\">\n<td style=\"height: 13.50pt;\" height=\"18\">Atributos espec\u00edficos del sector<\/td>\n<td>Material aplicable<\/td>\n<td>Metal<\/td>\n<\/tr>\n<tr style=\"height: 13.50pt;\">\n<td style=\"height: 13.50pt;\" height=\"18\">Atributos espec\u00edficos del sector<\/td>\n<td>Tipo l\u00e1ser<\/td>\n<td>L\u00e1ser de fibra \u00f3ptica<\/td>\n<\/tr>\n<tr style=\"height: 13.50pt;\">\n<td style=\"height: 13.50pt;\" height=\"18\">Otros atributos<\/td>\n<td>Condici\u00f3n<\/td>\n<td>Nuevo<\/td>\n<\/tr>\n<tr style=\"height: 13.50pt;\">\n<td style=\"height: 13.50pt;\" height=\"18\">Otros atributos<\/td>\n<td>Espesor de corte<\/td>\n<td>Personalizado, 0-20MM<\/td>\n<\/tr>\n<tr style=\"height: 13.50pt;\">\n<td style=\"height: 13.50pt;\" height=\"18\">Otros atributos<\/td>\n<td>Lugar de origen<\/td>\n<td>Jiangsu, China<\/td>\n<\/tr>\n<tr style=\"height: 13.50pt;\">\n<td style=\"height: 13.50pt;\" height=\"18\">Otros atributos<\/td>\n<td>Peso (kg)<\/td>\n<td>3500 kg<\/td>\n<\/tr>\n<tr style=\"height: 13.50pt;\">\n<td style=\"height: 13.50pt;\" height=\"18\">Otros atributos<\/td>\n<td>Puntos clave de venta<\/td>\n<td>Alta precisi\u00f3n<\/td>\n<\/tr>\n<tr style=\"height: 13.50pt;\">\n<td style=\"height: 13.50pt;\" height=\"18\">Otros atributos<\/td>\n<td>Garant\u00eda<\/td>\n<td>3 a\u00f1os<\/td>\n<\/tr>\n<tr style=\"height: 13.50pt;\">\n<td style=\"height: 13.50pt;\" height=\"18\">Otros atributos<\/td>\n<td>Modo de funcionamiento<\/td>\n<td>Onda continua<\/td>\n<\/tr>\n<tr style=\"height: 13.50pt;\">\n<td style=\"height: 13.50pt;\" height=\"18\">Otros atributos<\/td>\n<td>Configuraci\u00f3n<\/td>\n<td>3 ejes<\/td>\n<\/tr>\n<tr style=\"height: 13.50pt;\">\n<td style=\"height: 13.50pt;\" height=\"18\">Otros atributos<\/td>\n<td>Productos manipulados<\/td>\n<td>Chapa met\u00e1lica<\/td>\n<\/tr>\n<tr style=\"height: 13.50pt;\">\n<td style=\"height: 13.50pt;\" height=\"18\">Otros atributos<\/td>\n<td>Caracter\u00edstica<\/td>\n<td>Carga automatizada<\/td>\n<\/tr>\n<tr style=\"height: 13.50pt;\">\n<td style=\"height: 13.50pt;\" height=\"18\">Otros atributos<\/td>\n<td>Formato gr\u00e1fico compatible<\/td>\n<td>AI, PLT, DXF, BMP, Dst, Dwg, LAS, DXP<\/td>\n<\/tr>\n<tr style=\"height: 13.50pt;\">\n<td style=\"height: 13.50pt;\" height=\"18\">Otros atributos<\/td>\n<td>CNC o no<\/td>\n<td>S\u00ed<\/td>\n<\/tr>\n<tr style=\"height: 13.50pt;\">\n<td style=\"height: 13.50pt;\" height=\"18\">Otros atributos<\/td>\n<td>Modo refrigeraci\u00f3n<\/td>\n<td>Refrigeraci\u00f3n por aire<\/td>\n<\/tr>\n<tr style=\"height: 13.50pt;\">\n<td style=\"height: 13.50pt;\" height=\"18\">Otros atributos<\/td>\n<td>Marca<\/td>\n<td>L\u00c1SER LH<\/td>\n<\/tr>\n<tr style=\"height: 13.50pt;\">\n<td style=\"height: 13.50pt;\" height=\"18\">Otros atributos<\/td>\n<td>Marca del cabezal l\u00e1ser<\/td>\n<td>Raytools<\/td>\n<\/tr>\n<tr style=\"height: 13.50pt;\">\n<td style=\"height: 13.50pt;\" height=\"18\">Otros atributos<\/td>\n<td>Marca del servomotor<\/td>\n<td>Inovance<\/td>\n<\/tr>\n<tr style=\"height: 13.50pt;\">\n<td style=\"height: 13.50pt;\" height=\"18\">Otros atributos<\/td>\n<td>Marca Guiderail<\/td>\n<td>PMI<\/td>\n<\/tr>\n<tr style=\"height: 13.50pt;\">\n<td style=\"height: 13.50pt;\" height=\"18\">Otros atributos<\/td>\n<td>Marca del sistema de control<\/td>\n<td>Cypcut<\/td>\n<\/tr>\n<\/tbody>\n<\/table>\n<div data-spm-anchor-id=\"a2700.details.0.i71.472c2e0bjpufyy\">\n<h3><strong>Caracter\u00edsticas de la m\u00e1quina<\/strong><\/h3>\n<ol>\n<li><strong>Dise\u00f1o mec\u00e1nico de alta calidad<\/strong><br \/>\nLa m\u00e1quina est\u00e1 fabricada con componentes mec\u00e1nicos de alta calidad y un dise\u00f1o bien pensado, lo que se traduce en una mayor <strong>precisi\u00f3n de corte<\/strong>m\u00e1s fuerte <strong>capacidad de procesamiento<\/strong>y un <strong>mayor variedad de aplicaciones<\/strong>. Garantiza un rendimiento \u00f3ptimo en diferentes sectores.<\/li>\n<li><strong>Sistema CNC inteligente<\/strong><br \/>\nEquipado con un <strong>sistema CNC especializado<\/strong> adaptada para m\u00e1quinas de corte por l\u00e1ser de fibra, ofrece <strong>detecci\u00f3n autom\u00e1tica de bordes<\/strong>, <strong>dise\u00f1o autom\u00e1tico<\/strong>, <strong>enfoque autom\u00e1tico<\/strong>y <strong>corte autom\u00e1tico<\/strong>. Este sistema mejora la comodidad, acelera el proceso y aumenta la eficacia general. <strong>eficacia de procesamiento<\/strong>.<\/li>\n<li><strong>Servomotores de alta precisi\u00f3n<\/strong><br \/>\nLa m\u00e1quina utiliza <strong>servomotores de alta precisi\u00f3n<\/strong> que proporcionan <strong>estable<\/strong>, <strong>duradero<\/strong>y <strong>rendimiento de alta velocidad<\/strong>. Estos motores garantizan que la m\u00e1quina funcione con <strong>alta velocidad<\/strong> y <strong>aceleraci\u00f3n<\/strong>optimizando el proceso de corte de diversos materiales.<\/li>\n<li><strong>Sistema inteligente de alarma y protecci\u00f3n contra la presi\u00f3n<\/strong><br \/>\nLa cortadora viene equipada con un <strong>sistema de alarma inteligente<\/strong> y <strong>dispositivo de protecci\u00f3n contra la presi\u00f3n<\/strong>. Estas caracter\u00edsticas garantizan el suministro puntual de gas y mejoran la <strong>eficiencia en la resoluci\u00f3n de problemas<\/strong> de cualquier aver\u00eda, garantizando un funcionamiento fluido y eficaz en todo momento.<\/li>\n<\/ol>\n<\/div>","protected":false},"excerpt":{"rendered":"<p><strong>Precisi\u00f3n de corte excepcional<\/strong> En <strong>M\u00e1quina de corte por l\u00e1ser de fibra de 3000 W<\/strong> est\u00e1 dise\u00f1ado para el corte de alta precisi\u00f3n con <strong>precisi\u00f3n de posici\u00f3n de 0,03 mm<\/strong> y <strong>precisi\u00f3n de reposicionamiento de 0,02 mm<\/strong>. Tanto si trabaja con chapas finas como gruesas, esta m\u00e1quina garantiza cortes precisos, por lo que es ideal para una gran variedad de aplicaciones, como la industria del autom\u00f3vil, aeroespacial y electr\u00f3nica.<\/p>","protected":false},"featured_media":4417,"comment_status":"open","ping_status":"closed","template":"","meta":{"_uag_custom_page_level_css":"","site-sidebar-layout":"default","site-content-layout":"","ast-site-content-layout":"default","site-content-style":"default","site-sidebar-style":"default","ast-global-header-display":"","ast-banner-title-visibility":"","ast-main-header-display":"","ast-hfb-above-header-display":"","ast-hfb-below-header-display":"","ast-hfb-mobile-header-display":"","site-post-title":"","ast-breadcrumbs-content":"","ast-featured-img":"","footer-sml-layout":"","theme-transparent-header-meta":"default","adv-header-id-meta":"","stick-header-meta":"","header-above-stick-meta":"","header-main-stick-meta":"","header-below-stick-meta":"","astra-migrate-meta-layouts":"set","ast-page-background-enabled":"default","ast-page-background-meta":{"desktop":{"background-color":"var(--ast-global-color-4)","background-image":"","background-repeat":"repeat","background-position":"center center","background-size":"auto","background-attachment":"scroll","background-type":"","background-media":"","overlay-type":"","overlay-color":"","overlay-opacity":"","overlay-gradient":""},"tablet":{"background-color":"","background-image":"","background-repeat":"repeat","background-position":"center center","background-size":"auto","background-attachment":"scroll","background-type":"","background-media":"","overlay-type":"","overlay-color":"","overlay-opacity":"","overlay-gradient":""},"mobile":{"background-color":"","background-image":"","background-repeat":"repeat","background-position":"center center","background-size":"auto","background-attachment":"scroll","background-type":"","background-media":"","overlay-type":"","overlay-color":"","overlay-opacity":"","overlay-gradient":""}},"ast-content-background-meta":{"desktop":{"background-color":"var(--ast-global-color-5)","background-image":"","background-repeat":"repeat","background-position":"center center","background-size":"auto","background-attachment":"scroll","background-type":"","background-media":"","overlay-type":"","overlay-color":"","overlay-opacity":"","overlay-gradient":""},"tablet":{"background-color":"var(--ast-global-color-5)","background-image":"","background-repeat":"repeat","background-position":"center center","background-size":"auto","background-attachment":"scroll","background-type":"","background-media":"","overlay-type":"","overlay-color":"","overlay-opacity":"","overlay-gradient":""},"mobile":{"background-color":"var(--ast-global-color-5)","background-image":"","background-repeat":"repeat","background-position":"center center","background-size":"auto","background-attachment":"scroll","background-type":"","background-media":"","overlay-type":"","overlay-color":"","overlay-opacity":"","overlay-gradient":""}}},"product_brand":[],"product_cat":[34],"product_tag":[],"class_list":{"0":"post-4427","1":"product","2":"type-product","3":"status-publish","4":"has-post-thumbnail","6":"product_cat-single-platform-laser-cutting-machine","7":"desktop-align-left","8":"tablet-align-left","9":"mobile-align-left","11":"first","12":"instock","13":"shipping-taxable","14":"product-type-simple"},"yoast_head":"<!-- This site is optimized with the Yoast SEO plugin v24.4 - https:\/\/yoast.com\/wordpress\/plugins\/seo\/ -->\n<title>3000W Fiber Laser Cutting Machine for Metal Sheet \u2013 Top Manufacturers in China - Leading han<\/title>\n<meta name=\"robots\" content=\"index, follow, max-snippet:-1, max-image-preview:large, max-video-preview:-1\" \/>\n<link rel=\"canonical\" href=\"https:\/\/www.leadhan.com\/es\/producto\/3000w-maquina-de-corte-por-laser-de-fibra-para-los-fabricantes-de-chapa-superior-en-china\/\" \/>\n<meta property=\"og:locale\" content=\"es_ES\" \/>\n<meta property=\"og:type\" content=\"article\" \/>\n<meta property=\"og:title\" content=\"3000W Fiber Laser Cutting Machine for Metal Sheet \u2013 Top Manufacturers in China - Leading han\" \/>\n<meta property=\"og:description\" content=\"Exceptional Cutting Accuracy The 3000W fiber laser cutting machine is designed for high-precision cutting with position accuracy of 0.03mm and reposition accuracy of 0.02mm. Whether you&#039;re working with thin or thick metal sheets, this machine ensures precise cuts, making it ideal for a variety of applications, including automotive, aerospace, and electronics industries.\" \/>\n<meta property=\"og:url\" content=\"https:\/\/www.leadhan.com\/es\/producto\/3000w-maquina-de-corte-por-laser-de-fibra-para-los-fabricantes-de-chapa-superior-en-china\/\" \/>\n<meta property=\"og:site_name\" content=\"Leading han\" \/>\n<meta property=\"article:modified_time\" content=\"2025-06-05T19:52:00+00:00\" \/>\n<meta property=\"og:image\" content=\"https:\/\/www.leadhan.com\/wp-content\/uploads\/2025\/02\/6E4C0C92-CEF6-4fea-81D6-9AA316923831-1.png\" \/>\n\t<meta property=\"og:image:width\" content=\"720\" \/>\n\t<meta property=\"og:image:height\" content=\"720\" \/>\n\t<meta property=\"og:image:type\" content=\"image\/png\" \/>\n<meta name=\"twitter:card\" content=\"summary_large_image\" \/>\n<meta name=\"twitter:label1\" content=\"Tiempo de lectura\" \/>\n\t<meta name=\"twitter:data1\" content=\"3 minutos\" \/>\n<script type=\"application\/ld+json\" class=\"yoast-schema-graph\">{\"@context\":\"https:\/\/schema.org\",\"@graph\":[{\"@type\":\"WebPage\",\"@id\":\"https:\/\/www.leadhan.com\/product\/3000w-fiber-laser-cutting-machine-for-metal-sheet-top-manufacturers-in-china\/\",\"url\":\"https:\/\/www.leadhan.com\/product\/3000w-fiber-laser-cutting-machine-for-metal-sheet-top-manufacturers-in-china\/\",\"name\":\"3000W Fiber Laser Cutting Machine for Metal Sheet \u2013 Top Manufacturers in China - Leading han\",\"isPartOf\":{\"@id\":\"https:\/\/www.leadhan.com\/af\/#website\"},\"primaryImageOfPage\":{\"@id\":\"https:\/\/www.leadhan.com\/product\/3000w-fiber-laser-cutting-machine-for-metal-sheet-top-manufacturers-in-china\/#primaryimage\"},\"image\":{\"@id\":\"https:\/\/www.leadhan.com\/product\/3000w-fiber-laser-cutting-machine-for-metal-sheet-top-manufacturers-in-china\/#primaryimage\"},\"thumbnailUrl\":\"https:\/\/www.leadhan.com\/wp-content\/uploads\/2025\/02\/6E4C0C92-CEF6-4fea-81D6-9AA316923831-1.png\",\"datePublished\":\"2025-02-10T01:36:12+00:00\",\"dateModified\":\"2025-06-05T19:52:00+00:00\",\"breadcrumb\":{\"@id\":\"https:\/\/www.leadhan.com\/product\/3000w-fiber-laser-cutting-machine-for-metal-sheet-top-manufacturers-in-china\/#breadcrumb\"},\"inLanguage\":\"es\",\"potentialAction\":[{\"@type\":\"ReadAction\",\"target\":[\"https:\/\/www.leadhan.com\/product\/3000w-fiber-laser-cutting-machine-for-metal-sheet-top-manufacturers-in-china\/\"]}]},{\"@type\":\"ImageObject\",\"inLanguage\":\"es\",\"@id\":\"https:\/\/www.leadhan.com\/product\/3000w-fiber-laser-cutting-machine-for-metal-sheet-top-manufacturers-in-china\/#primaryimage\",\"url\":\"https:\/\/www.leadhan.com\/wp-content\/uploads\/2025\/02\/6E4C0C92-CEF6-4fea-81D6-9AA316923831-1.png\",\"contentUrl\":\"https:\/\/www.leadhan.com\/wp-content\/uploads\/2025\/02\/6E4C0C92-CEF6-4fea-81D6-9AA316923831-1.png\",\"width\":720,\"height\":720,\"caption\":\"fiber laser welding machine\"},{\"@type\":\"BreadcrumbList\",\"@id\":\"https:\/\/www.leadhan.com\/product\/3000w-fiber-laser-cutting-machine-for-metal-sheet-top-manufacturers-in-china\/#breadcrumb\",\"itemListElement\":[{\"@type\":\"ListItem\",\"position\":1,\"name\":\"Home\",\"item\":\"https:\/\/www.leadhan.com\/\"},{\"@type\":\"ListItem\",\"position\":2,\"name\":\"laser cutting machine\",\"item\":\"https:\/\/www.leadhan.com\/shop\/\"},{\"@type\":\"ListItem\",\"position\":3,\"name\":\"3000W Fiber Laser Cutting Machine for Metal Sheet \u2013 Top Manufacturers in China\"}]},{\"@type\":\"WebSite\",\"@id\":\"https:\/\/www.leadhan.com\/af\/#website\",\"url\":\"https:\/\/www.leadhan.com\/af\/\",\"name\":\"Leading han\",\"description\":\"\",\"publisher\":{\"@id\":\"https:\/\/www.leadhan.com\/af\/#organization\"},\"potentialAction\":[{\"@type\":\"SearchAction\",\"target\":{\"@type\":\"EntryPoint\",\"urlTemplate\":\"https:\/\/www.leadhan.com\/af\/?s={search_term_string}\"},\"query-input\":{\"@type\":\"PropertyValueSpecification\",\"valueRequired\":true,\"valueName\":\"search_term_string\"}}],\"inLanguage\":\"es\"},{\"@type\":\"Organization\",\"@id\":\"https:\/\/www.leadhan.com\/af\/#organization\",\"name\":\"Leading han\",\"url\":\"https:\/\/www.leadhan.com\/af\/\",\"logo\":{\"@type\":\"ImageObject\",\"inLanguage\":\"es\",\"@id\":\"https:\/\/www.leadhan.com\/af\/#\/schema\/logo\/image\/\",\"url\":\"https:\/\/www.leadhan.com\/wp-content\/uploads\/2024\/08\/965.png\",\"contentUrl\":\"https:\/\/www.leadhan.com\/wp-content\/uploads\/2024\/08\/965.png\",\"width\":239,\"height\":300,\"caption\":\"Leading han\"},\"image\":{\"@id\":\"https:\/\/www.leadhan.com\/af\/#\/schema\/logo\/image\/\"}}]}<\/script>\n<!-- \/ Yoast SEO plugin. -->","yoast_head_json":{"title":"3000W Fiber Laser Cutting Machine for Metal Sheet \u2013 Top Manufacturers in China - Leading han","robots":{"index":"index","follow":"follow","max-snippet":"max-snippet:-1","max-image-preview":"max-image-preview:large","max-video-preview":"max-video-preview:-1"},"canonical":"https:\/\/www.leadhan.com\/es\/producto\/3000w-maquina-de-corte-por-laser-de-fibra-para-los-fabricantes-de-chapa-superior-en-china\/","og_locale":"es_ES","og_type":"article","og_title":"3000W Fiber Laser Cutting Machine for Metal Sheet \u2013 Top Manufacturers in China - Leading han","og_description":"Exceptional Cutting Accuracy The 3000W fiber laser cutting machine is designed for high-precision cutting with position accuracy of 0.03mm and reposition accuracy of 0.02mm. Whether you're working with thin or thick metal sheets, this machine ensures precise cuts, making it ideal for a variety of applications, including automotive, aerospace, and electronics industries.","og_url":"https:\/\/www.leadhan.com\/es\/producto\/3000w-maquina-de-corte-por-laser-de-fibra-para-los-fabricantes-de-chapa-superior-en-china\/","og_site_name":"Leading han","article_modified_time":"2025-06-05T19:52:00+00:00","og_image":[{"width":720,"height":720,"url":"https:\/\/www.leadhan.com\/wp-content\/uploads\/2025\/02\/6E4C0C92-CEF6-4fea-81D6-9AA316923831-1.png","type":"image\/png"}],"twitter_card":"summary_large_image","twitter_misc":{"Tiempo de lectura":"3 minutos"},"schema":{"@context":"https:\/\/schema.org","@graph":[{"@type":"WebPage","@id":"https:\/\/www.leadhan.com\/product\/3000w-fiber-laser-cutting-machine-for-metal-sheet-top-manufacturers-in-china\/","url":"https:\/\/www.leadhan.com\/product\/3000w-fiber-laser-cutting-machine-for-metal-sheet-top-manufacturers-in-china\/","name":"3000W Fiber Laser Cutting Machine for Metal Sheet \u2013 Top Manufacturers in China - Leading han","isPartOf":{"@id":"https:\/\/www.leadhan.com\/af\/#website"},"primaryImageOfPage":{"@id":"https:\/\/www.leadhan.com\/product\/3000w-fiber-laser-cutting-machine-for-metal-sheet-top-manufacturers-in-china\/#primaryimage"},"image":{"@id":"https:\/\/www.leadhan.com\/product\/3000w-fiber-laser-cutting-machine-for-metal-sheet-top-manufacturers-in-china\/#primaryimage"},"thumbnailUrl":"https:\/\/www.leadhan.com\/wp-content\/uploads\/2025\/02\/6E4C0C92-CEF6-4fea-81D6-9AA316923831-1.png","datePublished":"2025-02-10T01:36:12+00:00","dateModified":"2025-06-05T19:52:00+00:00","breadcrumb":{"@id":"https:\/\/www.leadhan.com\/product\/3000w-fiber-laser-cutting-machine-for-metal-sheet-top-manufacturers-in-china\/#breadcrumb"},"inLanguage":"es","potentialAction":[{"@type":"ReadAction","target":["https:\/\/www.leadhan.com\/product\/3000w-fiber-laser-cutting-machine-for-metal-sheet-top-manufacturers-in-china\/"]}]},{"@type":"ImageObject","inLanguage":"es","@id":"https:\/\/www.leadhan.com\/product\/3000w-fiber-laser-cutting-machine-for-metal-sheet-top-manufacturers-in-china\/#primaryimage","url":"https:\/\/www.leadhan.com\/wp-content\/uploads\/2025\/02\/6E4C0C92-CEF6-4fea-81D6-9AA316923831-1.png","contentUrl":"https:\/\/www.leadhan.com\/wp-content\/uploads\/2025\/02\/6E4C0C92-CEF6-4fea-81D6-9AA316923831-1.png","width":720,"height":720,"caption":"fiber laser welding machine"},{"@type":"BreadcrumbList","@id":"https:\/\/www.leadhan.com\/product\/3000w-fiber-laser-cutting-machine-for-metal-sheet-top-manufacturers-in-china\/#breadcrumb","itemListElement":[{"@type":"ListItem","position":1,"name":"Home","item":"https:\/\/www.leadhan.com\/"},{"@type":"ListItem","position":2,"name":"laser cutting machine","item":"https:\/\/www.leadhan.com\/shop\/"},{"@type":"ListItem","position":3,"name":"3000W Fiber Laser Cutting Machine for Metal Sheet \u2013 Top Manufacturers in China"}]},{"@type":"WebSite","@id":"https:\/\/www.leadhan.com\/af\/#website","url":"https:\/\/www.leadhan.com\/af\/","name":"Leading han","description":"","publisher":{"@id":"https:\/\/www.leadhan.com\/af\/#organization"},"potentialAction":[{"@type":"SearchAction","target":{"@type":"EntryPoint","urlTemplate":"https:\/\/www.leadhan.com\/af\/?s={search_term_string}"},"query-input":{"@type":"PropertyValueSpecification","valueRequired":true,"valueName":"search_term_string"}}],"inLanguage":"es"},{"@type":"Organization","@id":"https:\/\/www.leadhan.com\/af\/#organization","name":"Leading han","url":"https:\/\/www.leadhan.com\/af\/","logo":{"@type":"ImageObject","inLanguage":"es","@id":"https:\/\/www.leadhan.com\/af\/#\/schema\/logo\/image\/","url":"https:\/\/www.leadhan.com\/wp-content\/uploads\/2024\/08\/965.png","contentUrl":"https:\/\/www.leadhan.com\/wp-content\/uploads\/2024\/08\/965.png","width":239,"height":300,"caption":"Leading han"},"image":{"@id":"https:\/\/www.leadhan.com\/af\/#\/schema\/logo\/image\/"}}]}},"uagb_featured_image_src":{"full":["https:\/\/www.leadhan.com\/wp-content\/uploads\/2025\/02\/6E4C0C92-CEF6-4fea-81D6-9AA316923831-1.png",720,720,false],"thumbnail":["https:\/\/www.leadhan.com\/wp-content\/uploads\/2025\/02\/6E4C0C92-CEF6-4fea-81D6-9AA316923831-1-150x150.png",150,150,true],"medium":["https:\/\/www.leadhan.com\/wp-content\/uploads\/2025\/02\/6E4C0C92-CEF6-4fea-81D6-9AA316923831-1-300x300.png",300,300,true],"medium_large":["https:\/\/www.leadhan.com\/wp-content\/uploads\/2025\/02\/6E4C0C92-CEF6-4fea-81D6-9AA316923831-1.png",720,720,false],"large":["https:\/\/www.leadhan.com\/wp-content\/uploads\/2025\/02\/6E4C0C92-CEF6-4fea-81D6-9AA316923831-1.png",720,720,false],"1536x1536":["https:\/\/www.leadhan.com\/wp-content\/uploads\/2025\/02\/6E4C0C92-CEF6-4fea-81D6-9AA316923831-1.png",720,720,false],"2048x2048":["https:\/\/www.leadhan.com\/wp-content\/uploads\/2025\/02\/6E4C0C92-CEF6-4fea-81D6-9AA316923831-1.png",720,720,false],"trp-custom-language-flag":["https:\/\/www.leadhan.com\/wp-content\/uploads\/2025\/02\/6E4C0C92-CEF6-4fea-81D6-9AA316923831-1-12x12.png",12,12,true],"woocommerce_thumbnail":["https:\/\/www.leadhan.com\/wp-content\/uploads\/2025\/02\/6E4C0C92-CEF6-4fea-81D6-9AA316923831-1-300x300.png",300,300,true],"woocommerce_single":["https:\/\/www.leadhan.com\/wp-content\/uploads\/2025\/02\/6E4C0C92-CEF6-4fea-81D6-9AA316923831-1-600x600.png",600,600,true],"woocommerce_gallery_thumbnail":["https:\/\/www.leadhan.com\/wp-content\/uploads\/2025\/02\/6E4C0C92-CEF6-4fea-81D6-9AA316923831-1-100x100.png",100,100,true]},"uagb_author_info":{"display_name":"user","author_link":"https:\/\/www.leadhan.com\/es\/author\/"},"uagb_comment_info":16,"uagb_excerpt":"Exceptional Cutting Accuracy The 3000W fiber laser cutting machine is designed for high-precision cutting with position accuracy of 0.03mm and reposition accuracy of 0.02mm. Whether you're working with thin or thick metal sheets, this machine ensures precise cuts, making it ideal for a variety of applications, including automotive, aerospace, and electronics industries.","_links":{"self":[{"href":"https:\/\/www.leadhan.com\/es\/wp-json\/wp\/v2\/product\/4427","targetHints":{"allow":["GET"]}}],"collection":[{"href":"https:\/\/www.leadhan.com\/es\/wp-json\/wp\/v2\/product"}],"about":[{"href":"https:\/\/www.leadhan.com\/es\/wp-json\/wp\/v2\/types\/product"}],"replies":[{"embeddable":true,"href":"https:\/\/www.leadhan.com\/es\/wp-json\/wp\/v2\/comments?post=4427"}],"wp:featuredmedia":[{"embeddable":true,"href":"https:\/\/www.leadhan.com\/es\/wp-json\/wp\/v2\/media\/4417"}],"wp:attachment":[{"href":"https:\/\/www.leadhan.com\/es\/wp-json\/wp\/v2\/media?parent=4427"}],"wp:term":[{"taxonomy":"product_brand","embeddable":true,"href":"https:\/\/www.leadhan.com\/es\/wp-json\/wp\/v2\/product_brand?post=4427"},{"taxonomy":"product_cat","embeddable":true,"href":"https:\/\/www.leadhan.com\/es\/wp-json\/wp\/v2\/product_cat?post=4427"},{"taxonomy":"product_tag","embeddable":true,"href":"https:\/\/www.leadhan.com\/es\/wp-json\/wp\/v2\/product_tag?post=4427"}],"curies":[{"name":"wp","href":"https:\/\/api.w.org\/{rel}","templated":true}]}}