{"id":4407,"date":"2025-02-08T14:29:35","date_gmt":"2025-02-08T06:29:35","guid":{"rendered":"https:\/\/www.leadhan.com\/?post_type=product&#038;p=4407"},"modified":"2025-06-07T09:56:10","modified_gmt":"2025-06-07T16:56:10","slug":"3000w-6000w-fiber-laser-cutting-machines-for-steel-alloy-aluminum","status":"publish","type":"product","link":"https:\/\/www.leadhan.com\/fr_fr\/produit\/machine-de-decoupe-laser-a-fibre-3000w-6000w-pour-lacier-lalliage-et-laluminium\/","title":{"rendered":"Machines de d\u00e9coupe laser \u00e0 fibre 3000W\/6000W pour l'acier, l'alliage et l'aluminium"},"content":{"rendered":"<p><strong>Machine de d\u00e9coupe laser de haute pr\u00e9cision pour les t\u00f4les (acier, alliage, aluminium) - 1500W \u00e0 6000W<\/strong><\/p>\n<p>Le pr\u00e9sent <strong>Machine de d\u00e9coupe laser \u00e0 fibre LH 3000x1500mm<\/strong> est con\u00e7u pour <strong>d\u00e9coupe laser de haute pr\u00e9cision<\/strong> de divers m\u00e9taux, y compris <strong>acier<\/strong>, <strong>alliage<\/strong>et <strong>t\u00f4les d'aluminium<\/strong>. Il offre <strong>pr\u00e9cision de position de 0,03 mm<\/strong> et <strong>pr\u00e9cision de repositionnement de 0,02 mm<\/strong>Cette machine garantit des coupes pr\u00e9cises pour toute une s\u00e9rie d'applications industrielles. Parfaite pour les coupes \u00e0 grande vitesse et les travaux de pr\u00e9cision, cette machine convient pour <strong>transformation de la t\u00f4le<\/strong>, <strong>fabrication m\u00e9tallique<\/strong>et d'autres <strong>industries de d\u00e9coupe au laser<\/strong>.<\/p>\n<h3>Principales sp\u00e9cifications :<\/h3>\n<ul>\n<li><strong>Puissance du laser<\/strong>: Personnalisable entre <strong>1500W et 6000W<\/strong>Le syst\u00e8me d'alimentation en eau est adapt\u00e9 aux diff\u00e9rentes exigences de coupe, de l'eau de pluie \u00e0 l'eau de mer. <strong>coupe \u00e0 grande vitesse<\/strong> \u00e0 des motifs complexes.<\/li>\n<li><strong>Zone de coupe<\/strong>: <strong>3000mm x 1500mm<\/strong>Id\u00e9al pour la d\u00e9coupe de t\u00f4les de grand format.<\/li>\n<li><strong>Pr\u00e9cision de coupe<\/strong>: <strong>Pr\u00e9cision de la position : 0,03 mm<\/strong>, <strong>Pr\u00e9cision de repositionnement : 0,02 mm<\/strong>La coupe est nette et tranchante.<\/li>\n<li><strong>Compatibilit\u00e9 des mat\u00e9riaux<\/strong>: Fonctionne avec <strong>acier<\/strong>, <strong>acier alli\u00e9<\/strong>, <strong>aluminium<\/strong>et d'autres m\u00e9taux couramment utilis\u00e9s dans l'industrie manufacturi\u00e8re et la fabrication.<\/li>\n<li><strong>Poids de la machine<\/strong>: <strong>3500 kg<\/strong>Le syst\u00e8me de contr\u00f4le de la qualit\u00e9 de l'eau de mer est con\u00e7u de mani\u00e8re \u00e0 garantir la durabilit\u00e9 et la stabilit\u00e9 de l'appareil pendant son fonctionnement.<\/li>\n<\/ul>\n<h3>Caract\u00e9ristiques suppl\u00e9mentaires :<\/h3>\n<ul>\n<li><strong>Syst\u00e8me de chargement automatis\u00e9<\/strong>: R\u00e9duit le travail manuel et rationalise le processus de coupe pour une efficacit\u00e9 accrue.<\/li>\n<li><strong>Refroidissement et lubrification<\/strong>: Lubrification enti\u00e8rement automatique et mode de refroidissement par air pour une dissipation efficace de la chaleur et une plus longue dur\u00e9e de vie de la machine.<\/li>\n<li><strong>Compatibilit\u00e9 des fichiers multiformats<\/strong>: Supports <strong>CAD<\/strong>, <strong>DXF<\/strong>, <strong>AI<\/strong>, <strong>PLT<\/strong>, <strong>BMP<\/strong>, <strong>DST<\/strong>, <strong>DWG<\/strong>, <strong>LAS<\/strong>et <strong>DXF<\/strong> pour une importation et un traitement transparents des fichiers.<\/li>\n<li><strong>Garantie<\/strong>: Soutenu par un <strong>Garantie de 3 ans<\/strong> sur les composants essentiels et sur la machine elle-m\u00eame, ce qui garantit une fiabilit\u00e9 et des performances \u00e0 long terme.<\/li>\n<\/ul>\n<h3>Applications :<\/h3>\n<p>Ce produit polyvalent <strong>machine de d\u00e9coupe laser \u00e0 fibre<\/strong> est largement utilis\u00e9 dans <strong>m\u00e9tallurgie<\/strong>, <strong>Fabrication automobile<\/strong>, <strong>a\u00e9rospatiale<\/strong>, <strong>production d'appareils \u00e9lectriques<\/strong>et <strong>ateliers de fabrication de produits m\u00e9talliques<\/strong>. Qu'il s'agisse de couper des t\u00f4les fines ou des formes \u00e9paisses et complexes, cette machine offre une combinaison parfaite de vitesse, de pr\u00e9cision et d'adaptabilit\u00e9.<\/p>\n<p>Voici une version structur\u00e9e et organis\u00e9e de votre cahier des charges pour la machine de d\u00e9coupe des m\u00e9taux par laser \u00e0 fibre :<\/p>\n<table style=\"height: 1718px;\" width=\"1166\">\n<thead>\n<tr>\n<th><strong>Attribut<\/strong><\/th>\n<th><strong>Sp\u00e9cifications<\/strong><\/th>\n<\/tr>\n<\/thead>\n<tbody>\n<tr>\n<td><strong>Attributs sp\u00e9cifiques \u00e0 l'industrie<\/strong><\/td>\n<td><\/td>\n<\/tr>\n<tr>\n<td>Mat\u00e9riau applicable<\/td>\n<td>M\u00e9tal<\/td>\n<\/tr>\n<tr>\n<td>Type de laser<\/td>\n<td>Laser \u00e0 fibre<\/td>\n<\/tr>\n<tr>\n<td><strong>Autres caract\u00e9ristiques<\/strong><\/td>\n<td><\/td>\n<\/tr>\n<tr>\n<td>Condition<\/td>\n<td>Nouveau<\/td>\n<\/tr>\n<tr>\n<td>\u00c9paisseur de coupe<\/td>\n<td>Sur mesure, 0-20MM<\/td>\n<\/tr>\n<tr>\n<td>Lieu d'origine<\/td>\n<td>Jiangsu, Chine<\/td>\n<\/tr>\n<tr>\n<td>Poids (kg)<\/td>\n<td>3500<\/td>\n<\/tr>\n<tr>\n<td>Principaux arguments de vente<\/td>\n<td>Haute pr\u00e9cision<\/td>\n<\/tr>\n<tr>\n<td>Garantie<\/td>\n<td>3 ans<\/td>\n<\/tr>\n<tr>\n<td>Mode de fonctionnement<\/td>\n<td>Onde continue<\/td>\n<\/tr>\n<tr>\n<td>Configuration<\/td>\n<td>3 axes<\/td>\n<\/tr>\n<tr>\n<td>Produits trait\u00e9s<\/td>\n<td>T\u00f4le<\/td>\n<\/tr>\n<tr>\n<td>Fonctionnalit\u00e9<\/td>\n<td>Chargement automatis\u00e9<\/td>\n<\/tr>\n<tr>\n<td>Format graphique pris en charge<\/td>\n<td>AI, PLT, DXF, BMP, Dst, Dwg, LAS, DXP<\/td>\n<\/tr>\n<tr>\n<td>CNC ou pas<\/td>\n<td>Oui<\/td>\n<\/tr>\n<tr>\n<td>Mode de refroidissement<\/td>\n<td>Refroidissement de l'air<\/td>\n<\/tr>\n<tr>\n<td>Nom de la marque<\/td>\n<td>LH LASER<\/td>\n<\/tr>\n<tr>\n<td>Marque de la t\u00eate laser<\/td>\n<td>Raytools<\/td>\n<\/tr>\n<tr>\n<td>Marque du servomoteur<\/td>\n<td>Inovance<\/td>\n<\/tr>\n<tr>\n<td>Marque Guiderail<\/td>\n<td>PMI<\/td>\n<\/tr>\n<tr>\n<td>Marque du syst\u00e8me de contr\u00f4le<\/td>\n<td>Cypcut<\/td>\n<\/tr>\n<tr>\n<td>Marque de la lentille optique<\/td>\n<td>Puissant<\/td>\n<\/tr>\n<tr>\n<td><strong>Type de laser<\/strong><\/td>\n<td>G\u00e9n\u00e9rateur de laser \u00e0 fibre<\/td>\n<\/tr>\n<tr>\n<td>Puissance du laser<\/td>\n<td>1500W - 6000W<\/td>\n<\/tr>\n<tr>\n<td>Syst\u00e8me de transmission<\/td>\n<td>Structure de portique \u00e0 double entra\u00eenement<\/td>\n<\/tr>\n<tr>\n<td>Syst\u00e8me de lubrification<\/td>\n<td>Enti\u00e8rement automatique<\/td>\n<\/tr>\n<tr>\n<td>Vitesse maximale acc\u00e9l\u00e9r\u00e9e<\/td>\n<td>1.0G<\/td>\n<\/tr>\n<tr>\n<td>Pr\u00e9cision du repositionnement<\/td>\n<td>\u00b10,02 mm<\/td>\n<\/tr>\n<tr>\n<td>Format graphique pris en charge<\/td>\n<td>CAD, DXF (etc.)<\/td>\n<\/tr>\n<tr>\n<td>Environnement de travail<\/td>\n<td>Temp : 0-40\u2103, Humidit\u00e9 : \u226480%, Pas de condensation<\/td>\n<\/tr>\n<tr>\n<td>Pr\u00e9cision de la position<\/td>\n<td>\u00b10,03 mm<\/td>\n<\/tr>\n<tr>\n<td><strong>Nom du produit<\/strong><\/td>\n<td>Machine de d\u00e9coupe des m\u00e9taux par laser \u00e0 fibre<\/td>\n<\/tr>\n<\/tbody>\n<\/table>\n<p><span class=\"magic-8\" style=\"font-family: Arial;\">La LH\/D est une machine id\u00e9ale pour la d\u00e9coupe laser de t\u00f4les. Ses performances extr\u00eamement \u00e9lev\u00e9es en termes de co\u00fbts et la simplicit\u00e9 de son fonctionnement peuvent vous permettre de r\u00e9cup\u00e9rer vos co\u00fbts le plus rapidement possible.<\/span><\/p>\n<div><span class=\"magic-8\" style=\"font-family: Arial;\"><b data-spm-anchor-id=\"a2700.details.0.i95.23dc14c0aseHTX\">Caract\u00e9ristiques de la machine\uff1a<\/b><br \/>\n<\/span><\/div>\n<div data-spm-anchor-id=\"a2700.details.0.i93.23dc14c0aseHTX\"><span class=\"magic-8\" style=\"font-family: Arial;\" data-spm-anchor-id=\"a2700.details.0.i94.23dc14c0aseHTX\">1. Des composants m\u00e9caniques de haute qualit\u00e9 et une conception parfaite permettent d'am\u00e9liorer la pr\u00e9cision de coupe, de renforcer la capacit\u00e9 de traitement et d'\u00e9largir la gamme des sc\u00e9narios d'application de la machine. 2. \u00c9quip\u00e9 d'un syst\u00e8me CNC sp\u00e9cialis\u00e9 pour les machines de d\u00e9coupe laser \u00e0 fibre intelligentes, le syst\u00e8me permet la d\u00e9tection automatique des bords, la mise en page automatique, la mise au point automatique et la d\u00e9coupe automatique, facilitant la commodit\u00e9 et la rapidit\u00e9 tout en am\u00e9liorant l'efficacit\u00e9 du traitement. 3. Utilise des servomoteurs de haute pr\u00e9cision avec des performances stables et durables \u00e0 grande vitesse, garantissant une vitesse et une acc\u00e9l\u00e9ration \u00e9lev\u00e9es de l'ensemble de la machine. 4. Comprend un syst\u00e8me d'alarme intelligent et un dispositif de protection de la pression pour assurer une alimentation en gaz en temps voulu et am\u00e9liorer l'efficacit\u00e9 du d\u00e9pannage de l'\u00e9quipement.<\/span><\/div>\n<div data-spm-anchor-id=\"a2700.details.0.i93.23dc14c0aseHTX\">\n<p><span class=\"magic-8\" style=\"font-family: Arial;\">La machine de d\u00e9coupe laser \u00e0 fibre LH convient \u00e0 la d\u00e9coupe de t\u00f4les ou de tubes en acier inoxydable, acier doux, acier au carbone, acier alli\u00e9, acier \u00e0 ressort, fer, fer galvanis\u00e9, galvanis\u00e9, aluminium, cuivre, laiton, bronze, titane, etc.<\/span><\/p>\n<div data-spm-anchor-id=\"a2700.details.0.i103.23dc14c0aseHTX\"><span class=\"magic-8\" style=\"font-family: Arial;\"> Les diff\u00e9rentes \u00e9paisseurs de coupe d\u00e9pendent de la s\u00e9lection de la puissance du laser dans la machine de d\u00e9coupe laser.<\/span><\/div>\n<\/div>","protected":false},"excerpt":{"rendered":"<p>Cette machine de d\u00e9coupe laser \u00e0 fibre LH 3000x1500mm est con\u00e7ue pour la d\u00e9coupe laser de haute pr\u00e9cision de divers m\u00e9taux, y compris les feuilles d'acier, d'alliage et d'aluminium. Elle offre une pr\u00e9cision de positionnement de 0,03 mm et une pr\u00e9cision de repositionnement de 0,02 mm, garantissant des coupes pr\u00e9cises pour une vari\u00e9t\u00e9 d'applications industrielles. Parfaite pour la d\u00e9coupe \u00e0 grande vitesse et les travaux de pr\u00e9cision, cette machine convient au traitement des t\u00f4les, \u00e0 la fabrication des m\u00e9taux et \u00e0 d'autres industries de d\u00e9coupe au laser.<\/p>","protected":false},"featured_media":4408,"comment_status":"open","ping_status":"closed","template":"","meta":{"_uag_custom_page_level_css":"","site-sidebar-layout":"default","site-content-layout":"","ast-site-content-layout":"default","site-content-style":"default","site-sidebar-style":"default","ast-global-header-display":"","ast-banner-title-visibility":"","ast-main-header-display":"","ast-hfb-above-header-display":"","ast-hfb-below-header-display":"","ast-hfb-mobile-header-display":"","site-post-title":"","ast-breadcrumbs-content":"","ast-featured-img":"","footer-sml-layout":"","theme-transparent-header-meta":"default","adv-header-id-meta":"","stick-header-meta":"","header-above-stick-meta":"","header-main-stick-meta":"","header-below-stick-meta":"","astra-migrate-meta-layouts":"set","ast-page-background-enabled":"default","ast-page-background-meta":{"desktop":{"background-color":"var(--ast-global-color-4)","background-image":"","background-repeat":"repeat","background-position":"center center","background-size":"auto","background-attachment":"scroll","background-type":"","background-media":"","overlay-type":"","overlay-color":"","overlay-opacity":"","overlay-gradient":""},"tablet":{"background-color":"","background-image":"","background-repeat":"repeat","background-position":"center center","background-size":"auto","background-attachment":"scroll","background-type":"","background-media":"","overlay-type":"","overlay-color":"","overlay-opacity":"","overlay-gradient":""},"mobile":{"background-color":"","background-image":"","background-repeat":"repeat","background-position":"center center","background-size":"auto","background-attachment":"scroll","background-type":"","background-media":"","overlay-type":"","overlay-color":"","overlay-opacity":"","overlay-gradient":""}},"ast-content-background-meta":{"desktop":{"background-color":"var(--ast-global-color-5)","background-image":"","background-repeat":"repeat","background-position":"center center","background-size":"auto","background-attachment":"scroll","background-type":"","background-media":"","overlay-type":"","overlay-color":"","overlay-opacity":"","overlay-gradient":""},"tablet":{"background-color":"var(--ast-global-color-5)","background-image":"","background-repeat":"repeat","background-position":"center center","background-size":"auto","background-attachment":"scroll","background-type":"","background-media":"","overlay-type":"","overlay-color":"","overlay-opacity":"","overlay-gradient":""},"mobile":{"background-color":"var(--ast-global-color-5)","background-image":"","background-repeat":"repeat","background-position":"center center","background-size":"auto","background-attachment":"scroll","background-type":"","background-media":"","overlay-type":"","overlay-color":"","overlay-opacity":"","overlay-gradient":""}}},"product_brand":[39],"product_cat":[34],"product_tag":[],"class_list":{"0":"post-4407","1":"product","2":"type-product","3":"status-publish","4":"has-post-thumbnail","6":"product_brand-ltd","7":"product_cat-single-platform-laser-cutting-machine","8":"desktop-align-left","9":"tablet-align-left","10":"mobile-align-left","12":"first","13":"instock","14":"shipping-taxable","15":"product-type-simple"},"yoast_head":"<!-- This site is optimized with the Yoast SEO plugin v24.4 - https:\/\/yoast.com\/wordpress\/plugins\/seo\/ -->\n<title>3000W\/6000W Fiber Laser Cutting Machines for Steel, Alloy, Aluminum - Leading han<\/title>\n<meta name=\"robots\" content=\"index, follow, max-snippet:-1, max-image-preview:large, max-video-preview:-1\" \/>\n<link rel=\"canonical\" href=\"https:\/\/www.leadhan.com\/fr_fr\/produit\/machine-de-decoupe-laser-a-fibre-3000w-6000w-pour-lacier-lalliage-et-laluminium\/\" \/>\n<meta property=\"og:locale\" content=\"fr_FR\" \/>\n<meta property=\"og:type\" content=\"article\" \/>\n<meta property=\"og:title\" content=\"3000W\/6000W Fiber Laser Cutting Machines for Steel, Alloy, Aluminum - Leading han\" \/>\n<meta property=\"og:description\" content=\"This LH 3000x1500mm fiber laser cutting machine is designed for high-accuracy laser cutting of various metals, including steel, alloy, and aluminum sheets. It offers position accuracy of 0.03mm and reposition accuracy of 0.02mm, ensuring precise cuts for a variety of industrial applications. Perfect for both high-speed cutting and detailed precision work, this machine is suitable for sheet metal processing, metal fabrication, and other laser cutting industries.\" \/>\n<meta property=\"og:url\" content=\"https:\/\/www.leadhan.com\/fr_fr\/produit\/machine-de-decoupe-laser-a-fibre-3000w-6000w-pour-lacier-lalliage-et-laluminium\/\" \/>\n<meta property=\"og:site_name\" content=\"Leading han\" \/>\n<meta property=\"article:modified_time\" content=\"2025-06-07T16:56:10+00:00\" \/>\n<meta property=\"og:image\" content=\"https:\/\/www.leadhan.com\/wp-content\/uploads\/2025\/02\/6E4C0C92-CEF6-4fea-81D6-9AA316923831.png\" \/>\n\t<meta property=\"og:image:width\" content=\"720\" \/>\n\t<meta property=\"og:image:height\" content=\"720\" \/>\n\t<meta property=\"og:image:type\" content=\"image\/png\" \/>\n<meta name=\"twitter:card\" content=\"summary_large_image\" \/>\n<meta name=\"twitter:label1\" content=\"Dur\u00e9e de lecture estim\u00e9e\" \/>\n\t<meta name=\"twitter:data1\" content=\"3 minutes\" \/>\n<script type=\"application\/ld+json\" class=\"yoast-schema-graph\">{\"@context\":\"https:\/\/schema.org\",\"@graph\":[{\"@type\":\"WebPage\",\"@id\":\"https:\/\/www.leadhan.com\/product\/3000w-6000w-fiber-laser-cutting-machines-for-steel-alloy-aluminum\/\",\"url\":\"https:\/\/www.leadhan.com\/product\/3000w-6000w-fiber-laser-cutting-machines-for-steel-alloy-aluminum\/\",\"name\":\"3000W\/6000W Fiber Laser Cutting Machines for Steel, Alloy, Aluminum - Leading han\",\"isPartOf\":{\"@id\":\"https:\/\/www.leadhan.com\/af\/#website\"},\"primaryImageOfPage\":{\"@id\":\"https:\/\/www.leadhan.com\/product\/3000w-6000w-fiber-laser-cutting-machines-for-steel-alloy-aluminum\/#primaryimage\"},\"image\":{\"@id\":\"https:\/\/www.leadhan.com\/product\/3000w-6000w-fiber-laser-cutting-machines-for-steel-alloy-aluminum\/#primaryimage\"},\"thumbnailUrl\":\"https:\/\/www.leadhan.com\/wp-content\/uploads\/2025\/02\/6E4C0C92-CEF6-4fea-81D6-9AA316923831.png\",\"datePublished\":\"2025-02-08T06:29:35+00:00\",\"dateModified\":\"2025-06-07T16:56:10+00:00\",\"breadcrumb\":{\"@id\":\"https:\/\/www.leadhan.com\/product\/3000w-6000w-fiber-laser-cutting-machines-for-steel-alloy-aluminum\/#breadcrumb\"},\"inLanguage\":\"fr-FR\",\"potentialAction\":[{\"@type\":\"ReadAction\",\"target\":[\"https:\/\/www.leadhan.com\/product\/3000w-6000w-fiber-laser-cutting-machines-for-steel-alloy-aluminum\/\"]}]},{\"@type\":\"ImageObject\",\"inLanguage\":\"fr-FR\",\"@id\":\"https:\/\/www.leadhan.com\/product\/3000w-6000w-fiber-laser-cutting-machines-for-steel-alloy-aluminum\/#primaryimage\",\"url\":\"https:\/\/www.leadhan.com\/wp-content\/uploads\/2025\/02\/6E4C0C92-CEF6-4fea-81D6-9AA316923831.png\",\"contentUrl\":\"https:\/\/www.leadhan.com\/wp-content\/uploads\/2025\/02\/6E4C0C92-CEF6-4fea-81D6-9AA316923831.png\",\"width\":720,\"height\":720},{\"@type\":\"BreadcrumbList\",\"@id\":\"https:\/\/www.leadhan.com\/product\/3000w-6000w-fiber-laser-cutting-machines-for-steel-alloy-aluminum\/#breadcrumb\",\"itemListElement\":[{\"@type\":\"ListItem\",\"position\":1,\"name\":\"Home\",\"item\":\"https:\/\/www.leadhan.com\/\"},{\"@type\":\"ListItem\",\"position\":2,\"name\":\"laser cutting machine\",\"item\":\"https:\/\/www.leadhan.com\/shop\/\"},{\"@type\":\"ListItem\",\"position\":3,\"name\":\"3000W\/6000W Fiber Laser Cutting Machines for Steel, Alloy, Aluminum\"}]},{\"@type\":\"WebSite\",\"@id\":\"https:\/\/www.leadhan.com\/af\/#website\",\"url\":\"https:\/\/www.leadhan.com\/af\/\",\"name\":\"Leading han\",\"description\":\"\",\"publisher\":{\"@id\":\"https:\/\/www.leadhan.com\/af\/#organization\"},\"potentialAction\":[{\"@type\":\"SearchAction\",\"target\":{\"@type\":\"EntryPoint\",\"urlTemplate\":\"https:\/\/www.leadhan.com\/af\/?s={search_term_string}\"},\"query-input\":{\"@type\":\"PropertyValueSpecification\",\"valueRequired\":true,\"valueName\":\"search_term_string\"}}],\"inLanguage\":\"fr-FR\"},{\"@type\":\"Organization\",\"@id\":\"https:\/\/www.leadhan.com\/af\/#organization\",\"name\":\"Leading han\",\"url\":\"https:\/\/www.leadhan.com\/af\/\",\"logo\":{\"@type\":\"ImageObject\",\"inLanguage\":\"fr-FR\",\"@id\":\"https:\/\/www.leadhan.com\/af\/#\/schema\/logo\/image\/\",\"url\":\"https:\/\/www.leadhan.com\/wp-content\/uploads\/2024\/08\/965.png\",\"contentUrl\":\"https:\/\/www.leadhan.com\/wp-content\/uploads\/2024\/08\/965.png\",\"width\":239,\"height\":300,\"caption\":\"Leading han\"},\"image\":{\"@id\":\"https:\/\/www.leadhan.com\/af\/#\/schema\/logo\/image\/\"}}]}<\/script>\n<!-- \/ Yoast SEO plugin. -->","yoast_head_json":{"title":"3000W\/6000W Fiber Laser Cutting Machines for Steel, Alloy, Aluminum - Leading han","robots":{"index":"index","follow":"follow","max-snippet":"max-snippet:-1","max-image-preview":"max-image-preview:large","max-video-preview":"max-video-preview:-1"},"canonical":"https:\/\/www.leadhan.com\/fr_fr\/produit\/machine-de-decoupe-laser-a-fibre-3000w-6000w-pour-lacier-lalliage-et-laluminium\/","og_locale":"fr_FR","og_type":"article","og_title":"3000W\/6000W Fiber Laser Cutting Machines for Steel, Alloy, Aluminum - Leading han","og_description":"This LH 3000x1500mm fiber laser cutting machine is designed for high-accuracy laser cutting of various metals, including steel, alloy, and aluminum sheets. It offers position accuracy of 0.03mm and reposition accuracy of 0.02mm, ensuring precise cuts for a variety of industrial applications. Perfect for both high-speed cutting and detailed precision work, this machine is suitable for sheet metal processing, metal fabrication, and other laser cutting industries.","og_url":"https:\/\/www.leadhan.com\/fr_fr\/produit\/machine-de-decoupe-laser-a-fibre-3000w-6000w-pour-lacier-lalliage-et-laluminium\/","og_site_name":"Leading han","article_modified_time":"2025-06-07T16:56:10+00:00","og_image":[{"width":720,"height":720,"url":"https:\/\/www.leadhan.com\/wp-content\/uploads\/2025\/02\/6E4C0C92-CEF6-4fea-81D6-9AA316923831.png","type":"image\/png"}],"twitter_card":"summary_large_image","twitter_misc":{"Dur\u00e9e de lecture estim\u00e9e":"3 minutes"},"schema":{"@context":"https:\/\/schema.org","@graph":[{"@type":"WebPage","@id":"https:\/\/www.leadhan.com\/product\/3000w-6000w-fiber-laser-cutting-machines-for-steel-alloy-aluminum\/","url":"https:\/\/www.leadhan.com\/product\/3000w-6000w-fiber-laser-cutting-machines-for-steel-alloy-aluminum\/","name":"3000W\/6000W Fiber Laser Cutting Machines for Steel, Alloy, Aluminum - Leading han","isPartOf":{"@id":"https:\/\/www.leadhan.com\/af\/#website"},"primaryImageOfPage":{"@id":"https:\/\/www.leadhan.com\/product\/3000w-6000w-fiber-laser-cutting-machines-for-steel-alloy-aluminum\/#primaryimage"},"image":{"@id":"https:\/\/www.leadhan.com\/product\/3000w-6000w-fiber-laser-cutting-machines-for-steel-alloy-aluminum\/#primaryimage"},"thumbnailUrl":"https:\/\/www.leadhan.com\/wp-content\/uploads\/2025\/02\/6E4C0C92-CEF6-4fea-81D6-9AA316923831.png","datePublished":"2025-02-08T06:29:35+00:00","dateModified":"2025-06-07T16:56:10+00:00","breadcrumb":{"@id":"https:\/\/www.leadhan.com\/product\/3000w-6000w-fiber-laser-cutting-machines-for-steel-alloy-aluminum\/#breadcrumb"},"inLanguage":"fr-FR","potentialAction":[{"@type":"ReadAction","target":["https:\/\/www.leadhan.com\/product\/3000w-6000w-fiber-laser-cutting-machines-for-steel-alloy-aluminum\/"]}]},{"@type":"ImageObject","inLanguage":"fr-FR","@id":"https:\/\/www.leadhan.com\/product\/3000w-6000w-fiber-laser-cutting-machines-for-steel-alloy-aluminum\/#primaryimage","url":"https:\/\/www.leadhan.com\/wp-content\/uploads\/2025\/02\/6E4C0C92-CEF6-4fea-81D6-9AA316923831.png","contentUrl":"https:\/\/www.leadhan.com\/wp-content\/uploads\/2025\/02\/6E4C0C92-CEF6-4fea-81D6-9AA316923831.png","width":720,"height":720},{"@type":"BreadcrumbList","@id":"https:\/\/www.leadhan.com\/product\/3000w-6000w-fiber-laser-cutting-machines-for-steel-alloy-aluminum\/#breadcrumb","itemListElement":[{"@type":"ListItem","position":1,"name":"Home","item":"https:\/\/www.leadhan.com\/"},{"@type":"ListItem","position":2,"name":"laser cutting machine","item":"https:\/\/www.leadhan.com\/shop\/"},{"@type":"ListItem","position":3,"name":"3000W\/6000W Fiber Laser Cutting Machines for Steel, Alloy, Aluminum"}]},{"@type":"WebSite","@id":"https:\/\/www.leadhan.com\/af\/#website","url":"https:\/\/www.leadhan.com\/af\/","name":"Leading han","description":"","publisher":{"@id":"https:\/\/www.leadhan.com\/af\/#organization"},"potentialAction":[{"@type":"SearchAction","target":{"@type":"EntryPoint","urlTemplate":"https:\/\/www.leadhan.com\/af\/?s={search_term_string}"},"query-input":{"@type":"PropertyValueSpecification","valueRequired":true,"valueName":"search_term_string"}}],"inLanguage":"fr-FR"},{"@type":"Organization","@id":"https:\/\/www.leadhan.com\/af\/#organization","name":"Leading han","url":"https:\/\/www.leadhan.com\/af\/","logo":{"@type":"ImageObject","inLanguage":"fr-FR","@id":"https:\/\/www.leadhan.com\/af\/#\/schema\/logo\/image\/","url":"https:\/\/www.leadhan.com\/wp-content\/uploads\/2024\/08\/965.png","contentUrl":"https:\/\/www.leadhan.com\/wp-content\/uploads\/2024\/08\/965.png","width":239,"height":300,"caption":"Leading han"},"image":{"@id":"https:\/\/www.leadhan.com\/af\/#\/schema\/logo\/image\/"}}]}},"uagb_featured_image_src":{"full":["https:\/\/www.leadhan.com\/wp-content\/uploads\/2025\/02\/6E4C0C92-CEF6-4fea-81D6-9AA316923831.png",720,720,false],"thumbnail":["https:\/\/www.leadhan.com\/wp-content\/uploads\/2025\/02\/6E4C0C92-CEF6-4fea-81D6-9AA316923831-150x150.png",150,150,true],"medium":["https:\/\/www.leadhan.com\/wp-content\/uploads\/2025\/02\/6E4C0C92-CEF6-4fea-81D6-9AA316923831-300x300.png",300,300,true],"medium_large":["https:\/\/www.leadhan.com\/wp-content\/uploads\/2025\/02\/6E4C0C92-CEF6-4fea-81D6-9AA316923831.png",720,720,false],"large":["https:\/\/www.leadhan.com\/wp-content\/uploads\/2025\/02\/6E4C0C92-CEF6-4fea-81D6-9AA316923831.png",720,720,false],"1536x1536":["https:\/\/www.leadhan.com\/wp-content\/uploads\/2025\/02\/6E4C0C92-CEF6-4fea-81D6-9AA316923831.png",720,720,false],"2048x2048":["https:\/\/www.leadhan.com\/wp-content\/uploads\/2025\/02\/6E4C0C92-CEF6-4fea-81D6-9AA316923831.png",720,720,false],"trp-custom-language-flag":["https:\/\/www.leadhan.com\/wp-content\/uploads\/2025\/02\/6E4C0C92-CEF6-4fea-81D6-9AA316923831-12x12.png",12,12,true],"woocommerce_thumbnail":["https:\/\/www.leadhan.com\/wp-content\/uploads\/2025\/02\/6E4C0C92-CEF6-4fea-81D6-9AA316923831-300x300.png",300,300,true],"woocommerce_single":["https:\/\/www.leadhan.com\/wp-content\/uploads\/2025\/02\/6E4C0C92-CEF6-4fea-81D6-9AA316923831-600x600.png",600,600,true],"woocommerce_gallery_thumbnail":["https:\/\/www.leadhan.com\/wp-content\/uploads\/2025\/02\/6E4C0C92-CEF6-4fea-81D6-9AA316923831-100x100.png",100,100,true]},"uagb_author_info":{"display_name":"user","author_link":"https:\/\/www.leadhan.com\/fr_fr\/author\/"},"uagb_comment_info":17,"uagb_excerpt":"This LH 3000x1500mm fiber laser cutting machine is designed for high-accuracy laser cutting of various metals, including steel, alloy, and aluminum sheets. It offers position accuracy of 0.03mm and reposition accuracy of 0.02mm, ensuring precise cuts for a variety of industrial applications. Perfect for both high-speed cutting and detailed precision work, this machine is suitable\u2026","_links":{"self":[{"href":"https:\/\/www.leadhan.com\/fr_fr\/wp-json\/wp\/v2\/product\/4407","targetHints":{"allow":["GET"]}}],"collection":[{"href":"https:\/\/www.leadhan.com\/fr_fr\/wp-json\/wp\/v2\/product"}],"about":[{"href":"https:\/\/www.leadhan.com\/fr_fr\/wp-json\/wp\/v2\/types\/product"}],"replies":[{"embeddable":true,"href":"https:\/\/www.leadhan.com\/fr_fr\/wp-json\/wp\/v2\/comments?post=4407"}],"wp:featuredmedia":[{"embeddable":true,"href":"https:\/\/www.leadhan.com\/fr_fr\/wp-json\/wp\/v2\/media\/4408"}],"wp:attachment":[{"href":"https:\/\/www.leadhan.com\/fr_fr\/wp-json\/wp\/v2\/media?parent=4407"}],"wp:term":[{"taxonomy":"product_brand","embeddable":true,"href":"https:\/\/www.leadhan.com\/fr_fr\/wp-json\/wp\/v2\/product_brand?post=4407"},{"taxonomy":"product_cat","embeddable":true,"href":"https:\/\/www.leadhan.com\/fr_fr\/wp-json\/wp\/v2\/product_cat?post=4407"},{"taxonomy":"product_tag","embeddable":true,"href":"https:\/\/www.leadhan.com\/fr_fr\/wp-json\/wp\/v2\/product_tag?post=4407"}],"curies":[{"name":"wp","href":"https:\/\/api.w.org\/{rel}","templated":true}]}}