{"id":4429,"date":"2025-02-10T10:11:04","date_gmt":"2025-02-10T02:11:04","guid":{"rendered":"https:\/\/www.leadhan.com\/?post_type=product&#038;p=4429"},"modified":"2025-06-03T09:07:24","modified_gmt":"2025-06-03T16:07:24","slug":"lh-2000w-three-chuck-steel-fiber-laser-cutting-machine-for-steel-pipe-metal-cutting","status":"publish","type":"product","link":"https:\/\/www.leadhan.com\/fr_fr\/produit\/lh-2000w-machine-de-decoupe-laser-a-trois-mandrins-pour-la-decoupe-de-tuyaux-en-acier\/","title":{"rendered":"Machine de d\u00e9coupe laser \u00e0 fibre optique LH 2000W \u00e0 trois mandrins pour la d\u00e9coupe de tubes en acier et de m\u00e9taux"},"content":{"rendered":"<h3>Description du produit<\/h3>\n<p><strong>Machine de d\u00e9coupe laser \u00e0 fibres optiques LH 2000W pour l'acier \u00e0 trois mandrins<\/strong> est con\u00e7ue pour la d\u00e9coupe de haute pr\u00e9cision de tubes et tuyaux m\u00e9talliques, ce qui en fait un choix id\u00e9al pour diverses industries. Cette machine garantit des performances de premier ordre avec une pr\u00e9cision de positionnement r\u00e9p\u00e9t\u00e9e de 0,03 mm et une pr\u00e9cision de coupe de 0,05 mm. Sa fonction de chargement automatis\u00e9 am\u00e9liore la productivit\u00e9 en r\u00e9duisant les co\u00fbts de main-d'\u0153uvre et en rationalisant le processus de coupe. Adapt\u00e9e \u00e0 diverses applications telles que les h\u00f4tels, les ateliers de confection et les usines de fabrication, cette machine offre des options de puissance personnalisables allant de 1500W \u00e0 12000W. Elle est assortie d'une garantie de trois ans sur les composants principaux et sur la machine elle-m\u00eame, ce qui assure une durabilit\u00e9 et une fiabilit\u00e9 \u00e0 long terme. Aliment\u00e9e par des composants de premier ordre, notamment la source laser RAYCUS, le servomoteur FUJI et la t\u00eate laser Raytools, cette machine de d\u00e9coupe est con\u00e7ue pour r\u00e9pondre \u00e0 vos besoins industriels.<\/p>\n<h3>Caract\u00e9ristiques principales :<\/h3>\n<ul>\n<li><strong>Performance de coupe de haute pr\u00e9cision :<\/strong> Pr\u00e9cision de positionnement r\u00e9p\u00e9t\u00e9 de \u00b10,03 mm et pr\u00e9cision de coupe de \u00b10,05 mm.<\/li>\n<li><strong>Capacit\u00e9 de chargement automatis\u00e9 :<\/strong> R\u00e9duit les co\u00fbts de main-d'\u0153uvre et augmente l'efficacit\u00e9.<\/li>\n<li><strong>Large application :<\/strong> Id\u00e9al pour les industries telles que les h\u00f4tels, les ateliers de confection et les usines de fabrication.<\/li>\n<li><strong>Options d'alimentation personnalisables :<\/strong> Choisissez entre une puissance laser de 1500W et 12000W.<\/li>\n<li><strong>Composants \u00e0 longue dur\u00e9e de vie :<\/strong> Comprend une garantie de 3 ans pour les composants de base et la machine.<\/li>\n<\/ul>\n<h3>Sp\u00e9cifications Table :<\/h3>\n<table>\n<thead>\n<tr>\n<th><strong>Attribut<\/strong><\/th>\n<th><strong>D\u00e9tails<\/strong><\/th>\n<\/tr>\n<\/thead>\n<tbody>\n<tr>\n<td><strong>Type de laser<\/strong><\/td>\n<td>Laser \u00e0 fibre<\/td>\n<\/tr>\n<tr>\n<td><strong>Mat\u00e9riau applicable<\/strong><\/td>\n<td>M\u00e9tal<\/td>\n<\/tr>\n<tr>\n<td><strong>Condition<\/strong><\/td>\n<td>Nouveau<\/td>\n<\/tr>\n<tr>\n<td><strong>Zone de coupe<\/strong><\/td>\n<td>Personnalisable, adapt\u00e9 au traitement des tubes<\/td>\n<\/tr>\n<tr>\n<td><strong>Lieu d'origine<\/strong><\/td>\n<td>Jiangsu, Chine<\/td>\n<\/tr>\n<tr>\n<td><strong>Marque de la source laser<\/strong><\/td>\n<td>RAYCUS<\/td>\n<\/tr>\n<tr>\n<td><strong>Poids<\/strong><\/td>\n<td>5000 kg<\/td>\n<\/tr>\n<tr>\n<td><strong>Principaux arguments de vente<\/strong><\/td>\n<td>D\u00e9coupe de haute pr\u00e9cision<\/td>\n<\/tr>\n<tr>\n<td><strong>Garantie<\/strong><\/td>\n<td>3 ans<\/td>\n<\/tr>\n<tr>\n<td><strong>Mode de fonctionnement<\/strong><\/td>\n<td>Onde continue<\/td>\n<\/tr>\n<tr>\n<td><strong>Configuration<\/strong><\/td>\n<td>3 axes<\/td>\n<\/tr>\n<tr>\n<td><strong>Produits trait\u00e9s<\/strong><\/td>\n<td>Tube, tuyau<\/td>\n<\/tr>\n<tr>\n<td><strong>Fonctionnalit\u00e9<\/strong><\/td>\n<td>Chargement automatis\u00e9<\/td>\n<\/tr>\n<tr>\n<td><strong>Vitesse de coupe<\/strong><\/td>\n<td>60m\/min<\/td>\n<\/tr>\n<tr>\n<td><strong>Formats graphiques pris en charge<\/strong><\/td>\n<td>AI, PLT, DXF, BMP, Dst, Dwg, LAS, DXP<\/td>\n<\/tr>\n<tr>\n<td><strong>CNC ou pas<\/strong><\/td>\n<td>Oui<\/td>\n<\/tr>\n<tr>\n<td><strong>Mode de refroidissement<\/strong><\/td>\n<td>Refroidissement de l'air<\/td>\n<\/tr>\n<tr>\n<td><strong>Nom de la marque<\/strong><\/td>\n<td>LH LASER<\/td>\n<\/tr>\n<tr>\n<td><strong>Marque de la t\u00eate laser<\/strong><\/td>\n<td>Raytools<\/td>\n<\/tr>\n<tr>\n<td><strong>Marque du servomoteur<\/strong><\/td>\n<td>FUJI<\/td>\n<\/tr>\n<tr>\n<td><strong>Marque Guiderail<\/strong><\/td>\n<td>HIWIN<\/td>\n<\/tr>\n<tr>\n<td><strong>Marque du syst\u00e8me de contr\u00f4le<\/strong><\/td>\n<td>Cypcut<\/td>\n<\/tr>\n<tr>\n<td><strong>Marque de la lentille optique<\/strong><\/td>\n<td>II-VI<\/td>\n<\/tr>\n<tr>\n<td><strong>Longueur de traitement des tuyaux<\/strong><\/td>\n<td>6000-12000mm<\/td>\n<\/tr>\n<tr>\n<td><strong>Diam\u00e8tre maximal<\/strong><\/td>\n<td>10-550mm<\/td>\n<\/tr>\n<tr>\n<td><strong>Puissance du laser<\/strong><\/td>\n<td>1500W-12000W<\/td>\n<\/tr>\n<tr>\n<td><strong>Vitesse maximale acc\u00e9l\u00e9r\u00e9e<\/strong><\/td>\n<td>1.0G<\/td>\n<\/tr>\n<tr>\n<td><strong>Pr\u00e9cision du repositionnement<\/strong><\/td>\n<td>\u00b10,02 mm<\/td>\n<\/tr>\n<tr>\n<td><strong>Pr\u00e9cision de coupe<\/strong><\/td>\n<td>\u00b10,05 mm<\/td>\n<\/tr>\n<tr>\n<td><strong>Pr\u00e9cision du positionnement r\u00e9p\u00e9t\u00e9<\/strong><\/td>\n<td>\u00b10,03 mm<\/td>\n<\/tr>\n<tr>\n<td><strong>Vitesse de marche maximale<\/strong><\/td>\n<td>60m\/min<\/td>\n<\/tr>\n<tr>\n<td><strong>Source laser<\/strong><\/td>\n<td>RAYCUS\/IPG<\/td>\n<\/tr>\n<tr>\n<td><strong>Poids total<\/strong><\/td>\n<td>2000-20000 kg<\/td>\n<\/tr>\n<\/tbody>\n<\/table>\n<p>Cette fiche technique d\u00e9taill\u00e9e pr\u00e9sente toutes les caract\u00e9ristiques et tous les param\u00e8tres techniques importants, afin de vous aider \u00e0 prendre une d\u00e9cision \u00e9clair\u00e9e concernant la machine de d\u00e9coupe laser \u00e0 fibre LH 2000W pour l'acier.<\/p>","protected":false},"excerpt":{"rendered":"<p><strong>Machine de d\u00e9coupe laser \u00e0 fibres optiques LH 2000W pour l'acier \u00e0 trois mandrins<\/strong> est con\u00e7ue pour la d\u00e9coupe de haute pr\u00e9cision de tubes et tuyaux m\u00e9talliques, ce qui en fait un choix id\u00e9al pour diverses industries. Cette machine garantit des performances de premier ordre avec une pr\u00e9cision de positionnement r\u00e9p\u00e9t\u00e9e de 0,03 mm et une pr\u00e9cision de coupe de 0,05 mm. Sa fonction de chargement automatis\u00e9 am\u00e9liore la productivit\u00e9 en r\u00e9duisant les co\u00fbts de main-d'\u0153uvre et en rationalisant le processus de coupe. Adapt\u00e9e \u00e0 diverses applications telles que les h\u00f4tels, les ateliers de confection et les usines de fabrication, cette machine offre des options de puissance personnalisables allant de 1500W \u00e0 12000W. Elle est assortie d'une garantie de trois ans sur les composants principaux et sur la machine elle-m\u00eame, ce qui assure une durabilit\u00e9 et une fiabilit\u00e9 \u00e0 long terme. Aliment\u00e9e par des composants de premier ordre, notamment la source laser RAYCUS, le servomoteur FUJI et la t\u00eate laser Raytools, cette machine de d\u00e9coupe est con\u00e7ue pour r\u00e9pondre \u00e0 vos besoins industriels.<\/p>","protected":false},"featured_media":4451,"comment_status":"open","ping_status":"closed","template":"","meta":{"_uag_custom_page_level_css":"","site-sidebar-layout":"default","site-content-layout":"","ast-site-content-layout":"default","site-content-style":"default","site-sidebar-style":"default","ast-global-header-display":"","ast-banner-title-visibility":"","ast-main-header-display":"","ast-hfb-above-header-display":"","ast-hfb-below-header-display":"","ast-hfb-mobile-header-display":"","site-post-title":"","ast-breadcrumbs-content":"","ast-featured-img":"","footer-sml-layout":"","theme-transparent-header-meta":"default","adv-header-id-meta":"","stick-header-meta":"","header-above-stick-meta":"","header-main-stick-meta":"","header-below-stick-meta":"","astra-migrate-meta-layouts":"set","ast-page-background-enabled":"default","ast-page-background-meta":{"desktop":{"background-color":"var(--ast-global-color-4)","background-image":"","background-repeat":"repeat","background-position":"center center","background-size":"auto","background-attachment":"scroll","background-type":"","background-media":"","overlay-type":"","overlay-color":"","overlay-opacity":"","overlay-gradient":""},"tablet":{"background-color":"","background-image":"","background-repeat":"repeat","background-position":"center center","background-size":"auto","background-attachment":"scroll","background-type":"","background-media":"","overlay-type":"","overlay-color":"","overlay-opacity":"","overlay-gradient":""},"mobile":{"background-color":"","background-image":"","background-repeat":"repeat","background-position":"center center","background-size":"auto","background-attachment":"scroll","background-type":"","background-media":"","overlay-type":"","overlay-color":"","overlay-opacity":"","overlay-gradient":""}},"ast-content-background-meta":{"desktop":{"background-color":"var(--ast-global-color-5)","background-image":"","background-repeat":"repeat","background-position":"center center","background-size":"auto","background-attachment":"scroll","background-type":"","background-media":"","overlay-type":"","overlay-color":"","overlay-opacity":"","overlay-gradient":""},"tablet":{"background-color":"var(--ast-global-color-5)","background-image":"","background-repeat":"repeat","background-position":"center center","background-size":"auto","background-attachment":"scroll","background-type":"","background-media":"","overlay-type":"","overlay-color":"","overlay-opacity":"","overlay-gradient":""},"mobile":{"background-color":"var(--ast-global-color-5)","background-image":"","background-repeat":"repeat","background-position":"center center","background-size":"auto","background-attachment":"scroll","background-type":"","background-media":"","overlay-type":"","overlay-color":"","overlay-opacity":"","overlay-gradient":""}}},"product_brand":[],"product_cat":[34],"product_tag":[],"class_list":{"0":"post-4429","1":"product","2":"type-product","3":"status-publish","4":"has-post-thumbnail","6":"product_cat-single-platform-laser-cutting-machine","7":"desktop-align-left","8":"tablet-align-left","9":"mobile-align-left","11":"first","12":"instock","13":"shipping-taxable","14":"product-type-simple"},"yoast_head":"<!-- This site is optimized with the Yoast SEO plugin v24.4 - https:\/\/yoast.com\/wordpress\/plugins\/seo\/ -->\n<title>LH 2000W Three-Chuck Steel Fiber Laser Cutting Machine for Steel Pipe &amp; Metal Cutting - Leading han<\/title>\n<meta name=\"robots\" content=\"index, follow, max-snippet:-1, max-image-preview:large, max-video-preview:-1\" \/>\n<link rel=\"canonical\" href=\"https:\/\/www.leadhan.com\/fr_fr\/produit\/lh-2000w-machine-de-decoupe-laser-a-trois-mandrins-pour-la-decoupe-de-tuyaux-en-acier\/\" \/>\n<meta property=\"og:locale\" content=\"fr_FR\" \/>\n<meta property=\"og:type\" content=\"article\" \/>\n<meta property=\"og:title\" content=\"LH 2000W Three-Chuck Steel Fiber Laser Cutting Machine for Steel Pipe &amp; Metal Cutting - Leading han\" \/>\n<meta property=\"og:description\" content=\"LH 2000W Three-Chuck Steel Fiber Laser Cutting Machine is designed for high-precision cutting of metal pipes and tubes, making it an ideal choice for various industries. This machine ensures top-tier performance with repeat positioning accuracy of 0.03mm and cutting accuracy of 0.05mm. Its automated loading feature enhances productivity by reducing labor costs and streamlining the cutting process. Suitable for diverse applications such as in hotels, garment shops, and manufacturing plants, the machine offers customizable power options ranging from 1500W to 12000W. It comes with a 3-year warranty on both core components and the machine itself, ensuring long-lasting durability and reliability. Powered by top-notch components, including RAYCUS laser source, FUJI servo motor, and Raytools laser head, this cutting machine is engineered to meet your industrial needs.\" \/>\n<meta property=\"og:url\" content=\"https:\/\/www.leadhan.com\/fr_fr\/produit\/lh-2000w-machine-de-decoupe-laser-a-trois-mandrins-pour-la-decoupe-de-tuyaux-en-acier\/\" \/>\n<meta property=\"og:site_name\" content=\"Leading han\" \/>\n<meta property=\"article:modified_time\" content=\"2025-06-03T16:07:24+00:00\" \/>\n<meta property=\"og:image\" content=\"https:\/\/www.leadhan.com\/wp-content\/uploads\/2025\/02\/C04FC3A9-2D6F-47ae-89A3-C09A4882C568.png\" \/>\n\t<meta property=\"og:image:width\" content=\"720\" \/>\n\t<meta property=\"og:image:height\" content=\"720\" \/>\n\t<meta property=\"og:image:type\" content=\"image\/png\" \/>\n<meta name=\"twitter:card\" content=\"summary_large_image\" \/>\n<meta name=\"twitter:label1\" content=\"Dur\u00e9e de lecture estim\u00e9e\" \/>\n\t<meta name=\"twitter:data1\" content=\"2 minutes\" \/>\n<script type=\"application\/ld+json\" class=\"yoast-schema-graph\">{\"@context\":\"https:\/\/schema.org\",\"@graph\":[{\"@type\":\"WebPage\",\"@id\":\"https:\/\/www.leadhan.com\/product\/lh-2000w-three-chuck-steel-fiber-laser-cutting-machine-for-steel-pipe-metal-cutting\/\",\"url\":\"https:\/\/www.leadhan.com\/product\/lh-2000w-three-chuck-steel-fiber-laser-cutting-machine-for-steel-pipe-metal-cutting\/\",\"name\":\"LH 2000W Three-Chuck Steel Fiber Laser Cutting Machine for Steel Pipe & Metal Cutting - Leading han\",\"isPartOf\":{\"@id\":\"https:\/\/www.leadhan.com\/af\/#website\"},\"primaryImageOfPage\":{\"@id\":\"https:\/\/www.leadhan.com\/product\/lh-2000w-three-chuck-steel-fiber-laser-cutting-machine-for-steel-pipe-metal-cutting\/#primaryimage\"},\"image\":{\"@id\":\"https:\/\/www.leadhan.com\/product\/lh-2000w-three-chuck-steel-fiber-laser-cutting-machine-for-steel-pipe-metal-cutting\/#primaryimage\"},\"thumbnailUrl\":\"https:\/\/www.leadhan.com\/wp-content\/uploads\/2025\/02\/C04FC3A9-2D6F-47ae-89A3-C09A4882C568.png\",\"datePublished\":\"2025-02-10T02:11:04+00:00\",\"dateModified\":\"2025-06-03T16:07:24+00:00\",\"breadcrumb\":{\"@id\":\"https:\/\/www.leadhan.com\/product\/lh-2000w-three-chuck-steel-fiber-laser-cutting-machine-for-steel-pipe-metal-cutting\/#breadcrumb\"},\"inLanguage\":\"fr-FR\",\"potentialAction\":[{\"@type\":\"ReadAction\",\"target\":[\"https:\/\/www.leadhan.com\/product\/lh-2000w-three-chuck-steel-fiber-laser-cutting-machine-for-steel-pipe-metal-cutting\/\"]}]},{\"@type\":\"ImageObject\",\"inLanguage\":\"fr-FR\",\"@id\":\"https:\/\/www.leadhan.com\/product\/lh-2000w-three-chuck-steel-fiber-laser-cutting-machine-for-steel-pipe-metal-cutting\/#primaryimage\",\"url\":\"https:\/\/www.leadhan.com\/wp-content\/uploads\/2025\/02\/C04FC3A9-2D6F-47ae-89A3-C09A4882C568.png\",\"contentUrl\":\"https:\/\/www.leadhan.com\/wp-content\/uploads\/2025\/02\/C04FC3A9-2D6F-47ae-89A3-C09A4882C568.png\",\"width\":720,\"height\":720},{\"@type\":\"BreadcrumbList\",\"@id\":\"https:\/\/www.leadhan.com\/product\/lh-2000w-three-chuck-steel-fiber-laser-cutting-machine-for-steel-pipe-metal-cutting\/#breadcrumb\",\"itemListElement\":[{\"@type\":\"ListItem\",\"position\":1,\"name\":\"Home\",\"item\":\"https:\/\/www.leadhan.com\/\"},{\"@type\":\"ListItem\",\"position\":2,\"name\":\"laser cutting machine\",\"item\":\"https:\/\/www.leadhan.com\/shop\/\"},{\"@type\":\"ListItem\",\"position\":3,\"name\":\"LH 2000W Three-Chuck Steel Fiber Laser Cutting Machine for Steel Pipe &#038; Metal Cutting\"}]},{\"@type\":\"WebSite\",\"@id\":\"https:\/\/www.leadhan.com\/af\/#website\",\"url\":\"https:\/\/www.leadhan.com\/af\/\",\"name\":\"Leading han\",\"description\":\"\",\"publisher\":{\"@id\":\"https:\/\/www.leadhan.com\/af\/#organization\"},\"potentialAction\":[{\"@type\":\"SearchAction\",\"target\":{\"@type\":\"EntryPoint\",\"urlTemplate\":\"https:\/\/www.leadhan.com\/af\/?s={search_term_string}\"},\"query-input\":{\"@type\":\"PropertyValueSpecification\",\"valueRequired\":true,\"valueName\":\"search_term_string\"}}],\"inLanguage\":\"fr-FR\"},{\"@type\":\"Organization\",\"@id\":\"https:\/\/www.leadhan.com\/af\/#organization\",\"name\":\"Leading han\",\"url\":\"https:\/\/www.leadhan.com\/af\/\",\"logo\":{\"@type\":\"ImageObject\",\"inLanguage\":\"fr-FR\",\"@id\":\"https:\/\/www.leadhan.com\/af\/#\/schema\/logo\/image\/\",\"url\":\"https:\/\/www.leadhan.com\/wp-content\/uploads\/2024\/08\/965.png\",\"contentUrl\":\"https:\/\/www.leadhan.com\/wp-content\/uploads\/2024\/08\/965.png\",\"width\":239,\"height\":300,\"caption\":\"Leading han\"},\"image\":{\"@id\":\"https:\/\/www.leadhan.com\/af\/#\/schema\/logo\/image\/\"}}]}<\/script>\n<!-- \/ Yoast SEO plugin. -->","yoast_head_json":{"title":"LH 2000W Three-Chuck Steel Fiber Laser Cutting Machine for Steel Pipe & Metal Cutting - Leading han","robots":{"index":"index","follow":"follow","max-snippet":"max-snippet:-1","max-image-preview":"max-image-preview:large","max-video-preview":"max-video-preview:-1"},"canonical":"https:\/\/www.leadhan.com\/fr_fr\/produit\/lh-2000w-machine-de-decoupe-laser-a-trois-mandrins-pour-la-decoupe-de-tuyaux-en-acier\/","og_locale":"fr_FR","og_type":"article","og_title":"LH 2000W Three-Chuck Steel Fiber Laser Cutting Machine for Steel Pipe & Metal Cutting - Leading han","og_description":"LH 2000W Three-Chuck Steel Fiber Laser Cutting Machine is designed for high-precision cutting of metal pipes and tubes, making it an ideal choice for various industries. This machine ensures top-tier performance with repeat positioning accuracy of 0.03mm and cutting accuracy of 0.05mm. Its automated loading feature enhances productivity by reducing labor costs and streamlining the cutting process. Suitable for diverse applications such as in hotels, garment shops, and manufacturing plants, the machine offers customizable power options ranging from 1500W to 12000W. It comes with a 3-year warranty on both core components and the machine itself, ensuring long-lasting durability and reliability. Powered by top-notch components, including RAYCUS laser source, FUJI servo motor, and Raytools laser head, this cutting machine is engineered to meet your industrial needs.","og_url":"https:\/\/www.leadhan.com\/fr_fr\/produit\/lh-2000w-machine-de-decoupe-laser-a-trois-mandrins-pour-la-decoupe-de-tuyaux-en-acier\/","og_site_name":"Leading han","article_modified_time":"2025-06-03T16:07:24+00:00","og_image":[{"width":720,"height":720,"url":"https:\/\/www.leadhan.com\/wp-content\/uploads\/2025\/02\/C04FC3A9-2D6F-47ae-89A3-C09A4882C568.png","type":"image\/png"}],"twitter_card":"summary_large_image","twitter_misc":{"Dur\u00e9e de lecture estim\u00e9e":"2 minutes"},"schema":{"@context":"https:\/\/schema.org","@graph":[{"@type":"WebPage","@id":"https:\/\/www.leadhan.com\/product\/lh-2000w-three-chuck-steel-fiber-laser-cutting-machine-for-steel-pipe-metal-cutting\/","url":"https:\/\/www.leadhan.com\/product\/lh-2000w-three-chuck-steel-fiber-laser-cutting-machine-for-steel-pipe-metal-cutting\/","name":"LH 2000W Three-Chuck Steel Fiber Laser Cutting Machine for Steel Pipe & Metal Cutting - Leading han","isPartOf":{"@id":"https:\/\/www.leadhan.com\/af\/#website"},"primaryImageOfPage":{"@id":"https:\/\/www.leadhan.com\/product\/lh-2000w-three-chuck-steel-fiber-laser-cutting-machine-for-steel-pipe-metal-cutting\/#primaryimage"},"image":{"@id":"https:\/\/www.leadhan.com\/product\/lh-2000w-three-chuck-steel-fiber-laser-cutting-machine-for-steel-pipe-metal-cutting\/#primaryimage"},"thumbnailUrl":"https:\/\/www.leadhan.com\/wp-content\/uploads\/2025\/02\/C04FC3A9-2D6F-47ae-89A3-C09A4882C568.png","datePublished":"2025-02-10T02:11:04+00:00","dateModified":"2025-06-03T16:07:24+00:00","breadcrumb":{"@id":"https:\/\/www.leadhan.com\/product\/lh-2000w-three-chuck-steel-fiber-laser-cutting-machine-for-steel-pipe-metal-cutting\/#breadcrumb"},"inLanguage":"fr-FR","potentialAction":[{"@type":"ReadAction","target":["https:\/\/www.leadhan.com\/product\/lh-2000w-three-chuck-steel-fiber-laser-cutting-machine-for-steel-pipe-metal-cutting\/"]}]},{"@type":"ImageObject","inLanguage":"fr-FR","@id":"https:\/\/www.leadhan.com\/product\/lh-2000w-three-chuck-steel-fiber-laser-cutting-machine-for-steel-pipe-metal-cutting\/#primaryimage","url":"https:\/\/www.leadhan.com\/wp-content\/uploads\/2025\/02\/C04FC3A9-2D6F-47ae-89A3-C09A4882C568.png","contentUrl":"https:\/\/www.leadhan.com\/wp-content\/uploads\/2025\/02\/C04FC3A9-2D6F-47ae-89A3-C09A4882C568.png","width":720,"height":720},{"@type":"BreadcrumbList","@id":"https:\/\/www.leadhan.com\/product\/lh-2000w-three-chuck-steel-fiber-laser-cutting-machine-for-steel-pipe-metal-cutting\/#breadcrumb","itemListElement":[{"@type":"ListItem","position":1,"name":"Home","item":"https:\/\/www.leadhan.com\/"},{"@type":"ListItem","position":2,"name":"laser cutting machine","item":"https:\/\/www.leadhan.com\/shop\/"},{"@type":"ListItem","position":3,"name":"LH 2000W Three-Chuck Steel Fiber Laser Cutting Machine for Steel Pipe &#038; Metal Cutting"}]},{"@type":"WebSite","@id":"https:\/\/www.leadhan.com\/af\/#website","url":"https:\/\/www.leadhan.com\/af\/","name":"Leading han","description":"","publisher":{"@id":"https:\/\/www.leadhan.com\/af\/#organization"},"potentialAction":[{"@type":"SearchAction","target":{"@type":"EntryPoint","urlTemplate":"https:\/\/www.leadhan.com\/af\/?s={search_term_string}"},"query-input":{"@type":"PropertyValueSpecification","valueRequired":true,"valueName":"search_term_string"}}],"inLanguage":"fr-FR"},{"@type":"Organization","@id":"https:\/\/www.leadhan.com\/af\/#organization","name":"Leading han","url":"https:\/\/www.leadhan.com\/af\/","logo":{"@type":"ImageObject","inLanguage":"fr-FR","@id":"https:\/\/www.leadhan.com\/af\/#\/schema\/logo\/image\/","url":"https:\/\/www.leadhan.com\/wp-content\/uploads\/2024\/08\/965.png","contentUrl":"https:\/\/www.leadhan.com\/wp-content\/uploads\/2024\/08\/965.png","width":239,"height":300,"caption":"Leading han"},"image":{"@id":"https:\/\/www.leadhan.com\/af\/#\/schema\/logo\/image\/"}}]}},"uagb_featured_image_src":{"full":["https:\/\/www.leadhan.com\/wp-content\/uploads\/2025\/02\/C04FC3A9-2D6F-47ae-89A3-C09A4882C568.png",720,720,false],"thumbnail":["https:\/\/www.leadhan.com\/wp-content\/uploads\/2025\/02\/C04FC3A9-2D6F-47ae-89A3-C09A4882C568-150x150.png",150,150,true],"medium":["https:\/\/www.leadhan.com\/wp-content\/uploads\/2025\/02\/C04FC3A9-2D6F-47ae-89A3-C09A4882C568-300x300.png",300,300,true],"medium_large":["https:\/\/www.leadhan.com\/wp-content\/uploads\/2025\/02\/C04FC3A9-2D6F-47ae-89A3-C09A4882C568.png",720,720,false],"large":["https:\/\/www.leadhan.com\/wp-content\/uploads\/2025\/02\/C04FC3A9-2D6F-47ae-89A3-C09A4882C568.png",720,720,false],"1536x1536":["https:\/\/www.leadhan.com\/wp-content\/uploads\/2025\/02\/C04FC3A9-2D6F-47ae-89A3-C09A4882C568.png",720,720,false],"2048x2048":["https:\/\/www.leadhan.com\/wp-content\/uploads\/2025\/02\/C04FC3A9-2D6F-47ae-89A3-C09A4882C568.png",720,720,false],"trp-custom-language-flag":["https:\/\/www.leadhan.com\/wp-content\/uploads\/2025\/02\/C04FC3A9-2D6F-47ae-89A3-C09A4882C568-12x12.png",12,12,true],"woocommerce_thumbnail":["https:\/\/www.leadhan.com\/wp-content\/uploads\/2025\/02\/C04FC3A9-2D6F-47ae-89A3-C09A4882C568-300x300.png",300,300,true],"woocommerce_single":["https:\/\/www.leadhan.com\/wp-content\/uploads\/2025\/02\/C04FC3A9-2D6F-47ae-89A3-C09A4882C568-600x600.png",600,600,true],"woocommerce_gallery_thumbnail":["https:\/\/www.leadhan.com\/wp-content\/uploads\/2025\/02\/C04FC3A9-2D6F-47ae-89A3-C09A4882C568-100x100.png",100,100,true]},"uagb_author_info":{"display_name":"user","author_link":"https:\/\/www.leadhan.com\/fr_fr\/author\/"},"uagb_comment_info":17,"uagb_excerpt":"LH 2000W Three-Chuck Steel Fiber Laser Cutting Machine is designed for high-precision cutting of metal pipes and tubes, making it an ideal choice for various industries. This machine ensures top-tier performance with repeat positioning accuracy of 0.03mm and cutting accuracy of 0.05mm. Its automated loading feature enhances productivity by reducing labor costs and streamlining the\u2026","_links":{"self":[{"href":"https:\/\/www.leadhan.com\/fr_fr\/wp-json\/wp\/v2\/product\/4429","targetHints":{"allow":["GET"]}}],"collection":[{"href":"https:\/\/www.leadhan.com\/fr_fr\/wp-json\/wp\/v2\/product"}],"about":[{"href":"https:\/\/www.leadhan.com\/fr_fr\/wp-json\/wp\/v2\/types\/product"}],"replies":[{"embeddable":true,"href":"https:\/\/www.leadhan.com\/fr_fr\/wp-json\/wp\/v2\/comments?post=4429"}],"wp:featuredmedia":[{"embeddable":true,"href":"https:\/\/www.leadhan.com\/fr_fr\/wp-json\/wp\/v2\/media\/4451"}],"wp:attachment":[{"href":"https:\/\/www.leadhan.com\/fr_fr\/wp-json\/wp\/v2\/media?parent=4429"}],"wp:term":[{"taxonomy":"product_brand","embeddable":true,"href":"https:\/\/www.leadhan.com\/fr_fr\/wp-json\/wp\/v2\/product_brand?post=4429"},{"taxonomy":"product_cat","embeddable":true,"href":"https:\/\/www.leadhan.com\/fr_fr\/wp-json\/wp\/v2\/product_cat?post=4429"},{"taxonomy":"product_tag","embeddable":true,"href":"https:\/\/www.leadhan.com\/fr_fr\/wp-json\/wp\/v2\/product_tag?post=4429"}],"curies":[{"name":"wp","href":"https:\/\/api.w.org\/{rel}","templated":true}]}}