{"id":4668,"date":"2025-03-04T02:39:35","date_gmt":"2025-03-04T10:39:35","guid":{"rendered":"https:\/\/www.leadhan.com\/?post_type=product&#038;p=4668"},"modified":"2025-06-06T12:09:54","modified_gmt":"2025-06-06T19:09:54","slug":"lh-6000-watt-fiber-laser-cutting-machine-sheet-laser-iron-sheet-cutting-machine-for-metal","status":"publish","type":"product","link":"https:\/\/www.leadhan.com\/fr_fr\/produit\/lh-6000-watt-fiber-laser-cutting-machine-sheet-laser-iron-sheet-cutting-machine-for-metal\/","title":{"rendered":"LH 6000 Watt Fiber Laser Cutting Machine Sheet Laser Iron Sheet Cutting Machine for Metal"},"content":{"rendered":"<ul class=\"\" data-spm-anchor-id=\"a2700.details.0.i66.241d2e26Z5TBr9\">\n<li data-spm-anchor-id=\"a2700.details.0.i65.5d3c345aYzHNOp\">D\u00e9coupe de haute pr\u00e9cision : Cette machine de d\u00e9coupe laser \u00e0 fibre LH 6000 watts offre une d\u00e9coupe de haute pr\u00e9cision avec une pr\u00e9cision de positionnement de 0,03 mm et une pr\u00e9cision de repositionnement de 0,02 mm, garantissant des coupes pr\u00e9cises pour divers besoins de d\u00e9coupe de t\u00f4les.<\/li>\n<li>Large champ d'application : Convient \u00e0 diverses industries telles que les h\u00f4tels, les magasins de v\u00eatements, les magasins de mat\u00e9riaux de construction, les usines de fabrication, et plus encore, ce qui en fait une solution polyvalente pour divers besoins commerciaux.<\/li>\n<li>Puissance personnalisable : cette machine est dot\u00e9e d'une puissance laser de 1500W-6000W, ce qui permet des options de d\u00e9coupe flexibles pour diff\u00e9rents mat\u00e9riaux et \u00e9paisseurs.<\/li>\n<li>Assistance \u00e0 long terme : B\u00e9n\u00e9ficiez d'une garantie de 3 ans sur l'appareil et de 3 ans sur les principaux composants, pour une utilisation \u00e0 long terme en toute s\u00e9r\u00e9nit\u00e9.<\/li>\n<li>Technologie avanc\u00e9e : \u00c9quip\u00e9 de caract\u00e9ristiques de pointe telles que le chargement automatis\u00e9, le mode d'onde continue et un syst\u00e8me de lubrification enti\u00e8rement automatique, garantissant un fonctionnement efficace et une maintenance minimale.<\/li>\n<li data-spm-anchor-id=\"a2700.details.0.i68.241d2e26Z5TBr9\"><\/li>\n<\/ul>","protected":false},"excerpt":{"rendered":"<p><strong>Machine de d\u00e9coupe laser \u00e0 fibre LH \u00e0 3 mandrins pour tubes et tuyaux en m\u00e9tal<\/strong> est con\u00e7ue pour une d\u00e9coupe de haute pr\u00e9cision avec une pr\u00e9cision et une fiabilit\u00e9 exceptionnelles. Cette machine est parfaite pour les industries qui exigent des r\u00e9sultats constants et de haute qualit\u00e9, notamment les h\u00f4tels, les ateliers de confection, les ateliers de mat\u00e9riaux de construction et les usines de fabrication. Elle offre une pr\u00e9cision de coupe de 0,05 mm et une pr\u00e9cision de positionnement r\u00e9p\u00e9t\u00e9 de 0,03 mm, ce qui garantit des coupes parfaites \u00e0 chaque fois. Gr\u00e2ce \u00e0 une fonction avanc\u00e9e de chargement automatis\u00e9, la machine am\u00e9liore la productivit\u00e9 tout en r\u00e9duisant les co\u00fbts de main-d'\u0153uvre. En outre, sa configuration \u00e0 3 axes et ses composants durables tels que la source laser Raycus, le servomoteur Fuji et le rail de guidage Hiwin en font un choix fiable pour les t\u00e2ches de d\u00e9coupe lourdes.<\/p>","protected":false},"featured_media":4454,"comment_status":"open","ping_status":"closed","template":"","meta":{"_uag_custom_page_level_css":"","site-sidebar-layout":"default","site-content-layout":"","ast-site-content-layout":"default","site-content-style":"default","site-sidebar-style":"default","ast-global-header-display":"","ast-banner-title-visibility":"","ast-main-header-display":"","ast-hfb-above-header-display":"","ast-hfb-below-header-display":"","ast-hfb-mobile-header-display":"","site-post-title":"","ast-breadcrumbs-content":"","ast-featured-img":"","footer-sml-layout":"","theme-transparent-header-meta":"default","adv-header-id-meta":"","stick-header-meta":"","header-above-stick-meta":"","header-main-stick-meta":"","header-below-stick-meta":"","astra-migrate-meta-layouts":"set","ast-page-background-enabled":"default","ast-page-background-meta":{"desktop":{"background-color":"var(--ast-global-color-4)","background-image":"","background-repeat":"repeat","background-position":"center center","background-size":"auto","background-attachment":"scroll","background-type":"","background-media":"","overlay-type":"","overlay-color":"","overlay-opacity":"","overlay-gradient":""},"tablet":{"background-color":"","background-image":"","background-repeat":"repeat","background-position":"center center","background-size":"auto","background-attachment":"scroll","background-type":"","background-media":"","overlay-type":"","overlay-color":"","overlay-opacity":"","overlay-gradient":""},"mobile":{"background-color":"","background-image":"","background-repeat":"repeat","background-position":"center center","background-size":"auto","background-attachment":"scroll","background-type":"","background-media":"","overlay-type":"","overlay-color":"","overlay-opacity":"","overlay-gradient":""}},"ast-content-background-meta":{"desktop":{"background-color":"var(--ast-global-color-5)","background-image":"","background-repeat":"repeat","background-position":"center center","background-size":"auto","background-attachment":"scroll","background-type":"","background-media":"","overlay-type":"","overlay-color":"","overlay-opacity":"","overlay-gradient":""},"tablet":{"background-color":"var(--ast-global-color-5)","background-image":"","background-repeat":"repeat","background-position":"center center","background-size":"auto","background-attachment":"scroll","background-type":"","background-media":"","overlay-type":"","overlay-color":"","overlay-opacity":"","overlay-gradient":""},"mobile":{"background-color":"var(--ast-global-color-5)","background-image":"","background-repeat":"repeat","background-position":"center center","background-size":"auto","background-attachment":"scroll","background-type":"","background-media":"","overlay-type":"","overlay-color":"","overlay-opacity":"","overlay-gradient":""}}},"product_brand":[],"product_cat":[34],"product_tag":[],"class_list":{"0":"post-4668","1":"product","2":"type-product","3":"status-publish","4":"has-post-thumbnail","6":"product_cat-single-platform-laser-cutting-machine","7":"desktop-align-left","8":"tablet-align-left","9":"mobile-align-left","11":"first","12":"instock","13":"shipping-taxable","14":"product-type-simple"},"yoast_head":"<!-- This site is optimized with the Yoast SEO plugin v24.4 - https:\/\/yoast.com\/wordpress\/plugins\/seo\/ -->\n<title>LH 6000 Watt Fiber Laser Cutting Machine Sheet Laser Iron Sheet Cutting Machine for Metal - Leading han<\/title>\n<meta name=\"robots\" content=\"index, follow, max-snippet:-1, max-image-preview:large, max-video-preview:-1\" \/>\n<link rel=\"canonical\" href=\"https:\/\/www.leadhan.com\/fr_fr\/produit\/lh-6000-watt-fiber-laser-cutting-machine-sheet-laser-iron-sheet-cutting-machine-for-metal\/\" \/>\n<meta property=\"og:locale\" content=\"fr_FR\" \/>\n<meta property=\"og:type\" content=\"article\" \/>\n<meta property=\"og:title\" content=\"LH 6000 Watt Fiber Laser Cutting Machine Sheet Laser Iron Sheet Cutting Machine for Metal - Leading han\" \/>\n<meta property=\"og:description\" content=\"LH 3-Chuck Fiber Laser Cutting Machine for Metal Pipe &amp; Tube is engineered for high-precision cutting with exceptional accuracy and reliability. This machine is perfect for industries that require consistent, high-quality results, including hotels, garment shops, building material shops, and manufacturing plants. It boasts a cutting accuracy of 0.05mm and repeat positioning accuracy of 0.03mm, ensuring perfect cuts every time. With an advanced automated loading feature, the machine enhances productivity while reducing labor costs. Additionally, its 3-axis configuration and durable components such as Raycus laser source, Fuji servo motor, and Hiwin guiderail make it a reliable choice for heavy-duty cutting tasks.\" \/>\n<meta property=\"og:url\" content=\"https:\/\/www.leadhan.com\/fr_fr\/produit\/lh-6000-watt-fiber-laser-cutting-machine-sheet-laser-iron-sheet-cutting-machine-for-metal\/\" \/>\n<meta property=\"og:site_name\" content=\"Leading han\" \/>\n<meta property=\"article:modified_time\" content=\"2025-06-06T19:09:54+00:00\" \/>\n<meta property=\"og:image\" content=\"https:\/\/www.leadhan.com\/wp-content\/uploads\/2025\/02\/375AACD1-15E9-4202-B6EE-5F07CCECB3A0.png\" \/>\n\t<meta property=\"og:image:width\" content=\"720\" \/>\n\t<meta property=\"og:image:height\" content=\"720\" \/>\n\t<meta property=\"og:image:type\" content=\"image\/png\" \/>\n<meta name=\"twitter:card\" content=\"summary_large_image\" \/>\n<meta name=\"twitter:label1\" content=\"Dur\u00e9e de lecture estim\u00e9e\" \/>\n\t<meta name=\"twitter:data1\" content=\"1 minute\" \/>\n<script type=\"application\/ld+json\" class=\"yoast-schema-graph\">{\"@context\":\"https:\/\/schema.org\",\"@graph\":[{\"@type\":\"WebPage\",\"@id\":\"https:\/\/www.leadhan.com\/product\/lh-6000-watt-fiber-laser-cutting-machine-sheet-laser-iron-sheet-cutting-machine-for-metal\/\",\"url\":\"https:\/\/www.leadhan.com\/product\/lh-6000-watt-fiber-laser-cutting-machine-sheet-laser-iron-sheet-cutting-machine-for-metal\/\",\"name\":\"LH 6000 Watt Fiber Laser Cutting Machine Sheet Laser Iron Sheet Cutting Machine for Metal - Leading han\",\"isPartOf\":{\"@id\":\"https:\/\/www.leadhan.com\/af\/#website\"},\"primaryImageOfPage\":{\"@id\":\"https:\/\/www.leadhan.com\/product\/lh-6000-watt-fiber-laser-cutting-machine-sheet-laser-iron-sheet-cutting-machine-for-metal\/#primaryimage\"},\"image\":{\"@id\":\"https:\/\/www.leadhan.com\/product\/lh-6000-watt-fiber-laser-cutting-machine-sheet-laser-iron-sheet-cutting-machine-for-metal\/#primaryimage\"},\"thumbnailUrl\":\"https:\/\/www.leadhan.com\/wp-content\/uploads\/2025\/02\/375AACD1-15E9-4202-B6EE-5F07CCECB3A0.png\",\"datePublished\":\"2025-03-04T10:39:35+00:00\",\"dateModified\":\"2025-06-06T19:09:54+00:00\",\"breadcrumb\":{\"@id\":\"https:\/\/www.leadhan.com\/product\/lh-6000-watt-fiber-laser-cutting-machine-sheet-laser-iron-sheet-cutting-machine-for-metal\/#breadcrumb\"},\"inLanguage\":\"fr-FR\",\"potentialAction\":[{\"@type\":\"ReadAction\",\"target\":[\"https:\/\/www.leadhan.com\/product\/lh-6000-watt-fiber-laser-cutting-machine-sheet-laser-iron-sheet-cutting-machine-for-metal\/\"]}]},{\"@type\":\"ImageObject\",\"inLanguage\":\"fr-FR\",\"@id\":\"https:\/\/www.leadhan.com\/product\/lh-6000-watt-fiber-laser-cutting-machine-sheet-laser-iron-sheet-cutting-machine-for-metal\/#primaryimage\",\"url\":\"https:\/\/www.leadhan.com\/wp-content\/uploads\/2025\/02\/375AACD1-15E9-4202-B6EE-5F07CCECB3A0.png\",\"contentUrl\":\"https:\/\/www.leadhan.com\/wp-content\/uploads\/2025\/02\/375AACD1-15E9-4202-B6EE-5F07CCECB3A0.png\",\"width\":720,\"height\":720},{\"@type\":\"BreadcrumbList\",\"@id\":\"https:\/\/www.leadhan.com\/product\/lh-6000-watt-fiber-laser-cutting-machine-sheet-laser-iron-sheet-cutting-machine-for-metal\/#breadcrumb\",\"itemListElement\":[{\"@type\":\"ListItem\",\"position\":1,\"name\":\"Home\",\"item\":\"https:\/\/www.leadhan.com\/\"},{\"@type\":\"ListItem\",\"position\":2,\"name\":\"laser cutting machine\",\"item\":\"https:\/\/www.leadhan.com\/shop\/\"},{\"@type\":\"ListItem\",\"position\":3,\"name\":\"LH 6000 Watt Fiber Laser Cutting Machine Sheet Laser Iron Sheet Cutting Machine for Metal\"}]},{\"@type\":\"WebSite\",\"@id\":\"https:\/\/www.leadhan.com\/af\/#website\",\"url\":\"https:\/\/www.leadhan.com\/af\/\",\"name\":\"Leading han\",\"description\":\"\",\"publisher\":{\"@id\":\"https:\/\/www.leadhan.com\/af\/#organization\"},\"potentialAction\":[{\"@type\":\"SearchAction\",\"target\":{\"@type\":\"EntryPoint\",\"urlTemplate\":\"https:\/\/www.leadhan.com\/af\/?s={search_term_string}\"},\"query-input\":{\"@type\":\"PropertyValueSpecification\",\"valueRequired\":true,\"valueName\":\"search_term_string\"}}],\"inLanguage\":\"fr-FR\"},{\"@type\":\"Organization\",\"@id\":\"https:\/\/www.leadhan.com\/af\/#organization\",\"name\":\"Leading han\",\"url\":\"https:\/\/www.leadhan.com\/af\/\",\"logo\":{\"@type\":\"ImageObject\",\"inLanguage\":\"fr-FR\",\"@id\":\"https:\/\/www.leadhan.com\/af\/#\/schema\/logo\/image\/\",\"url\":\"https:\/\/www.leadhan.com\/wp-content\/uploads\/2024\/08\/965.png\",\"contentUrl\":\"https:\/\/www.leadhan.com\/wp-content\/uploads\/2024\/08\/965.png\",\"width\":239,\"height\":300,\"caption\":\"Leading han\"},\"image\":{\"@id\":\"https:\/\/www.leadhan.com\/af\/#\/schema\/logo\/image\/\"}}]}<\/script>\n<!-- \/ Yoast SEO plugin. -->","yoast_head_json":{"title":"LH 6000 Watt Fiber Laser Cutting Machine Sheet Laser Iron Sheet Cutting Machine for Metal - Leading han","robots":{"index":"index","follow":"follow","max-snippet":"max-snippet:-1","max-image-preview":"max-image-preview:large","max-video-preview":"max-video-preview:-1"},"canonical":"https:\/\/www.leadhan.com\/fr_fr\/produit\/lh-6000-watt-fiber-laser-cutting-machine-sheet-laser-iron-sheet-cutting-machine-for-metal\/","og_locale":"fr_FR","og_type":"article","og_title":"LH 6000 Watt Fiber Laser Cutting Machine Sheet Laser Iron Sheet Cutting Machine for Metal - Leading han","og_description":"LH 3-Chuck Fiber Laser Cutting Machine for Metal Pipe &amp; Tube is engineered for high-precision cutting with exceptional accuracy and reliability. This machine is perfect for industries that require consistent, high-quality results, including hotels, garment shops, building material shops, and manufacturing plants. It boasts a cutting accuracy of 0.05mm and repeat positioning accuracy of 0.03mm, ensuring perfect cuts every time. With an advanced automated loading feature, the machine enhances productivity while reducing labor costs. Additionally, its 3-axis configuration and durable components such as Raycus laser source, Fuji servo motor, and Hiwin guiderail make it a reliable choice for heavy-duty cutting tasks.","og_url":"https:\/\/www.leadhan.com\/fr_fr\/produit\/lh-6000-watt-fiber-laser-cutting-machine-sheet-laser-iron-sheet-cutting-machine-for-metal\/","og_site_name":"Leading han","article_modified_time":"2025-06-06T19:09:54+00:00","og_image":[{"width":720,"height":720,"url":"https:\/\/www.leadhan.com\/wp-content\/uploads\/2025\/02\/375AACD1-15E9-4202-B6EE-5F07CCECB3A0.png","type":"image\/png"}],"twitter_card":"summary_large_image","twitter_misc":{"Dur\u00e9e de lecture estim\u00e9e":"1 minute"},"schema":{"@context":"https:\/\/schema.org","@graph":[{"@type":"WebPage","@id":"https:\/\/www.leadhan.com\/product\/lh-6000-watt-fiber-laser-cutting-machine-sheet-laser-iron-sheet-cutting-machine-for-metal\/","url":"https:\/\/www.leadhan.com\/product\/lh-6000-watt-fiber-laser-cutting-machine-sheet-laser-iron-sheet-cutting-machine-for-metal\/","name":"LH 6000 Watt Fiber Laser Cutting Machine Sheet Laser Iron Sheet Cutting Machine for Metal - Leading han","isPartOf":{"@id":"https:\/\/www.leadhan.com\/af\/#website"},"primaryImageOfPage":{"@id":"https:\/\/www.leadhan.com\/product\/lh-6000-watt-fiber-laser-cutting-machine-sheet-laser-iron-sheet-cutting-machine-for-metal\/#primaryimage"},"image":{"@id":"https:\/\/www.leadhan.com\/product\/lh-6000-watt-fiber-laser-cutting-machine-sheet-laser-iron-sheet-cutting-machine-for-metal\/#primaryimage"},"thumbnailUrl":"https:\/\/www.leadhan.com\/wp-content\/uploads\/2025\/02\/375AACD1-15E9-4202-B6EE-5F07CCECB3A0.png","datePublished":"2025-03-04T10:39:35+00:00","dateModified":"2025-06-06T19:09:54+00:00","breadcrumb":{"@id":"https:\/\/www.leadhan.com\/product\/lh-6000-watt-fiber-laser-cutting-machine-sheet-laser-iron-sheet-cutting-machine-for-metal\/#breadcrumb"},"inLanguage":"fr-FR","potentialAction":[{"@type":"ReadAction","target":["https:\/\/www.leadhan.com\/product\/lh-6000-watt-fiber-laser-cutting-machine-sheet-laser-iron-sheet-cutting-machine-for-metal\/"]}]},{"@type":"ImageObject","inLanguage":"fr-FR","@id":"https:\/\/www.leadhan.com\/product\/lh-6000-watt-fiber-laser-cutting-machine-sheet-laser-iron-sheet-cutting-machine-for-metal\/#primaryimage","url":"https:\/\/www.leadhan.com\/wp-content\/uploads\/2025\/02\/375AACD1-15E9-4202-B6EE-5F07CCECB3A0.png","contentUrl":"https:\/\/www.leadhan.com\/wp-content\/uploads\/2025\/02\/375AACD1-15E9-4202-B6EE-5F07CCECB3A0.png","width":720,"height":720},{"@type":"BreadcrumbList","@id":"https:\/\/www.leadhan.com\/product\/lh-6000-watt-fiber-laser-cutting-machine-sheet-laser-iron-sheet-cutting-machine-for-metal\/#breadcrumb","itemListElement":[{"@type":"ListItem","position":1,"name":"Home","item":"https:\/\/www.leadhan.com\/"},{"@type":"ListItem","position":2,"name":"laser cutting machine","item":"https:\/\/www.leadhan.com\/shop\/"},{"@type":"ListItem","position":3,"name":"LH 6000 Watt Fiber Laser Cutting Machine Sheet Laser Iron Sheet Cutting Machine for Metal"}]},{"@type":"WebSite","@id":"https:\/\/www.leadhan.com\/af\/#website","url":"https:\/\/www.leadhan.com\/af\/","name":"Leading han","description":"","publisher":{"@id":"https:\/\/www.leadhan.com\/af\/#organization"},"potentialAction":[{"@type":"SearchAction","target":{"@type":"EntryPoint","urlTemplate":"https:\/\/www.leadhan.com\/af\/?s={search_term_string}"},"query-input":{"@type":"PropertyValueSpecification","valueRequired":true,"valueName":"search_term_string"}}],"inLanguage":"fr-FR"},{"@type":"Organization","@id":"https:\/\/www.leadhan.com\/af\/#organization","name":"Leading han","url":"https:\/\/www.leadhan.com\/af\/","logo":{"@type":"ImageObject","inLanguage":"fr-FR","@id":"https:\/\/www.leadhan.com\/af\/#\/schema\/logo\/image\/","url":"https:\/\/www.leadhan.com\/wp-content\/uploads\/2024\/08\/965.png","contentUrl":"https:\/\/www.leadhan.com\/wp-content\/uploads\/2024\/08\/965.png","width":239,"height":300,"caption":"Leading han"},"image":{"@id":"https:\/\/www.leadhan.com\/af\/#\/schema\/logo\/image\/"}}]}},"uagb_featured_image_src":{"full":["https:\/\/www.leadhan.com\/wp-content\/uploads\/2025\/02\/375AACD1-15E9-4202-B6EE-5F07CCECB3A0.png",720,720,false],"thumbnail":["https:\/\/www.leadhan.com\/wp-content\/uploads\/2025\/02\/375AACD1-15E9-4202-B6EE-5F07CCECB3A0-150x150.png",150,150,true],"medium":["https:\/\/www.leadhan.com\/wp-content\/uploads\/2025\/02\/375AACD1-15E9-4202-B6EE-5F07CCECB3A0-300x300.png",300,300,true],"medium_large":["https:\/\/www.leadhan.com\/wp-content\/uploads\/2025\/02\/375AACD1-15E9-4202-B6EE-5F07CCECB3A0.png",720,720,false],"large":["https:\/\/www.leadhan.com\/wp-content\/uploads\/2025\/02\/375AACD1-15E9-4202-B6EE-5F07CCECB3A0.png",720,720,false],"1536x1536":["https:\/\/www.leadhan.com\/wp-content\/uploads\/2025\/02\/375AACD1-15E9-4202-B6EE-5F07CCECB3A0.png",720,720,false],"2048x2048":["https:\/\/www.leadhan.com\/wp-content\/uploads\/2025\/02\/375AACD1-15E9-4202-B6EE-5F07CCECB3A0.png",720,720,false],"trp-custom-language-flag":["https:\/\/www.leadhan.com\/wp-content\/uploads\/2025\/02\/375AACD1-15E9-4202-B6EE-5F07CCECB3A0-12x12.png",12,12,true],"woocommerce_thumbnail":["https:\/\/www.leadhan.com\/wp-content\/uploads\/2025\/02\/375AACD1-15E9-4202-B6EE-5F07CCECB3A0-300x300.png",300,300,true],"woocommerce_single":["https:\/\/www.leadhan.com\/wp-content\/uploads\/2025\/02\/375AACD1-15E9-4202-B6EE-5F07CCECB3A0-600x600.png",600,600,true],"woocommerce_gallery_thumbnail":["https:\/\/www.leadhan.com\/wp-content\/uploads\/2025\/02\/375AACD1-15E9-4202-B6EE-5F07CCECB3A0-100x100.png",100,100,true]},"uagb_author_info":{"display_name":"user","author_link":"https:\/\/www.leadhan.com\/fr_fr\/author\/"},"uagb_comment_info":18,"uagb_excerpt":"LH 3-Chuck Fiber Laser Cutting Machine for Metal Pipe &amp; Tube is engineered for high-precision cutting with exceptional accuracy and reliability. This machine is perfect for industries that require consistent, high-quality results, including hotels, garment shops, building material shops, and manufacturing plants. It boasts a cutting accuracy of 0.05mm and repeat positioning accuracy of 0.03mm,\u2026","_links":{"self":[{"href":"https:\/\/www.leadhan.com\/fr_fr\/wp-json\/wp\/v2\/product\/4668","targetHints":{"allow":["GET"]}}],"collection":[{"href":"https:\/\/www.leadhan.com\/fr_fr\/wp-json\/wp\/v2\/product"}],"about":[{"href":"https:\/\/www.leadhan.com\/fr_fr\/wp-json\/wp\/v2\/types\/product"}],"replies":[{"embeddable":true,"href":"https:\/\/www.leadhan.com\/fr_fr\/wp-json\/wp\/v2\/comments?post=4668"}],"wp:featuredmedia":[{"embeddable":true,"href":"https:\/\/www.leadhan.com\/fr_fr\/wp-json\/wp\/v2\/media\/4454"}],"wp:attachment":[{"href":"https:\/\/www.leadhan.com\/fr_fr\/wp-json\/wp\/v2\/media?parent=4668"}],"wp:term":[{"taxonomy":"product_brand","embeddable":true,"href":"https:\/\/www.leadhan.com\/fr_fr\/wp-json\/wp\/v2\/product_brand?post=4668"},{"taxonomy":"product_cat","embeddable":true,"href":"https:\/\/www.leadhan.com\/fr_fr\/wp-json\/wp\/v2\/product_cat?post=4668"},{"taxonomy":"product_tag","embeddable":true,"href":"https:\/\/www.leadhan.com\/fr_fr\/wp-json\/wp\/v2\/product_tag?post=4668"}],"curies":[{"name":"wp","href":"https:\/\/api.w.org\/{rel}","templated":true}]}}