{"id":4407,"date":"2025-02-08T14:29:35","date_gmt":"2025-02-08T06:29:35","guid":{"rendered":"https:\/\/www.leadhan.com\/?post_type=product&#038;p=4407"},"modified":"2025-06-07T09:56:10","modified_gmt":"2025-06-07T16:56:10","slug":"3000w-6000w-fiber-laser-cutting-machines-for-steel-alloy-aluminum","status":"publish","type":"product","link":"https:\/\/www.leadhan.com\/it\/prodotto\/3000w-6000w-macchine-di-taglio-laser-in-fibra-per-acciaio-lega-di-alluminio\/","title":{"rendered":"3000W\/6000W macchine di taglio del laser della fibra per acciaio, lega, alluminio"},"content":{"rendered":"<p><strong>Tagliatrice laser ad alta precisione per lamiere di metallo (acciaio, lega, alluminio) - 1500W a 6000W<\/strong><\/p>\n<p>Questo <strong>Macchina di taglio laser a fibra di LH 3000x1500mm<\/strong> \u00e8 progettato per <strong>taglio laser ad alta precisione<\/strong> di vari metalli, tra cui <strong>acciaio<\/strong>, <strong>lega<\/strong>, e <strong>lamiere di alluminio<\/strong>. Offre <strong>precisione di posizione di 0,03 mm<\/strong> e <strong>precisione di riposizionamento di 0,02 mm<\/strong>garantendo tagli precisi per un'ampia gamma di applicazioni industriali. Perfetta sia per il taglio ad alta velocit\u00e0 che per lavori di precisione dettagliati, questa macchina \u00e8 adatta a <strong>lavorazione della lamiera<\/strong>, <strong>fabbricazione di metalli<\/strong>e altri <strong>industrie del taglio laser<\/strong>.<\/p>\n<h3>Specifiche principali:<\/h3>\n<ul>\n<li><strong>Potenza laser<\/strong>: Personalizzabile tra <strong>1500W e 6000W<\/strong>, adatto a diverse esigenze di taglio, da <strong>taglio ad alta velocit\u00e0<\/strong> a disegni intricati.<\/li>\n<li><strong>Area di taglio<\/strong>: <strong>3000 mm x 1500 mm<\/strong>ideale per il taglio di lamiere di grande formato.<\/li>\n<li><strong>Precisione di taglio<\/strong>: <strong>Precisione di posizione: 0,03 mm<\/strong>, <strong>Precisione di riposizionamento: 0,02 mm<\/strong>, assicurando tagli netti e puliti.<\/li>\n<li><strong>Compatibilit\u00e0 dei materiali<\/strong>: Funziona con <strong>acciaio<\/strong>, <strong>acciaio legato<\/strong>, <strong>alluminio<\/strong>e altri metalli comunemente utilizzati nella produzione e nella fabbricazione.<\/li>\n<li><strong>Peso della macchina<\/strong>: <strong>3500 kg<\/strong>, assicurando durata e stabilit\u00e0 durante il funzionamento.<\/li>\n<\/ul>\n<h3>Caratteristiche aggiuntive:<\/h3>\n<ul>\n<li><strong>Sistema di caricamento automatico<\/strong>: Riduce il lavoro manuale e ottimizza il processo di taglio per una maggiore efficienza.<\/li>\n<li><strong>Raffreddamento e lubrificazione<\/strong>: Lubrificazione completamente automatica e modalit\u00e0 di raffreddamento ad aria per un'efficiente dissipazione del calore e una maggiore durata della macchina.<\/li>\n<li><strong>Compatibilit\u00e0 dei file multiformato<\/strong>: Supporti <strong>CAD<\/strong>, <strong>DXF<\/strong>, <strong>AI<\/strong>, <strong>PLT<\/strong>, <strong>BMP<\/strong>, <strong>DST<\/strong>, <strong>DWG<\/strong>, <strong>LAS<\/strong>, e <strong>DXF<\/strong> per importare ed elaborare i file senza problemi.<\/li>\n<li><strong>Garanzia<\/strong>: Sostenuto da un <strong>Garanzia di 3 anni<\/strong> sui componenti principali e sulla macchina stessa, garantendo affidabilit\u00e0 e prestazioni a lungo termine.<\/li>\n<\/ul>\n<h3>Applicazioni:<\/h3>\n<p>Questo versatile <strong>macchina per il taglio laser in fibra<\/strong> \u00e8 ampiamente utilizzato in <strong>lavorazione dei metalli<\/strong>, <strong>produzione automobilistica<\/strong>, <strong>aerospaziale<\/strong>, <strong>produzione di elettrodomestici<\/strong>, e <strong>negozi di fabbricazione di metalli<\/strong>. Sia che si debbano tagliare lastre sottili o forme complesse e spesse, questa macchina offre la combinazione perfetta di velocit\u00e0, precisione e adattabilit\u00e0.<\/p>\n<p>Ecco una versione strutturata e organizzata delle vostre specifiche per la macchina per il taglio dei metalli con laser a fibra:<\/p>\n<table style=\"height: 1718px;\" width=\"1166\">\n<thead>\n<tr>\n<th><strong>Attributo<\/strong><\/th>\n<th><strong>Specifiche<\/strong><\/th>\n<\/tr>\n<\/thead>\n<tbody>\n<tr>\n<td><strong>Attributi specifici del settore<\/strong><\/td>\n<td><\/td>\n<\/tr>\n<tr>\n<td>Materiale applicabile<\/td>\n<td>Metallo<\/td>\n<\/tr>\n<tr>\n<td>Tipo di laser<\/td>\n<td>Laser a fibra<\/td>\n<\/tr>\n<tr>\n<td><strong>Altri attributi<\/strong><\/td>\n<td><\/td>\n<\/tr>\n<tr>\n<td>Condizione<\/td>\n<td>Nuovo<\/td>\n<\/tr>\n<tr>\n<td>Spessore di taglio<\/td>\n<td>Personalizzato, 0-20MM<\/td>\n<\/tr>\n<tr>\n<td>Luogo di origine<\/td>\n<td>Jiangsu, Cina<\/td>\n<\/tr>\n<tr>\n<td>Peso (kg)<\/td>\n<td>3500<\/td>\n<\/tr>\n<tr>\n<td>Punti di forza<\/td>\n<td>Alta precisione<\/td>\n<\/tr>\n<tr>\n<td>Garanzia<\/td>\n<td>3 anni<\/td>\n<\/tr>\n<tr>\n<td>Modalit\u00e0 di funzionamento<\/td>\n<td>Onda continua<\/td>\n<\/tr>\n<tr>\n<td>Configurazione<\/td>\n<td>3 assi<\/td>\n<\/tr>\n<tr>\n<td>Prodotti trattati<\/td>\n<td>Lamiera<\/td>\n<\/tr>\n<tr>\n<td>Caratteristica<\/td>\n<td>Caricamento automatico<\/td>\n<\/tr>\n<tr>\n<td>Formato grafico supportato<\/td>\n<td>AI, PLT, DXF, BMP, Dst, Dwg, LAS, DXP<\/td>\n<\/tr>\n<tr>\n<td>CNC o no<\/td>\n<td>S\u00ec<\/td>\n<\/tr>\n<tr>\n<td>Modalit\u00e0 di raffreddamento<\/td>\n<td>Raffreddamento ad aria<\/td>\n<\/tr>\n<tr>\n<td>Nome del marchio<\/td>\n<td>LASER LH<\/td>\n<\/tr>\n<tr>\n<td>Marca della testa laser<\/td>\n<td>Raytools<\/td>\n<\/tr>\n<tr>\n<td>Marca del servomotore<\/td>\n<td>Inovance<\/td>\n<\/tr>\n<tr>\n<td>Marca della guida<\/td>\n<td>PMI<\/td>\n<\/tr>\n<tr>\n<td>Marca del sistema di controllo<\/td>\n<td>Cypcut<\/td>\n<\/tr>\n<tr>\n<td>Marchio di lenti ottiche<\/td>\n<td>Potente<\/td>\n<\/tr>\n<tr>\n<td><strong>Tipo di laser<\/strong><\/td>\n<td>Generatore laser a fibra<\/td>\n<\/tr>\n<tr>\n<td>Potenza laser<\/td>\n<td>1500W - 6000W<\/td>\n<\/tr>\n<tr>\n<td>Sistema di trasmissione<\/td>\n<td>Struttura a doppio comando Gantry<\/td>\n<\/tr>\n<tr>\n<td>Sistema di lubrificazione<\/td>\n<td>Completamente automatico<\/td>\n<\/tr>\n<tr>\n<td>Velocit\u00e0 massima accelerata<\/td>\n<td>1.0G<\/td>\n<\/tr>\n<tr>\n<td>Precisione di riposizionamento<\/td>\n<td>\u00b10,02 mm<\/td>\n<\/tr>\n<tr>\n<td>Formato grafico supportato<\/td>\n<td>CAD, DXF (ecc.)<\/td>\n<\/tr>\n<tr>\n<td>Ambiente di lavoro<\/td>\n<td>Temperatura: 0-40\u2103, umidit\u00e0: \u226480%, nessuna condensa<\/td>\n<\/tr>\n<tr>\n<td>Precisione della posizione<\/td>\n<td>\u00b10,03 mm<\/td>\n<\/tr>\n<tr>\n<td><strong>Nome del prodotto<\/strong><\/td>\n<td>Macchina per il taglio del metallo con laser a fibra<\/td>\n<\/tr>\n<\/tbody>\n<\/table>\n<p><span class=\"magic-8\" style=\"font-family: Arial;\">LH\/D \u00e8 una macchina ideale per il taglio laser della lamiera. Le prestazioni estremamente elevate e la semplicit\u00e0 di funzionamento della macchina consentono di recuperare i costi il prima possibile.<\/span><\/p>\n<div><span class=\"magic-8\" style=\"font-family: Arial;\"><b data-spm-anchor-id=\"a2700.details.0.i95.23dc14c0aseHTX\">Caratteristiche della macchina<\/b><br \/>\n<\/span><\/div>\n<div data-spm-anchor-id=\"a2700.details.0.i93.23dc14c0aseHTX\"><span class=\"magic-8\" style=\"font-family: Arial;\" data-spm-anchor-id=\"a2700.details.0.i94.23dc14c0aseHTX\">1. I componenti meccanici di alta qualit\u00e0 e il design perfetto garantiscono una maggiore precisione di taglio, una maggiore capacit\u00e0 di lavorazione e una pi\u00f9 ampia gamma di scenari applicativi per la macchina. 2. Dotato di un sistema CNC specializzato per macchine intelligenti per il taglio laser in fibra, il sistema consente il rilevamento automatico dei bordi, il layout automatico, la messa a fuoco automatica e il taglio automatico, facilitando la praticit\u00e0 e la velocit\u00e0 e migliorando l'efficienza di lavorazione. 3. Utilizza servomotori di alta precisione con prestazioni stabili e durature ad alta velocit\u00e0, che garantiscono un'elevata velocit\u00e0 e accelerazione dell'intera macchina. 4. Dispone di un sistema di allarme intelligente e di un dispositivo di protezione della pressione per garantire l'erogazione tempestiva del gas e migliorare l'efficienza della risoluzione dei problemi dell'apparecchiatura.<\/span><\/div>\n<div data-spm-anchor-id=\"a2700.details.0.i93.23dc14c0aseHTX\">\n<p><span class=\"magic-8\" style=\"font-family: Arial;\">La macchina di taglio laser in fibra LH \u00e8 adatta per il taglio di lamiere o tubi in acciaio inossidabile, acciaio dolce, acciaio al carbonio, acciaio legato, acciaio per molle, ferro, ferro zincato, zincato, alluminio, rame, ottone, bronzo, titanio, ecc.<\/span><\/p>\n<div data-spm-anchor-id=\"a2700.details.0.i103.23dc14c0aseHTX\"><span class=\"magic-8\" style=\"font-family: Arial;\"> I diversi spessori di taglio dipendono dalla diversa selezione della potenza del laser nella macchina da taglio laser.<\/span><\/div>\n<\/div>","protected":false},"excerpt":{"rendered":"<p>Questa macchina per il taglio laser in fibra LH 3000x1500 mm \u00e8 progettata per il taglio laser ad alta precisione di vari metalli, tra cui acciaio, leghe e fogli di alluminio. Offre una precisione di posizione di 0,03 mm e una precisione di riposizionamento di 0,02 mm, garantendo tagli precisi per una variet\u00e0 di applicazioni industriali. Perfetta sia per il taglio ad alta velocit\u00e0 che per lavori di precisione dettagliati, questa macchina \u00e8 adatta alla lavorazione della lamiera, alla fabbricazione di metalli e ad altri settori del taglio laser.<\/p>","protected":false},"featured_media":4408,"comment_status":"open","ping_status":"closed","template":"","meta":{"_uag_custom_page_level_css":"","site-sidebar-layout":"default","site-content-layout":"","ast-site-content-layout":"default","site-content-style":"default","site-sidebar-style":"default","ast-global-header-display":"","ast-banner-title-visibility":"","ast-main-header-display":"","ast-hfb-above-header-display":"","ast-hfb-below-header-display":"","ast-hfb-mobile-header-display":"","site-post-title":"","ast-breadcrumbs-content":"","ast-featured-img":"","footer-sml-layout":"","theme-transparent-header-meta":"default","adv-header-id-meta":"","stick-header-meta":"","header-above-stick-meta":"","header-main-stick-meta":"","header-below-stick-meta":"","astra-migrate-meta-layouts":"set","ast-page-background-enabled":"default","ast-page-background-meta":{"desktop":{"background-color":"var(--ast-global-color-4)","background-image":"","background-repeat":"repeat","background-position":"center center","background-size":"auto","background-attachment":"scroll","background-type":"","background-media":"","overlay-type":"","overlay-color":"","overlay-opacity":"","overlay-gradient":""},"tablet":{"background-color":"","background-image":"","background-repeat":"repeat","background-position":"center center","background-size":"auto","background-attachment":"scroll","background-type":"","background-media":"","overlay-type":"","overlay-color":"","overlay-opacity":"","overlay-gradient":""},"mobile":{"background-color":"","background-image":"","background-repeat":"repeat","background-position":"center center","background-size":"auto","background-attachment":"scroll","background-type":"","background-media":"","overlay-type":"","overlay-color":"","overlay-opacity":"","overlay-gradient":""}},"ast-content-background-meta":{"desktop":{"background-color":"var(--ast-global-color-5)","background-image":"","background-repeat":"repeat","background-position":"center center","background-size":"auto","background-attachment":"scroll","background-type":"","background-media":"","overlay-type":"","overlay-color":"","overlay-opacity":"","overlay-gradient":""},"tablet":{"background-color":"var(--ast-global-color-5)","background-image":"","background-repeat":"repeat","background-position":"center center","background-size":"auto","background-attachment":"scroll","background-type":"","background-media":"","overlay-type":"","overlay-color":"","overlay-opacity":"","overlay-gradient":""},"mobile":{"background-color":"var(--ast-global-color-5)","background-image":"","background-repeat":"repeat","background-position":"center center","background-size":"auto","background-attachment":"scroll","background-type":"","background-media":"","overlay-type":"","overlay-color":"","overlay-opacity":"","overlay-gradient":""}}},"product_brand":[39],"product_cat":[34],"product_tag":[],"class_list":{"0":"post-4407","1":"product","2":"type-product","3":"status-publish","4":"has-post-thumbnail","6":"product_brand-ltd","7":"product_cat-single-platform-laser-cutting-machine","8":"desktop-align-left","9":"tablet-align-left","10":"mobile-align-left","12":"first","13":"instock","14":"shipping-taxable","15":"product-type-simple"},"yoast_head":"<!-- This site is optimized with the Yoast SEO plugin v24.4 - https:\/\/yoast.com\/wordpress\/plugins\/seo\/ -->\n<title>3000W\/6000W Fiber Laser Cutting Machines for Steel, Alloy, Aluminum - Leading han<\/title>\n<meta name=\"robots\" content=\"index, follow, max-snippet:-1, max-image-preview:large, max-video-preview:-1\" \/>\n<link rel=\"canonical\" href=\"https:\/\/www.leadhan.com\/it\/prodotto\/3000w-6000w-macchine-di-taglio-laser-in-fibra-per-acciaio-lega-di-alluminio\/\" \/>\n<meta property=\"og:locale\" content=\"it_IT\" \/>\n<meta property=\"og:type\" content=\"article\" \/>\n<meta property=\"og:title\" content=\"3000W\/6000W Fiber Laser Cutting Machines for Steel, Alloy, Aluminum - Leading han\" \/>\n<meta property=\"og:description\" content=\"This LH 3000x1500mm fiber laser cutting machine is designed for high-accuracy laser cutting of various metals, including steel, alloy, and aluminum sheets. It offers position accuracy of 0.03mm and reposition accuracy of 0.02mm, ensuring precise cuts for a variety of industrial applications. Perfect for both high-speed cutting and detailed precision work, this machine is suitable for sheet metal processing, metal fabrication, and other laser cutting industries.\" \/>\n<meta property=\"og:url\" content=\"https:\/\/www.leadhan.com\/it\/prodotto\/3000w-6000w-macchine-di-taglio-laser-in-fibra-per-acciaio-lega-di-alluminio\/\" \/>\n<meta property=\"og:site_name\" content=\"Leading han\" \/>\n<meta property=\"article:modified_time\" content=\"2025-06-07T16:56:10+00:00\" \/>\n<meta property=\"og:image\" content=\"https:\/\/www.leadhan.com\/wp-content\/uploads\/2025\/02\/6E4C0C92-CEF6-4fea-81D6-9AA316923831.png\" \/>\n\t<meta property=\"og:image:width\" content=\"720\" \/>\n\t<meta property=\"og:image:height\" content=\"720\" \/>\n\t<meta property=\"og:image:type\" content=\"image\/png\" \/>\n<meta name=\"twitter:card\" content=\"summary_large_image\" \/>\n<meta name=\"twitter:label1\" content=\"Tempo di lettura stimato\" \/>\n\t<meta name=\"twitter:data1\" content=\"3 minuti\" \/>\n<script type=\"application\/ld+json\" class=\"yoast-schema-graph\">{\"@context\":\"https:\/\/schema.org\",\"@graph\":[{\"@type\":\"WebPage\",\"@id\":\"https:\/\/www.leadhan.com\/product\/3000w-6000w-fiber-laser-cutting-machines-for-steel-alloy-aluminum\/\",\"url\":\"https:\/\/www.leadhan.com\/product\/3000w-6000w-fiber-laser-cutting-machines-for-steel-alloy-aluminum\/\",\"name\":\"3000W\/6000W Fiber Laser Cutting Machines for Steel, Alloy, Aluminum - Leading han\",\"isPartOf\":{\"@id\":\"https:\/\/www.leadhan.com\/af\/#website\"},\"primaryImageOfPage\":{\"@id\":\"https:\/\/www.leadhan.com\/product\/3000w-6000w-fiber-laser-cutting-machines-for-steel-alloy-aluminum\/#primaryimage\"},\"image\":{\"@id\":\"https:\/\/www.leadhan.com\/product\/3000w-6000w-fiber-laser-cutting-machines-for-steel-alloy-aluminum\/#primaryimage\"},\"thumbnailUrl\":\"https:\/\/www.leadhan.com\/wp-content\/uploads\/2025\/02\/6E4C0C92-CEF6-4fea-81D6-9AA316923831.png\",\"datePublished\":\"2025-02-08T06:29:35+00:00\",\"dateModified\":\"2025-06-07T16:56:10+00:00\",\"breadcrumb\":{\"@id\":\"https:\/\/www.leadhan.com\/product\/3000w-6000w-fiber-laser-cutting-machines-for-steel-alloy-aluminum\/#breadcrumb\"},\"inLanguage\":\"it-IT\",\"potentialAction\":[{\"@type\":\"ReadAction\",\"target\":[\"https:\/\/www.leadhan.com\/product\/3000w-6000w-fiber-laser-cutting-machines-for-steel-alloy-aluminum\/\"]}]},{\"@type\":\"ImageObject\",\"inLanguage\":\"it-IT\",\"@id\":\"https:\/\/www.leadhan.com\/product\/3000w-6000w-fiber-laser-cutting-machines-for-steel-alloy-aluminum\/#primaryimage\",\"url\":\"https:\/\/www.leadhan.com\/wp-content\/uploads\/2025\/02\/6E4C0C92-CEF6-4fea-81D6-9AA316923831.png\",\"contentUrl\":\"https:\/\/www.leadhan.com\/wp-content\/uploads\/2025\/02\/6E4C0C92-CEF6-4fea-81D6-9AA316923831.png\",\"width\":720,\"height\":720},{\"@type\":\"BreadcrumbList\",\"@id\":\"https:\/\/www.leadhan.com\/product\/3000w-6000w-fiber-laser-cutting-machines-for-steel-alloy-aluminum\/#breadcrumb\",\"itemListElement\":[{\"@type\":\"ListItem\",\"position\":1,\"name\":\"Home\",\"item\":\"https:\/\/www.leadhan.com\/\"},{\"@type\":\"ListItem\",\"position\":2,\"name\":\"laser cutting machine\",\"item\":\"https:\/\/www.leadhan.com\/shop\/\"},{\"@type\":\"ListItem\",\"position\":3,\"name\":\"3000W\/6000W Fiber Laser Cutting Machines for Steel, Alloy, Aluminum\"}]},{\"@type\":\"WebSite\",\"@id\":\"https:\/\/www.leadhan.com\/af\/#website\",\"url\":\"https:\/\/www.leadhan.com\/af\/\",\"name\":\"Leading han\",\"description\":\"\",\"publisher\":{\"@id\":\"https:\/\/www.leadhan.com\/af\/#organization\"},\"potentialAction\":[{\"@type\":\"SearchAction\",\"target\":{\"@type\":\"EntryPoint\",\"urlTemplate\":\"https:\/\/www.leadhan.com\/af\/?s={search_term_string}\"},\"query-input\":{\"@type\":\"PropertyValueSpecification\",\"valueRequired\":true,\"valueName\":\"search_term_string\"}}],\"inLanguage\":\"it-IT\"},{\"@type\":\"Organization\",\"@id\":\"https:\/\/www.leadhan.com\/af\/#organization\",\"name\":\"Leading han\",\"url\":\"https:\/\/www.leadhan.com\/af\/\",\"logo\":{\"@type\":\"ImageObject\",\"inLanguage\":\"it-IT\",\"@id\":\"https:\/\/www.leadhan.com\/af\/#\/schema\/logo\/image\/\",\"url\":\"https:\/\/www.leadhan.com\/wp-content\/uploads\/2024\/08\/965.png\",\"contentUrl\":\"https:\/\/www.leadhan.com\/wp-content\/uploads\/2024\/08\/965.png\",\"width\":239,\"height\":300,\"caption\":\"Leading han\"},\"image\":{\"@id\":\"https:\/\/www.leadhan.com\/af\/#\/schema\/logo\/image\/\"}}]}<\/script>\n<!-- \/ Yoast SEO plugin. -->","yoast_head_json":{"title":"3000W\/6000W Fiber Laser Cutting Machines for Steel, Alloy, Aluminum - Leading han","robots":{"index":"index","follow":"follow","max-snippet":"max-snippet:-1","max-image-preview":"max-image-preview:large","max-video-preview":"max-video-preview:-1"},"canonical":"https:\/\/www.leadhan.com\/it\/prodotto\/3000w-6000w-macchine-di-taglio-laser-in-fibra-per-acciaio-lega-di-alluminio\/","og_locale":"it_IT","og_type":"article","og_title":"3000W\/6000W Fiber Laser Cutting Machines for Steel, Alloy, Aluminum - Leading han","og_description":"This LH 3000x1500mm fiber laser cutting machine is designed for high-accuracy laser cutting of various metals, including steel, alloy, and aluminum sheets. It offers position accuracy of 0.03mm and reposition accuracy of 0.02mm, ensuring precise cuts for a variety of industrial applications. Perfect for both high-speed cutting and detailed precision work, this machine is suitable for sheet metal processing, metal fabrication, and other laser cutting industries.","og_url":"https:\/\/www.leadhan.com\/it\/prodotto\/3000w-6000w-macchine-di-taglio-laser-in-fibra-per-acciaio-lega-di-alluminio\/","og_site_name":"Leading han","article_modified_time":"2025-06-07T16:56:10+00:00","og_image":[{"width":720,"height":720,"url":"https:\/\/www.leadhan.com\/wp-content\/uploads\/2025\/02\/6E4C0C92-CEF6-4fea-81D6-9AA316923831.png","type":"image\/png"}],"twitter_card":"summary_large_image","twitter_misc":{"Tempo di lettura stimato":"3 minuti"},"schema":{"@context":"https:\/\/schema.org","@graph":[{"@type":"WebPage","@id":"https:\/\/www.leadhan.com\/product\/3000w-6000w-fiber-laser-cutting-machines-for-steel-alloy-aluminum\/","url":"https:\/\/www.leadhan.com\/product\/3000w-6000w-fiber-laser-cutting-machines-for-steel-alloy-aluminum\/","name":"3000W\/6000W Fiber Laser Cutting Machines for Steel, Alloy, Aluminum - Leading han","isPartOf":{"@id":"https:\/\/www.leadhan.com\/af\/#website"},"primaryImageOfPage":{"@id":"https:\/\/www.leadhan.com\/product\/3000w-6000w-fiber-laser-cutting-machines-for-steel-alloy-aluminum\/#primaryimage"},"image":{"@id":"https:\/\/www.leadhan.com\/product\/3000w-6000w-fiber-laser-cutting-machines-for-steel-alloy-aluminum\/#primaryimage"},"thumbnailUrl":"https:\/\/www.leadhan.com\/wp-content\/uploads\/2025\/02\/6E4C0C92-CEF6-4fea-81D6-9AA316923831.png","datePublished":"2025-02-08T06:29:35+00:00","dateModified":"2025-06-07T16:56:10+00:00","breadcrumb":{"@id":"https:\/\/www.leadhan.com\/product\/3000w-6000w-fiber-laser-cutting-machines-for-steel-alloy-aluminum\/#breadcrumb"},"inLanguage":"it-IT","potentialAction":[{"@type":"ReadAction","target":["https:\/\/www.leadhan.com\/product\/3000w-6000w-fiber-laser-cutting-machines-for-steel-alloy-aluminum\/"]}]},{"@type":"ImageObject","inLanguage":"it-IT","@id":"https:\/\/www.leadhan.com\/product\/3000w-6000w-fiber-laser-cutting-machines-for-steel-alloy-aluminum\/#primaryimage","url":"https:\/\/www.leadhan.com\/wp-content\/uploads\/2025\/02\/6E4C0C92-CEF6-4fea-81D6-9AA316923831.png","contentUrl":"https:\/\/www.leadhan.com\/wp-content\/uploads\/2025\/02\/6E4C0C92-CEF6-4fea-81D6-9AA316923831.png","width":720,"height":720},{"@type":"BreadcrumbList","@id":"https:\/\/www.leadhan.com\/product\/3000w-6000w-fiber-laser-cutting-machines-for-steel-alloy-aluminum\/#breadcrumb","itemListElement":[{"@type":"ListItem","position":1,"name":"Home","item":"https:\/\/www.leadhan.com\/"},{"@type":"ListItem","position":2,"name":"laser cutting machine","item":"https:\/\/www.leadhan.com\/shop\/"},{"@type":"ListItem","position":3,"name":"3000W\/6000W Fiber Laser Cutting Machines for Steel, Alloy, Aluminum"}]},{"@type":"WebSite","@id":"https:\/\/www.leadhan.com\/af\/#website","url":"https:\/\/www.leadhan.com\/af\/","name":"Leading han","description":"","publisher":{"@id":"https:\/\/www.leadhan.com\/af\/#organization"},"potentialAction":[{"@type":"SearchAction","target":{"@type":"EntryPoint","urlTemplate":"https:\/\/www.leadhan.com\/af\/?s={search_term_string}"},"query-input":{"@type":"PropertyValueSpecification","valueRequired":true,"valueName":"search_term_string"}}],"inLanguage":"it-IT"},{"@type":"Organization","@id":"https:\/\/www.leadhan.com\/af\/#organization","name":"Leading han","url":"https:\/\/www.leadhan.com\/af\/","logo":{"@type":"ImageObject","inLanguage":"it-IT","@id":"https:\/\/www.leadhan.com\/af\/#\/schema\/logo\/image\/","url":"https:\/\/www.leadhan.com\/wp-content\/uploads\/2024\/08\/965.png","contentUrl":"https:\/\/www.leadhan.com\/wp-content\/uploads\/2024\/08\/965.png","width":239,"height":300,"caption":"Leading han"},"image":{"@id":"https:\/\/www.leadhan.com\/af\/#\/schema\/logo\/image\/"}}]}},"uagb_featured_image_src":{"full":["https:\/\/www.leadhan.com\/wp-content\/uploads\/2025\/02\/6E4C0C92-CEF6-4fea-81D6-9AA316923831.png",720,720,false],"thumbnail":["https:\/\/www.leadhan.com\/wp-content\/uploads\/2025\/02\/6E4C0C92-CEF6-4fea-81D6-9AA316923831-150x150.png",150,150,true],"medium":["https:\/\/www.leadhan.com\/wp-content\/uploads\/2025\/02\/6E4C0C92-CEF6-4fea-81D6-9AA316923831-300x300.png",300,300,true],"medium_large":["https:\/\/www.leadhan.com\/wp-content\/uploads\/2025\/02\/6E4C0C92-CEF6-4fea-81D6-9AA316923831.png",720,720,false],"large":["https:\/\/www.leadhan.com\/wp-content\/uploads\/2025\/02\/6E4C0C92-CEF6-4fea-81D6-9AA316923831.png",720,720,false],"1536x1536":["https:\/\/www.leadhan.com\/wp-content\/uploads\/2025\/02\/6E4C0C92-CEF6-4fea-81D6-9AA316923831.png",720,720,false],"2048x2048":["https:\/\/www.leadhan.com\/wp-content\/uploads\/2025\/02\/6E4C0C92-CEF6-4fea-81D6-9AA316923831.png",720,720,false],"trp-custom-language-flag":["https:\/\/www.leadhan.com\/wp-content\/uploads\/2025\/02\/6E4C0C92-CEF6-4fea-81D6-9AA316923831-12x12.png",12,12,true],"woocommerce_thumbnail":["https:\/\/www.leadhan.com\/wp-content\/uploads\/2025\/02\/6E4C0C92-CEF6-4fea-81D6-9AA316923831-300x300.png",300,300,true],"woocommerce_single":["https:\/\/www.leadhan.com\/wp-content\/uploads\/2025\/02\/6E4C0C92-CEF6-4fea-81D6-9AA316923831-600x600.png",600,600,true],"woocommerce_gallery_thumbnail":["https:\/\/www.leadhan.com\/wp-content\/uploads\/2025\/02\/6E4C0C92-CEF6-4fea-81D6-9AA316923831-100x100.png",100,100,true]},"uagb_author_info":{"display_name":"user","author_link":"https:\/\/www.leadhan.com\/it\/author\/"},"uagb_comment_info":17,"uagb_excerpt":"This LH 3000x1500mm fiber laser cutting machine is designed for high-accuracy laser cutting of various metals, including steel, alloy, and aluminum sheets. It offers position accuracy of 0.03mm and reposition accuracy of 0.02mm, ensuring precise cuts for a variety of industrial applications. Perfect for both high-speed cutting and detailed precision work, this machine is suitable&hellip;","_links":{"self":[{"href":"https:\/\/www.leadhan.com\/it\/wp-json\/wp\/v2\/product\/4407","targetHints":{"allow":["GET"]}}],"collection":[{"href":"https:\/\/www.leadhan.com\/it\/wp-json\/wp\/v2\/product"}],"about":[{"href":"https:\/\/www.leadhan.com\/it\/wp-json\/wp\/v2\/types\/product"}],"replies":[{"embeddable":true,"href":"https:\/\/www.leadhan.com\/it\/wp-json\/wp\/v2\/comments?post=4407"}],"wp:featuredmedia":[{"embeddable":true,"href":"https:\/\/www.leadhan.com\/it\/wp-json\/wp\/v2\/media\/4408"}],"wp:attachment":[{"href":"https:\/\/www.leadhan.com\/it\/wp-json\/wp\/v2\/media?parent=4407"}],"wp:term":[{"taxonomy":"product_brand","embeddable":true,"href":"https:\/\/www.leadhan.com\/it\/wp-json\/wp\/v2\/product_brand?post=4407"},{"taxonomy":"product_cat","embeddable":true,"href":"https:\/\/www.leadhan.com\/it\/wp-json\/wp\/v2\/product_cat?post=4407"},{"taxonomy":"product_tag","embeddable":true,"href":"https:\/\/www.leadhan.com\/it\/wp-json\/wp\/v2\/product_tag?post=4407"}],"curies":[{"name":"wp","href":"https:\/\/api.w.org\/{rel}","templated":true}]}}