{"id":2,"date":"2024-08-20T10:07:24","date_gmt":"2024-08-20T10:07:24","guid":{"rendered":"http:\/\/43.135.183.88\/?page_id=2"},"modified":"2025-02-10T11:40:48","modified_gmt":"2025-02-10T03:40:48","slug":"sample-page","status":"publish","type":"page","link":"https:\/\/www.leadhan.com\/pl\/sample-page\/","title":{"rendered":"Jinan Linghan Laser Technology Co., Ltd"},"content":{"rendered":"<p>Jinan Linghan Laser Technology Co., Ltd. Zajmuje si\u0119 g\u0142\u00f3wnie: Jednosto\u0142owa maszyna do ci\u0119cia laserowego, wielkogabarytowa maszyna do ci\u0119cia laserowego z platform\u0105 wymiany, ultra-wielkoformatowa maszyna do ci\u0119cia laserowego, zintegrowana z p\u0142yt\u0105 maszyna do ci\u0119cia laserowego, dwuuchwytowa p\u00f3\u0142automatyczna maszyna do ci\u0119cia rur, trzyuchwytowa laserowa maszyna do ci\u0119cia rur, czterouchwytowa laserowa maszyna do ci\u0119cia rur, maszyna do ci\u0119cia stali, spawarka laserowa. Mamy rozleg\u0142e i stabilne wzorce klient\u00f3w w bran\u017cach takich jak instrumenty precyzyjne, produkcja blach, cz\u0119\u015bci samochodowe oraz sprz\u0119t kuchenny i \u0142azienkowy. Maj\u0105c na celu \"dostosowanie ekskluzywnych rozwi\u0105za\u0144 produktowych dla klient\u00f3w\", utworzyli\u015bmy 24-godzinn\u0105 infolini\u0119 obs\u0142ugi klienta, a w duchu \"pragmatyzmu, stabilno\u015bci, innowacji i pomys\u0142owo\u015bci\" zapewniamy kompleksowe i przemy\u015blane us\u0142ugi techniczne dla gospodarki rynkowej i wi\u0119kszo\u015bci u\u017cytkownik\u00f3w, i jeste\u015bmy zaanga\u017cowani w budowanie solidnego mostu z wi\u0119kszo\u015bci\u0105 u\u017cytkownik\u00f3w dzi\u0119ki wysokiej jako\u015bci sprz\u0119towi laserowemu, wyj\u0105tkowemu urokowi i przyjaznej obs\u0142udze.<\/p><p>We firmly believe that: Faith supports life, dedication wins praise, service gains market, and persistence achieves career<\/p><figure class=\"wp-block-table\"><table class=\"has-fixed-layout\"><tbody><tr><td>Category<\/td><td>Specification Item<\/td><td>Details<\/td><\/tr><tr><td>Trade Capacity<\/td><td>International Commercial Terms (Incoterms)<\/td><td>FOB, CIF<\/td><\/tr><tr><td>Trade Capacity<\/td><td>Terms of Payment<\/td><td>LC, T\/T, PayPal<\/td><\/tr><tr><td>Trade Capacity<\/td><td>Average Lead Time<\/td><td>One month<\/td><\/tr><tr><td>Trade Capacity<\/td><td>Peak Season Lead Time<\/td><td>Peak Season Lead Time: one month<\/td><\/tr><tr><td>Trade Capacity<\/td><td>Off Season Lead Time<\/td><td>Off Season Lead Time: within 15 workdays<\/td><\/tr><tr><td>Trade Capacity<\/td><td>Number of Foreign Trading Staff<\/td><td>11~20 People<\/td><\/tr><tr><td>Trade Capacity<\/td><td>Export Year<\/td><td>2024\/8\/3<\/td><\/tr><tr><td>Production Capacity<\/td><td>Export Percentage<\/td><td>71%~90%<\/td><\/tr><tr><td>Production Capacity<\/td><td>Main Markets<\/td><td>North America, South America, Eastern Europe, Southeast Asia, Africa, Oceania, Mid East, Eastern Asia, Western Europe<\/td><\/tr><tr><td>Production Capacity<\/td><td>Nearest Port<\/td><td>Lianyungang, Qingdao<\/td><\/tr><tr><td>Production Capacity<\/td><td>Factory Address<\/td><td>Jinan, Shandong, China<\/td><\/tr><tr><td>Production Capacity<\/td><td>R&amp;D Capacity<\/td><td>OEM, ODM, Own Brand<\/td><\/tr><tr><td>Production Capacity<\/td><td>No. of R&amp;D Staff<\/td><td>41-50 People<\/td><\/tr><tr><td>Production Capacity<\/td><td>No. of Production Lines<\/td><td>5<\/td><\/tr><tr><td>Production Capacity<\/td><td>Annual Output Value<\/td><td>US$10 Million &#8211; US$50 Million<\/td><\/tr><\/tbody><\/table><\/figure><div class=\"wp-block-uagb-image uagb-block-4d1395ab wp-block-uagb-image--layout-default wp-block-uagb-image--effect-static wp-block-uagb-image--align-none\"><figure class=\"wp-block-uagb-image__figure\"><img loading=\"lazy\" decoding=\"async\" srcset=\"https:\/\/www.leadhan.com\/wp-content\/uploads\/2025\/02\/\u751f\u4ea7\u8f66\u95f4\u56fe.jpg ,https:\/\/www.leadhan.com\/wp-content\/uploads\/2025\/02\/\u751f\u4ea7\u8f66\u95f4\u56fe.jpg 780w, https:\/\/www.leadhan.com\/wp-content\/uploads\/2025\/02\/\u751f\u4ea7\u8f66\u95f4\u56fe.jpg 360w\" sizes=\"auto, (max-width: 480px) 150px\" src=\"https:\/\/www.leadhan.com\/wp-content\/uploads\/2025\/02\/\u751f\u4ea7\u8f66\u95f4\u56fe.jpg\" alt=\"\" class=\"uag-image-4441\" width=\"650\" height=\"487\" title=\"\u751f\u4ea7\u8f66\u95f4\u56fe\" role=\"img\"\/><\/figure><\/div>","protected":false},"excerpt":{"rendered":"<p>Jinan Linghan Laser Technology Co., Ltd. Mainly deals in: Single-table laser cutting machine, large-surround exchange platform laser cutting machine, ultra-large-format [&hellip;]<\/p>","protected":false},"author":1,"featured_media":0,"parent":0,"menu_order":0,"comment_status":"closed","ping_status":"open","template":"","meta":{"_uag_custom_page_level_css":"","site-sidebar-layout":"default","site-content-layout":"","ast-site-content-layout":"","site-content-style":"default","site-sidebar-style":"default","ast-global-header-display":"","ast-banner-title-visibility":"","ast-main-header-display":"","ast-hfb-above-header-display":"","ast-hfb-below-header-display":"","ast-hfb-mobile-header-display":"","site-post-title":"","ast-breadcrumbs-content":"","ast-featured-img":"","footer-sml-layout":"","theme-transparent-header-meta":"","adv-header-id-meta":"","stick-header-meta":"","header-above-stick-meta":"","header-main-stick-meta":"","header-below-stick-meta":"","astra-migrate-meta-layouts":"default","ast-page-background-enabled":"default","ast-page-background-meta":{"desktop":{"background-color":"var(--ast-global-color-4)","background-image":"","background-repeat":"repeat","background-position":"center center","background-size":"auto","background-attachment":"scroll","background-type":"","background-media":"","overlay-type":"","overlay-color":"","overlay-opacity":"","overlay-gradient":""},"tablet":{"background-color":"","background-image":"","background-repeat":"repeat","background-position":"center center","background-size":"auto","background-attachment":"scroll","background-type":"","background-media":"","overlay-type":"","overlay-color":"","overlay-opacity":"","overlay-gradient":""},"mobile":{"background-color":"","background-image":"","background-repeat":"repeat","background-position":"center center","background-size":"auto","background-attachment":"scroll","background-type":"","background-media":"","overlay-type":"","overlay-color":"","overlay-opacity":"","overlay-gradient":""}},"ast-content-background-meta":{"desktop":{"background-color":"var(--ast-global-color-5)","background-image":"","background-repeat":"repeat","background-position":"center center","background-size":"auto","background-attachment":"scroll","background-type":"","background-media":"","overlay-type":"","overlay-color":"","overlay-opacity":"","overlay-gradient":""},"tablet":{"background-color":"var(--ast-global-color-5)","background-image":"","background-repeat":"repeat","background-position":"center center","background-size":"auto","background-attachment":"scroll","background-type":"","background-media":"","overlay-type":"","overlay-color":"","overlay-opacity":"","overlay-gradient":""},"mobile":{"background-color":"var(--ast-global-color-5)","background-image":"","background-repeat":"repeat","background-position":"center center","background-size":"auto","background-attachment":"scroll","background-type":"","background-media":"","overlay-type":"","overlay-color":"","overlay-opacity":"","overlay-gradient":""}},"footnotes":""},"class_list":["post-2","page","type-page","status-publish","hentry"],"yoast_head":"<!-- This site is optimized with the Yoast SEO plugin v24.4 - https:\/\/yoast.com\/wordpress\/plugins\/seo\/ -->\n<title>Jinan Linghan Laser Technology Co., Ltd - Leading han<\/title>\n<meta name=\"robots\" content=\"index, follow, max-snippet:-1, max-image-preview:large, max-video-preview:-1\" \/>\n<link rel=\"canonical\" href=\"https:\/\/www.leadhan.com\/pl\/sample-page\/\" \/>\n<meta property=\"og:locale\" content=\"pl_PL\" \/>\n<meta property=\"og:type\" content=\"article\" \/>\n<meta property=\"og:title\" content=\"Jinan Linghan Laser Technology Co., Ltd - Leading han\" \/>\n<meta property=\"og:description\" content=\"Jinan Linghan Laser Technology Co., Ltd. Mainly deals in: Single-table laser cutting machine, large-surround exchange platform laser cutting machine, ultra-large-format [&hellip;]\" \/>\n<meta property=\"og:url\" content=\"https:\/\/www.leadhan.com\/pl\/sample-page\/\" \/>\n<meta property=\"og:site_name\" content=\"Leading han\" \/>\n<meta property=\"article:modified_time\" content=\"2025-02-10T03:40:48+00:00\" \/>\n<meta name=\"twitter:card\" content=\"summary_large_image\" \/>\n<meta name=\"twitter:label1\" content=\"Szacowany czas czytania\" \/>\n\t<meta name=\"twitter:data1\" content=\"2 minuty\" \/>\n<script type=\"application\/ld+json\" class=\"yoast-schema-graph\">{\"@context\":\"https:\/\/schema.org\",\"@graph\":[{\"@type\":\"WebPage\",\"@id\":\"https:\/\/www.leadhan.com\/sample-page\/\",\"url\":\"https:\/\/www.leadhan.com\/sample-page\/\",\"name\":\"Jinan Linghan Laser Technology Co., Ltd - Leading han\",\"isPartOf\":{\"@id\":\"https:\/\/www.leadhan.com\/af\/#website\"},\"datePublished\":\"2024-08-20T10:07:24+00:00\",\"dateModified\":\"2025-02-10T03:40:48+00:00\",\"breadcrumb\":{\"@id\":\"https:\/\/www.leadhan.com\/sample-page\/#breadcrumb\"},\"inLanguage\":\"pl-PL\",\"potentialAction\":[{\"@type\":\"ReadAction\",\"target\":[\"https:\/\/www.leadhan.com\/sample-page\/\"]}]},{\"@type\":\"BreadcrumbList\",\"@id\":\"https:\/\/www.leadhan.com\/sample-page\/#breadcrumb\",\"itemListElement\":[{\"@type\":\"ListItem\",\"position\":1,\"name\":\"Home\",\"item\":\"https:\/\/www.leadhan.com\/\"},{\"@type\":\"ListItem\",\"position\":2,\"name\":\"Jinan Linghan Laser Technology Co., Ltd\"}]},{\"@type\":\"WebSite\",\"@id\":\"https:\/\/www.leadhan.com\/af\/#website\",\"url\":\"https:\/\/www.leadhan.com\/af\/\",\"name\":\"Leading han\",\"description\":\"\",\"publisher\":{\"@id\":\"https:\/\/www.leadhan.com\/af\/#organization\"},\"potentialAction\":[{\"@type\":\"SearchAction\",\"target\":{\"@type\":\"EntryPoint\",\"urlTemplate\":\"https:\/\/www.leadhan.com\/af\/?s={search_term_string}\"},\"query-input\":{\"@type\":\"PropertyValueSpecification\",\"valueRequired\":true,\"valueName\":\"search_term_string\"}}],\"inLanguage\":\"pl-PL\"},{\"@type\":\"Organization\",\"@id\":\"https:\/\/www.leadhan.com\/af\/#organization\",\"name\":\"Leading han\",\"url\":\"https:\/\/www.leadhan.com\/af\/\",\"logo\":{\"@type\":\"ImageObject\",\"inLanguage\":\"pl-PL\",\"@id\":\"https:\/\/www.leadhan.com\/af\/#\/schema\/logo\/image\/\",\"url\":\"https:\/\/www.leadhan.com\/wp-content\/uploads\/2024\/08\/965.png\",\"contentUrl\":\"https:\/\/www.leadhan.com\/wp-content\/uploads\/2024\/08\/965.png\",\"width\":239,\"height\":300,\"caption\":\"Leading han\"},\"image\":{\"@id\":\"https:\/\/www.leadhan.com\/af\/#\/schema\/logo\/image\/\"}}]}<\/script>\n<!-- \/ Yoast SEO plugin. -->","yoast_head_json":{"title":"Jinan Linghan Laser Technology Co., Ltd - Leading han","robots":{"index":"index","follow":"follow","max-snippet":"max-snippet:-1","max-image-preview":"max-image-preview:large","max-video-preview":"max-video-preview:-1"},"canonical":"https:\/\/www.leadhan.com\/pl\/sample-page\/","og_locale":"pl_PL","og_type":"article","og_title":"Jinan Linghan Laser Technology Co., Ltd - Leading han","og_description":"Jinan Linghan Laser Technology Co., Ltd. Mainly deals in: Single-table laser cutting machine, large-surround exchange platform laser cutting machine, ultra-large-format [&hellip;]","og_url":"https:\/\/www.leadhan.com\/pl\/sample-page\/","og_site_name":"Leading han","article_modified_time":"2025-02-10T03:40:48+00:00","twitter_card":"summary_large_image","twitter_misc":{"Szacowany czas czytania":"2 minuty"},"schema":{"@context":"https:\/\/schema.org","@graph":[{"@type":"WebPage","@id":"https:\/\/www.leadhan.com\/sample-page\/","url":"https:\/\/www.leadhan.com\/sample-page\/","name":"Jinan Linghan Laser Technology Co., Ltd - Leading han","isPartOf":{"@id":"https:\/\/www.leadhan.com\/af\/#website"},"datePublished":"2024-08-20T10:07:24+00:00","dateModified":"2025-02-10T03:40:48+00:00","breadcrumb":{"@id":"https:\/\/www.leadhan.com\/sample-page\/#breadcrumb"},"inLanguage":"pl-PL","potentialAction":[{"@type":"ReadAction","target":["https:\/\/www.leadhan.com\/sample-page\/"]}]},{"@type":"BreadcrumbList","@id":"https:\/\/www.leadhan.com\/sample-page\/#breadcrumb","itemListElement":[{"@type":"ListItem","position":1,"name":"Home","item":"https:\/\/www.leadhan.com\/"},{"@type":"ListItem","position":2,"name":"Jinan Linghan Laser Technology Co., Ltd"}]},{"@type":"WebSite","@id":"https:\/\/www.leadhan.com\/af\/#website","url":"https:\/\/www.leadhan.com\/af\/","name":"Leading han","description":"","publisher":{"@id":"https:\/\/www.leadhan.com\/af\/#organization"},"potentialAction":[{"@type":"SearchAction","target":{"@type":"EntryPoint","urlTemplate":"https:\/\/www.leadhan.com\/af\/?s={search_term_string}"},"query-input":{"@type":"PropertyValueSpecification","valueRequired":true,"valueName":"search_term_string"}}],"inLanguage":"pl-PL"},{"@type":"Organization","@id":"https:\/\/www.leadhan.com\/af\/#organization","name":"Leading han","url":"https:\/\/www.leadhan.com\/af\/","logo":{"@type":"ImageObject","inLanguage":"pl-PL","@id":"https:\/\/www.leadhan.com\/af\/#\/schema\/logo\/image\/","url":"https:\/\/www.leadhan.com\/wp-content\/uploads\/2024\/08\/965.png","contentUrl":"https:\/\/www.leadhan.com\/wp-content\/uploads\/2024\/08\/965.png","width":239,"height":300,"caption":"Leading han"},"image":{"@id":"https:\/\/www.leadhan.com\/af\/#\/schema\/logo\/image\/"}}]}},"uagb_featured_image_src":{"full":false,"thumbnail":false,"medium":false,"medium_large":false,"large":false,"1536x1536":false,"2048x2048":false,"trp-custom-language-flag":false,"woocommerce_thumbnail":false,"woocommerce_single":false,"woocommerce_gallery_thumbnail":false},"uagb_author_info":{"display_name":"user","author_link":"https:\/\/www.leadhan.com\/pl\/author\/user\/"},"uagb_comment_info":0,"uagb_excerpt":"Jinan Linghan Laser Technology Co., Ltd. Mainly deals in: Single-table laser cutting machine, large-surround exchange platform laser cutting machine, ultra-large-format [&hellip;]","_links":{"self":[{"href":"https:\/\/www.leadhan.com\/pl\/wp-json\/wp\/v2\/pages\/2","targetHints":{"allow":["GET"]}}],"collection":[{"href":"https:\/\/www.leadhan.com\/pl\/wp-json\/wp\/v2\/pages"}],"about":[{"href":"https:\/\/www.leadhan.com\/pl\/wp-json\/wp\/v2\/types\/page"}],"author":[{"embeddable":true,"href":"https:\/\/www.leadhan.com\/pl\/wp-json\/wp\/v2\/users\/1"}],"replies":[{"embeddable":true,"href":"https:\/\/www.leadhan.com\/pl\/wp-json\/wp\/v2\/comments?post=2"}],"version-history":[{"count":1,"href":"https:\/\/www.leadhan.com\/pl\/wp-json\/wp\/v2\/pages\/2\/revisions"}],"predecessor-version":[{"id":4442,"href":"https:\/\/www.leadhan.com\/pl\/wp-json\/wp\/v2\/pages\/2\/revisions\/4442"}],"wp:attachment":[{"href":"https:\/\/www.leadhan.com\/pl\/wp-json\/wp\/v2\/media?parent=2"}],"curies":[{"name":"wp","href":"https:\/\/api.w.org\/{rel}","templated":true}]}}