{"id":4407,"date":"2025-02-08T14:29:35","date_gmt":"2025-02-08T06:29:35","guid":{"rendered":"https:\/\/www.leadhan.com\/?post_type=product&#038;p=4407"},"modified":"2025-06-07T09:56:10","modified_gmt":"2025-06-07T16:56:10","slug":"3000w-6000w-fiber-laser-cutting-machines-for-steel-alloy-aluminum","status":"publish","type":"product","link":"https:\/\/www.leadhan.com\/pt\/produto\/maquinas-de-corte-a-laser-de-fibra-3000w-6000w-para-liga-de-aco-e-aluminio\/","title":{"rendered":"M\u00e1quinas de corte a laser de fibra 3000W\/6000W para a\u00e7o, liga, alum\u00ednio"},"content":{"rendered":"<p><strong>M\u00e1quina de corte a laser de alta precis\u00e3o para chapas de metal (a\u00e7o, liga, alum\u00ednio) - 1500W a 6000W<\/strong><\/p>\n<p>Este <strong>M\u00e1quina de corte a laser de fibra LH 3000x1500mm<\/strong> foi concebido para <strong>corte a laser de alta precis\u00e3o<\/strong> de v\u00e1rios metais, incluindo <strong>a\u00e7o<\/strong>, <strong>liga<\/strong>e <strong>folhas de alum\u00ednio<\/strong>. Oferece <strong>precis\u00e3o de posi\u00e7\u00e3o de 0,03 mm<\/strong> e <strong>precis\u00e3o de reposicionamento de 0,02 mm<\/strong>A m\u00e1quina de corte de alta velocidade \u00e9 uma m\u00e1quina de corte de precis\u00e3o, garantindo cortes precisos para uma variedade de aplica\u00e7\u00f5es industriais. Perfeita para o corte a alta velocidade e para trabalhos de precis\u00e3o pormenorizados, esta m\u00e1quina \u00e9 adequada para <strong>processamento de chapas met\u00e1licas<\/strong>, <strong>fabrico de metais<\/strong>e outros <strong>ind\u00fastrias de corte a laser<\/strong>.<\/p>\n<h3>Especifica\u00e7\u00f5es principais:<\/h3>\n<ul>\n<li><strong>Pot\u00eancia laser<\/strong>: Personaliz\u00e1vel entre <strong>1500W e 6000W<\/strong>adequado para diferentes requisitos de corte, desde <strong>corte de alta velocidade<\/strong> a desenhos complexos.<\/li>\n<li><strong>\u00c1rea de corte<\/strong>: <strong>3000mm x 1500mm<\/strong>ideal para o corte de chapas met\u00e1licas de grande formato.<\/li>\n<li><strong>Precis\u00e3o de corte<\/strong>: <strong>Precis\u00e3o de posi\u00e7\u00e3o: 0,03 mm<\/strong>, <strong>Precis\u00e3o de reposi\u00e7\u00e3o: 0,02 mm<\/strong>, assegurando cortes n\u00edtidos e limpos.<\/li>\n<li><strong>Compatibilidade de materiais<\/strong>: Funciona com <strong>a\u00e7o<\/strong>, <strong>liga de a\u00e7o<\/strong>, <strong>alum\u00ednio<\/strong>e outros metais habitualmente utilizados no fabrico e produ\u00e7\u00e3o.<\/li>\n<li><strong>Peso da m\u00e1quina<\/strong>: <strong>3500 kg<\/strong>garantindo durabilidade e estabilidade durante o funcionamento.<\/li>\n<\/ul>\n<h3>Carater\u00edsticas adicionais:<\/h3>\n<ul>\n<li><strong>Sistema de carregamento autom\u00e1tico<\/strong>: Reduz o trabalho manual e simplifica o processo de corte para aumentar a efici\u00eancia.<\/li>\n<li><strong>Arrefecimento e lubrifica\u00e7\u00e3o<\/strong>: Lubrifica\u00e7\u00e3o totalmente autom\u00e1tica e modo de arrefecimento a ar para uma dissipa\u00e7\u00e3o de calor eficiente e uma vida \u00fatil mais longa da m\u00e1quina.<\/li>\n<li><strong>Compatibilidade com ficheiros multiformato<\/strong>: Apoios <strong>CAD<\/strong>, <strong>DXF<\/strong>, <strong>IA<\/strong>, <strong>PLT<\/strong>, <strong>BMP<\/strong>, <strong>DST<\/strong>, <strong>DWG<\/strong>, <strong>LAS<\/strong>e <strong>DXF<\/strong> formatos de ficheiro para uma importa\u00e7\u00e3o e processamento de ficheiros sem problemas.<\/li>\n<li><strong>Garantia<\/strong>: Apoiado por um <strong>Garantia de 3 anos<\/strong> nos componentes principais e na pr\u00f3pria m\u00e1quina, garantindo fiabilidade e desempenho a longo prazo.<\/li>\n<\/ul>\n<h3>Aplica\u00e7\u00f5es:<\/h3>\n<p>Este vers\u00e1til <strong>m\u00e1quina de corte a laser de fibra<\/strong> \u00e9 amplamente utilizado em <strong>metalurgia<\/strong>, <strong>fabrico de autom\u00f3veis<\/strong>, <strong>aeroespacial<\/strong>, <strong>produ\u00e7\u00e3o de aparelhos el\u00e9ctricos<\/strong>e <strong>oficinas de fabrico de metais<\/strong>. Quer necessite de cortar chapas finas ou formas espessas e complexas, esta m\u00e1quina oferece a combina\u00e7\u00e3o perfeita de velocidade, precis\u00e3o e adaptabilidade.<\/p>\n<p>Aqui est\u00e1 uma vers\u00e3o estruturada e organizada das suas especifica\u00e7\u00f5es para a m\u00e1quina de corte de metal por laser de fibra:<\/p>\n<table style=\"height: 1718px;\" width=\"1166\">\n<thead>\n<tr>\n<th><strong>Atributo<\/strong><\/th>\n<th><strong>Especifica\u00e7\u00e3o<\/strong><\/th>\n<\/tr>\n<\/thead>\n<tbody>\n<tr>\n<td><strong>Atributos espec\u00edficos do sector<\/strong><\/td>\n<td><\/td>\n<\/tr>\n<tr>\n<td>Material aplic\u00e1vel<\/td>\n<td>Metal<\/td>\n<\/tr>\n<tr>\n<td>Tipo de laser<\/td>\n<td>Laser de fibra<\/td>\n<\/tr>\n<tr>\n<td><strong>Outros atributos<\/strong><\/td>\n<td><\/td>\n<\/tr>\n<tr>\n<td>Estado<\/td>\n<td>Novo<\/td>\n<\/tr>\n<tr>\n<td>Espessura de corte<\/td>\n<td>Personalizado, 0-20MM<\/td>\n<\/tr>\n<tr>\n<td>Local de origem<\/td>\n<td>Jiangsu, China<\/td>\n<\/tr>\n<tr>\n<td>Peso (kg)<\/td>\n<td>3500<\/td>\n<\/tr>\n<tr>\n<td>Principais pontos de venda<\/td>\n<td>Elevada precis\u00e3o<\/td>\n<\/tr>\n<tr>\n<td>Garantia<\/td>\n<td>3 anos<\/td>\n<\/tr>\n<tr>\n<td>Modo de funcionamento<\/td>\n<td>Onda cont\u00ednua<\/td>\n<\/tr>\n<tr>\n<td>Configura\u00e7\u00e3o<\/td>\n<td>3 eixos<\/td>\n<\/tr>\n<tr>\n<td>Produtos manuseados<\/td>\n<td>Chapas met\u00e1licas<\/td>\n<\/tr>\n<tr>\n<td>Carater\u00edstica<\/td>\n<td>Carregamento automatizado<\/td>\n<\/tr>\n<tr>\n<td>Formato gr\u00e1fico suportado<\/td>\n<td>AI, PLT, DXF, BMP, Dst, Dwg, LAS, DXP<\/td>\n<\/tr>\n<tr>\n<td>CNC ou n\u00e3o<\/td>\n<td>Sim<\/td>\n<\/tr>\n<tr>\n<td>Modo de arrefecimento<\/td>\n<td>Arrefecimento do ar<\/td>\n<\/tr>\n<tr>\n<td>Nome da marca<\/td>\n<td>LASER LH<\/td>\n<\/tr>\n<tr>\n<td>Marca da cabe\u00e7a do laser<\/td>\n<td>Raytools<\/td>\n<\/tr>\n<tr>\n<td>Marca do servomotor<\/td>\n<td>Inovance<\/td>\n<\/tr>\n<tr>\n<td>Marca Guiderail<\/td>\n<td>PMI<\/td>\n<\/tr>\n<tr>\n<td>Marca do sistema de controlo<\/td>\n<td>Cypcut<\/td>\n<\/tr>\n<tr>\n<td>Marca da lente \u00f3tica<\/td>\n<td>Poder<\/td>\n<\/tr>\n<tr>\n<td><strong>Tipo de laser<\/strong><\/td>\n<td>Gerador de laser de fibra<\/td>\n<\/tr>\n<tr>\n<td>Pot\u00eancia laser<\/td>\n<td>1500W - 6000W<\/td>\n<\/tr>\n<tr>\n<td>Sistema de transmiss\u00e3o<\/td>\n<td>Estrutura de p\u00f3rtico de acionamento duplo<\/td>\n<\/tr>\n<tr>\n<td>Sistema de lubrifica\u00e7\u00e3o<\/td>\n<td>Totalmente autom\u00e1tico<\/td>\n<\/tr>\n<tr>\n<td>Velocidade m\u00e1xima acelerada<\/td>\n<td>1.0G<\/td>\n<\/tr>\n<tr>\n<td>Precis\u00e3o de reposicionamento<\/td>\n<td>\u00b10,02mm<\/td>\n<\/tr>\n<tr>\n<td>Formato gr\u00e1fico suportado<\/td>\n<td>CAD, DXF (etc.)<\/td>\n<\/tr>\n<tr>\n<td>Ambiente de trabalho<\/td>\n<td>Temp: 0-40\u2103, Humidade: \u226480%, Sem condensa\u00e7\u00e3o<\/td>\n<\/tr>\n<tr>\n<td>Precis\u00e3o da posi\u00e7\u00e3o<\/td>\n<td>\u00b10,03mm<\/td>\n<\/tr>\n<tr>\n<td><strong>Nome do produto<\/strong><\/td>\n<td>M\u00e1quina de corte de metal a laser de fibra<\/td>\n<\/tr>\n<\/tbody>\n<\/table>\n<p><span class=\"magic-8\" style=\"font-family: Arial;\">A LH\/D \u00e9 uma m\u00e1quina de corte a laser para chapas met\u00e1licas ideal. O desempenho de custo extremamente elevado e a opera\u00e7\u00e3o simples da m\u00e1quina permitem-lhe recuperar os custos o mais rapidamente poss\u00edvel.<\/span><\/p>\n<div><span class=\"magic-8\" style=\"font-family: Arial;\"><b data-spm-anchor-id=\"a2700.details.0.i95.23dc14c0aseHTX\">Carater\u00edsticas da m\u00e1quina\uff1a<\/b><br \/>\n<\/span><\/div>\n<div data-spm-anchor-id=\"a2700.details.0.i93.23dc14c0aseHTX\"><span class=\"magic-8\" style=\"font-family: Arial;\" data-spm-anchor-id=\"a2700.details.0.i94.23dc14c0aseHTX\">1. Os componentes de conce\u00e7\u00e3o mec\u00e2nica de alta qualidade e a conce\u00e7\u00e3o perfeita resultam numa maior precis\u00e3o de corte, numa maior capacidade de processamento e numa gama mais vasta de cen\u00e1rios de aplica\u00e7\u00e3o para a m\u00e1quina. 2. Equipado com um sistema CNC especializado para m\u00e1quinas inteligentes de corte a laser de fibra, o sistema permite a dete\u00e7\u00e3o autom\u00e1tica de bordas, layout autom\u00e1tico, foco autom\u00e1tico e corte autom\u00e1tico, facilitando a conveni\u00eancia e a velocidade, melhorando a efici\u00eancia do processamento. 3. Utiliza servo-motores de alta precis\u00e3o com desempenho est\u00e1vel e dur\u00e1vel de alta velocidade, garantindo alta velocidade e acelera\u00e7\u00e3o de toda a m\u00e1quina. 4. Possui um sistema de alarme inteligente e um dispositivo de prote\u00e7\u00e3o de press\u00e3o para garantir o fornecimento atempado de g\u00e1s e melhorar a efici\u00eancia da resolu\u00e7\u00e3o de problemas de falhas do equipamento.<\/span><\/div>\n<div data-spm-anchor-id=\"a2700.details.0.i93.23dc14c0aseHTX\">\n<p><span class=\"magic-8\" style=\"font-family: Arial;\">A m\u00e1quina de corte a laser de fibra LH \u00e9 adequada para o corte de chapas met\u00e1licas ou tubos com a\u00e7o inoxid\u00e1vel, a\u00e7o macio, a\u00e7o carbono, a\u00e7o de liga, a\u00e7o de mola, ferro, ferro galvanizado, galvanizado, alum\u00ednio, cobre, lat\u00e3o, bronze, tit\u00e2nio, etc.<\/span><\/p>\n<div data-spm-anchor-id=\"a2700.details.0.i103.23dc14c0aseHTX\"><span class=\"magic-8\" style=\"font-family: Arial;\"> Diferentes espessuras de corte dependem de diferentes selec\u00e7\u00f5es de pot\u00eancia laser na m\u00e1quina de corte a laser.<\/span><\/div>\n<\/div>","protected":false},"excerpt":{"rendered":"<p>Esta m\u00e1quina de corte a laser de fibra LH 3000x1500mm \u00e9 projetada para corte a laser de alta precis\u00e3o de v\u00e1rios metais, incluindo a\u00e7o, liga e folhas de alum\u00ednio. Oferece uma precis\u00e3o de posi\u00e7\u00e3o de 0,03 mm e uma precis\u00e3o de reposicionamento de 0,02 mm, garantindo cortes precisos para uma variedade de aplica\u00e7\u00f5es industriais. Perfeita para corte a alta velocidade e trabalho de precis\u00e3o detalhado, esta m\u00e1quina \u00e9 adequada para processamento de chapas met\u00e1licas, fabrico de metais e outras ind\u00fastrias de corte a laser.<\/p>","protected":false},"featured_media":4408,"comment_status":"open","ping_status":"closed","template":"","meta":{"_uag_custom_page_level_css":"","site-sidebar-layout":"default","site-content-layout":"","ast-site-content-layout":"default","site-content-style":"default","site-sidebar-style":"default","ast-global-header-display":"","ast-banner-title-visibility":"","ast-main-header-display":"","ast-hfb-above-header-display":"","ast-hfb-below-header-display":"","ast-hfb-mobile-header-display":"","site-post-title":"","ast-breadcrumbs-content":"","ast-featured-img":"","footer-sml-layout":"","theme-transparent-header-meta":"default","adv-header-id-meta":"","stick-header-meta":"","header-above-stick-meta":"","header-main-stick-meta":"","header-below-stick-meta":"","astra-migrate-meta-layouts":"set","ast-page-background-enabled":"default","ast-page-background-meta":{"desktop":{"background-color":"var(--ast-global-color-4)","background-image":"","background-repeat":"repeat","background-position":"center center","background-size":"auto","background-attachment":"scroll","background-type":"","background-media":"","overlay-type":"","overlay-color":"","overlay-opacity":"","overlay-gradient":""},"tablet":{"background-color":"","background-image":"","background-repeat":"repeat","background-position":"center center","background-size":"auto","background-attachment":"scroll","background-type":"","background-media":"","overlay-type":"","overlay-color":"","overlay-opacity":"","overlay-gradient":""},"mobile":{"background-color":"","background-image":"","background-repeat":"repeat","background-position":"center center","background-size":"auto","background-attachment":"scroll","background-type":"","background-media":"","overlay-type":"","overlay-color":"","overlay-opacity":"","overlay-gradient":""}},"ast-content-background-meta":{"desktop":{"background-color":"var(--ast-global-color-5)","background-image":"","background-repeat":"repeat","background-position":"center center","background-size":"auto","background-attachment":"scroll","background-type":"","background-media":"","overlay-type":"","overlay-color":"","overlay-opacity":"","overlay-gradient":""},"tablet":{"background-color":"var(--ast-global-color-5)","background-image":"","background-repeat":"repeat","background-position":"center center","background-size":"auto","background-attachment":"scroll","background-type":"","background-media":"","overlay-type":"","overlay-color":"","overlay-opacity":"","overlay-gradient":""},"mobile":{"background-color":"var(--ast-global-color-5)","background-image":"","background-repeat":"repeat","background-position":"center center","background-size":"auto","background-attachment":"scroll","background-type":"","background-media":"","overlay-type":"","overlay-color":"","overlay-opacity":"","overlay-gradient":""}}},"product_brand":[39],"product_cat":[34],"product_tag":[],"class_list":{"0":"post-4407","1":"product","2":"type-product","3":"status-publish","4":"has-post-thumbnail","6":"product_brand-ltd","7":"product_cat-single-platform-laser-cutting-machine","8":"desktop-align-left","9":"tablet-align-left","10":"mobile-align-left","12":"first","13":"instock","14":"shipping-taxable","15":"product-type-simple"},"yoast_head":"<!-- This site is optimized with the Yoast SEO plugin v24.4 - https:\/\/yoast.com\/wordpress\/plugins\/seo\/ -->\n<title>3000W\/6000W Fiber Laser Cutting Machines for Steel, Alloy, Aluminum - Leading han<\/title>\n<meta name=\"robots\" content=\"index, follow, max-snippet:-1, max-image-preview:large, max-video-preview:-1\" \/>\n<link rel=\"canonical\" href=\"https:\/\/www.leadhan.com\/pt\/produto\/maquinas-de-corte-a-laser-de-fibra-3000w-6000w-para-liga-de-aco-e-aluminio\/\" \/>\n<meta property=\"og:locale\" content=\"pt_PT\" \/>\n<meta property=\"og:type\" content=\"article\" \/>\n<meta property=\"og:title\" content=\"3000W\/6000W Fiber Laser Cutting Machines for Steel, Alloy, Aluminum - Leading han\" \/>\n<meta property=\"og:description\" content=\"This LH 3000x1500mm fiber laser cutting machine is designed for high-accuracy laser cutting of various metals, including steel, alloy, and aluminum sheets. It offers position accuracy of 0.03mm and reposition accuracy of 0.02mm, ensuring precise cuts for a variety of industrial applications. Perfect for both high-speed cutting and detailed precision work, this machine is suitable for sheet metal processing, metal fabrication, and other laser cutting industries.\" \/>\n<meta property=\"og:url\" content=\"https:\/\/www.leadhan.com\/pt\/produto\/maquinas-de-corte-a-laser-de-fibra-3000w-6000w-para-liga-de-aco-e-aluminio\/\" \/>\n<meta property=\"og:site_name\" content=\"Leading han\" \/>\n<meta property=\"article:modified_time\" content=\"2025-06-07T16:56:10+00:00\" \/>\n<meta property=\"og:image\" content=\"https:\/\/www.leadhan.com\/wp-content\/uploads\/2025\/02\/6E4C0C92-CEF6-4fea-81D6-9AA316923831.png\" \/>\n\t<meta property=\"og:image:width\" content=\"720\" \/>\n\t<meta property=\"og:image:height\" content=\"720\" \/>\n\t<meta property=\"og:image:type\" content=\"image\/png\" \/>\n<meta name=\"twitter:card\" content=\"summary_large_image\" \/>\n<meta name=\"twitter:label1\" content=\"Tempo estimado de leitura\" \/>\n\t<meta name=\"twitter:data1\" content=\"3 minutos\" \/>\n<script type=\"application\/ld+json\" class=\"yoast-schema-graph\">{\"@context\":\"https:\/\/schema.org\",\"@graph\":[{\"@type\":\"WebPage\",\"@id\":\"https:\/\/www.leadhan.com\/product\/3000w-6000w-fiber-laser-cutting-machines-for-steel-alloy-aluminum\/\",\"url\":\"https:\/\/www.leadhan.com\/product\/3000w-6000w-fiber-laser-cutting-machines-for-steel-alloy-aluminum\/\",\"name\":\"3000W\/6000W Fiber Laser Cutting Machines for Steel, Alloy, Aluminum - Leading han\",\"isPartOf\":{\"@id\":\"https:\/\/www.leadhan.com\/af\/#website\"},\"primaryImageOfPage\":{\"@id\":\"https:\/\/www.leadhan.com\/product\/3000w-6000w-fiber-laser-cutting-machines-for-steel-alloy-aluminum\/#primaryimage\"},\"image\":{\"@id\":\"https:\/\/www.leadhan.com\/product\/3000w-6000w-fiber-laser-cutting-machines-for-steel-alloy-aluminum\/#primaryimage\"},\"thumbnailUrl\":\"https:\/\/www.leadhan.com\/wp-content\/uploads\/2025\/02\/6E4C0C92-CEF6-4fea-81D6-9AA316923831.png\",\"datePublished\":\"2025-02-08T06:29:35+00:00\",\"dateModified\":\"2025-06-07T16:56:10+00:00\",\"breadcrumb\":{\"@id\":\"https:\/\/www.leadhan.com\/product\/3000w-6000w-fiber-laser-cutting-machines-for-steel-alloy-aluminum\/#breadcrumb\"},\"inLanguage\":\"pt-PT\",\"potentialAction\":[{\"@type\":\"ReadAction\",\"target\":[\"https:\/\/www.leadhan.com\/product\/3000w-6000w-fiber-laser-cutting-machines-for-steel-alloy-aluminum\/\"]}]},{\"@type\":\"ImageObject\",\"inLanguage\":\"pt-PT\",\"@id\":\"https:\/\/www.leadhan.com\/product\/3000w-6000w-fiber-laser-cutting-machines-for-steel-alloy-aluminum\/#primaryimage\",\"url\":\"https:\/\/www.leadhan.com\/wp-content\/uploads\/2025\/02\/6E4C0C92-CEF6-4fea-81D6-9AA316923831.png\",\"contentUrl\":\"https:\/\/www.leadhan.com\/wp-content\/uploads\/2025\/02\/6E4C0C92-CEF6-4fea-81D6-9AA316923831.png\",\"width\":720,\"height\":720},{\"@type\":\"BreadcrumbList\",\"@id\":\"https:\/\/www.leadhan.com\/product\/3000w-6000w-fiber-laser-cutting-machines-for-steel-alloy-aluminum\/#breadcrumb\",\"itemListElement\":[{\"@type\":\"ListItem\",\"position\":1,\"name\":\"Home\",\"item\":\"https:\/\/www.leadhan.com\/\"},{\"@type\":\"ListItem\",\"position\":2,\"name\":\"laser cutting machine\",\"item\":\"https:\/\/www.leadhan.com\/shop\/\"},{\"@type\":\"ListItem\",\"position\":3,\"name\":\"3000W\/6000W Fiber Laser Cutting Machines for Steel, Alloy, Aluminum\"}]},{\"@type\":\"WebSite\",\"@id\":\"https:\/\/www.leadhan.com\/af\/#website\",\"url\":\"https:\/\/www.leadhan.com\/af\/\",\"name\":\"Leading han\",\"description\":\"\",\"publisher\":{\"@id\":\"https:\/\/www.leadhan.com\/af\/#organization\"},\"potentialAction\":[{\"@type\":\"SearchAction\",\"target\":{\"@type\":\"EntryPoint\",\"urlTemplate\":\"https:\/\/www.leadhan.com\/af\/?s={search_term_string}\"},\"query-input\":{\"@type\":\"PropertyValueSpecification\",\"valueRequired\":true,\"valueName\":\"search_term_string\"}}],\"inLanguage\":\"pt-PT\"},{\"@type\":\"Organization\",\"@id\":\"https:\/\/www.leadhan.com\/af\/#organization\",\"name\":\"Leading han\",\"url\":\"https:\/\/www.leadhan.com\/af\/\",\"logo\":{\"@type\":\"ImageObject\",\"inLanguage\":\"pt-PT\",\"@id\":\"https:\/\/www.leadhan.com\/af\/#\/schema\/logo\/image\/\",\"url\":\"https:\/\/www.leadhan.com\/wp-content\/uploads\/2024\/08\/965.png\",\"contentUrl\":\"https:\/\/www.leadhan.com\/wp-content\/uploads\/2024\/08\/965.png\",\"width\":239,\"height\":300,\"caption\":\"Leading han\"},\"image\":{\"@id\":\"https:\/\/www.leadhan.com\/af\/#\/schema\/logo\/image\/\"}}]}<\/script>\n<!-- \/ Yoast SEO plugin. -->","yoast_head_json":{"title":"3000W\/6000W Fiber Laser Cutting Machines for Steel, Alloy, Aluminum - Leading han","robots":{"index":"index","follow":"follow","max-snippet":"max-snippet:-1","max-image-preview":"max-image-preview:large","max-video-preview":"max-video-preview:-1"},"canonical":"https:\/\/www.leadhan.com\/pt\/produto\/maquinas-de-corte-a-laser-de-fibra-3000w-6000w-para-liga-de-aco-e-aluminio\/","og_locale":"pt_PT","og_type":"article","og_title":"3000W\/6000W Fiber Laser Cutting Machines for Steel, Alloy, Aluminum - Leading han","og_description":"This LH 3000x1500mm fiber laser cutting machine is designed for high-accuracy laser cutting of various metals, including steel, alloy, and aluminum sheets. It offers position accuracy of 0.03mm and reposition accuracy of 0.02mm, ensuring precise cuts for a variety of industrial applications. Perfect for both high-speed cutting and detailed precision work, this machine is suitable for sheet metal processing, metal fabrication, and other laser cutting industries.","og_url":"https:\/\/www.leadhan.com\/pt\/produto\/maquinas-de-corte-a-laser-de-fibra-3000w-6000w-para-liga-de-aco-e-aluminio\/","og_site_name":"Leading han","article_modified_time":"2025-06-07T16:56:10+00:00","og_image":[{"width":720,"height":720,"url":"https:\/\/www.leadhan.com\/wp-content\/uploads\/2025\/02\/6E4C0C92-CEF6-4fea-81D6-9AA316923831.png","type":"image\/png"}],"twitter_card":"summary_large_image","twitter_misc":{"Tempo estimado de leitura":"3 minutos"},"schema":{"@context":"https:\/\/schema.org","@graph":[{"@type":"WebPage","@id":"https:\/\/www.leadhan.com\/product\/3000w-6000w-fiber-laser-cutting-machines-for-steel-alloy-aluminum\/","url":"https:\/\/www.leadhan.com\/product\/3000w-6000w-fiber-laser-cutting-machines-for-steel-alloy-aluminum\/","name":"3000W\/6000W Fiber Laser Cutting Machines for Steel, Alloy, Aluminum - Leading han","isPartOf":{"@id":"https:\/\/www.leadhan.com\/af\/#website"},"primaryImageOfPage":{"@id":"https:\/\/www.leadhan.com\/product\/3000w-6000w-fiber-laser-cutting-machines-for-steel-alloy-aluminum\/#primaryimage"},"image":{"@id":"https:\/\/www.leadhan.com\/product\/3000w-6000w-fiber-laser-cutting-machines-for-steel-alloy-aluminum\/#primaryimage"},"thumbnailUrl":"https:\/\/www.leadhan.com\/wp-content\/uploads\/2025\/02\/6E4C0C92-CEF6-4fea-81D6-9AA316923831.png","datePublished":"2025-02-08T06:29:35+00:00","dateModified":"2025-06-07T16:56:10+00:00","breadcrumb":{"@id":"https:\/\/www.leadhan.com\/product\/3000w-6000w-fiber-laser-cutting-machines-for-steel-alloy-aluminum\/#breadcrumb"},"inLanguage":"pt-PT","potentialAction":[{"@type":"ReadAction","target":["https:\/\/www.leadhan.com\/product\/3000w-6000w-fiber-laser-cutting-machines-for-steel-alloy-aluminum\/"]}]},{"@type":"ImageObject","inLanguage":"pt-PT","@id":"https:\/\/www.leadhan.com\/product\/3000w-6000w-fiber-laser-cutting-machines-for-steel-alloy-aluminum\/#primaryimage","url":"https:\/\/www.leadhan.com\/wp-content\/uploads\/2025\/02\/6E4C0C92-CEF6-4fea-81D6-9AA316923831.png","contentUrl":"https:\/\/www.leadhan.com\/wp-content\/uploads\/2025\/02\/6E4C0C92-CEF6-4fea-81D6-9AA316923831.png","width":720,"height":720},{"@type":"BreadcrumbList","@id":"https:\/\/www.leadhan.com\/product\/3000w-6000w-fiber-laser-cutting-machines-for-steel-alloy-aluminum\/#breadcrumb","itemListElement":[{"@type":"ListItem","position":1,"name":"Home","item":"https:\/\/www.leadhan.com\/"},{"@type":"ListItem","position":2,"name":"laser cutting machine","item":"https:\/\/www.leadhan.com\/shop\/"},{"@type":"ListItem","position":3,"name":"3000W\/6000W Fiber Laser Cutting Machines for Steel, Alloy, Aluminum"}]},{"@type":"WebSite","@id":"https:\/\/www.leadhan.com\/af\/#website","url":"https:\/\/www.leadhan.com\/af\/","name":"Leading han","description":"","publisher":{"@id":"https:\/\/www.leadhan.com\/af\/#organization"},"potentialAction":[{"@type":"SearchAction","target":{"@type":"EntryPoint","urlTemplate":"https:\/\/www.leadhan.com\/af\/?s={search_term_string}"},"query-input":{"@type":"PropertyValueSpecification","valueRequired":true,"valueName":"search_term_string"}}],"inLanguage":"pt-PT"},{"@type":"Organization","@id":"https:\/\/www.leadhan.com\/af\/#organization","name":"Leading han","url":"https:\/\/www.leadhan.com\/af\/","logo":{"@type":"ImageObject","inLanguage":"pt-PT","@id":"https:\/\/www.leadhan.com\/af\/#\/schema\/logo\/image\/","url":"https:\/\/www.leadhan.com\/wp-content\/uploads\/2024\/08\/965.png","contentUrl":"https:\/\/www.leadhan.com\/wp-content\/uploads\/2024\/08\/965.png","width":239,"height":300,"caption":"Leading han"},"image":{"@id":"https:\/\/www.leadhan.com\/af\/#\/schema\/logo\/image\/"}}]}},"uagb_featured_image_src":{"full":["https:\/\/www.leadhan.com\/wp-content\/uploads\/2025\/02\/6E4C0C92-CEF6-4fea-81D6-9AA316923831.png",720,720,false],"thumbnail":["https:\/\/www.leadhan.com\/wp-content\/uploads\/2025\/02\/6E4C0C92-CEF6-4fea-81D6-9AA316923831-150x150.png",150,150,true],"medium":["https:\/\/www.leadhan.com\/wp-content\/uploads\/2025\/02\/6E4C0C92-CEF6-4fea-81D6-9AA316923831-300x300.png",300,300,true],"medium_large":["https:\/\/www.leadhan.com\/wp-content\/uploads\/2025\/02\/6E4C0C92-CEF6-4fea-81D6-9AA316923831.png",720,720,false],"large":["https:\/\/www.leadhan.com\/wp-content\/uploads\/2025\/02\/6E4C0C92-CEF6-4fea-81D6-9AA316923831.png",720,720,false],"1536x1536":["https:\/\/www.leadhan.com\/wp-content\/uploads\/2025\/02\/6E4C0C92-CEF6-4fea-81D6-9AA316923831.png",720,720,false],"2048x2048":["https:\/\/www.leadhan.com\/wp-content\/uploads\/2025\/02\/6E4C0C92-CEF6-4fea-81D6-9AA316923831.png",720,720,false],"trp-custom-language-flag":["https:\/\/www.leadhan.com\/wp-content\/uploads\/2025\/02\/6E4C0C92-CEF6-4fea-81D6-9AA316923831-12x12.png",12,12,true],"woocommerce_thumbnail":["https:\/\/www.leadhan.com\/wp-content\/uploads\/2025\/02\/6E4C0C92-CEF6-4fea-81D6-9AA316923831-300x300.png",300,300,true],"woocommerce_single":["https:\/\/www.leadhan.com\/wp-content\/uploads\/2025\/02\/6E4C0C92-CEF6-4fea-81D6-9AA316923831-600x600.png",600,600,true],"woocommerce_gallery_thumbnail":["https:\/\/www.leadhan.com\/wp-content\/uploads\/2025\/02\/6E4C0C92-CEF6-4fea-81D6-9AA316923831-100x100.png",100,100,true]},"uagb_author_info":{"display_name":"user","author_link":"https:\/\/www.leadhan.com\/pt\/author\/"},"uagb_comment_info":17,"uagb_excerpt":"This LH 3000x1500mm fiber laser cutting machine is designed for high-accuracy laser cutting of various metals, including steel, alloy, and aluminum sheets. It offers position accuracy of 0.03mm and reposition accuracy of 0.02mm, ensuring precise cuts for a variety of industrial applications. Perfect for both high-speed cutting and detailed precision work, this machine is suitable&hellip;","_links":{"self":[{"href":"https:\/\/www.leadhan.com\/pt\/wp-json\/wp\/v2\/product\/4407","targetHints":{"allow":["GET"]}}],"collection":[{"href":"https:\/\/www.leadhan.com\/pt\/wp-json\/wp\/v2\/product"}],"about":[{"href":"https:\/\/www.leadhan.com\/pt\/wp-json\/wp\/v2\/types\/product"}],"replies":[{"embeddable":true,"href":"https:\/\/www.leadhan.com\/pt\/wp-json\/wp\/v2\/comments?post=4407"}],"wp:featuredmedia":[{"embeddable":true,"href":"https:\/\/www.leadhan.com\/pt\/wp-json\/wp\/v2\/media\/4408"}],"wp:attachment":[{"href":"https:\/\/www.leadhan.com\/pt\/wp-json\/wp\/v2\/media?parent=4407"}],"wp:term":[{"taxonomy":"product_brand","embeddable":true,"href":"https:\/\/www.leadhan.com\/pt\/wp-json\/wp\/v2\/product_brand?post=4407"},{"taxonomy":"product_cat","embeddable":true,"href":"https:\/\/www.leadhan.com\/pt\/wp-json\/wp\/v2\/product_cat?post=4407"},{"taxonomy":"product_tag","embeddable":true,"href":"https:\/\/www.leadhan.com\/pt\/wp-json\/wp\/v2\/product_tag?post=4407"}],"curies":[{"name":"wp","href":"https:\/\/api.w.org\/{rel}","templated":true}]}}