{"id":4429,"date":"2025-02-10T10:11:04","date_gmt":"2025-02-10T02:11:04","guid":{"rendered":"https:\/\/www.leadhan.com\/?post_type=product&#038;p=4429"},"modified":"2025-06-03T09:07:24","modified_gmt":"2025-06-03T16:07:24","slug":"lh-2000w-three-chuck-steel-fiber-laser-cutting-machine-for-steel-pipe-metal-cutting","status":"publish","type":"product","link":"https:\/\/www.leadhan.com\/pt\/produto\/lh-2000w-maquina-de-corte-a-laser-de-fibra-de-aco-de-tres-mandris-para-corte-de-metal-de-tubos-de-aco\/","title":{"rendered":"M\u00e1quina de corte a laser de fibra de a\u00e7o de tr\u00eas mandris LH 2000W para tubo de a\u00e7o e corte de metal"},"content":{"rendered":"<h3>Descri\u00e7\u00e3o do produto<\/h3>\n<p><strong>M\u00e1quina de corte a laser de fibra de a\u00e7o de tr\u00eas mandris LH 2000W<\/strong> foi concebida para o corte de alta precis\u00e3o de tubos met\u00e1licos, o que a torna uma escolha ideal para v\u00e1rias ind\u00fastrias. Esta m\u00e1quina assegura um desempenho de topo com uma precis\u00e3o de posicionamento repetido de 0,03 mm e uma precis\u00e3o de corte de 0,05 mm. A sua carater\u00edstica de carregamento autom\u00e1tico aumenta a produtividade, reduzindo os custos de m\u00e3o de obra e simplificando o processo de corte. Adequada para diversas aplica\u00e7\u00f5es, como em hot\u00e9is, lojas de vestu\u00e1rio e f\u00e1bricas, a m\u00e1quina oferece op\u00e7\u00f5es de pot\u00eancia personaliz\u00e1veis que variam entre 1500W e 12000W. \u00c9 fornecida com uma garantia de 3 anos para os componentes principais e para a pr\u00f3pria m\u00e1quina, assegurando uma durabilidade e fiabilidade duradouras. Equipada com componentes de primeira qualidade, incluindo a fonte laser RAYCUS, o servomotor FUJI e a cabe\u00e7a laser Raytools, esta m\u00e1quina de corte foi concebida para satisfazer as suas necessidades industriais.<\/p>\n<h3>Carater\u00edsticas principais:<\/h3>\n<ul>\n<li><strong>Desempenho de corte de alta precis\u00e3o:<\/strong> Precis\u00e3o de posicionamento repetitivo de \u00b10,03mm e precis\u00e3o de corte de \u00b10,05mm.<\/li>\n<li><strong>Capacidade de carregamento autom\u00e1tico:<\/strong> Reduz os custos de m\u00e3o de obra e aumenta a efici\u00eancia.<\/li>\n<li><strong>Ampla aplicabilidade:<\/strong> Ideal para ind\u00fastrias como hot\u00e9is, lojas de vestu\u00e1rio e f\u00e1bricas.<\/li>\n<li><strong>Op\u00e7\u00f5es de alimenta\u00e7\u00e3o personaliz\u00e1veis:<\/strong> Escolha entre uma pot\u00eancia laser de 1500W e 12000W.<\/li>\n<li><strong>Componentes de longa dura\u00e7\u00e3o:<\/strong> Inclui uma garantia de 3 anos para os componentes principais e para a m\u00e1quina.<\/li>\n<\/ul>\n<h3>Especifica\u00e7\u00f5es Mesa:<\/h3>\n<table>\n<thead>\n<tr>\n<th><strong>Atributo<\/strong><\/th>\n<th><strong>Detalhes<\/strong><\/th>\n<\/tr>\n<\/thead>\n<tbody>\n<tr>\n<td><strong>Tipo de laser<\/strong><\/td>\n<td>Laser de fibra<\/td>\n<\/tr>\n<tr>\n<td><strong>Material aplic\u00e1vel<\/strong><\/td>\n<td>Metal<\/td>\n<\/tr>\n<tr>\n<td><strong>Estado<\/strong><\/td>\n<td>Novo<\/td>\n<\/tr>\n<tr>\n<td><strong>\u00c1rea de corte<\/strong><\/td>\n<td>Personaliz\u00e1vel, adequado para o processamento de tubos<\/td>\n<\/tr>\n<tr>\n<td><strong>Local de origem<\/strong><\/td>\n<td>Jiangsu, China<\/td>\n<\/tr>\n<tr>\n<td><strong>Marca da fonte de laser<\/strong><\/td>\n<td>RAYCUS<\/td>\n<\/tr>\n<tr>\n<td><strong>Peso<\/strong><\/td>\n<td>5000 kg<\/td>\n<\/tr>\n<tr>\n<td><strong>Principais pontos de venda<\/strong><\/td>\n<td>Corte de alta precis\u00e3o<\/td>\n<\/tr>\n<tr>\n<td><strong>Garantia<\/strong><\/td>\n<td>3 anos<\/td>\n<\/tr>\n<tr>\n<td><strong>Modo de funcionamento<\/strong><\/td>\n<td>Onda cont\u00ednua<\/td>\n<\/tr>\n<tr>\n<td><strong>Configura\u00e7\u00e3o<\/strong><\/td>\n<td>3 eixos<\/td>\n<\/tr>\n<tr>\n<td><strong>Produtos manuseados<\/strong><\/td>\n<td>Tubo, cano<\/td>\n<\/tr>\n<tr>\n<td><strong>Carater\u00edstica<\/strong><\/td>\n<td>Carregamento automatizado<\/td>\n<\/tr>\n<tr>\n<td><strong>Velocidade de corte<\/strong><\/td>\n<td>60m\/min<\/td>\n<\/tr>\n<tr>\n<td><strong>Formatos gr\u00e1ficos suportados<\/strong><\/td>\n<td>AI, PLT, DXF, BMP, Dst, Dwg, LAS, DXP<\/td>\n<\/tr>\n<tr>\n<td><strong>CNC ou n\u00e3o<\/strong><\/td>\n<td>Sim<\/td>\n<\/tr>\n<tr>\n<td><strong>Modo de arrefecimento<\/strong><\/td>\n<td>Arrefecimento do ar<\/td>\n<\/tr>\n<tr>\n<td><strong>Nome da marca<\/strong><\/td>\n<td>LASER LH<\/td>\n<\/tr>\n<tr>\n<td><strong>Marca da cabe\u00e7a do laser<\/strong><\/td>\n<td>Raytools<\/td>\n<\/tr>\n<tr>\n<td><strong>Marca do servomotor<\/strong><\/td>\n<td>FUJI<\/td>\n<\/tr>\n<tr>\n<td><strong>Marca Guiderail<\/strong><\/td>\n<td>HIWIN<\/td>\n<\/tr>\n<tr>\n<td><strong>Marca do sistema de controlo<\/strong><\/td>\n<td>Cypcut<\/td>\n<\/tr>\n<tr>\n<td><strong>Marca da lente \u00f3tica<\/strong><\/td>\n<td>II-VI<\/td>\n<\/tr>\n<tr>\n<td><strong>Comprimento de processamento do tubo<\/strong><\/td>\n<td>6000-12000mm<\/td>\n<\/tr>\n<tr>\n<td><strong>Di\u00e2metro m\u00e1ximo<\/strong><\/td>\n<td>10-550mm<\/td>\n<\/tr>\n<tr>\n<td><strong>Pot\u00eancia laser<\/strong><\/td>\n<td>1500W-12000W<\/td>\n<\/tr>\n<tr>\n<td><strong>Velocidade m\u00e1xima acelerada<\/strong><\/td>\n<td>1.0G<\/td>\n<\/tr>\n<tr>\n<td><strong>Precis\u00e3o de reposicionamento<\/strong><\/td>\n<td>\u00b10,02mm<\/td>\n<\/tr>\n<tr>\n<td><strong>Precis\u00e3o de corte<\/strong><\/td>\n<td>\u00b10,05mm<\/td>\n<\/tr>\n<tr>\n<td><strong>Repetir a precis\u00e3o do posicionamento<\/strong><\/td>\n<td>\u00b10,03mm<\/td>\n<\/tr>\n<tr>\n<td><strong>Velocidade m\u00e1xima de desloca\u00e7\u00e3o<\/strong><\/td>\n<td>60m\/min<\/td>\n<\/tr>\n<tr>\n<td><strong>Fonte de laser<\/strong><\/td>\n<td>RAYCUS\/IPG<\/td>\n<\/tr>\n<tr>\n<td><strong>Peso total<\/strong><\/td>\n<td>2000-20000 kg<\/td>\n<\/tr>\n<\/tbody>\n<\/table>\n<p>Esta folha de especifica\u00e7\u00f5es detalhada descreve todas as carater\u00edsticas importantes e par\u00e2metros t\u00e9cnicos, ajudando-o a tomar uma decis\u00e3o informada sobre a m\u00e1quina de corte a laser de fibra de a\u00e7o LH 2000W.<\/p>","protected":false},"excerpt":{"rendered":"<p><strong>M\u00e1quina de corte a laser de fibra de a\u00e7o de tr\u00eas mandris LH 2000W<\/strong> foi concebida para o corte de alta precis\u00e3o de tubos met\u00e1licos, o que a torna uma escolha ideal para v\u00e1rias ind\u00fastrias. Esta m\u00e1quina assegura um desempenho de topo com uma precis\u00e3o de posicionamento repetido de 0,03 mm e uma precis\u00e3o de corte de 0,05 mm. A sua carater\u00edstica de carregamento autom\u00e1tico aumenta a produtividade, reduzindo os custos de m\u00e3o de obra e simplificando o processo de corte. Adequada para diversas aplica\u00e7\u00f5es, como em hot\u00e9is, lojas de vestu\u00e1rio e f\u00e1bricas, a m\u00e1quina oferece op\u00e7\u00f5es de pot\u00eancia personaliz\u00e1veis que variam entre 1500W e 12000W. \u00c9 fornecida com uma garantia de 3 anos para os componentes principais e para a pr\u00f3pria m\u00e1quina, assegurando uma durabilidade e fiabilidade duradouras. Equipada com componentes de primeira qualidade, incluindo a fonte laser RAYCUS, o servomotor FUJI e a cabe\u00e7a laser Raytools, esta m\u00e1quina de corte foi concebida para satisfazer as suas necessidades industriais.<\/p>","protected":false},"featured_media":4451,"comment_status":"open","ping_status":"closed","template":"","meta":{"_uag_custom_page_level_css":"","site-sidebar-layout":"default","site-content-layout":"","ast-site-content-layout":"default","site-content-style":"default","site-sidebar-style":"default","ast-global-header-display":"","ast-banner-title-visibility":"","ast-main-header-display":"","ast-hfb-above-header-display":"","ast-hfb-below-header-display":"","ast-hfb-mobile-header-display":"","site-post-title":"","ast-breadcrumbs-content":"","ast-featured-img":"","footer-sml-layout":"","theme-transparent-header-meta":"default","adv-header-id-meta":"","stick-header-meta":"","header-above-stick-meta":"","header-main-stick-meta":"","header-below-stick-meta":"","astra-migrate-meta-layouts":"set","ast-page-background-enabled":"default","ast-page-background-meta":{"desktop":{"background-color":"var(--ast-global-color-4)","background-image":"","background-repeat":"repeat","background-position":"center center","background-size":"auto","background-attachment":"scroll","background-type":"","background-media":"","overlay-type":"","overlay-color":"","overlay-opacity":"","overlay-gradient":""},"tablet":{"background-color":"","background-image":"","background-repeat":"repeat","background-position":"center center","background-size":"auto","background-attachment":"scroll","background-type":"","background-media":"","overlay-type":"","overlay-color":"","overlay-opacity":"","overlay-gradient":""},"mobile":{"background-color":"","background-image":"","background-repeat":"repeat","background-position":"center center","background-size":"auto","background-attachment":"scroll","background-type":"","background-media":"","overlay-type":"","overlay-color":"","overlay-opacity":"","overlay-gradient":""}},"ast-content-background-meta":{"desktop":{"background-color":"var(--ast-global-color-5)","background-image":"","background-repeat":"repeat","background-position":"center center","background-size":"auto","background-attachment":"scroll","background-type":"","background-media":"","overlay-type":"","overlay-color":"","overlay-opacity":"","overlay-gradient":""},"tablet":{"background-color":"var(--ast-global-color-5)","background-image":"","background-repeat":"repeat","background-position":"center center","background-size":"auto","background-attachment":"scroll","background-type":"","background-media":"","overlay-type":"","overlay-color":"","overlay-opacity":"","overlay-gradient":""},"mobile":{"background-color":"var(--ast-global-color-5)","background-image":"","background-repeat":"repeat","background-position":"center center","background-size":"auto","background-attachment":"scroll","background-type":"","background-media":"","overlay-type":"","overlay-color":"","overlay-opacity":"","overlay-gradient":""}}},"product_brand":[],"product_cat":[34],"product_tag":[],"class_list":{"0":"post-4429","1":"product","2":"type-product","3":"status-publish","4":"has-post-thumbnail","6":"product_cat-single-platform-laser-cutting-machine","7":"desktop-align-left","8":"tablet-align-left","9":"mobile-align-left","11":"first","12":"instock","13":"shipping-taxable","14":"product-type-simple"},"yoast_head":"<!-- This site is optimized with the Yoast SEO plugin v24.4 - https:\/\/yoast.com\/wordpress\/plugins\/seo\/ -->\n<title>LH 2000W Three-Chuck Steel Fiber Laser Cutting Machine for Steel Pipe &amp; Metal Cutting - Leading han<\/title>\n<meta name=\"robots\" content=\"index, follow, max-snippet:-1, max-image-preview:large, max-video-preview:-1\" \/>\n<link rel=\"canonical\" href=\"https:\/\/www.leadhan.com\/pt\/produto\/lh-2000w-maquina-de-corte-a-laser-de-fibra-de-aco-de-tres-mandris-para-corte-de-metal-de-tubos-de-aco\/\" \/>\n<meta property=\"og:locale\" content=\"pt_PT\" \/>\n<meta property=\"og:type\" content=\"article\" \/>\n<meta property=\"og:title\" content=\"LH 2000W Three-Chuck Steel Fiber Laser Cutting Machine for Steel Pipe &amp; Metal Cutting - Leading han\" \/>\n<meta property=\"og:description\" content=\"LH 2000W Three-Chuck Steel Fiber Laser Cutting Machine is designed for high-precision cutting of metal pipes and tubes, making it an ideal choice for various industries. This machine ensures top-tier performance with repeat positioning accuracy of 0.03mm and cutting accuracy of 0.05mm. Its automated loading feature enhances productivity by reducing labor costs and streamlining the cutting process. Suitable for diverse applications such as in hotels, garment shops, and manufacturing plants, the machine offers customizable power options ranging from 1500W to 12000W. It comes with a 3-year warranty on both core components and the machine itself, ensuring long-lasting durability and reliability. Powered by top-notch components, including RAYCUS laser source, FUJI servo motor, and Raytools laser head, this cutting machine is engineered to meet your industrial needs.\" \/>\n<meta property=\"og:url\" content=\"https:\/\/www.leadhan.com\/pt\/produto\/lh-2000w-maquina-de-corte-a-laser-de-fibra-de-aco-de-tres-mandris-para-corte-de-metal-de-tubos-de-aco\/\" \/>\n<meta property=\"og:site_name\" content=\"Leading han\" \/>\n<meta property=\"article:modified_time\" content=\"2025-06-03T16:07:24+00:00\" \/>\n<meta property=\"og:image\" content=\"https:\/\/www.leadhan.com\/wp-content\/uploads\/2025\/02\/C04FC3A9-2D6F-47ae-89A3-C09A4882C568.png\" \/>\n\t<meta property=\"og:image:width\" content=\"720\" \/>\n\t<meta property=\"og:image:height\" content=\"720\" \/>\n\t<meta property=\"og:image:type\" content=\"image\/png\" \/>\n<meta name=\"twitter:card\" content=\"summary_large_image\" \/>\n<meta name=\"twitter:label1\" content=\"Tempo estimado de leitura\" \/>\n\t<meta name=\"twitter:data1\" content=\"2 minutos\" \/>\n<script type=\"application\/ld+json\" class=\"yoast-schema-graph\">{\"@context\":\"https:\/\/schema.org\",\"@graph\":[{\"@type\":\"WebPage\",\"@id\":\"https:\/\/www.leadhan.com\/product\/lh-2000w-three-chuck-steel-fiber-laser-cutting-machine-for-steel-pipe-metal-cutting\/\",\"url\":\"https:\/\/www.leadhan.com\/product\/lh-2000w-three-chuck-steel-fiber-laser-cutting-machine-for-steel-pipe-metal-cutting\/\",\"name\":\"LH 2000W Three-Chuck Steel Fiber Laser Cutting Machine for Steel Pipe & Metal Cutting - Leading han\",\"isPartOf\":{\"@id\":\"https:\/\/www.leadhan.com\/af\/#website\"},\"primaryImageOfPage\":{\"@id\":\"https:\/\/www.leadhan.com\/product\/lh-2000w-three-chuck-steel-fiber-laser-cutting-machine-for-steel-pipe-metal-cutting\/#primaryimage\"},\"image\":{\"@id\":\"https:\/\/www.leadhan.com\/product\/lh-2000w-three-chuck-steel-fiber-laser-cutting-machine-for-steel-pipe-metal-cutting\/#primaryimage\"},\"thumbnailUrl\":\"https:\/\/www.leadhan.com\/wp-content\/uploads\/2025\/02\/C04FC3A9-2D6F-47ae-89A3-C09A4882C568.png\",\"datePublished\":\"2025-02-10T02:11:04+00:00\",\"dateModified\":\"2025-06-03T16:07:24+00:00\",\"breadcrumb\":{\"@id\":\"https:\/\/www.leadhan.com\/product\/lh-2000w-three-chuck-steel-fiber-laser-cutting-machine-for-steel-pipe-metal-cutting\/#breadcrumb\"},\"inLanguage\":\"pt-PT\",\"potentialAction\":[{\"@type\":\"ReadAction\",\"target\":[\"https:\/\/www.leadhan.com\/product\/lh-2000w-three-chuck-steel-fiber-laser-cutting-machine-for-steel-pipe-metal-cutting\/\"]}]},{\"@type\":\"ImageObject\",\"inLanguage\":\"pt-PT\",\"@id\":\"https:\/\/www.leadhan.com\/product\/lh-2000w-three-chuck-steel-fiber-laser-cutting-machine-for-steel-pipe-metal-cutting\/#primaryimage\",\"url\":\"https:\/\/www.leadhan.com\/wp-content\/uploads\/2025\/02\/C04FC3A9-2D6F-47ae-89A3-C09A4882C568.png\",\"contentUrl\":\"https:\/\/www.leadhan.com\/wp-content\/uploads\/2025\/02\/C04FC3A9-2D6F-47ae-89A3-C09A4882C568.png\",\"width\":720,\"height\":720},{\"@type\":\"BreadcrumbList\",\"@id\":\"https:\/\/www.leadhan.com\/product\/lh-2000w-three-chuck-steel-fiber-laser-cutting-machine-for-steel-pipe-metal-cutting\/#breadcrumb\",\"itemListElement\":[{\"@type\":\"ListItem\",\"position\":1,\"name\":\"Home\",\"item\":\"https:\/\/www.leadhan.com\/\"},{\"@type\":\"ListItem\",\"position\":2,\"name\":\"laser cutting machine\",\"item\":\"https:\/\/www.leadhan.com\/shop\/\"},{\"@type\":\"ListItem\",\"position\":3,\"name\":\"LH 2000W Three-Chuck Steel Fiber Laser Cutting Machine for Steel Pipe &#038; Metal Cutting\"}]},{\"@type\":\"WebSite\",\"@id\":\"https:\/\/www.leadhan.com\/af\/#website\",\"url\":\"https:\/\/www.leadhan.com\/af\/\",\"name\":\"Leading han\",\"description\":\"\",\"publisher\":{\"@id\":\"https:\/\/www.leadhan.com\/af\/#organization\"},\"potentialAction\":[{\"@type\":\"SearchAction\",\"target\":{\"@type\":\"EntryPoint\",\"urlTemplate\":\"https:\/\/www.leadhan.com\/af\/?s={search_term_string}\"},\"query-input\":{\"@type\":\"PropertyValueSpecification\",\"valueRequired\":true,\"valueName\":\"search_term_string\"}}],\"inLanguage\":\"pt-PT\"},{\"@type\":\"Organization\",\"@id\":\"https:\/\/www.leadhan.com\/af\/#organization\",\"name\":\"Leading han\",\"url\":\"https:\/\/www.leadhan.com\/af\/\",\"logo\":{\"@type\":\"ImageObject\",\"inLanguage\":\"pt-PT\",\"@id\":\"https:\/\/www.leadhan.com\/af\/#\/schema\/logo\/image\/\",\"url\":\"https:\/\/www.leadhan.com\/wp-content\/uploads\/2024\/08\/965.png\",\"contentUrl\":\"https:\/\/www.leadhan.com\/wp-content\/uploads\/2024\/08\/965.png\",\"width\":239,\"height\":300,\"caption\":\"Leading han\"},\"image\":{\"@id\":\"https:\/\/www.leadhan.com\/af\/#\/schema\/logo\/image\/\"}}]}<\/script>\n<!-- \/ Yoast SEO plugin. -->","yoast_head_json":{"title":"LH 2000W Three-Chuck Steel Fiber Laser Cutting Machine for Steel Pipe & Metal Cutting - Leading han","robots":{"index":"index","follow":"follow","max-snippet":"max-snippet:-1","max-image-preview":"max-image-preview:large","max-video-preview":"max-video-preview:-1"},"canonical":"https:\/\/www.leadhan.com\/pt\/produto\/lh-2000w-maquina-de-corte-a-laser-de-fibra-de-aco-de-tres-mandris-para-corte-de-metal-de-tubos-de-aco\/","og_locale":"pt_PT","og_type":"article","og_title":"LH 2000W Three-Chuck Steel Fiber Laser Cutting Machine for Steel Pipe & Metal Cutting - Leading han","og_description":"LH 2000W Three-Chuck Steel Fiber Laser Cutting Machine is designed for high-precision cutting of metal pipes and tubes, making it an ideal choice for various industries. This machine ensures top-tier performance with repeat positioning accuracy of 0.03mm and cutting accuracy of 0.05mm. Its automated loading feature enhances productivity by reducing labor costs and streamlining the cutting process. Suitable for diverse applications such as in hotels, garment shops, and manufacturing plants, the machine offers customizable power options ranging from 1500W to 12000W. It comes with a 3-year warranty on both core components and the machine itself, ensuring long-lasting durability and reliability. Powered by top-notch components, including RAYCUS laser source, FUJI servo motor, and Raytools laser head, this cutting machine is engineered to meet your industrial needs.","og_url":"https:\/\/www.leadhan.com\/pt\/produto\/lh-2000w-maquina-de-corte-a-laser-de-fibra-de-aco-de-tres-mandris-para-corte-de-metal-de-tubos-de-aco\/","og_site_name":"Leading han","article_modified_time":"2025-06-03T16:07:24+00:00","og_image":[{"width":720,"height":720,"url":"https:\/\/www.leadhan.com\/wp-content\/uploads\/2025\/02\/C04FC3A9-2D6F-47ae-89A3-C09A4882C568.png","type":"image\/png"}],"twitter_card":"summary_large_image","twitter_misc":{"Tempo estimado de leitura":"2 minutos"},"schema":{"@context":"https:\/\/schema.org","@graph":[{"@type":"WebPage","@id":"https:\/\/www.leadhan.com\/product\/lh-2000w-three-chuck-steel-fiber-laser-cutting-machine-for-steel-pipe-metal-cutting\/","url":"https:\/\/www.leadhan.com\/product\/lh-2000w-three-chuck-steel-fiber-laser-cutting-machine-for-steel-pipe-metal-cutting\/","name":"LH 2000W Three-Chuck Steel Fiber Laser Cutting Machine for Steel Pipe & Metal Cutting - Leading han","isPartOf":{"@id":"https:\/\/www.leadhan.com\/af\/#website"},"primaryImageOfPage":{"@id":"https:\/\/www.leadhan.com\/product\/lh-2000w-three-chuck-steel-fiber-laser-cutting-machine-for-steel-pipe-metal-cutting\/#primaryimage"},"image":{"@id":"https:\/\/www.leadhan.com\/product\/lh-2000w-three-chuck-steel-fiber-laser-cutting-machine-for-steel-pipe-metal-cutting\/#primaryimage"},"thumbnailUrl":"https:\/\/www.leadhan.com\/wp-content\/uploads\/2025\/02\/C04FC3A9-2D6F-47ae-89A3-C09A4882C568.png","datePublished":"2025-02-10T02:11:04+00:00","dateModified":"2025-06-03T16:07:24+00:00","breadcrumb":{"@id":"https:\/\/www.leadhan.com\/product\/lh-2000w-three-chuck-steel-fiber-laser-cutting-machine-for-steel-pipe-metal-cutting\/#breadcrumb"},"inLanguage":"pt-PT","potentialAction":[{"@type":"ReadAction","target":["https:\/\/www.leadhan.com\/product\/lh-2000w-three-chuck-steel-fiber-laser-cutting-machine-for-steel-pipe-metal-cutting\/"]}]},{"@type":"ImageObject","inLanguage":"pt-PT","@id":"https:\/\/www.leadhan.com\/product\/lh-2000w-three-chuck-steel-fiber-laser-cutting-machine-for-steel-pipe-metal-cutting\/#primaryimage","url":"https:\/\/www.leadhan.com\/wp-content\/uploads\/2025\/02\/C04FC3A9-2D6F-47ae-89A3-C09A4882C568.png","contentUrl":"https:\/\/www.leadhan.com\/wp-content\/uploads\/2025\/02\/C04FC3A9-2D6F-47ae-89A3-C09A4882C568.png","width":720,"height":720},{"@type":"BreadcrumbList","@id":"https:\/\/www.leadhan.com\/product\/lh-2000w-three-chuck-steel-fiber-laser-cutting-machine-for-steel-pipe-metal-cutting\/#breadcrumb","itemListElement":[{"@type":"ListItem","position":1,"name":"Home","item":"https:\/\/www.leadhan.com\/"},{"@type":"ListItem","position":2,"name":"laser cutting machine","item":"https:\/\/www.leadhan.com\/shop\/"},{"@type":"ListItem","position":3,"name":"LH 2000W Three-Chuck Steel Fiber Laser Cutting Machine for Steel Pipe &#038; Metal Cutting"}]},{"@type":"WebSite","@id":"https:\/\/www.leadhan.com\/af\/#website","url":"https:\/\/www.leadhan.com\/af\/","name":"Leading han","description":"","publisher":{"@id":"https:\/\/www.leadhan.com\/af\/#organization"},"potentialAction":[{"@type":"SearchAction","target":{"@type":"EntryPoint","urlTemplate":"https:\/\/www.leadhan.com\/af\/?s={search_term_string}"},"query-input":{"@type":"PropertyValueSpecification","valueRequired":true,"valueName":"search_term_string"}}],"inLanguage":"pt-PT"},{"@type":"Organization","@id":"https:\/\/www.leadhan.com\/af\/#organization","name":"Leading han","url":"https:\/\/www.leadhan.com\/af\/","logo":{"@type":"ImageObject","inLanguage":"pt-PT","@id":"https:\/\/www.leadhan.com\/af\/#\/schema\/logo\/image\/","url":"https:\/\/www.leadhan.com\/wp-content\/uploads\/2024\/08\/965.png","contentUrl":"https:\/\/www.leadhan.com\/wp-content\/uploads\/2024\/08\/965.png","width":239,"height":300,"caption":"Leading han"},"image":{"@id":"https:\/\/www.leadhan.com\/af\/#\/schema\/logo\/image\/"}}]}},"uagb_featured_image_src":{"full":["https:\/\/www.leadhan.com\/wp-content\/uploads\/2025\/02\/C04FC3A9-2D6F-47ae-89A3-C09A4882C568.png",720,720,false],"thumbnail":["https:\/\/www.leadhan.com\/wp-content\/uploads\/2025\/02\/C04FC3A9-2D6F-47ae-89A3-C09A4882C568-150x150.png",150,150,true],"medium":["https:\/\/www.leadhan.com\/wp-content\/uploads\/2025\/02\/C04FC3A9-2D6F-47ae-89A3-C09A4882C568-300x300.png",300,300,true],"medium_large":["https:\/\/www.leadhan.com\/wp-content\/uploads\/2025\/02\/C04FC3A9-2D6F-47ae-89A3-C09A4882C568.png",720,720,false],"large":["https:\/\/www.leadhan.com\/wp-content\/uploads\/2025\/02\/C04FC3A9-2D6F-47ae-89A3-C09A4882C568.png",720,720,false],"1536x1536":["https:\/\/www.leadhan.com\/wp-content\/uploads\/2025\/02\/C04FC3A9-2D6F-47ae-89A3-C09A4882C568.png",720,720,false],"2048x2048":["https:\/\/www.leadhan.com\/wp-content\/uploads\/2025\/02\/C04FC3A9-2D6F-47ae-89A3-C09A4882C568.png",720,720,false],"trp-custom-language-flag":["https:\/\/www.leadhan.com\/wp-content\/uploads\/2025\/02\/C04FC3A9-2D6F-47ae-89A3-C09A4882C568-12x12.png",12,12,true],"woocommerce_thumbnail":["https:\/\/www.leadhan.com\/wp-content\/uploads\/2025\/02\/C04FC3A9-2D6F-47ae-89A3-C09A4882C568-300x300.png",300,300,true],"woocommerce_single":["https:\/\/www.leadhan.com\/wp-content\/uploads\/2025\/02\/C04FC3A9-2D6F-47ae-89A3-C09A4882C568-600x600.png",600,600,true],"woocommerce_gallery_thumbnail":["https:\/\/www.leadhan.com\/wp-content\/uploads\/2025\/02\/C04FC3A9-2D6F-47ae-89A3-C09A4882C568-100x100.png",100,100,true]},"uagb_author_info":{"display_name":"user","author_link":"https:\/\/www.leadhan.com\/pt\/author\/"},"uagb_comment_info":17,"uagb_excerpt":"LH 2000W Three-Chuck Steel Fiber Laser Cutting Machine is designed for high-precision cutting of metal pipes and tubes, making it an ideal choice for various industries. This machine ensures top-tier performance with repeat positioning accuracy of 0.03mm and cutting accuracy of 0.05mm. Its automated loading feature enhances productivity by reducing labor costs and streamlining the&hellip;","_links":{"self":[{"href":"https:\/\/www.leadhan.com\/pt\/wp-json\/wp\/v2\/product\/4429","targetHints":{"allow":["GET"]}}],"collection":[{"href":"https:\/\/www.leadhan.com\/pt\/wp-json\/wp\/v2\/product"}],"about":[{"href":"https:\/\/www.leadhan.com\/pt\/wp-json\/wp\/v2\/types\/product"}],"replies":[{"embeddable":true,"href":"https:\/\/www.leadhan.com\/pt\/wp-json\/wp\/v2\/comments?post=4429"}],"wp:featuredmedia":[{"embeddable":true,"href":"https:\/\/www.leadhan.com\/pt\/wp-json\/wp\/v2\/media\/4451"}],"wp:attachment":[{"href":"https:\/\/www.leadhan.com\/pt\/wp-json\/wp\/v2\/media?parent=4429"}],"wp:term":[{"taxonomy":"product_brand","embeddable":true,"href":"https:\/\/www.leadhan.com\/pt\/wp-json\/wp\/v2\/product_brand?post=4429"},{"taxonomy":"product_cat","embeddable":true,"href":"https:\/\/www.leadhan.com\/pt\/wp-json\/wp\/v2\/product_cat?post=4429"},{"taxonomy":"product_tag","embeddable":true,"href":"https:\/\/www.leadhan.com\/pt\/wp-json\/wp\/v2\/product_tag?post=4429"}],"curies":[{"name":"wp","href":"https:\/\/api.w.org\/{rel}","templated":true}]}}