{"id":1813,"date":"2024-08-22T04:10:03","date_gmt":"2024-08-22T04:10:03","guid":{"rendered":"http:\/\/43.135.183.88\/our-staff\/"},"modified":"2025-03-01T13:49:29","modified_gmt":"2025-03-01T05:49:29","slug":"our-staff","status":"publish","type":"page","link":"https:\/\/www.leadhan.com\/vi\/nhan-vien-cua-chung-toi\/","title":{"rendered":"S\u1ef1 ki\u1ec7n th\u01b0\u01a1ng hi\u1ec7u"},"content":{"rendered":"<div class=\"wp-block-uagb-container uagb-block-c563963b alignfull uagb-is-root-container\"><div class=\"uagb-container-inner-blocks-wrap\"><div class=\"wp-block-uagb-container uagb-block-f1c4ae1b\"><div class=\"wp-block-uagb-info-box uagb-block-7e0a0ead uagb-infobox__content-wrap  uagb-infobox-icon-above-title uagb-infobox-image-valign-top\"><div class=\"uagb-ifb-content\"><div class=\"uagb-ifb-title-wrap\"><h1 class=\"uagb-ifb-title\">S\u1ef1 ki\u1ec7n th\u01b0\u01a1ng hi\u1ec7u<\/h1><\/div><div class=\"uagb-ifb-separator\"><\/div><p class=\"uagb-ifb-desc\">Laser l\u00e0 c\u1ed1t l\u00f5i trong ho\u1ea1t \u0111\u1ed9ng kinh doanh c\u1ee7a ch\u00fang t\u00f4i v\u00e0 ch\u00fang t\u00f4i th\u1ef1c s\u1ef1 cam k\u1ebft cung c\u1ea5p cho th\u1ecb tr\u01b0\u1eddng c\u00e1c gi\u1ea3i ph\u00e1p ti\u00ean ti\u1ebfn v\u1ec1 c\u00f4ng ngh\u1ec7 laser.<\/p><\/div><\/div><\/div><\/div><\/div><div class=\"wp-block-uagb-container uagb-block-1e94b722 alignfull uagb-is-root-container\"><div class=\"uagb-container-inner-blocks-wrap\"><div class=\"wp-block-uagb-info-box uagb-block-37ce16c5 uagb-infobox__content-wrap  uagb-infobox-icon-above-title uagb-infobox-image-valign-top\"><div class=\"uagb-ifb-content\"><div class=\"uagb-ifb-title-wrap\"><h2 class=\"uagb-ifb-title\">S\u1ef1 ki\u1ec7n th\u01b0\u01a1ng hi\u1ec7u<\/h2><\/div><div class=\"uagb-ifb-separator\"><\/div><p class=\"uagb-ifb-desc\">Linghan Laser l\u00e0 m\u1ed9t th\u01b0\u01a1ng hi\u1ec7u n\u1ed5i ti\u1ebfng cung c\u1ea5p nhi\u1ec1u s\u1ea3n ph\u1ea9m v\u00e0 gi\u1ea3i ph\u00e1p laser ti\u00ean ti\u1ebfn.<\/p><\/div><\/div>\n\n<div class=\"wp-block-uagb-container uagb-layout-grid uagb-block-3bc7843e default uagb-is-root-container\"><div class=\"wp-block-uagb-container uagb-block-11f4fb55\"><div class=\"wp-block-uagb-info-box uagb-block-3a8d609d uagb-infobox__content-wrap  uagb-infobox-icon-above-title uagb-infobox-image-valign-top wp-block-uagb-info-box--has-margin\"><div class=\"uagb-infobox-margin-wrapper\"><div class=\"uagb-ifb-content\"><div class=\"uagb-ifb-title-wrap\"><h4 class=\"uagb-ifb-title-prefix\">S\u1ef1 ki\u1ec7n th\u01b0\u01a1ng hi\u1ec7u<\/h4><\/div><p class=\"uagb-ifb-desc\">C\u00f4ng ty TNHH S\u1ea3n xu\u1ea5t Thi\u1ebft b\u1ecb Laser Linghan l\u00e0 m\u1ed9t doanh nghi\u1ec7p c\u00f4ng ngh\u1ec7 cao t\u00edch h\u1ee3p nghi\u00ean c\u1ee9u v\u00e0 ph\u00e1t tri\u1ec3n<\/p><\/div><\/div><\/div><\/div>\n\n<figure class=\"wp-block-video\"><video controls src=\"https:\/\/leadhan.com\/wp-content\/uploads\/2024\/08\/B6015\u5355\u53f0\u97621.mov\"><\/video><\/figure><\/div>\n\n<div class=\"wp-block-uagb-container uagb-layout-grid uagb-block-83e0dc64 default uagb-is-root-container\"><figure class=\"wp-block-video\"><video controls src=\"https:\/\/leadhan.com\/wp-content\/uploads\/2024\/08\/B6015\u5355\u53f0\u97621.mov\"><\/video><\/figure>\n\n<div class=\"wp-block-uagb-container uagb-block-43f3784d\"><div class=\"wp-block-uagb-info-box uagb-block-40c243ba uagb-infobox__content-wrap  uagb-infobox-icon-above-title uagb-infobox-image-valign-top wp-block-uagb-info-box--has-margin\"><div class=\"uagb-infobox-margin-wrapper\"><div class=\"uagb-ifb-content\"><div class=\"uagb-ifb-title-wrap\"><h4 class=\"uagb-ifb-title-prefix\">S\u1ef1 ki\u1ec7n th\u01b0\u01a1ng hi\u1ec7u<\/h4><p class=\"uagb-ifb-title\">S\u1ef1 ki\u1ec7n th\u01b0\u01a1ng hi\u1ec7u<\/p><\/div><p class=\"uagb-ifb-desc\">&nbsp;s\u1ea3n xu\u1ea5t, b\u00e1n h\u00e0ng v\u00e0 tin h\u1ecdc h\u00f3a thi\u1ebft b\u1ecb laser chuy\u00ean nghi\u1ec7p. C\u00f4ng ty cam k\u1ebft cung c\u1ea5p c\u00e1c gi\u1ea3i ph\u00e1p thi\u1ebft b\u1ecb laser th\u00f4ng minh cho ng\u01b0\u1eddi d\u00f9ng to\u00e0n c\u1ea7u v\u00e0 \u0111\u00e3 thi\u1ebft l\u1eadp \u0111\u01b0\u1ee3c nhi\u1ec1u kh\u00e1ch h\u00e0ng chu\u1ea9n m\u1ef1c trong c\u00e1c ng\u00e0nh c\u00f4ng nghi\u1ec7p nh\u01b0 d\u1ee5ng c\u1ee5 ch\u00ednh x\u00e1c<\/p><\/div><\/div><\/div><\/div><\/div>\n\n<div class=\"wp-block-uagb-container uagb-layout-grid uagb-block-75d81082 default uagb-is-root-container\"><div class=\"wp-block-uagb-container uagb-block-51a5499e\"><div class=\"wp-block-uagb-info-box uagb-block-142fa01c uagb-infobox__content-wrap  uagb-infobox-icon-above-title uagb-infobox-image-valign-top wp-block-uagb-info-box--has-margin\"><div class=\"uagb-infobox-margin-wrapper\"><div class=\"uagb-ifb-content\"><div class=\"uagb-ifb-title-wrap\"><h4 class=\"uagb-ifb-title-prefix\">S\u1ef1 ki\u1ec7n th\u01b0\u01a1ng hi\u1ec7u<\/h4><p class=\"uagb-ifb-title\">S\u1ef1 ki\u1ec7n th\u01b0\u01a1ng hi\u1ec7u<\/p><\/div><p class=\"uagb-ifb-desc\">s\u1ea3n xu\u1ea5t kim lo\u1ea1i t\u1ea5m, ph\u1ee5 t\u00f9ng \u00f4 t\u00f4, \u0111\u1ed3 d\u00f9ng nh\u00e0 b\u1ebfp v\u00e0 ph\u00f2ng t\u1eafm, c\u00f9ng nhi\u1ec1u s\u1ea3n ph\u1ea9m kh\u00e1c.<\/p><\/div><\/div><\/div><\/div>\n\n<figure class=\"wp-block-video\"><video controls src=\"https:\/\/leadhan.com\/wp-content\/uploads\/2024\/08\/B6015\u5355\u53f0\u97621.mov\"><\/video><\/figure><\/div><\/div><\/div><div class=\"wp-block-uagb-container uagb-block-9e6eb056 alignfull uagb-is-root-container\"><div class=\"uagb-container-inner-blocks-wrap\"><div class=\"wp-block-uagb-info-box uagb-block-f4ec72d3 uagb-infobox__content-wrap  uagb-infobox-icon-above-title uagb-infobox-image-valign-top\"><div class=\"uagb-ifb-content\"><div class=\"uagb-ifb-title-wrap\"><h6 class=\"uagb-ifb-title-prefix\">G\u1eccI KH\u1ea8N C\u1ea4P 24\/7<\/h6><h2 class=\"uagb-ifb-title\">+86  <strong>18954523752\u200b\u200b\u200b<\/strong><\/h2><\/div><div class=\"uagb-ifb-separator\"><\/div><\/div><\/div>\n\n<div class=\"wp-block-uagb-advanced-heading uagb-block-320b4215\"><h6 class=\"uagb-heading-text\">\u0110\u1eb6T L\u1ecaCH H\u1eb8N NGAY H\u00d4M NAY<\/h6><\/div><\/div><\/div><p><\/p>","protected":false},"excerpt":{"rendered":"<p>\u0110\u1eb6T L\u1ecaCH H\u1eb8N NGAY H\u00d4M NAY<\/p>","protected":false},"author":1,"featured_media":0,"parent":0,"menu_order":0,"comment_status":"closed","ping_status":"closed","template":"","meta":{"_uag_custom_page_level_css":"","site-sidebar-layout":"default","site-content-layout":"page-builder","ast-site-content-layout":"full-width-container","site-content-style":"unboxed","site-sidebar-style":"unboxed","ast-global-header-display":"","ast-banner-title-visibility":"","ast-main-header-display":"","ast-hfb-above-header-display":"","ast-hfb-below-header-display":"","ast-hfb-mobile-header-display":"","site-post-title":"disabled","ast-breadcrumbs-content":"","ast-featured-img":"","footer-sml-layout":"","theme-transparent-header-meta":"enabled","adv-header-id-meta":"","stick-header-meta":"","header-above-stick-meta":"","header-main-stick-meta":"","header-below-stick-meta":"","astra-migrate-meta-layouts":"set","ast-page-background-enabled":"default","ast-page-background-meta":{"desktop":{"background-color":"var(--ast-global-color-4)","background-image":"","background-repeat":"repeat","background-position":"center center","background-size":"auto","background-attachment":"scroll","background-type":"","background-media":"","overlay-type":"","overlay-color":"","overlay-opacity":"","overlay-gradient":""},"tablet":{"background-color":"","background-image":"","background-repeat":"repeat","background-position":"center center","background-size":"auto","background-attachment":"scroll","background-type":"","background-media":"","overlay-type":"","overlay-color":"","overlay-opacity":"","overlay-gradient":""},"mobile":{"background-color":"","background-image":"","background-repeat":"repeat","background-position":"center center","background-size":"auto","background-attachment":"scroll","background-type":"","background-media":"","overlay-type":"","overlay-color":"","overlay-opacity":"","overlay-gradient":""}},"ast-content-background-meta":{"desktop":{"background-color":"var(--ast-global-color-5)","background-image":"","background-repeat":"repeat","background-position":"center center","background-size":"auto","background-attachment":"scroll","background-type":"","background-media":"","overlay-type":"","overlay-color":"","overlay-opacity":"","overlay-gradient":""},"tablet":{"background-color":"var(--ast-global-color-5)","background-image":"","background-repeat":"repeat","background-position":"center center","background-size":"auto","background-attachment":"scroll","background-type":"","background-media":"","overlay-type":"","overlay-color":"","overlay-opacity":"","overlay-gradient":""},"mobile":{"background-color":"var(--ast-global-color-5)","background-image":"","background-repeat":"repeat","background-position":"center center","background-size":"auto","background-attachment":"scroll","background-type":"","background-media":"","overlay-type":"","overlay-color":"","overlay-opacity":"","overlay-gradient":""}},"footnotes":""},"class_list":["post-1813","page","type-page","status-publish","hentry"],"yoast_head":"<!-- This site is optimized with the Yoast SEO plugin v24.4 - https:\/\/yoast.com\/wordpress\/plugins\/seo\/ -->\n<title>Brand events - Leading han<\/title>\n<meta name=\"robots\" content=\"index, follow, max-snippet:-1, max-image-preview:large, max-video-preview:-1\" \/>\n<link rel=\"canonical\" href=\"https:\/\/www.leadhan.com\/vi\/nhan-vien-cua-chung-toi\/\" \/>\n<meta property=\"og:locale\" content=\"vi_VN\" \/>\n<meta property=\"og:type\" content=\"article\" \/>\n<meta property=\"og:title\" content=\"Brand events - Leading han\" \/>\n<meta property=\"og:description\" content=\"BOOK AN APPOINTMENT TODAY\" \/>\n<meta property=\"og:url\" content=\"https:\/\/www.leadhan.com\/vi\/nhan-vien-cua-chung-toi\/\" \/>\n<meta property=\"og:site_name\" content=\"Leading han\" \/>\n<meta property=\"article:modified_time\" content=\"2025-03-01T05:49:29+00:00\" \/>\n<meta name=\"twitter:card\" content=\"summary_large_image\" \/>\n<meta name=\"twitter:label1\" content=\"\u01af\u1edbc t\u00ednh th\u1eddi gian \u0111\u1ecdc\" \/>\n\t<meta name=\"twitter:data1\" content=\"1 ph\u00fat\" \/>\n<script type=\"application\/ld+json\" class=\"yoast-schema-graph\">{\"@context\":\"https:\/\/schema.org\",\"@graph\":[{\"@type\":\"WebPage\",\"@id\":\"https:\/\/www.leadhan.com\/our-staff\/\",\"url\":\"https:\/\/www.leadhan.com\/our-staff\/\",\"name\":\"Brand events - Leading han\",\"isPartOf\":{\"@id\":\"https:\/\/www.leadhan.com\/af\/#website\"},\"datePublished\":\"2024-08-22T04:10:03+00:00\",\"dateModified\":\"2025-03-01T05:49:29+00:00\",\"breadcrumb\":{\"@id\":\"https:\/\/www.leadhan.com\/our-staff\/#breadcrumb\"},\"inLanguage\":\"vi\",\"potentialAction\":[{\"@type\":\"ReadAction\",\"target\":[\"https:\/\/www.leadhan.com\/our-staff\/\"]}]},{\"@type\":\"BreadcrumbList\",\"@id\":\"https:\/\/www.leadhan.com\/our-staff\/#breadcrumb\",\"itemListElement\":[{\"@type\":\"ListItem\",\"position\":1,\"name\":\"Home\",\"item\":\"https:\/\/www.leadhan.com\/\"},{\"@type\":\"ListItem\",\"position\":2,\"name\":\"Brand events\"}]},{\"@type\":\"WebSite\",\"@id\":\"https:\/\/www.leadhan.com\/af\/#website\",\"url\":\"https:\/\/www.leadhan.com\/af\/\",\"name\":\"Leading han\",\"description\":\"\",\"publisher\":{\"@id\":\"https:\/\/www.leadhan.com\/af\/#organization\"},\"potentialAction\":[{\"@type\":\"SearchAction\",\"target\":{\"@type\":\"EntryPoint\",\"urlTemplate\":\"https:\/\/www.leadhan.com\/af\/?s={search_term_string}\"},\"query-input\":{\"@type\":\"PropertyValueSpecification\",\"valueRequired\":true,\"valueName\":\"search_term_string\"}}],\"inLanguage\":\"vi\"},{\"@type\":\"Organization\",\"@id\":\"https:\/\/www.leadhan.com\/af\/#organization\",\"name\":\"Leading han\",\"url\":\"https:\/\/www.leadhan.com\/af\/\",\"logo\":{\"@type\":\"ImageObject\",\"inLanguage\":\"vi\",\"@id\":\"https:\/\/www.leadhan.com\/af\/#\/schema\/logo\/image\/\",\"url\":\"https:\/\/www.leadhan.com\/wp-content\/uploads\/2024\/08\/965.png\",\"contentUrl\":\"https:\/\/www.leadhan.com\/wp-content\/uploads\/2024\/08\/965.png\",\"width\":239,\"height\":300,\"caption\":\"Leading han\"},\"image\":{\"@id\":\"https:\/\/www.leadhan.com\/af\/#\/schema\/logo\/image\/\"}}]}<\/script>\n<!-- \/ Yoast SEO plugin. -->","yoast_head_json":{"title":"Brand events - Leading han","robots":{"index":"index","follow":"follow","max-snippet":"max-snippet:-1","max-image-preview":"max-image-preview:large","max-video-preview":"max-video-preview:-1"},"canonical":"https:\/\/www.leadhan.com\/vi\/nhan-vien-cua-chung-toi\/","og_locale":"vi_VN","og_type":"article","og_title":"Brand events - Leading han","og_description":"BOOK AN APPOINTMENT TODAY","og_url":"https:\/\/www.leadhan.com\/vi\/nhan-vien-cua-chung-toi\/","og_site_name":"Leading han","article_modified_time":"2025-03-01T05:49:29+00:00","twitter_card":"summary_large_image","twitter_misc":{"\u01af\u1edbc t\u00ednh th\u1eddi gian \u0111\u1ecdc":"1 ph\u00fat"},"schema":{"@context":"https:\/\/schema.org","@graph":[{"@type":"WebPage","@id":"https:\/\/www.leadhan.com\/our-staff\/","url":"https:\/\/www.leadhan.com\/our-staff\/","name":"Brand events - Leading han","isPartOf":{"@id":"https:\/\/www.leadhan.com\/af\/#website"},"datePublished":"2024-08-22T04:10:03+00:00","dateModified":"2025-03-01T05:49:29+00:00","breadcrumb":{"@id":"https:\/\/www.leadhan.com\/our-staff\/#breadcrumb"},"inLanguage":"vi","potentialAction":[{"@type":"ReadAction","target":["https:\/\/www.leadhan.com\/our-staff\/"]}]},{"@type":"BreadcrumbList","@id":"https:\/\/www.leadhan.com\/our-staff\/#breadcrumb","itemListElement":[{"@type":"ListItem","position":1,"name":"Home","item":"https:\/\/www.leadhan.com\/"},{"@type":"ListItem","position":2,"name":"Brand events"}]},{"@type":"WebSite","@id":"https:\/\/www.leadhan.com\/af\/#website","url":"https:\/\/www.leadhan.com\/af\/","name":"Leading han","description":"","publisher":{"@id":"https:\/\/www.leadhan.com\/af\/#organization"},"potentialAction":[{"@type":"SearchAction","target":{"@type":"EntryPoint","urlTemplate":"https:\/\/www.leadhan.com\/af\/?s={search_term_string}"},"query-input":{"@type":"PropertyValueSpecification","valueRequired":true,"valueName":"search_term_string"}}],"inLanguage":"vi"},{"@type":"Organization","@id":"https:\/\/www.leadhan.com\/af\/#organization","name":"Leading han","url":"https:\/\/www.leadhan.com\/af\/","logo":{"@type":"ImageObject","inLanguage":"vi","@id":"https:\/\/www.leadhan.com\/af\/#\/schema\/logo\/image\/","url":"https:\/\/www.leadhan.com\/wp-content\/uploads\/2024\/08\/965.png","contentUrl":"https:\/\/www.leadhan.com\/wp-content\/uploads\/2024\/08\/965.png","width":239,"height":300,"caption":"Leading han"},"image":{"@id":"https:\/\/www.leadhan.com\/af\/#\/schema\/logo\/image\/"}}]}},"uagb_featured_image_src":{"full":false,"thumbnail":false,"medium":false,"medium_large":false,"large":false,"1536x1536":false,"2048x2048":false,"trp-custom-language-flag":false,"woocommerce_thumbnail":false,"woocommerce_single":false,"woocommerce_gallery_thumbnail":false},"uagb_author_info":{"display_name":"user","author_link":"https:\/\/www.leadhan.com\/vi\/author\/user\/"},"uagb_comment_info":0,"uagb_excerpt":"BOOK AN APPOINTMENT TODAY","_links":{"self":[{"href":"https:\/\/www.leadhan.com\/vi\/wp-json\/wp\/v2\/pages\/1813","targetHints":{"allow":["GET"]}}],"collection":[{"href":"https:\/\/www.leadhan.com\/vi\/wp-json\/wp\/v2\/pages"}],"about":[{"href":"https:\/\/www.leadhan.com\/vi\/wp-json\/wp\/v2\/types\/page"}],"author":[{"embeddable":true,"href":"https:\/\/www.leadhan.com\/vi\/wp-json\/wp\/v2\/users\/1"}],"replies":[{"embeddable":true,"href":"https:\/\/www.leadhan.com\/vi\/wp-json\/wp\/v2\/comments?post=1813"}],"version-history":[{"count":15,"href":"https:\/\/www.leadhan.com\/vi\/wp-json\/wp\/v2\/pages\/1813\/revisions"}],"predecessor-version":[{"id":4658,"href":"https:\/\/www.leadhan.com\/vi\/wp-json\/wp\/v2\/pages\/1813\/revisions\/4658"}],"wp:attachment":[{"href":"https:\/\/www.leadhan.com\/vi\/wp-json\/wp\/v2\/media?parent=1813"}],"curies":[{"name":"wp","href":"https:\/\/api.w.org\/{rel}","templated":true}]}}