{"id":2,"date":"2024-08-20T10:07:24","date_gmt":"2024-08-20T10:07:24","guid":{"rendered":"http:\/\/43.135.183.88\/?page_id=2"},"modified":"2025-02-10T11:40:48","modified_gmt":"2025-02-10T03:40:48","slug":"sample-page","status":"publish","type":"page","link":"https:\/\/www.leadhan.com\/vi\/trang-mau\/","title":{"rendered":"Jinan Linghan Laser Technology Co., Ltd"},"content":{"rendered":"<p>C\u00f4ng ty TNHH C\u00f4ng ngh\u1ec7 Laser Jinan Linghan Ch\u1ee7 y\u1ebfu kinh doanh: M\u00e1y c\u1eaft laser m\u1ed9t b\u00e0n, m\u00e1y c\u1eaft laser n\u1ec1n t\u1ea3ng trao \u0111\u1ed5i xung quanh l\u1edbn, m\u00e1y c\u1eaft laser \u0111\u1ecbnh d\u1ea1ng c\u1ef1c l\u1edbn, m\u00e1y c\u1eaft laser t\u00edch h\u1ee3p \u1ed1ng t\u1ea5m, m\u00e1y c\u1eaft \u1ed1ng b\u00e1n t\u1ef1 \u0111\u1ed9ng hai m\u00e2m c\u1eb7p, m\u00e1y c\u1eaft \u1ed1ng laser ba m\u00e2m c\u1eb7p, m\u00e1y c\u1eaft \u1ed1ng laser b\u1ed1n m\u00e2m c\u1eb7p, m\u00e1y c\u1eaft th\u00e9p, m\u00e1y h\u00e0n laser. Ch\u00fang t\u00f4i c\u00f3 c\u00e1c tr\u01b0\u1eddng h\u1ee3p kh\u00e1ch h\u00e0ng chu\u1ea9n m\u1ef1c r\u1ed9ng r\u00e3i v\u00e0 \u1ed5n \u0111\u1ecbnh trong c\u00e1c ng\u00e0nh c\u00f4ng nghi\u1ec7p nh\u01b0 d\u1ee5ng c\u1ee5 ch\u00ednh x\u00e1c, s\u1ea3n xu\u1ea5t kim lo\u1ea1i t\u1ea5m, ph\u1ee5 t\u00f9ng \u00f4 t\u00f4 v\u00e0 \u0111\u1ed3 d\u00f9ng nh\u00e0 b\u1ebfp v\u00e0 ph\u00f2ng t\u1eafm. V\u1edbi m\u1ee5c ti\u00eau &quot;\u0111i\u1ec1u ch\u1ec9nh c\u00e1c gi\u1ea3i ph\u00e1p s\u1ea3n ph\u1ea9m \u0111\u1ed9c quy\u1ec1n cho kh\u00e1ch h\u00e0ng&quot;, ch\u00fang t\u00f4i \u0111\u00e3 thi\u1ebft l\u1eadp \u0111\u01b0\u1eddng d\u00e2y n\u00f3ng d\u1ecbch v\u1ee5 kh\u00e1ch h\u00e0ng 24 gi\u1edd v\u00e0 v\u1edbi tinh th\u1ea7n &quot;th\u1ef1c d\u1ee5ng, \u1ed5n \u0111\u1ecbnh, \u0111\u1ed5i m\u1edbi v\u00e0 kh\u00e9o l\u00e9o&quot;, ch\u00fang t\u00f4i cung c\u1ea5p c\u00e1c d\u1ecbch v\u1ee5 k\u1ef9 thu\u1eadt to\u00e0n di\u1ec7n v\u00e0 chu \u0111\u00e1o cho n\u1ec1n kinh t\u1ebf th\u1ecb tr\u01b0\u1eddng v\u00e0 ph\u1ea7n l\u1edbn ng\u01b0\u1eddi d\u00f9ng, \u0111\u1ed3ng th\u1eddi cam k\u1ebft x\u00e2y d\u1ef1ng m\u1ed9t c\u00e2y c\u1ea7u v\u1eefng ch\u1eafc v\u1edbi ph\u1ea7n l\u1edbn ng\u01b0\u1eddi d\u00f9ng b\u1eb1ng thi\u1ebft b\u1ecb laser ch\u1ea5t l\u01b0\u1ee3ng cao, s\u1ee9c h\u1ea5p d\u1eabn \u0111\u1ed9c \u0111\u00e1o v\u00e0 d\u1ecbch v\u1ee5 th\u00e2n thi\u1ec7n.<\/p><p>We firmly believe that: Faith supports life, dedication wins praise, service gains market, and persistence achieves career<\/p><figure class=\"wp-block-table\"><table class=\"has-fixed-layout\"><tbody><tr><td>Lo\u1ea1i<\/td><td>M\u1ee5c th\u00f4ng s\u1ed1 k\u1ef9 thu\u1eadt<\/td><td>Chi ti\u1ebft<\/td><\/tr><tr><td>Trade Capacity<\/td><td>International Commercial Terms (Incoterms)<\/td><td>FOB, CIF<\/td><\/tr><tr><td>Trade Capacity<\/td><td>Terms of Payment<\/td><td>LC, T\/T, PayPal<\/td><\/tr><tr><td>Trade Capacity<\/td><td>Average Lead Time<\/td><td>One month<\/td><\/tr><tr><td>Trade Capacity<\/td><td>Peak Season Lead Time<\/td><td>Peak Season Lead Time: one month<\/td><\/tr><tr><td>Trade Capacity<\/td><td>Off Season Lead Time<\/td><td>Off Season Lead Time: within 15 workdays<\/td><\/tr><tr><td>Trade Capacity<\/td><td>Number of Foreign Trading Staff<\/td><td>11~20 People<\/td><\/tr><tr><td>Trade Capacity<\/td><td>Export Year<\/td><td>2024\/8\/3<\/td><\/tr><tr><td>Production Capacity<\/td><td>Export Percentage<\/td><td>71%~90%<\/td><\/tr><tr><td>Production Capacity<\/td><td>Main Markets<\/td><td>North America, South America, Eastern Europe, Southeast Asia, Africa, Oceania, Mid East, Eastern Asia, Western Europe<\/td><\/tr><tr><td>Production Capacity<\/td><td>Nearest Port<\/td><td>Lianyungang, Qingdao<\/td><\/tr><tr><td>Production Capacity<\/td><td>Factory Address<\/td><td>Jinan, Shandong, China<\/td><\/tr><tr><td>Production Capacity<\/td><td>R&amp;D Capacity<\/td><td>OEM, ODM, Own Brand<\/td><\/tr><tr><td>Production Capacity<\/td><td>No. of R&amp;D Staff<\/td><td>41-50 People<\/td><\/tr><tr><td>Production Capacity<\/td><td>No. of Production Lines<\/td><td>5<\/td><\/tr><tr><td>Production Capacity<\/td><td>Annual Output Value<\/td><td>US$10 Million &#8211; US$50 Million<\/td><\/tr><\/tbody><\/table><\/figure><div class=\"wp-block-uagb-image uagb-block-4d1395ab wp-block-uagb-image--layout-default wp-block-uagb-image--effect-static wp-block-uagb-image--align-none\"><figure class=\"wp-block-uagb-image__figure\"><img loading=\"lazy\" decoding=\"async\" srcset=\"https:\/\/www.leadhan.com\/wp-content\/uploads\/2025\/02\/\u751f\u4ea7\u8f66\u95f4\u56fe.jpg ,https:\/\/www.leadhan.com\/wp-content\/uploads\/2025\/02\/\u751f\u4ea7\u8f66\u95f4\u56fe.jpg 780w, https:\/\/www.leadhan.com\/wp-content\/uploads\/2025\/02\/\u751f\u4ea7\u8f66\u95f4\u56fe.jpg 360w\" sizes=\"auto, (max-width: 480px) 150px\" src=\"https:\/\/www.leadhan.com\/wp-content\/uploads\/2025\/02\/\u751f\u4ea7\u8f66\u95f4\u56fe.jpg\" alt=\"\" class=\"uag-image-4441\" width=\"650\" height=\"487\" title=\"\u751f\u4ea7\u8f66\u95f4\u56fe\" role=\"img\"\/><\/figure><\/div>","protected":false},"excerpt":{"rendered":"<p>Jinan Linghan Laser Technology Co., Ltd. Mainly deals in: Single-table laser cutting machine, large-surround exchange platform laser cutting machine, ultra-large-format [&hellip;]<\/p>","protected":false},"author":1,"featured_media":0,"parent":0,"menu_order":0,"comment_status":"closed","ping_status":"open","template":"","meta":{"_uag_custom_page_level_css":"","site-sidebar-layout":"default","site-content-layout":"","ast-site-content-layout":"","site-content-style":"default","site-sidebar-style":"default","ast-global-header-display":"","ast-banner-title-visibility":"","ast-main-header-display":"","ast-hfb-above-header-display":"","ast-hfb-below-header-display":"","ast-hfb-mobile-header-display":"","site-post-title":"","ast-breadcrumbs-content":"","ast-featured-img":"","footer-sml-layout":"","theme-transparent-header-meta":"","adv-header-id-meta":"","stick-header-meta":"","header-above-stick-meta":"","header-main-stick-meta":"","header-below-stick-meta":"","astra-migrate-meta-layouts":"default","ast-page-background-enabled":"default","ast-page-background-meta":{"desktop":{"background-color":"var(--ast-global-color-4)","background-image":"","background-repeat":"repeat","background-position":"center center","background-size":"auto","background-attachment":"scroll","background-type":"","background-media":"","overlay-type":"","overlay-color":"","overlay-opacity":"","overlay-gradient":""},"tablet":{"background-color":"","background-image":"","background-repeat":"repeat","background-position":"center center","background-size":"auto","background-attachment":"scroll","background-type":"","background-media":"","overlay-type":"","overlay-color":"","overlay-opacity":"","overlay-gradient":""},"mobile":{"background-color":"","background-image":"","background-repeat":"repeat","background-position":"center center","background-size":"auto","background-attachment":"scroll","background-type":"","background-media":"","overlay-type":"","overlay-color":"","overlay-opacity":"","overlay-gradient":""}},"ast-content-background-meta":{"desktop":{"background-color":"var(--ast-global-color-5)","background-image":"","background-repeat":"repeat","background-position":"center center","background-size":"auto","background-attachment":"scroll","background-type":"","background-media":"","overlay-type":"","overlay-color":"","overlay-opacity":"","overlay-gradient":""},"tablet":{"background-color":"var(--ast-global-color-5)","background-image":"","background-repeat":"repeat","background-position":"center center","background-size":"auto","background-attachment":"scroll","background-type":"","background-media":"","overlay-type":"","overlay-color":"","overlay-opacity":"","overlay-gradient":""},"mobile":{"background-color":"var(--ast-global-color-5)","background-image":"","background-repeat":"repeat","background-position":"center center","background-size":"auto","background-attachment":"scroll","background-type":"","background-media":"","overlay-type":"","overlay-color":"","overlay-opacity":"","overlay-gradient":""}},"footnotes":""},"class_list":["post-2","page","type-page","status-publish","hentry"],"yoast_head":"<!-- This site is optimized with the Yoast SEO plugin v24.4 - https:\/\/yoast.com\/wordpress\/plugins\/seo\/ -->\n<title>Jinan Linghan Laser Technology Co., Ltd - Leading han<\/title>\n<meta name=\"robots\" content=\"index, follow, max-snippet:-1, max-image-preview:large, max-video-preview:-1\" \/>\n<link rel=\"canonical\" href=\"https:\/\/www.leadhan.com\/vi\/trang-mau\/\" \/>\n<meta property=\"og:locale\" content=\"vi_VN\" \/>\n<meta property=\"og:type\" content=\"article\" \/>\n<meta property=\"og:title\" content=\"Jinan Linghan Laser Technology Co., Ltd - Leading han\" \/>\n<meta property=\"og:description\" content=\"Jinan Linghan Laser Technology Co., Ltd. Mainly deals in: Single-table laser cutting machine, large-surround exchange platform laser cutting machine, ultra-large-format [&hellip;]\" \/>\n<meta property=\"og:url\" content=\"https:\/\/www.leadhan.com\/vi\/trang-mau\/\" \/>\n<meta property=\"og:site_name\" content=\"Leading han\" \/>\n<meta property=\"article:modified_time\" content=\"2025-02-10T03:40:48+00:00\" \/>\n<meta name=\"twitter:card\" content=\"summary_large_image\" \/>\n<meta name=\"twitter:label1\" content=\"\u01af\u1edbc t\u00ednh th\u1eddi gian \u0111\u1ecdc\" \/>\n\t<meta name=\"twitter:data1\" content=\"2 ph\u00fat\" \/>\n<script type=\"application\/ld+json\" class=\"yoast-schema-graph\">{\"@context\":\"https:\/\/schema.org\",\"@graph\":[{\"@type\":\"WebPage\",\"@id\":\"https:\/\/www.leadhan.com\/sample-page\/\",\"url\":\"https:\/\/www.leadhan.com\/sample-page\/\",\"name\":\"Jinan Linghan Laser Technology Co., Ltd - Leading han\",\"isPartOf\":{\"@id\":\"https:\/\/www.leadhan.com\/af\/#website\"},\"datePublished\":\"2024-08-20T10:07:24+00:00\",\"dateModified\":\"2025-02-10T03:40:48+00:00\",\"breadcrumb\":{\"@id\":\"https:\/\/www.leadhan.com\/sample-page\/#breadcrumb\"},\"inLanguage\":\"vi\",\"potentialAction\":[{\"@type\":\"ReadAction\",\"target\":[\"https:\/\/www.leadhan.com\/sample-page\/\"]}]},{\"@type\":\"BreadcrumbList\",\"@id\":\"https:\/\/www.leadhan.com\/sample-page\/#breadcrumb\",\"itemListElement\":[{\"@type\":\"ListItem\",\"position\":1,\"name\":\"Home\",\"item\":\"https:\/\/www.leadhan.com\/\"},{\"@type\":\"ListItem\",\"position\":2,\"name\":\"Jinan Linghan Laser Technology Co., Ltd\"}]},{\"@type\":\"WebSite\",\"@id\":\"https:\/\/www.leadhan.com\/af\/#website\",\"url\":\"https:\/\/www.leadhan.com\/af\/\",\"name\":\"Leading han\",\"description\":\"\",\"publisher\":{\"@id\":\"https:\/\/www.leadhan.com\/af\/#organization\"},\"potentialAction\":[{\"@type\":\"SearchAction\",\"target\":{\"@type\":\"EntryPoint\",\"urlTemplate\":\"https:\/\/www.leadhan.com\/af\/?s={search_term_string}\"},\"query-input\":{\"@type\":\"PropertyValueSpecification\",\"valueRequired\":true,\"valueName\":\"search_term_string\"}}],\"inLanguage\":\"vi\"},{\"@type\":\"Organization\",\"@id\":\"https:\/\/www.leadhan.com\/af\/#organization\",\"name\":\"Leading han\",\"url\":\"https:\/\/www.leadhan.com\/af\/\",\"logo\":{\"@type\":\"ImageObject\",\"inLanguage\":\"vi\",\"@id\":\"https:\/\/www.leadhan.com\/af\/#\/schema\/logo\/image\/\",\"url\":\"https:\/\/www.leadhan.com\/wp-content\/uploads\/2024\/08\/965.png\",\"contentUrl\":\"https:\/\/www.leadhan.com\/wp-content\/uploads\/2024\/08\/965.png\",\"width\":239,\"height\":300,\"caption\":\"Leading han\"},\"image\":{\"@id\":\"https:\/\/www.leadhan.com\/af\/#\/schema\/logo\/image\/\"}}]}<\/script>\n<!-- \/ Yoast SEO plugin. -->","yoast_head_json":{"title":"Jinan Linghan Laser Technology Co., Ltd - Leading han","robots":{"index":"index","follow":"follow","max-snippet":"max-snippet:-1","max-image-preview":"max-image-preview:large","max-video-preview":"max-video-preview:-1"},"canonical":"https:\/\/www.leadhan.com\/vi\/trang-mau\/","og_locale":"vi_VN","og_type":"article","og_title":"Jinan Linghan Laser Technology Co., Ltd - Leading han","og_description":"Jinan Linghan Laser Technology Co., Ltd. Mainly deals in: Single-table laser cutting machine, large-surround exchange platform laser cutting machine, ultra-large-format [&hellip;]","og_url":"https:\/\/www.leadhan.com\/vi\/trang-mau\/","og_site_name":"Leading han","article_modified_time":"2025-02-10T03:40:48+00:00","twitter_card":"summary_large_image","twitter_misc":{"\u01af\u1edbc t\u00ednh th\u1eddi gian \u0111\u1ecdc":"2 ph\u00fat"},"schema":{"@context":"https:\/\/schema.org","@graph":[{"@type":"WebPage","@id":"https:\/\/www.leadhan.com\/sample-page\/","url":"https:\/\/www.leadhan.com\/sample-page\/","name":"Jinan Linghan Laser Technology Co., Ltd - Leading han","isPartOf":{"@id":"https:\/\/www.leadhan.com\/af\/#website"},"datePublished":"2024-08-20T10:07:24+00:00","dateModified":"2025-02-10T03:40:48+00:00","breadcrumb":{"@id":"https:\/\/www.leadhan.com\/sample-page\/#breadcrumb"},"inLanguage":"vi","potentialAction":[{"@type":"ReadAction","target":["https:\/\/www.leadhan.com\/sample-page\/"]}]},{"@type":"BreadcrumbList","@id":"https:\/\/www.leadhan.com\/sample-page\/#breadcrumb","itemListElement":[{"@type":"ListItem","position":1,"name":"Home","item":"https:\/\/www.leadhan.com\/"},{"@type":"ListItem","position":2,"name":"Jinan Linghan Laser Technology Co., Ltd"}]},{"@type":"WebSite","@id":"https:\/\/www.leadhan.com\/af\/#website","url":"https:\/\/www.leadhan.com\/af\/","name":"Leading han","description":"","publisher":{"@id":"https:\/\/www.leadhan.com\/af\/#organization"},"potentialAction":[{"@type":"SearchAction","target":{"@type":"EntryPoint","urlTemplate":"https:\/\/www.leadhan.com\/af\/?s={search_term_string}"},"query-input":{"@type":"PropertyValueSpecification","valueRequired":true,"valueName":"search_term_string"}}],"inLanguage":"vi"},{"@type":"Organization","@id":"https:\/\/www.leadhan.com\/af\/#organization","name":"Leading han","url":"https:\/\/www.leadhan.com\/af\/","logo":{"@type":"ImageObject","inLanguage":"vi","@id":"https:\/\/www.leadhan.com\/af\/#\/schema\/logo\/image\/","url":"https:\/\/www.leadhan.com\/wp-content\/uploads\/2024\/08\/965.png","contentUrl":"https:\/\/www.leadhan.com\/wp-content\/uploads\/2024\/08\/965.png","width":239,"height":300,"caption":"Leading han"},"image":{"@id":"https:\/\/www.leadhan.com\/af\/#\/schema\/logo\/image\/"}}]}},"uagb_featured_image_src":{"full":false,"thumbnail":false,"medium":false,"medium_large":false,"large":false,"1536x1536":false,"2048x2048":false,"trp-custom-language-flag":false,"woocommerce_thumbnail":false,"woocommerce_single":false,"woocommerce_gallery_thumbnail":false},"uagb_author_info":{"display_name":"user","author_link":"https:\/\/www.leadhan.com\/vi\/author\/user\/"},"uagb_comment_info":0,"uagb_excerpt":"Jinan Linghan Laser Technology Co., Ltd. Mainly deals in: Single-table laser cutting machine, large-surround exchange platform laser cutting machine, ultra-large-format [&hellip;]","_links":{"self":[{"href":"https:\/\/www.leadhan.com\/vi\/wp-json\/wp\/v2\/pages\/2","targetHints":{"allow":["GET"]}}],"collection":[{"href":"https:\/\/www.leadhan.com\/vi\/wp-json\/wp\/v2\/pages"}],"about":[{"href":"https:\/\/www.leadhan.com\/vi\/wp-json\/wp\/v2\/types\/page"}],"author":[{"embeddable":true,"href":"https:\/\/www.leadhan.com\/vi\/wp-json\/wp\/v2\/users\/1"}],"replies":[{"embeddable":true,"href":"https:\/\/www.leadhan.com\/vi\/wp-json\/wp\/v2\/comments?post=2"}],"version-history":[{"count":1,"href":"https:\/\/www.leadhan.com\/vi\/wp-json\/wp\/v2\/pages\/2\/revisions"}],"predecessor-version":[{"id":4442,"href":"https:\/\/www.leadhan.com\/vi\/wp-json\/wp\/v2\/pages\/2\/revisions\/4442"}],"wp:attachment":[{"href":"https:\/\/www.leadhan.com\/vi\/wp-json\/wp\/v2\/media?parent=2"}],"curies":[{"name":"wp","href":"https:\/\/api.w.org\/{rel}","templated":true}]}}