{"id":4429,"date":"2025-02-10T10:11:04","date_gmt":"2025-02-10T02:11:04","guid":{"rendered":"https:\/\/www.leadhan.com\/?post_type=product&#038;p=4429"},"modified":"2025-06-03T09:07:24","modified_gmt":"2025-06-03T16:07:24","slug":"lh-2000w-three-chuck-steel-fiber-laser-cutting-machine-for-steel-pipe-metal-cutting","status":"publish","type":"product","link":"https:\/\/www.leadhan.com\/vi\/san-pham\/lh-2000w-three-chuck-steel-fiber-laser-cutting-machine-for-steel-pipe-metal-cutting\/","title":{"rendered":"M\u00e1y c\u1eaft laser s\u1ee3i th\u00e9p ba ch\u1ea5u LH 2000W d\u00f9ng \u0111\u1ec3 c\u1eaft \u1ed1ng th\u00e9p v\u00e0 kim lo\u1ea1i"},"content":{"rendered":"<h3>Product Description<\/h3>\n<p><strong>LH 2000W Three-Chuck Steel Fiber Laser Cutting Machine<\/strong> is designed for high-precision cutting of metal pipes and tubes, making it an ideal choice for various industries. This machine ensures top-tier performance with repeat positioning accuracy of 0.03mm and cutting accuracy of 0.05mm. Its automated loading feature enhances productivity by reducing labor costs and streamlining the cutting process. Suitable for diverse applications such as in hotels, garment shops, and manufacturing plants, the machine offers customizable power options ranging from 1500W to 12000W. It comes with a 3-year warranty on both core components and the machine itself, ensuring long-lasting durability and reliability. Powered by top-notch components, including RAYCUS laser source, FUJI servo motor, and Raytools laser head, this cutting machine is engineered to meet your industrial needs.<\/p>\n<h3>C\u00e1c t\u00ednh n\u0103ng ch\u00ednh:<\/h3>\n<ul>\n<li><strong>High-Accuracy Cutting Performance:<\/strong> Repeat positioning accuracy of \u00b10.03mm and cutting accuracy of \u00b10.05mm.<\/li>\n<li><strong>Automated Loading Capability:<\/strong> Reduces labor costs and increases efficiency.<\/li>\n<li><strong>Wide Applicability:<\/strong> Ideal for industries such as hotels, garment shops, and manufacturing plants.<\/li>\n<li><strong>Customizable Power Options:<\/strong> Choose between laser power of 1500W to 12000W.<\/li>\n<li><strong>Long-Lasting Components:<\/strong> Includes a 3-year warranty for both the core components and the machine.<\/li>\n<\/ul>\n<h3>Specifications Table:<\/h3>\n<table>\n<thead>\n<tr>\n<th><strong>Attribute<\/strong><\/th>\n<th><strong>Chi ti\u1ebft<\/strong><\/th>\n<\/tr>\n<\/thead>\n<tbody>\n<tr>\n<td><strong>Lo\u1ea1i Laser<\/strong><\/td>\n<td>Laser s\u1ee3i quang<\/td>\n<\/tr>\n<tr>\n<td><strong>V\u1eadt li\u1ec7u \u00e1p d\u1ee5ng<\/strong><\/td>\n<td>Kim lo\u1ea1i<\/td>\n<\/tr>\n<tr>\n<td><strong>T\u00ecnh tr\u1ea1ng<\/strong><\/td>\n<td>M\u1edbi<\/td>\n<\/tr>\n<tr>\n<td><strong>Khu v\u1ef1c c\u1eaft<\/strong><\/td>\n<td>Customizable, suitable for tube processing<\/td>\n<\/tr>\n<tr>\n<td><strong>N\u01a1i xu\u1ea5t x\u1ee9<\/strong><\/td>\n<td>Giang T\u00f4, Trung Qu\u1ed1c<\/td>\n<\/tr>\n<tr>\n<td><strong>Th\u01b0\u01a1ng hi\u1ec7u Laser Source<\/strong><\/td>\n<td>RAYCUS<\/td>\n<\/tr>\n<tr>\n<td><strong>C\u00e2n n\u1eb7ng<\/strong><\/td>\n<td>5000 kg<\/td>\n<\/tr>\n<tr>\n<td><strong>\u0110i\u1ec3m b\u00e1n h\u00e0ng ch\u00ednh<\/strong><\/td>\n<td>High-accuracy cutting<\/td>\n<\/tr>\n<tr>\n<td><strong>B\u1ea3o h\u00e0nh<\/strong><\/td>\n<td>3 n\u0103m<\/td>\n<\/tr>\n<tr>\n<td><strong>Ch\u1ebf \u0111\u1ed9 ho\u1ea1t \u0111\u1ed9ng<\/strong><\/td>\n<td>Continuous wave<\/td>\n<\/tr>\n<tr>\n<td><strong>C\u1ea5u h\u00ecnh<\/strong><\/td>\n<td>3 tr\u1ee5c<\/td>\n<\/tr>\n<tr>\n<td><strong>S\u1ea3n ph\u1ea9m \u0111\u01b0\u1ee3c x\u1eed l\u00fd<\/strong><\/td>\n<td>Tube, Pipe<\/td>\n<\/tr>\n<tr>\n<td><strong>T\u00ednh n\u0103ng<\/strong><\/td>\n<td>T\u1ea3i t\u1ef1 \u0111\u1ed9ng<\/td>\n<\/tr>\n<tr>\n<td><strong>T\u1ed1c \u0111\u1ed9 c\u1eaft<\/strong><\/td>\n<td>60m\/ph\u00fat<\/td>\n<\/tr>\n<tr>\n<td><strong>Graphic Formats Supported<\/strong><\/td>\n<td>AI, PLT, DXF, BMP, Dst, Dwg, LAS, DXP<\/td>\n<\/tr>\n<tr>\n<td><strong>CNC hay kh\u00f4ng<\/strong><\/td>\n<td>\u0110\u00fang<\/td>\n<\/tr>\n<tr>\n<td><strong>Ch\u1ebf \u0111\u1ed9 l\u00e0m m\u00e1t<\/strong><\/td>\n<td>L\u00e0m m\u00e1t b\u1eb1ng kh\u00f4ng kh\u00ed<\/td>\n<\/tr>\n<tr>\n<td><strong>T\u00ean th\u01b0\u01a1ng hi\u1ec7u<\/strong><\/td>\n<td>LASER LH<\/td>\n<\/tr>\n<tr>\n<td><strong>Th\u01b0\u01a1ng hi\u1ec7u \u0111\u1ea7u laser<\/strong><\/td>\n<td>Raytools<\/td>\n<\/tr>\n<tr>\n<td><strong>Th\u01b0\u01a1ng hi\u1ec7u \u0111\u1ed9ng c\u01a1 Servo<\/strong><\/td>\n<td>FUJI<\/td>\n<\/tr>\n<tr>\n<td><strong>Th\u01b0\u01a1ng hi\u1ec7u Guiderail<\/strong><\/td>\n<td>HIWIN<\/td>\n<\/tr>\n<tr>\n<td><strong>H\u1ec7 th\u1ed1ng \u0111i\u1ec1u khi\u1ec3n th\u01b0\u01a1ng hi\u1ec7u<\/strong><\/td>\n<td>Cypcut<\/td>\n<\/tr>\n<tr>\n<td><strong>Optical Lens Brand<\/strong><\/td>\n<td>II-VI<\/td>\n<\/tr>\n<tr>\n<td><strong>Pipe Processing Length<\/strong><\/td>\n<td>6000-12000mm<\/td>\n<\/tr>\n<tr>\n<td><strong>Maximum Diameter<\/strong><\/td>\n<td>10-550mm<\/td>\n<\/tr>\n<tr>\n<td><strong>C\u00f4ng su\u1ea5t Laser<\/strong><\/td>\n<td>1500W-12000W<\/td>\n<\/tr>\n<tr>\n<td><strong>T\u1ed1c \u0111\u1ed9 t\u0103ng t\u1ed1c t\u1ed1i \u0111a<\/strong><\/td>\n<td>1.0G<\/td>\n<\/tr>\n<tr>\n<td><strong>\u0110\u1ed9 ch\u00ednh x\u00e1c \u0111\u1ecbnh v\u1ecb l\u1ea1i<\/strong><\/td>\n<td>\u00b10,02mm<\/td>\n<\/tr>\n<tr>\n<td><strong>Cutting Accuracy<\/strong><\/td>\n<td>\u00b10,05mm<\/td>\n<\/tr>\n<tr>\n<td><strong>Repeat Positioning Accuracy<\/strong><\/td>\n<td>\u00b10,03mm<\/td>\n<\/tr>\n<tr>\n<td><strong>Maximum Running Speed<\/strong><\/td>\n<td>60m\/ph\u00fat<\/td>\n<\/tr>\n<tr>\n<td><strong>Laser Source<\/strong><\/td>\n<td>RAYCUS\/IPG<\/td>\n<\/tr>\n<tr>\n<td><strong>Total Weight<\/strong><\/td>\n<td>2000-20000 kg<\/td>\n<\/tr>\n<\/tbody>\n<\/table>\n<p>This detailed specification sheet outlines all the important features and technical parameters, helping you make an informed decision about the LH 2000W Steel Fiber Laser Cutting Machine.<\/p>","protected":false},"excerpt":{"rendered":"<p><strong>LH 2000W Three-Chuck Steel Fiber Laser Cutting Machine<\/strong> is designed for high-precision cutting of metal pipes and tubes, making it an ideal choice for various industries. This machine ensures top-tier performance with repeat positioning accuracy of 0.03mm and cutting accuracy of 0.05mm. Its automated loading feature enhances productivity by reducing labor costs and streamlining the cutting process. Suitable for diverse applications such as in hotels, garment shops, and manufacturing plants, the machine offers customizable power options ranging from 1500W to 12000W. It comes with a 3-year warranty on both core components and the machine itself, ensuring long-lasting durability and reliability. Powered by top-notch components, including RAYCUS laser source, FUJI servo motor, and Raytools laser head, this cutting machine is engineered to meet your industrial needs.<\/p>","protected":false},"featured_media":4451,"comment_status":"open","ping_status":"closed","template":"","meta":{"_uag_custom_page_level_css":"","site-sidebar-layout":"default","site-content-layout":"","ast-site-content-layout":"default","site-content-style":"default","site-sidebar-style":"default","ast-global-header-display":"","ast-banner-title-visibility":"","ast-main-header-display":"","ast-hfb-above-header-display":"","ast-hfb-below-header-display":"","ast-hfb-mobile-header-display":"","site-post-title":"","ast-breadcrumbs-content":"","ast-featured-img":"","footer-sml-layout":"","theme-transparent-header-meta":"default","adv-header-id-meta":"","stick-header-meta":"","header-above-stick-meta":"","header-main-stick-meta":"","header-below-stick-meta":"","astra-migrate-meta-layouts":"set","ast-page-background-enabled":"default","ast-page-background-meta":{"desktop":{"background-color":"var(--ast-global-color-4)","background-image":"","background-repeat":"repeat","background-position":"center center","background-size":"auto","background-attachment":"scroll","background-type":"","background-media":"","overlay-type":"","overlay-color":"","overlay-opacity":"","overlay-gradient":""},"tablet":{"background-color":"","background-image":"","background-repeat":"repeat","background-position":"center center","background-size":"auto","background-attachment":"scroll","background-type":"","background-media":"","overlay-type":"","overlay-color":"","overlay-opacity":"","overlay-gradient":""},"mobile":{"background-color":"","background-image":"","background-repeat":"repeat","background-position":"center center","background-size":"auto","background-attachment":"scroll","background-type":"","background-media":"","overlay-type":"","overlay-color":"","overlay-opacity":"","overlay-gradient":""}},"ast-content-background-meta":{"desktop":{"background-color":"var(--ast-global-color-5)","background-image":"","background-repeat":"repeat","background-position":"center center","background-size":"auto","background-attachment":"scroll","background-type":"","background-media":"","overlay-type":"","overlay-color":"","overlay-opacity":"","overlay-gradient":""},"tablet":{"background-color":"var(--ast-global-color-5)","background-image":"","background-repeat":"repeat","background-position":"center center","background-size":"auto","background-attachment":"scroll","background-type":"","background-media":"","overlay-type":"","overlay-color":"","overlay-opacity":"","overlay-gradient":""},"mobile":{"background-color":"var(--ast-global-color-5)","background-image":"","background-repeat":"repeat","background-position":"center center","background-size":"auto","background-attachment":"scroll","background-type":"","background-media":"","overlay-type":"","overlay-color":"","overlay-opacity":"","overlay-gradient":""}}},"product_brand":[],"product_cat":[34],"product_tag":[],"class_list":{"0":"post-4429","1":"product","2":"type-product","3":"status-publish","4":"has-post-thumbnail","6":"product_cat-single-platform-laser-cutting-machine","7":"desktop-align-left","8":"tablet-align-left","9":"mobile-align-left","11":"first","12":"instock","13":"shipping-taxable","14":"product-type-simple"},"yoast_head":"<!-- This site is optimized with the Yoast SEO plugin v24.4 - https:\/\/yoast.com\/wordpress\/plugins\/seo\/ -->\n<title>LH 2000W Three-Chuck Steel Fiber Laser Cutting Machine for Steel Pipe &amp; Metal Cutting - Leading han<\/title>\n<meta name=\"robots\" content=\"index, follow, max-snippet:-1, max-image-preview:large, max-video-preview:-1\" \/>\n<link rel=\"canonical\" href=\"https:\/\/www.leadhan.com\/vi\/san-pham\/lh-2000w-three-chuck-steel-fiber-laser-cutting-machine-for-steel-pipe-metal-cutting\/\" \/>\n<meta property=\"og:locale\" content=\"vi_VN\" \/>\n<meta property=\"og:type\" content=\"article\" \/>\n<meta property=\"og:title\" content=\"LH 2000W Three-Chuck Steel Fiber Laser Cutting Machine for Steel Pipe &amp; Metal Cutting - Leading han\" \/>\n<meta property=\"og:description\" content=\"LH 2000W Three-Chuck Steel Fiber Laser Cutting Machine is designed for high-precision cutting of metal pipes and tubes, making it an ideal choice for various industries. This machine ensures top-tier performance with repeat positioning accuracy of 0.03mm and cutting accuracy of 0.05mm. Its automated loading feature enhances productivity by reducing labor costs and streamlining the cutting process. Suitable for diverse applications such as in hotels, garment shops, and manufacturing plants, the machine offers customizable power options ranging from 1500W to 12000W. It comes with a 3-year warranty on both core components and the machine itself, ensuring long-lasting durability and reliability. Powered by top-notch components, including RAYCUS laser source, FUJI servo motor, and Raytools laser head, this cutting machine is engineered to meet your industrial needs.\" \/>\n<meta property=\"og:url\" content=\"https:\/\/www.leadhan.com\/vi\/san-pham\/lh-2000w-three-chuck-steel-fiber-laser-cutting-machine-for-steel-pipe-metal-cutting\/\" \/>\n<meta property=\"og:site_name\" content=\"Leading han\" \/>\n<meta property=\"article:modified_time\" content=\"2025-06-03T16:07:24+00:00\" \/>\n<meta property=\"og:image\" content=\"https:\/\/www.leadhan.com\/wp-content\/uploads\/2025\/02\/C04FC3A9-2D6F-47ae-89A3-C09A4882C568.png\" \/>\n\t<meta property=\"og:image:width\" content=\"720\" \/>\n\t<meta property=\"og:image:height\" content=\"720\" \/>\n\t<meta property=\"og:image:type\" content=\"image\/png\" \/>\n<meta name=\"twitter:card\" content=\"summary_large_image\" \/>\n<meta name=\"twitter:label1\" content=\"\u01af\u1edbc t\u00ednh th\u1eddi gian \u0111\u1ecdc\" \/>\n\t<meta name=\"twitter:data1\" content=\"2 ph\u00fat\" \/>\n<script type=\"application\/ld+json\" class=\"yoast-schema-graph\">{\"@context\":\"https:\/\/schema.org\",\"@graph\":[{\"@type\":\"WebPage\",\"@id\":\"https:\/\/www.leadhan.com\/product\/lh-2000w-three-chuck-steel-fiber-laser-cutting-machine-for-steel-pipe-metal-cutting\/\",\"url\":\"https:\/\/www.leadhan.com\/product\/lh-2000w-three-chuck-steel-fiber-laser-cutting-machine-for-steel-pipe-metal-cutting\/\",\"name\":\"LH 2000W Three-Chuck Steel Fiber Laser Cutting Machine for Steel Pipe & Metal Cutting - Leading han\",\"isPartOf\":{\"@id\":\"https:\/\/www.leadhan.com\/af\/#website\"},\"primaryImageOfPage\":{\"@id\":\"https:\/\/www.leadhan.com\/product\/lh-2000w-three-chuck-steel-fiber-laser-cutting-machine-for-steel-pipe-metal-cutting\/#primaryimage\"},\"image\":{\"@id\":\"https:\/\/www.leadhan.com\/product\/lh-2000w-three-chuck-steel-fiber-laser-cutting-machine-for-steel-pipe-metal-cutting\/#primaryimage\"},\"thumbnailUrl\":\"https:\/\/www.leadhan.com\/wp-content\/uploads\/2025\/02\/C04FC3A9-2D6F-47ae-89A3-C09A4882C568.png\",\"datePublished\":\"2025-02-10T02:11:04+00:00\",\"dateModified\":\"2025-06-03T16:07:24+00:00\",\"breadcrumb\":{\"@id\":\"https:\/\/www.leadhan.com\/product\/lh-2000w-three-chuck-steel-fiber-laser-cutting-machine-for-steel-pipe-metal-cutting\/#breadcrumb\"},\"inLanguage\":\"vi\",\"potentialAction\":[{\"@type\":\"ReadAction\",\"target\":[\"https:\/\/www.leadhan.com\/product\/lh-2000w-three-chuck-steel-fiber-laser-cutting-machine-for-steel-pipe-metal-cutting\/\"]}]},{\"@type\":\"ImageObject\",\"inLanguage\":\"vi\",\"@id\":\"https:\/\/www.leadhan.com\/product\/lh-2000w-three-chuck-steel-fiber-laser-cutting-machine-for-steel-pipe-metal-cutting\/#primaryimage\",\"url\":\"https:\/\/www.leadhan.com\/wp-content\/uploads\/2025\/02\/C04FC3A9-2D6F-47ae-89A3-C09A4882C568.png\",\"contentUrl\":\"https:\/\/www.leadhan.com\/wp-content\/uploads\/2025\/02\/C04FC3A9-2D6F-47ae-89A3-C09A4882C568.png\",\"width\":720,\"height\":720},{\"@type\":\"BreadcrumbList\",\"@id\":\"https:\/\/www.leadhan.com\/product\/lh-2000w-three-chuck-steel-fiber-laser-cutting-machine-for-steel-pipe-metal-cutting\/#breadcrumb\",\"itemListElement\":[{\"@type\":\"ListItem\",\"position\":1,\"name\":\"Home\",\"item\":\"https:\/\/www.leadhan.com\/\"},{\"@type\":\"ListItem\",\"position\":2,\"name\":\"laser cutting machine\",\"item\":\"https:\/\/www.leadhan.com\/shop\/\"},{\"@type\":\"ListItem\",\"position\":3,\"name\":\"LH 2000W Three-Chuck Steel Fiber Laser Cutting Machine for Steel Pipe &#038; Metal Cutting\"}]},{\"@type\":\"WebSite\",\"@id\":\"https:\/\/www.leadhan.com\/af\/#website\",\"url\":\"https:\/\/www.leadhan.com\/af\/\",\"name\":\"Leading han\",\"description\":\"\",\"publisher\":{\"@id\":\"https:\/\/www.leadhan.com\/af\/#organization\"},\"potentialAction\":[{\"@type\":\"SearchAction\",\"target\":{\"@type\":\"EntryPoint\",\"urlTemplate\":\"https:\/\/www.leadhan.com\/af\/?s={search_term_string}\"},\"query-input\":{\"@type\":\"PropertyValueSpecification\",\"valueRequired\":true,\"valueName\":\"search_term_string\"}}],\"inLanguage\":\"vi\"},{\"@type\":\"Organization\",\"@id\":\"https:\/\/www.leadhan.com\/af\/#organization\",\"name\":\"Leading han\",\"url\":\"https:\/\/www.leadhan.com\/af\/\",\"logo\":{\"@type\":\"ImageObject\",\"inLanguage\":\"vi\",\"@id\":\"https:\/\/www.leadhan.com\/af\/#\/schema\/logo\/image\/\",\"url\":\"https:\/\/www.leadhan.com\/wp-content\/uploads\/2024\/08\/965.png\",\"contentUrl\":\"https:\/\/www.leadhan.com\/wp-content\/uploads\/2024\/08\/965.png\",\"width\":239,\"height\":300,\"caption\":\"Leading han\"},\"image\":{\"@id\":\"https:\/\/www.leadhan.com\/af\/#\/schema\/logo\/image\/\"}}]}<\/script>\n<!-- \/ Yoast SEO plugin. -->","yoast_head_json":{"title":"LH 2000W Three-Chuck Steel Fiber Laser Cutting Machine for Steel Pipe & Metal Cutting - Leading han","robots":{"index":"index","follow":"follow","max-snippet":"max-snippet:-1","max-image-preview":"max-image-preview:large","max-video-preview":"max-video-preview:-1"},"canonical":"https:\/\/www.leadhan.com\/vi\/san-pham\/lh-2000w-three-chuck-steel-fiber-laser-cutting-machine-for-steel-pipe-metal-cutting\/","og_locale":"vi_VN","og_type":"article","og_title":"LH 2000W Three-Chuck Steel Fiber Laser Cutting Machine for Steel Pipe & Metal Cutting - Leading han","og_description":"LH 2000W Three-Chuck Steel Fiber Laser Cutting Machine is designed for high-precision cutting of metal pipes and tubes, making it an ideal choice for various industries. This machine ensures top-tier performance with repeat positioning accuracy of 0.03mm and cutting accuracy of 0.05mm. Its automated loading feature enhances productivity by reducing labor costs and streamlining the cutting process. Suitable for diverse applications such as in hotels, garment shops, and manufacturing plants, the machine offers customizable power options ranging from 1500W to 12000W. It comes with a 3-year warranty on both core components and the machine itself, ensuring long-lasting durability and reliability. Powered by top-notch components, including RAYCUS laser source, FUJI servo motor, and Raytools laser head, this cutting machine is engineered to meet your industrial needs.","og_url":"https:\/\/www.leadhan.com\/vi\/san-pham\/lh-2000w-three-chuck-steel-fiber-laser-cutting-machine-for-steel-pipe-metal-cutting\/","og_site_name":"Leading han","article_modified_time":"2025-06-03T16:07:24+00:00","og_image":[{"width":720,"height":720,"url":"https:\/\/www.leadhan.com\/wp-content\/uploads\/2025\/02\/C04FC3A9-2D6F-47ae-89A3-C09A4882C568.png","type":"image\/png"}],"twitter_card":"summary_large_image","twitter_misc":{"\u01af\u1edbc t\u00ednh th\u1eddi gian \u0111\u1ecdc":"2 ph\u00fat"},"schema":{"@context":"https:\/\/schema.org","@graph":[{"@type":"WebPage","@id":"https:\/\/www.leadhan.com\/product\/lh-2000w-three-chuck-steel-fiber-laser-cutting-machine-for-steel-pipe-metal-cutting\/","url":"https:\/\/www.leadhan.com\/product\/lh-2000w-three-chuck-steel-fiber-laser-cutting-machine-for-steel-pipe-metal-cutting\/","name":"LH 2000W Three-Chuck Steel Fiber Laser Cutting Machine for Steel Pipe & Metal Cutting - Leading han","isPartOf":{"@id":"https:\/\/www.leadhan.com\/af\/#website"},"primaryImageOfPage":{"@id":"https:\/\/www.leadhan.com\/product\/lh-2000w-three-chuck-steel-fiber-laser-cutting-machine-for-steel-pipe-metal-cutting\/#primaryimage"},"image":{"@id":"https:\/\/www.leadhan.com\/product\/lh-2000w-three-chuck-steel-fiber-laser-cutting-machine-for-steel-pipe-metal-cutting\/#primaryimage"},"thumbnailUrl":"https:\/\/www.leadhan.com\/wp-content\/uploads\/2025\/02\/C04FC3A9-2D6F-47ae-89A3-C09A4882C568.png","datePublished":"2025-02-10T02:11:04+00:00","dateModified":"2025-06-03T16:07:24+00:00","breadcrumb":{"@id":"https:\/\/www.leadhan.com\/product\/lh-2000w-three-chuck-steel-fiber-laser-cutting-machine-for-steel-pipe-metal-cutting\/#breadcrumb"},"inLanguage":"vi","potentialAction":[{"@type":"ReadAction","target":["https:\/\/www.leadhan.com\/product\/lh-2000w-three-chuck-steel-fiber-laser-cutting-machine-for-steel-pipe-metal-cutting\/"]}]},{"@type":"ImageObject","inLanguage":"vi","@id":"https:\/\/www.leadhan.com\/product\/lh-2000w-three-chuck-steel-fiber-laser-cutting-machine-for-steel-pipe-metal-cutting\/#primaryimage","url":"https:\/\/www.leadhan.com\/wp-content\/uploads\/2025\/02\/C04FC3A9-2D6F-47ae-89A3-C09A4882C568.png","contentUrl":"https:\/\/www.leadhan.com\/wp-content\/uploads\/2025\/02\/C04FC3A9-2D6F-47ae-89A3-C09A4882C568.png","width":720,"height":720},{"@type":"BreadcrumbList","@id":"https:\/\/www.leadhan.com\/product\/lh-2000w-three-chuck-steel-fiber-laser-cutting-machine-for-steel-pipe-metal-cutting\/#breadcrumb","itemListElement":[{"@type":"ListItem","position":1,"name":"Home","item":"https:\/\/www.leadhan.com\/"},{"@type":"ListItem","position":2,"name":"laser cutting machine","item":"https:\/\/www.leadhan.com\/shop\/"},{"@type":"ListItem","position":3,"name":"LH 2000W Three-Chuck Steel Fiber Laser Cutting Machine for Steel Pipe &#038; Metal Cutting"}]},{"@type":"WebSite","@id":"https:\/\/www.leadhan.com\/af\/#website","url":"https:\/\/www.leadhan.com\/af\/","name":"Leading han","description":"","publisher":{"@id":"https:\/\/www.leadhan.com\/af\/#organization"},"potentialAction":[{"@type":"SearchAction","target":{"@type":"EntryPoint","urlTemplate":"https:\/\/www.leadhan.com\/af\/?s={search_term_string}"},"query-input":{"@type":"PropertyValueSpecification","valueRequired":true,"valueName":"search_term_string"}}],"inLanguage":"vi"},{"@type":"Organization","@id":"https:\/\/www.leadhan.com\/af\/#organization","name":"Leading han","url":"https:\/\/www.leadhan.com\/af\/","logo":{"@type":"ImageObject","inLanguage":"vi","@id":"https:\/\/www.leadhan.com\/af\/#\/schema\/logo\/image\/","url":"https:\/\/www.leadhan.com\/wp-content\/uploads\/2024\/08\/965.png","contentUrl":"https:\/\/www.leadhan.com\/wp-content\/uploads\/2024\/08\/965.png","width":239,"height":300,"caption":"Leading han"},"image":{"@id":"https:\/\/www.leadhan.com\/af\/#\/schema\/logo\/image\/"}}]}},"uagb_featured_image_src":{"full":["https:\/\/www.leadhan.com\/wp-content\/uploads\/2025\/02\/C04FC3A9-2D6F-47ae-89A3-C09A4882C568.png",720,720,false],"thumbnail":["https:\/\/www.leadhan.com\/wp-content\/uploads\/2025\/02\/C04FC3A9-2D6F-47ae-89A3-C09A4882C568-150x150.png",150,150,true],"medium":["https:\/\/www.leadhan.com\/wp-content\/uploads\/2025\/02\/C04FC3A9-2D6F-47ae-89A3-C09A4882C568-300x300.png",300,300,true],"medium_large":["https:\/\/www.leadhan.com\/wp-content\/uploads\/2025\/02\/C04FC3A9-2D6F-47ae-89A3-C09A4882C568.png",720,720,false],"large":["https:\/\/www.leadhan.com\/wp-content\/uploads\/2025\/02\/C04FC3A9-2D6F-47ae-89A3-C09A4882C568.png",720,720,false],"1536x1536":["https:\/\/www.leadhan.com\/wp-content\/uploads\/2025\/02\/C04FC3A9-2D6F-47ae-89A3-C09A4882C568.png",720,720,false],"2048x2048":["https:\/\/www.leadhan.com\/wp-content\/uploads\/2025\/02\/C04FC3A9-2D6F-47ae-89A3-C09A4882C568.png",720,720,false],"trp-custom-language-flag":["https:\/\/www.leadhan.com\/wp-content\/uploads\/2025\/02\/C04FC3A9-2D6F-47ae-89A3-C09A4882C568-12x12.png",12,12,true],"woocommerce_thumbnail":["https:\/\/www.leadhan.com\/wp-content\/uploads\/2025\/02\/C04FC3A9-2D6F-47ae-89A3-C09A4882C568-300x300.png",300,300,true],"woocommerce_single":["https:\/\/www.leadhan.com\/wp-content\/uploads\/2025\/02\/C04FC3A9-2D6F-47ae-89A3-C09A4882C568-600x600.png",600,600,true],"woocommerce_gallery_thumbnail":["https:\/\/www.leadhan.com\/wp-content\/uploads\/2025\/02\/C04FC3A9-2D6F-47ae-89A3-C09A4882C568-100x100.png",100,100,true]},"uagb_author_info":{"display_name":"user","author_link":"https:\/\/www.leadhan.com\/vi\/author\/"},"uagb_comment_info":17,"uagb_excerpt":"LH 2000W Three-Chuck Steel Fiber Laser Cutting Machine is designed for high-precision cutting of metal pipes and tubes, making it an ideal choice for various industries. This machine ensures top-tier performance with repeat positioning accuracy of 0.03mm and cutting accuracy of 0.05mm. Its automated loading feature enhances productivity by reducing labor costs and streamlining the&hellip;","_links":{"self":[{"href":"https:\/\/www.leadhan.com\/vi\/wp-json\/wp\/v2\/product\/4429","targetHints":{"allow":["GET"]}}],"collection":[{"href":"https:\/\/www.leadhan.com\/vi\/wp-json\/wp\/v2\/product"}],"about":[{"href":"https:\/\/www.leadhan.com\/vi\/wp-json\/wp\/v2\/types\/product"}],"replies":[{"embeddable":true,"href":"https:\/\/www.leadhan.com\/vi\/wp-json\/wp\/v2\/comments?post=4429"}],"wp:featuredmedia":[{"embeddable":true,"href":"https:\/\/www.leadhan.com\/vi\/wp-json\/wp\/v2\/media\/4451"}],"wp:attachment":[{"href":"https:\/\/www.leadhan.com\/vi\/wp-json\/wp\/v2\/media?parent=4429"}],"wp:term":[{"taxonomy":"product_brand","embeddable":true,"href":"https:\/\/www.leadhan.com\/vi\/wp-json\/wp\/v2\/product_brand?post=4429"},{"taxonomy":"product_cat","embeddable":true,"href":"https:\/\/www.leadhan.com\/vi\/wp-json\/wp\/v2\/product_cat?post=4429"},{"taxonomy":"product_tag","embeddable":true,"href":"https:\/\/www.leadhan.com\/vi\/wp-json\/wp\/v2\/product_tag?post=4429"}],"curies":[{"name":"wp","href":"https:\/\/api.w.org\/{rel}","templated":true}]}}